{"id":3267,"date":"2026-02-11T00:42:33","date_gmt":"2026-02-10T23:42:33","guid":{"rendered":"https:\/\/pom.pt\/2026\/?page_id=3267"},"modified":"2026-02-11T00:42:33","modified_gmt":"2026-02-10T23:42:33","slug":"servico-de-bar-precario","status":"publish","type":"page","link":"https:\/\/pom.pt\/2026\/servico-de-bar-precario\/","title":{"rendered":"Servi\u00e7o de Bar &#8211; Pre\u00e7\u00e1rio"},"content":{"rendered":"<div id=\"pl-gb3267-69de259314755\"  class=\"panel-layout\" ><div id=\"pg-gb3267-69de259314755-0\"  class=\"panel-grid panel-no-style\" ><div id=\"pgc-gb3267-69de259314755-0-0\"  class=\"panel-grid-cell panel-grid-cell-empty\" ><\/div><div id=\"pgc-gb3267-69de259314755-0-1\"  class=\"panel-grid-cell panel-grid-cell-mobile-last\" ><div id=\"panel-gb3267-69de259314755-0-1-0\" class=\"so-panel widget widget_sow-image panel-first-child panel-last-child\" data-index=\"0\" ><div\n\t\t\t\n\t\t\tclass=\"so-widget-sow-image so-widget-sow-image-default-8b5b6f678277-3267\"\n\t\t\t\n\t\t>\n<div class=\"sow-image-container\">\n\t\t<img \n\tsrc=\"https:\/\/pom.pt\/2026\/wp-content\/uploads\/sites\/17\/2026\/02\/BarCover.jpeg\" width=\"1080\" height=\"1350\" srcset=\"https:\/\/pom.pt\/2026\/wp-content\/uploads\/sites\/17\/2026\/02\/BarCover.jpeg 1080w, https:\/\/pom.pt\/2026\/wp-content\/uploads\/sites\/17\/2026\/02\/BarCover-240x300.jpeg 240w, https:\/\/pom.pt\/2026\/wp-content\/uploads\/sites\/17\/2026\/02\/BarCover-819x1024.jpeg 819w, https:\/\/pom.pt\/2026\/wp-content\/uploads\/sites\/17\/2026\/02\/BarCover-768x960.jpeg 768w\" sizes=\"(max-width: 1080px) 100vw, 1080px\" alt=\"\" \t\tclass=\"so-widget-image\"\/>\n\t<\/div>\n\n<\/div><\/div><\/div><div id=\"pgc-gb3267-69de259314755-0-2\"  class=\"panel-grid-cell panel-grid-cell-empty\" ><\/div><\/div><div id=\"pg-gb3267-69de259314755-1\"  class=\"panel-grid panel-no-style\" ><div id=\"pgc-gb3267-69de259314755-1-0\"  class=\"panel-grid-cell\" ><div id=\"panel-gb3267-69de259314755-1-0-0\" class=\"so-panel widget widget_sow-editor panel-first-child panel-last-child\" data-index=\"1\" ><div\n\t\t\t\n\t\t\tclass=\"so-widget-sow-editor so-widget-sow-editor-base\"\n\t\t\t\n\t\t>\n<div class=\"siteorigin-widget-tinymce textwidget\">\n\t<p data-start=\"91\" data-end=\"234\">Na <strong data-start=\"94\" data-end=\"114\">Arena Mira Norte<\/strong> estar\u00e1 dispon\u00edvel um <strong data-start=\"136\" data-end=\"168\">servi\u00e7o de bar e restaurante<\/strong> durante os <strong data-start=\"180\" data-end=\"233\">quatro dias de competi\u00e7\u00e3o de Floresta do POM 2026<\/strong>.<\/p>\n<p data-start=\"236\" data-end=\"504\">Para al\u00e9m das excelentes condi\u00e7\u00f5es para a pr\u00e1tica da modalidade, ser\u00e1 poss\u00edvel assistir a toda a emo\u00e7\u00e3o dos atletas a chegar ao <strong data-start=\"364\" data-end=\"374\">Finish<\/strong>, bem como desfrutar de uma refei\u00e7\u00e3o completa, petiscar alguns snacks, tomar uma ou mais bebidas ou um caf\u00e9 tipicamente portugu\u00eas.<\/p>\n<p data-start=\"506\" data-end=\"589\">Em cada dia estar\u00e3o dispon\u00edveis v\u00e1rios pratos, bem como acompanhamentos e salgados.<\/p>\n<p data-start=\"591\" data-end=\"693\">Abaixo ilustramos o menu e disponibilizamos o link para a <strong data-start=\"649\" data-end=\"666\">vers\u00e3o em PDF<\/strong> (<a href=\"http:\/\/pom.pt\/2026\/wp-content\/uploads\/sites\/17\/2026\/02\/Precario-BAR-POM-2026.pdf\" target=\"_blank\" rel=\"noopener\"><em data-start=\"668\" data-end=\"691\">Bar Menu em Portugu\u00eas<\/em><\/a>).<\/p>\n<\/div>\n<\/div><\/div><\/div><\/div><div id=\"pg-gb3267-69de259314755-2\"  class=\"panel-grid panel-no-style\" ><div id=\"pgc-gb3267-69de259314755-2-0\"  class=\"panel-grid-cell\" ><div id=\"panel-gb3267-69de259314755-2-0-0\" class=\"so-panel widget widget_sow-image panel-first-child panel-last-child\" data-index=\"2\" ><div\n\t\t\t\n\t\t\tclass=\"so-widget-sow-image so-widget-sow-image-default-8b5b6f678277-3267\"\n\t\t\t\n\t\t>\n<div class=\"sow-image-container\">\n\t\t\t<a href=\"https:\/\/pom.pt\/2026\/wp-content\/uploads\/sites\/17\/2026\/02\/BarComidaPT.jpeg\"\n\t\t\tdata-lightbox=\"1643833070698bc02928988805839185\" data-lightbox-options=\"{&quot;overlayColor&quot;:&quot;#000&quot;,&quot;overlayOpacity&quot;:0.8,&quot;fadeDuration&quot;:600,&quot;fitImagesInViewport&quot;:true,&quot;imageFadeDuration&quot;:600,&quot;maxHeight&quot;:&quot;&quot;,&quot;maxWidth&quot;:&quot;&quot;,&quot;positionFromTop&quot;:50,&quot;resizeDuration&quot;:700,&quot;showImageNumberLabel&quot;:true,&quot;wrapAround&quot;:true,&quot;alwaysShowNavOnTouchDevices&quot;:&quot;&quot;,&quot;disabledOnTablet&quot;:&quot;&quot;,&quot;disabledOnMobile&quot;:&quot;&quot;,&quot;disableScrolling&quot;:&quot;&quot;,&quot;disableCaption&quot;:&quot;&quot;,&quot;albumLabel&quot;:&quot; %1 of %2&quot;}\" data-title=\"BarComidaPT\" \t\t>\n\t\t\t<img \n\tsrc=\"https:\/\/pom.pt\/2026\/wp-content\/uploads\/sites\/17\/2026\/02\/BarComidaPT.jpeg\" width=\"1279\" height=\"1600\" srcset=\"https:\/\/pom.pt\/2026\/wp-content\/uploads\/sites\/17\/2026\/02\/BarComidaPT.jpeg 1279w, https:\/\/pom.pt\/2026\/wp-content\/uploads\/sites\/17\/2026\/02\/BarComidaPT-240x300.jpeg 240w, https:\/\/pom.pt\/2026\/wp-content\/uploads\/sites\/17\/2026\/02\/BarComidaPT-819x1024.jpeg 819w, https:\/\/pom.pt\/2026\/wp-content\/uploads\/sites\/17\/2026\/02\/BarComidaPT-768x961.jpeg 768w, https:\/\/pom.pt\/2026\/wp-content\/uploads\/sites\/17\/2026\/02\/BarComidaPT-1228x1536.jpeg 1228w\" sizes=\"(max-width: 1279px) 100vw, 1279px\" alt=\"\" \t\tclass=\"so-widget-image\"\/>\n\t\t\t<\/a><\/div>\n\n<\/div><\/div><\/div><div id=\"pgc-gb3267-69de259314755-2-1\"  class=\"panel-grid-cell\" ><div id=\"panel-gb3267-69de259314755-2-1-0\" class=\"so-panel widget widget_sow-image panel-first-child panel-last-child\" data-index=\"3\" ><div\n\t\t\t\n\t\t\tclass=\"so-widget-sow-image so-widget-sow-image-default-8b5b6f678277-3267\"\n\t\t\t\n\t\t>\n<div class=\"sow-image-container\">\n\t\t\t<a href=\"https:\/\/pom.pt\/2026\/wp-content\/uploads\/sites\/17\/2026\/02\/BarBebidaPT.jpeg\"\n\t\t\tdata-lightbox=\"1845080892698bc03f1bb98509891688\" data-lightbox-options=\"{&quot;overlayColor&quot;:&quot;#000&quot;,&quot;overlayOpacity&quot;:0.8,&quot;fadeDuration&quot;:600,&quot;fitImagesInViewport&quot;:true,&quot;imageFadeDuration&quot;:600,&quot;maxHeight&quot;:&quot;&quot;,&quot;maxWidth&quot;:&quot;&quot;,&quot;positionFromTop&quot;:50,&quot;resizeDuration&quot;:700,&quot;showImageNumberLabel&quot;:true,&quot;wrapAround&quot;:true,&quot;alwaysShowNavOnTouchDevices&quot;:&quot;&quot;,&quot;disabledOnTablet&quot;:&quot;&quot;,&quot;disabledOnMobile&quot;:&quot;&quot;,&quot;disableScrolling&quot;:&quot;&quot;,&quot;disableCaption&quot;:&quot;&quot;,&quot;albumLabel&quot;:&quot; %1 of %2&quot;}\" data-title=\"BarBebidaPT\" \t\t>\n\t\t\t<img \n\tsrc=\"https:\/\/pom.pt\/2026\/wp-content\/uploads\/sites\/17\/2026\/02\/BarBebidaPT.jpeg\" width=\"1279\" height=\"1600\" srcset=\"https:\/\/pom.pt\/2026\/wp-content\/uploads\/sites\/17\/2026\/02\/BarBebidaPT.jpeg 1279w, https:\/\/pom.pt\/2026\/wp-content\/uploads\/sites\/17\/2026\/02\/BarBebidaPT-240x300.jpeg 240w, https:\/\/pom.pt\/2026\/wp-content\/uploads\/sites\/17\/2026\/02\/BarBebidaPT-819x1024.jpeg 819w, https:\/\/pom.pt\/2026\/wp-content\/uploads\/sites\/17\/2026\/02\/BarBebidaPT-768x961.jpeg 768w, https:\/\/pom.pt\/2026\/wp-content\/uploads\/sites\/17\/2026\/02\/BarBebidaPT-1228x1536.jpeg 1228w\" sizes=\"(max-width: 1279px) 100vw, 1279px\" alt=\"\" \t\tclass=\"so-widget-image\"\/>\n\t\t\t<\/a><\/div>\n\n<\/div><\/div><\/div><\/div><\/div>\n\n\n<p><\/p>\n","protected":false},"excerpt":{"rendered":"<p>Na Arena Mira Norte estar\u00e1 dispon\u00edvel um servi\u00e7o de bar e restaurante durante os quatro dias de competi\u00e7\u00e3o de Floresta do POM 2026. Para al\u00e9m das excelentes condi\u00e7\u00f5es para a pr\u00e1tica da modalidade, ser\u00e1 poss\u00edvel assistir a toda a emo\u00e7\u00e3o dos atletas a chegar ao Finish, bem como desfrutar de uma refei\u00e7\u00e3o completa, petiscar alguns snacks, tomar uma ou mais bebidas ou um caf\u00e9 tipicamente portugu\u00eas. Em cada dia estar\u00e3o dispon\u00edveis v\u00e1rios pratos, bem como acompanhamentos e salgados. Abaixo ilustramos o menu e disponibilizamos o link para a vers\u00e3o em PDF (Bar Menu em Portugu\u00eas).<\/p>\n","protected":false},"author":17,"featured_media":0,"parent":0,"menu_order":0,"comment_status":"closed","ping_status":"closed","template":"","meta":{"_monsterinsights_skip_tracking":false,"_monsterinsights_sitenote_active":false,"_monsterinsights_sitenote_note":"","_monsterinsights_sitenote_category":0,"footnotes":""},"class_list":["post-3267","page","type-page","status-publish","hentry","post"],"_links":{"self":[{"href":"https:\/\/pom.pt\/2026\/wp-json\/wp\/v2\/pages\/3267","targetHints":{"allow":["GET"]}}],"collection":[{"href":"https:\/\/pom.pt\/2026\/wp-json\/wp\/v2\/pages"}],"about":[{"href":"https:\/\/pom.pt\/2026\/wp-json\/wp\/v2\/types\/page"}],"author":[{"embeddable":true,"href":"https:\/\/pom.pt\/2026\/wp-json\/wp\/v2\/users\/17"}],"replies":[{"embeddable":true,"href":"https:\/\/pom.pt\/2026\/wp-json\/wp\/v2\/comments?post=3267"}],"version-history":[{"count":4,"href":"https:\/\/pom.pt\/2026\/wp-json\/wp\/v2\/pages\/3267\/revisions"}],"predecessor-version":[{"id":3277,"href":"https:\/\/pom.pt\/2026\/wp-json\/wp\/v2\/pages\/3267\/revisions\/3277"}],"wp:attachment":[{"href":"https:\/\/pom.pt\/2026\/wp-json\/wp\/v2\/media?parent=3267"}],"curies":[{"name":"wp","href":"https:\/\/api.w.org\/{rel}","templated":true}]}}