{"id":3091,"date":"2026-02-08T01:25:22","date_gmt":"2026-02-08T00:25:22","guid":{"rendered":"http:\/\/pom.pt\/2026\/?page_id=3091"},"modified":"2026-02-17T16:49:19","modified_gmt":"2026-02-17T15:49:19","slug":"info_ao_vivo","status":"publish","type":"page","link":"https:\/\/pom.pt\/2026\/info_ao_vivo\/","title":{"rendered":"Informa\u00e7\u00e3o ao Vivo"},"content":{"rendered":"\n<div style=\"height:40px\" aria-hidden=\"true\" id=\"top\" class=\"wp-block-spacer\"><\/div>\n\n\n\n<p><a href=\"#starts\">Listas Partidas<\/a> | <a href=\"#gps\">Cobertura GPS<\/a> | <a href=\"#live\">Resultados ao vivo<\/a> | <a href=\"#d1\">Resultados Oficiais<\/a> | <a href=\"#Livelox\">Livelox<\/a><\/p>\n\n\n\n<div style=\"height:60px\" aria-hidden=\"true\" id=\"starts\" class=\"wp-block-spacer\"><\/div>\n\n\n\n<h3 class=\"wp-block-heading\">Listas Partidas<\/h3>\n\n\n\n<p><strong>Sexta-Feira &#8211; Elite Sprint<\/strong><\/p>\n\n\n\n<p><a href=\"https:\/\/www.tictactiming.pt\/eventos\/2026\/0213_POM_Sprint\/1301\/start_clubs_sprint.html\" target=\"_blank\" rel=\"noreferrer noopener\">Clubes<\/a> | <a href=\"https:\/\/www.tictactiming.pt\/eventos\/2026\/0213_POM_Sprint\/1301\/start_class_sprint.html\" target=\"_blank\" rel=\"noreferrer noopener\">Escal\u00f5es<\/a> | <a href=\"https:\/\/www.tictactiming.pt\/eventos\/2026\/0213_POM_Sprint\/1301\/start_wre_sprint.html\" target=\"_blank\" rel=\"noreferrer noopener\">Escal\u00f5es WRE<\/a><\/p>\n\n\n\n<p><strong><strong>S\u00e1bado, Domingo e Segunda-Feira<\/strong><\/strong><\/p>\n\n\n\n<p><a href=\"https:\/\/www.tictactiming.pt\/eventos\/2026\/0213_POM_Forest\/global\/Start_Clubs_forest.html\" target=\"_blank\" rel=\"noreferrer noopener\">Etapas de Floresta &#8211; Clubes<\/a><\/p>\n\n\n\n<p><strong>S\u00e1bado &#8211; M\u00e9dia GOLD WRE<\/strong><\/p>\n\n\n\n<p><a href=\"https:\/\/www.tictactiming.pt\/eventos\/2026\/0213_POM_Forest\/1401\/start_class_e1.html\">Escal\u00f5es<\/a> | <a href=\"https:\/\/www.tictactiming.pt\/eventos\/2026\/0213_POM_Forest\/1401\/start_wre_e1.html\" target=\"_blank\" rel=\"noreferrer noopener\">Escal\u00f5es WRE<\/a><\/p>\n\n\n\n<p><strong>S\u00e1bado &#8211; PreO Sprint<\/strong><\/p>\n\n\n\n<p><a href=\"https:\/\/pom.pt\/2026\/partidas-preo-sprint\/\" data-type=\"page\" data-id=\"3398\">Todas as Classes (Open | P-Class)<\/a><\/p>\n\n\n\n<p><strong>Domingo &#8211; Longa<\/strong><\/p>\n\n\n\n<p><a href=\"https:\/\/www.tictactiming.pt\/eventos\/2026\/0213_POM_Forest\/1501\/start_class_e2.html\" target=\"_blank\" rel=\"noreferrer noopener\">Escal\u00f5es<\/a><\/p>\n\n\n\n<p><strong>Segunda-Feira &#8211; M\u00e9dia GOLD WRE<\/strong><\/p>\n\n\n\n<p><a href=\"https:\/\/www.tictactiming.pt\/eventos\/2026\/0213_POM_Forest\/1601\/start_class_e3.html\" target=\"_blank\" rel=\"noreferrer noopener\">Escal\u00f5es<\/a> | <a href=\"https:\/\/www.tictactiming.pt\/eventos\/2026\/0213_POM_Forest\/1601\/start_WRE_e3.html\" target=\"_blank\" rel=\"noreferrer noopener\">Escal\u00f5es WRE<\/a><\/p>\n\n\n\n<p><strong>Segunda-Feira &#8211; Sprint Noturno<\/strong><\/p>\n\n\n\n<p><a href=\"https:\/\/www.tictactiming.pt\/eventos\/2026\/0213_POM_Sprint\/1601\/start_class_night_sprint_clubs.html\" target=\"_blank\" rel=\"noreferrer noopener\">Clubes<\/a> | <a href=\"https:\/\/www.tictactiming.pt\/eventos\/2026\/0213_POM_Sprint\/1601\/start_class_night_sprint.html\" target=\"_blank\" rel=\"noreferrer noopener\">Escal\u00f5es<\/a><\/p>\n\n\n\n<p><strong>Ter\u00e7a-Feira &#8211; Longa Chasing Start<\/strong><\/p>\n\n\n\n<p><a href=\"https:\/\/pom.pt\/2026\/wp-content\/uploads\/sites\/17\/2026\/02\/ChasingStartLanes.pdf\" data-type=\"attachment\" data-id=\"4006\" target=\"_blank\" rel=\"noreferrer noopener\">Distribui\u00e7\u00e3o de escal\u00f5es por corredor<\/a><\/p>\n\n\n\n<p><a href=\"https:\/\/www.tictactiming.pt\/eventos\/2026\/0213_POM_Forest\/1701\/start_class_e4.html\" target=\"_blank\" rel=\"noreferrer noopener\">Escal\u00f5es<\/a><\/p>\n\n\n\n<div style=\"height:10px\" aria-hidden=\"true\" class=\"wp-block-spacer\"><\/div>\n\n\n\n<div class=\"wp-block-buttons is-content-justification-center is-layout-flex wp-container-core-buttons-is-layout-16018d1d wp-block-buttons-is-layout-flex\">\n<div class=\"wp-block-button has-custom-width wp-block-button__width-25 back-to-top\" id=\"gps\"><a class=\"wp-block-button__link has-medium-font-size has-custom-font-size wp-element-button\" href=\"#top\">Topo<\/a><\/div>\n<\/div>\n\n\n\n<div style=\"height:60px\" aria-hidden=\"true\" class=\"wp-block-spacer\"><\/div>\n\n\n\n<h3 class=\"wp-block-heading\" id=\"gps\"><a id=\"gps\"><\/a>Cobertura GPS (Loggator)<\/h3>\n\n\n\n<p><strong><strong>Sexta-Feira &#8211; Elite Sprint<\/strong><\/strong><\/p>\n\n\n\n<p><a href=\"http:\/\/pom.pt\/2026\/wp-content\/uploads\/sites\/17\/2026\/02\/1_Athletes-with-GPS-Loggator_Sprint-WRE-Friday.pdf\" target=\"_blank\" rel=\"noreferrer noopener\">Lista de Atletas com GPS<\/a><\/p>\n\n\n\n<p><a href=\"https:\/\/events.loggator.com\/sJ3yKQ\" target=\"_blank\" rel=\"noreferrer noopener\">M Elite 1<\/a> | <a href=\"https:\/\/events.loggator.com\/_RiQMg\" target=\"_blank\" rel=\"noreferrer noopener\">W Elite<\/a><\/p>\n\n\n\n<p><strong>S\u00e1bado &#8211; M\u00e9dia GOLD WRE<\/strong><\/p>\n\n\n\n<p><a href=\"http:\/\/pom.pt\/2026\/wp-content\/uploads\/sites\/17\/2026\/02\/2_Athletes-with-GPS-Loggator_Middle-WRE-Saturday.pdf\" target=\"_blank\" rel=\"noreferrer noopener\">Lista de Atletas com GPS<\/a><\/p>\n\n\n\n<p><a href=\"https:\/\/events.loggator.com\/J2SUCA\" target=\"_blank\" rel=\"noreferrer noopener\">M Elite 1<\/a> | <a href=\"https:\/\/events.loggator.com\/-jNAdg\" target=\"_blank\" rel=\"noreferrer noopener\">W Elite<\/a><\/p>\n\n\n\n<p><strong>Domingo &#8211; Longa<\/strong><\/p>\n\n\n\n<p><a href=\"http:\/\/pom.pt\/2026\/wp-content\/uploads\/sites\/17\/2026\/02\/3_Athletes-with-GPS-Loggator_Long-Sunday.pdf\" target=\"_blank\" rel=\"noreferrer noopener\">Lista de Atletas com GPS<\/a><\/p>\n\n\n\n<p><a href=\"https:\/\/events.loggator.com\/5lBPJw\" target=\"_blank\" rel=\"noreferrer noopener\">M Elite 1<\/a> | <a href=\"https:\/\/events.loggator.com\/NKX6Uw\" target=\"_blank\" rel=\"noreferrer noopener\">W Elite<\/a><\/p>\n\n\n\n<p><strong><strong><strong>Segunda-Feira &#8211; M\u00e9dia GOLD WRE<\/strong><\/strong><\/strong><\/p>\n\n\n\n<p><a href=\"http:\/\/pom.pt\/2026\/wp-content\/uploads\/sites\/17\/2026\/02\/4_Athletes-with-GPS-Loggator_Middle-WRE-Monday.pdf\" target=\"_blank\" rel=\"noreferrer noopener\">Lista de Atletas com GPS<\/a><\/p>\n\n\n\n<p><a href=\"https:\/\/events.loggator.com\/fToUag\" target=\"_blank\" rel=\"noreferrer noopener\">M Elite 1<\/a> | <a href=\"https:\/\/events.loggator.com\/9SPwlA\" target=\"_blank\" rel=\"noreferrer noopener\">W Elite<\/a><\/p>\n\n\n\n<p><strong><strong><strong><strong>Ter\u00e7a-Feira &#8211; Longa Chasing Start<\/strong><\/strong><\/strong><\/strong><\/p>\n\n\n\n<p><a href=\"http:\/\/pom.pt\/2026\/wp-content\/uploads\/sites\/17\/2026\/02\/5_Athletes-with-GPS-Loggator_Long-Chasing-Start-Tuesday.pdf\" target=\"_blank\" rel=\"noreferrer noopener\">Lista de Atletas com GPS<\/a><\/p>\n\n\n\n<p><a href=\"https:\/\/events.loggator.com\/vYOYlw\" target=\"_blank\" rel=\"noreferrer noopener\">M Elite 1<\/a> | <a href=\"https:\/\/events.loggator.com\/YnL6xQ\">W Elite<\/a><\/p>\n\n\n\n<div style=\"height:10px\" aria-hidden=\"true\" class=\"wp-block-spacer\"><\/div>\n\n\n\n<div class=\"wp-block-buttons is-content-justification-center is-layout-flex wp-container-core-buttons-is-layout-16018d1d wp-block-buttons-is-layout-flex\">\n<div class=\"wp-block-button has-custom-width wp-block-button__width-25 back-to-top\" id=\"live\"><a class=\"wp-block-button__link has-medium-font-size has-custom-font-size wp-element-button\" href=\"#top\">Topo<\/a><\/div>\n<\/div>\n\n\n\n<div style=\"height:60px\" aria-hidden=\"true\" id=\"live\" class=\"wp-block-spacer\"><\/div>\n\n\n\n<h3 class=\"wp-block-heading\"><a id=\"live\"><\/a>Resultados ao vivo<\/h3>\n\n\n\n<p><strong><strong>Sexta-Feira &#8211; Elite Sprint<\/strong><\/strong>: <a href=\"https:\/\/oresults.eu\/events\/2771\/results\" target=\"_blank\" rel=\"noreferrer noopener\">Resultados<\/a><\/p>\n\n\n\n<p><strong>S\u00e1bado &#8211; M\u00e9dia GOLD WRE<\/strong>: <a href=\"https:\/\/oresults.eu\/events\/2772\" target=\"_blank\" rel=\"noreferrer noopener\">Resultados<\/a><\/p>\n\n\n\n<p><strong>S\u00e1bado &#8211; PreO Sprint<\/strong><\/p>\n\n\n\n<p><a href=\"https:\/\/pom.pt\/archive\/2026\/results\/preo\/POMOpenLiveCpt.html\" target=\"_blank\" rel=\"noreferrer noopener\">Resultados Open<\/a> | <a href=\"https:\/\/pom.pt\/archive\/2026\/results\/preo\/POMPClassLiveCpt.html\" target=\"_blank\" rel=\"noreferrer noopener\">Resultados P-Class<\/a><\/p>\n\n\n\n<p><strong>Domingo &#8211; Longa<\/strong>: <a href=\"https:\/\/liveres.live\/followfull.php?emma&amp;comp=35756&amp;lang=en\" target=\"_blank\" rel=\"noreferrer noopener\">Resultados<\/a><\/p>\n\n\n\n<p><strong><strong><strong>Segunda-Feira &#8211; M\u00e9dia GOLD WRE:<\/strong><\/strong><\/strong> <a href=\"https:\/\/liveres.live\/followfull.php?emma&amp;comp=35757&amp;lang=en\" target=\"_blank\" rel=\"noreferrer noopener\">Resultados<\/a><\/p>\n\n\n\n<p><strong><strong><strong>Segunda-Feira &#8211; Sprint Noturno:<\/strong><\/strong><\/strong> <a href=\"https:\/\/liveresultat.orientering.se\/followfull.php?lang=pt&amp;comp=35771\" target=\"_blank\" rel=\"noreferrer noopener\">Resultados<\/a><\/p>\n\n\n\n<p><strong><strong><strong><strong>Ter\u00e7a-Feira &#8211; Longa Chasing Start:<\/strong><\/strong><\/strong><\/strong> <a href=\"https:\/\/liveres.live\/followfull.php?emma&amp;comp=35758&amp;lang=en\" target=\"_blank\" rel=\"noreferrer noopener\">Resultados<\/a><\/p>\n\n\n\n<div style=\"height:10px\" aria-hidden=\"true\" class=\"wp-block-spacer\"><\/div>\n\n\n\n<div class=\"wp-block-buttons is-content-justification-center is-layout-flex wp-container-core-buttons-is-layout-16018d1d wp-block-buttons-is-layout-flex\">\n<div class=\"wp-block-button has-custom-width wp-block-button__width-25 back-to-top\" id=\"d1\"><a class=\"wp-block-button__link has-medium-font-size has-custom-font-size wp-element-button\" href=\"#top\">Topo<\/a><\/div>\n<\/div>\n\n\n\n<div style=\"height:60px\" aria-hidden=\"true\" class=\"wp-block-spacer\"><\/div>\n\n\n\n<h3 class=\"wp-block-heading\">Resultados Oficiais<\/h3>\n\n\n\n<p id=\"d1\"><strong>Sexta-Feira<\/strong><\/p>\n\n\n\n<p id=\"d1\"><a href=\"https:\/\/www.tictactiming.pt\/eventos\/2026\/0213_POM_Sprint\/1301\/results_sprint_wre.html\" target=\"_blank\" rel=\"noreferrer noopener\">Elite Sprint GOLD WRE<\/a> | <a href=\"https:\/\/www.tictactiming.pt\/eventos\/2026\/0213_POM_Sprint\/1301\/results_sprint.html\" target=\"_blank\" rel=\"noreferrer noopener\">Todos os Escal\u00f5es<\/a><\/p>\n\n\n\n<p id=\"d1\"><a href=\"https:\/\/www.tictactiming.pt\/eventos\/2026\/0213_POM_Sprint\/1301\/splits_sprint.html\" target=\"_blank\" rel=\"noreferrer noopener\">Parciais<\/a> | <a href=\"https:\/\/obasen.orientering.se\/winsplits\/online\/en\/default.asp?page=classes&amp;databaseId=110437\" target=\"_blank\" rel=\"noreferrer noopener\">Winsplits<\/a><\/p>\n\n\n\n<p><strong>S\u00e1bado<\/strong><\/p>\n\n\n\n<p><a href=\"https:\/\/www.tictactiming.pt\/eventos\/2026\/0213_POM_Forest\/1401\/results_WRE_Classes_middle1.html\" target=\"_blank\" rel=\"noreferrer noopener\">M\u00e9dia GOLD WRE<\/a> | <a href=\"https:\/\/www.tictactiming.pt\/eventos\/2026\/0213_POM_Forest\/1401\/results_e1.html\" target=\"_blank\" rel=\"noreferrer noopener\">M\u00e9dia &#8211; Todos os Escal\u00f5es<\/a><\/p>\n\n\n\n<p><a href=\"https:\/\/www.tictactiming.pt\/eventos\/2026\/0213_POM_Forest\/1401\/splits_e1.html\" target=\"_blank\" rel=\"noreferrer noopener\">Parciais<\/a> | <a href=\"https:\/\/obasen.orientering.se\/winsplits\/online\/en\/default.asp?page=classes&amp;databaseId=110456\" target=\"_blank\" rel=\"noreferrer noopener\">Winsplits<\/a><\/p>\n\n\n\n<p><strong>PreO Sprint<\/strong><\/p>\n\n\n\n<p><a href=\"https:\/\/pom.pt\/archive\/2026\/results\/preo\/POMOpenFinalRes.html\">Open<\/a> | <a href=\"https:\/\/pom.pt\/archive\/2026\/results\/preo\/POMOpenFinalDet.html\">Open com Solu\u00e7\u00f5es<\/a><\/p>\n\n\n\n<p><a href=\"https:\/\/pom.pt\/archive\/2026\/results\/preo\/POMPClassFinalRes.html\">P-Class<\/a> | <a href=\"https:\/\/pom.pt\/archive\/2026\/results\/preo\/POMPClassFinalDet.html\">P-Class com Solu\u00e7\u00f5es<\/a><\/p>\n\n\n\n<p><strong>Domingo<\/strong><\/p>\n\n\n\n<p><a href=\"https:\/\/www.tictactiming.pt\/eventos\/2026\/0213_POM_Forest\/1401\/results_e2.html\" target=\"_blank\" rel=\"noreferrer noopener\">Longa &#8211; Todos os Escal\u00f5es<\/a><\/p>\n\n\n\n<p><a href=\"https:\/\/www.tictactiming.pt\/eventos\/2026\/0213_POM_Forest\/1401\/splits_e2.html\" target=\"_blank\" rel=\"noreferrer noopener\">Parciais<\/a> | <a href=\"https:\/\/obasen.orientering.se\/winsplits\/online\/en\/default.asp?page=classes&amp;databaseId=110483\" target=\"_blank\" rel=\"noreferrer noopener\">Winsplits<\/a><\/p>\n\n\n\n<p><a href=\"https:\/\/www.tictactiming.pt\/eventos\/2026\/0213_POM_Forest\/1501\/global1_2.html\" target=\"_blank\" rel=\"noreferrer noopener\">Global POM Floresta &#8211; Dia 1-2<\/a><\/p>\n\n\n\n<p><strong>Segunda-Feira<\/strong><\/p>\n\n\n\n<p><a href=\"https:\/\/www.tictactiming.pt\/eventos\/2026\/0213_POM_Forest\/1601\/results_WRE_e3.html\" target=\"_blank\" rel=\"noreferrer noopener\">M\u00e9dia GOLD WRE<\/a> | <a href=\"https:\/\/www.tictactiming.pt\/eventos\/2026\/0213_POM_Forest\/1601\/results_e3.html\" target=\"_blank\" rel=\"noreferrer noopener\">M\u00e9dia &#8211; Todos os Escal\u00f5es<\/a><\/p>\n\n\n\n<p><a href=\"https:\/\/tictactiming.pt\/eventos\/2026\/0213_POM_Forest\/1601\/splits_e3.html\" target=\"_blank\" rel=\"noreferrer noopener\">Parciais<\/a> | <a href=\"https:\/\/obasen.orientering.se\/winsplits\/online\/en\/default.asp?page=classes&amp;databaseId=110491\" target=\"_blank\" rel=\"noreferrer noopener\">Winsplits<\/a><\/p>\n\n\n\n<p><a href=\"https:\/\/www.tictactiming.pt\/eventos\/2026\/0213_POM_Forest\/1601\/global_1_2_3.html\" target=\"_blank\" rel=\"noreferrer noopener\">Global POM Floresta &#8211; Dia 1-2-3<\/a><\/p>\n\n\n\n<p><a href=\"https:\/\/tictactiming.pt\/eventos\/2026\/0213_POM_Sprint\/1601\/results_night_sprint.html\" target=\"_blank\" rel=\"noreferrer noopener\">Sprint Noturno<\/a><\/p>\n\n\n\n<p><a href=\"https:\/\/tictactiming.pt\/eventos\/2026\/0213_POM_Sprint\/1601\/Splits_night_sprint.html\" target=\"_blank\" rel=\"noreferrer noopener\">Parciais<\/a> | <a href=\"https:\/\/obasen.orientering.se\/winsplits\/online\/en\/default.asp?page=classes&amp;databaseId=110498\" target=\"_blank\" rel=\"noreferrer noopener\">Winsplits<\/a><\/p>\n\n\n\n<p><strong>Ter\u00e7a-Feira<\/strong><\/p>\n\n\n\n<p><a href=\"https:\/\/tictactiming.pt\/eventos\/2026\/0213_POM_Forest\/1701\/results_e4.html\" target=\"_blank\" rel=\"noreferrer noopener\">Longa Chasing Start &#8211; Todos os Escal\u00f5es<\/a><\/p>\n\n\n\n<p><a href=\"https:\/\/tictactiming.pt\/eventos\/2026\/0213_POM_Forest\/1701\/Splits_e4.html\" target=\"_blank\" rel=\"noreferrer noopener\">Parciais<\/a> | <a href=\"https:\/\/obasen.orientering.se\/winsplits\/online\/en\/default.asp?page=classes&amp;databaseId=110499\" target=\"_blank\" rel=\"noreferrer noopener\">Winsplits<\/a><\/p>\n\n\n\n<p><a href=\"https:\/\/www.tictactiming.pt\/eventos\/2026\/0213_POM_Forest\/1701\/global_1_2_3_4.html\" target=\"_blank\" rel=\"noreferrer noopener\">Geral POM (Dia 1-2-3-4)<\/a><\/p>\n\n\n\n<p id=\"block-a2f0d496-bfe0-4bfe-9cfa-07425a86989c\"><a href=\"https:\/\/www.tictactiming.pt\/eventos\/\/2026\/0213_POM_Forest\/global\/Resultados_de_Clubes.html\" target=\"_blank\" rel=\"noreferrer noopener\">Geral POM Clubes<\/a><\/p>\n\n\n\n<div style=\"height:10px\" aria-hidden=\"true\" class=\"wp-block-spacer\"><\/div>\n\n\n\n<div class=\"wp-block-buttons is-content-justification-center is-layout-flex wp-container-core-buttons-is-layout-16018d1d wp-block-buttons-is-layout-flex\">\n<div class=\"wp-block-button has-custom-width wp-block-button__width-25 back-to-top\"><a class=\"wp-block-button__link has-medium-font-size has-custom-font-size wp-element-button\" href=\"#top\">Topo<\/a><\/div>\n<\/div>\n\n\n\n<div style=\"height:60px\" aria-hidden=\"true\" class=\"wp-block-spacer\"><\/div>\n\n\n\n<h3 class=\"wp-block-heading\" id=\"Livelox\"><a id=\"Livelox\"><\/a>Livelox<\/h3>\n\n\n\n<p><a href=\"https:\/\/www.livelox.com\/Events\/Show\/178815\/POM-2026-Model-Event\" target=\"_blank\" rel=\"noreferrer noopener\">Model Event<\/a><\/p>\n\n\n\n<p><strong><strong>Sexta-Feira: <\/strong><\/strong><a href=\"https:\/\/www.livelox.com\/Events\/Show\/178689\/POM-2026-Sprint-GOLD-WRE-Friday\" target=\"_blank\" rel=\"noreferrer noopener\">Elite Sprint<\/a><\/p>\n\n\n\n<p><strong>S\u00e1bado: <\/strong><a href=\"https:\/\/www.livelox.com\/Events\/Show\/178684\/POM-2026-Middle-GOLD-WRE-Saturday\" target=\"_blank\" rel=\"noreferrer noopener\">M\u00e9dia GOLD WRE<\/a><\/p>\n\n\n\n<p><strong>Domingo: <\/strong><a href=\"https:\/\/www.livelox.com\/Events\/Show\/178817\/POM-2026-Long-Sunday\" target=\"_blank\" rel=\"noreferrer noopener\">Longa<\/a><\/p>\n\n\n\n<p><strong><strong><strong>Segunda-Feira: <\/strong><\/strong><\/strong><a href=\"https:\/\/www.livelox.com\/Events\/Show\/178969\/POM-2026-Middle-GOLD-WRE-Monday\" target=\"_blank\" rel=\"noreferrer noopener\">M\u00e9dia GOLD WRE<\/a> | <a href=\"https:\/\/www.livelox.com\/Events\/Show\/179206\/POM-2026-Night-Sprint-Monday\" target=\"_blank\" rel=\"noreferrer noopener\">Sprint Noturno<\/a><\/p>\n\n\n\n<p><strong><strong><strong><strong>Ter\u00e7a-Feira: <\/strong><\/strong><\/strong><\/strong><a href=\"https:\/\/www.livelox.com\/Events\/Show\/179170\/POM-2026-Long-Chasing-Start-Tuesday\" target=\"_blank\" rel=\"noreferrer noopener\">Longa Chasing Start<\/a><\/p>\n\n\n\n<div style=\"height:10px\" aria-hidden=\"true\" class=\"wp-block-spacer\"><\/div>\n\n\n\n<div class=\"wp-block-buttons is-content-justification-center is-layout-flex wp-container-core-buttons-is-layout-16018d1d wp-block-buttons-is-layout-flex\">\n<div class=\"wp-block-button has-custom-width wp-block-button__width-25 back-to-top\"><a class=\"wp-block-button__link has-medium-font-size has-custom-font-size wp-element-button\" href=\"#top\">Topo<\/a><\/div>\n<\/div>\n\n\n\n<p><\/p>\n","protected":false},"excerpt":{"rendered":"<p>Listas Partidas | Cobertura GPS | Resultados ao vivo | Resultados Oficiais | Livelox Listas Partidas Sexta-Feira &#8211; Elite Sprint Clubes | Escal\u00f5es | Escal\u00f5es WRE S\u00e1bado, Domingo e Segunda-Feira Etapas de Floresta &#8211; Clubes S\u00e1bado &#8211; M\u00e9dia GOLD WRE Escal\u00f5es | Escal\u00f5es WRE S\u00e1bado &#8211; PreO Sprint Todas as Classes (Open | P-Class) Domingo &#8211; Longa Escal\u00f5es Segunda-Feira &#8211; M\u00e9dia GOLD WRE Escal\u00f5es | Escal\u00f5es WRE Segunda-Feira &#8211; Sprint Noturno Clubes | Escal\u00f5es Ter\u00e7a-Feira &#8211; Longa Chasing Start Distribui\u00e7\u00e3o de escal\u00f5es por corredor Escal\u00f5es Cobertura GPS (Loggator) Sexta-Feira &#8211; Elite Sprint Lista de Atletas com GPS M Elite 1 | W Elite S\u00e1bado &#8211; M\u00e9dia GOLD WRE Lista de [&hellip;]<\/p>\n","protected":false},"author":17,"featured_media":0,"parent":0,"menu_order":0,"comment_status":"closed","ping_status":"closed","template":"","meta":{"_monsterinsights_skip_tracking":false,"_monsterinsights_sitenote_active":false,"_monsterinsights_sitenote_note":"","_monsterinsights_sitenote_category":0,"footnotes":""},"class_list":["post-3091","page","type-page","status-publish","hentry","post"],"_links":{"self":[{"href":"https:\/\/pom.pt\/2026\/wp-json\/wp\/v2\/pages\/3091","targetHints":{"allow":["GET"]}}],"collection":[{"href":"https:\/\/pom.pt\/2026\/wp-json\/wp\/v2\/pages"}],"about":[{"href":"https:\/\/pom.pt\/2026\/wp-json\/wp\/v2\/types\/page"}],"author":[{"embeddable":true,"href":"https:\/\/pom.pt\/2026\/wp-json\/wp\/v2\/users\/17"}],"replies":[{"embeddable":true,"href":"https:\/\/pom.pt\/2026\/wp-json\/wp\/v2\/comments?post=3091"}],"version-history":[{"count":73,"href":"https:\/\/pom.pt\/2026\/wp-json\/wp\/v2\/pages\/3091\/revisions"}],"predecessor-version":[{"id":4337,"href":"https:\/\/pom.pt\/2026\/wp-json\/wp\/v2\/pages\/3091\/revisions\/4337"}],"wp:attachment":[{"href":"https:\/\/pom.pt\/2026\/wp-json\/wp\/v2\/media?parent=3091"}],"curies":[{"name":"wp","href":"https:\/\/api.w.org\/{rel}","templated":true}]}}