{"id":2669,"date":"2026-01-24T18:14:53","date_gmt":"2026-01-24T17:14:53","guid":{"rendered":"https:\/\/pom.pt\/2026\/?page_id=2669"},"modified":"2026-01-29T17:28:33","modified_gmt":"2026-01-29T16:28:33","slug":"horario-do-bus","status":"publish","type":"page","link":"https:\/\/pom.pt\/2026\/horario-do-bus\/","title":{"rendered":"Hor\u00e1rio do BUS"},"content":{"rendered":"<div id=\"pl-gb2669-69e4ca43b2716\"  class=\"panel-layout\" ><div id=\"pg-gb2669-69e4ca43b2716-0\"  class=\"panel-grid panel-no-style\" ><div id=\"pgc-gb2669-69e4ca43b2716-0-0\"  class=\"panel-grid-cell panel-grid-cell-empty\" ><\/div><div id=\"pgc-gb2669-69e4ca43b2716-0-1\"  class=\"panel-grid-cell panel-grid-cell-mobile-last\" ><div id=\"panel-gb2669-69e4ca43b2716-0-1-0\" class=\"so-panel widget widget_sow-image panel-first-child panel-last-child\" data-index=\"0\" ><div\n\t\t\t\n\t\t\tclass=\"so-widget-sow-image so-widget-sow-image-default-8b5b6f678277-2669\"\n\t\t\t\n\t\t>\n<div class=\"sow-image-container\">\n\t\t<img \n\tsrc=\"https:\/\/pom.pt\/2026\/wp-content\/uploads\/sites\/17\/2026\/01\/RS_BusService.jpg\" width=\"1080\" height=\"1350\" srcset=\"https:\/\/pom.pt\/2026\/wp-content\/uploads\/sites\/17\/2026\/01\/RS_BusService.jpg 1080w, https:\/\/pom.pt\/2026\/wp-content\/uploads\/sites\/17\/2026\/01\/RS_BusService-240x300.jpg 240w, https:\/\/pom.pt\/2026\/wp-content\/uploads\/sites\/17\/2026\/01\/RS_BusService-819x1024.jpg 819w, https:\/\/pom.pt\/2026\/wp-content\/uploads\/sites\/17\/2026\/01\/RS_BusService-768x960.jpg 768w\" sizes=\"(max-width: 1080px) 100vw, 1080px\" alt=\"\" \t\tclass=\"so-widget-image\"\/>\n\t<\/div>\n\n<\/div><\/div><\/div><div id=\"pgc-gb2669-69e4ca43b2716-0-2\"  class=\"panel-grid-cell panel-grid-cell-empty\" ><\/div><\/div><div id=\"pg-gb2669-69e4ca43b2716-1\"  class=\"panel-grid panel-no-style\" ><div id=\"pgc-gb2669-69e4ca43b2716-1-0\"  class=\"panel-grid-cell\" ><div id=\"panel-gb2669-69e4ca43b2716-1-0-0\" class=\"so-panel widget widget_sow-editor panel-first-child panel-last-child\" data-index=\"1\" ><div\n\t\t\t\n\t\t\tclass=\"so-widget-sow-editor so-widget-sow-editor-base\"\n\t\t\t\n\t\t>\n<div class=\"siteorigin-widget-tinymce textwidget\">\n\t<p><strong>Servi\u00e7o de Bus<\/strong><\/p>\n<p>Durante o POM 2026, est\u00e1 dispon\u00edvel um servi\u00e7o de BUS entre o trajeto <strong>Solo Duro (Mira) &#8211; Arena Mira Norte &#8211; Solo Duro (Mira), nos dias das etapas de floresta.<\/strong><\/p>\n<p><span style=\"color: green;\"><strong><em>[NOVO SERVI\u00c7O] &#8211; <\/em><\/strong>No dia do Sprint Noturno, est\u00e1 dispon\u00edvel o servi\u00e7o de BUS entre o trajeto <strong>Solo Duro (Mira) &#8211; Arena Mira Villas &#8211; Solo Duro (Mira)<\/strong><\/span><\/p>\n<p><strong>Este servi\u00e7o de transporte \u00e9 fornecido pelo Munic\u00edpio de Mira, em viatura de 27 lugares, que ser\u00e3o ocupados por ordem de chegada.<\/strong> N\u00e3o ser\u00e1 realizada\u00a0 reserva de lugares.<\/p>\n<p>N\u00e3o ser\u00e1 realizado transporte para o Model Event.<\/p>\n<p><strong>No dia 13 de fevereiro, dia do Sprint WRE<\/strong>, na Praia de Mira, o servi\u00e7o de transporte ser\u00e1 <strong>apenas mediante pedido<\/strong>, para o mail <a href=\"mailto:info@pom.pt\" target=\"_blank\" rel=\"noopener\">info@pom.pt<\/a>, sendo ajustado \u00e0 medida das necessidades.<\/p>\n<p>De 14 a 17 de fevereiro, o BUS ir\u00e1 funcionar de acordo com os hor\u00e1rios indicados abaixo.<\/p>\n<p><strong>14 de Fevereiro (S\u00e1bado) &#8211; <\/strong><strong>Dist\u00e2ncia M\u00e9dia WRE | Mira Norte<\/strong><\/p>\n<ul>\n<li><strong>Sentido Solo Duro -&gt; Arena Mira Norte<\/strong><\/li>\n<\/ul>\n<ul>\n<li style=\"list-style-type: none;\">\n<ul>\n<li><strong>Partida \/Chegada\u00a0<\/strong><\/li>\n<li>8h00 \/ 8h25<\/li>\n<li>9h00 \/ 9h25<\/li>\n<li>10h00 \/ 10h25<\/li>\n<li>11h00 \/ 11h25<\/li>\n<li>12h00 \/ 12h25<\/li>\n<li>13h00 \/ 13h25<\/li>\n<li>14h00 \/ 14h25<\/li>\n<li>15h00 \/ 15h25<\/li>\n<\/ul>\n<\/li>\n<\/ul>\n<ul>\n<li><strong>Sentido Arena Mira Norte -&gt; Solo Duro<\/strong><\/li>\n<\/ul>\n<ul>\n<li style=\"list-style-type: none;\">\n<ul>\n<li><strong>Partida \/Chegada\u00a0<\/strong><\/li>\n<li>8h30 \/ 8h55<\/li>\n<li>9h30 \/ 9h55<\/li>\n<li>10h30 \/ 10h55<\/li>\n<li>11h30 \/ 11h55<\/li>\n<li>12h30 \/ 12h55<\/li>\n<li>13h30 \/ 13h55<\/li>\n<li>14h30 \/ 14h55<\/li>\n<li>15h30 \/ 15h55<\/li>\n<\/ul>\n<\/li>\n<\/ul>\n<p><strong>15 de Fevereiro (Domingo) &#8211; <\/strong><strong>Dist\u00e2ncia Longa | Mira Norte<\/strong><\/p>\n<ul>\n<li><strong>Sentido Solo Duro -&gt; Arena Mira Norte<\/strong><\/li>\n<\/ul>\n<ul>\n<li style=\"list-style-type: none;\">\n<ul>\n<li><strong>Partida \/Chegada\u00a0<\/strong><\/li>\n<li>8h00 \/ 8h25<\/li>\n<li>9h00 \/ 9h25<\/li>\n<li>10h00 \/ 10h25<\/li>\n<li>11h00 \/ 11h25<\/li>\n<li>12h00 \/ 12h25<\/li>\n<li>13h00 \/ 13h25<\/li>\n<li>14h00 \/ 14h25<\/li>\n<li>15h00 \/ 15h25<\/li>\n<\/ul>\n<\/li>\n<\/ul>\n<ul>\n<li><strong>Sentido Arena Mira Norte -&gt; Solo Duro<\/strong><\/li>\n<\/ul>\n<ul>\n<li style=\"list-style-type: none;\">\n<ul>\n<li><strong>Partida \/Chegada\u00a0<\/strong><\/li>\n<li>8h30 \/ 8h55<\/li>\n<li>9h30 \/ 9h55<\/li>\n<li>10h30 \/ 10h55<\/li>\n<li>11h30 \/ 11h55<\/li>\n<li>12h30 \/ 12h55<\/li>\n<li>13h30 \/ 13h55<\/li>\n<li>14h30 \/ 14h55<\/li>\n<li>15h30 \/ 15h55<\/li>\n<\/ul>\n<\/li>\n<\/ul>\n<p><strong>16 de Fevereiro (Segunda-Feira) &#8211; <\/strong><strong>M\u00e9dia WRE | Mira Norte<\/strong><\/p>\n<ul>\n<li><strong>Sentido Solo Duro -&gt; Arena Mira Norte<\/strong><\/li>\n<\/ul>\n<ul>\n<li style=\"list-style-type: none;\">\n<ul>\n<li><strong>Partida \/Chegada\u00a0<\/strong><\/li>\n<li>7h30 \/ 7h55<\/li>\n<li>8h30 \/ 8h55<\/li>\n<li>9h30 \/ 9h55<\/li>\n<li>10h30 \/ 10h55<\/li>\n<li>11h30 \/ 11h55<\/li>\n<li>12h30 \/ 12h55<\/li>\n<li>13h30 \/ 13h55<\/li>\n<li>14h30 \/ 14h55<\/li>\n<\/ul>\n<\/li>\n<\/ul>\n<ul>\n<li><strong>Sentido Arena Mira Norte -&gt; Solo Duro<\/strong><\/li>\n<\/ul>\n<ul>\n<li style=\"list-style-type: none;\">\n<ul>\n<li><strong>Partida \/Chegada\u00a0<\/strong><\/li>\n<li>8h00 \/ 8h25<\/li>\n<li>9h00 \/ 9h25<\/li>\n<li>10h00 \/ 10h25<\/li>\n<li>11h00 \/ 11h25<\/li>\n<li>12h00 \/ 12h25<\/li>\n<li>13h00 \/ 13h25<\/li>\n<li>14h00 \/ 14h25<\/li>\n<\/ul>\n<\/li>\n<\/ul>\n<p><span style=\"color: green;\"><em><strong>[NOVO SERVI\u00c7O]<\/strong><\/em><br \/>\n<strong>16 de Fevereiro (Segunda-Feira) &#8211; <\/strong><strong>Sprint Noturno | Mira Villas<\/strong><\/span><\/p>\n<ul>\n<li><strong>Sentido Solo Duro -&gt; Arena Mira Villas<\/strong><\/li>\n<\/ul>\n<ul>\n<li style=\"list-style-type: none;\">\n<ul>\n<li><strong>Partida \/Chegada\u00a0<\/strong><\/li>\n<li>17h30 \/ 17h50<\/li>\n<li>18h30 \/ 18h50<\/li>\n<li>19h30 \/ 19h50<\/li>\n<li>20h30 \/ 20h50<\/li>\n<\/ul>\n<\/li>\n<\/ul>\n<ul>\n<li><strong>Sentido Arena Mira Villas -&gt; Solo Duro<\/strong><\/li>\n<\/ul>\n<ul>\n<li style=\"list-style-type: none;\">\n<ul>\n<li><strong>Partida \/Chegada\u00a0<\/strong><\/li>\n<li>18h00 \/ 18h20<\/li>\n<li>19h00 \/ 19h20<\/li>\n<li>20h00 \/ 20h20<\/li>\n<li>21h00 \/ 21h20<\/li>\n<\/ul>\n<\/li>\n<\/ul>\n<p><strong>17 de Fevereiro (Ter\u00e7a-Feira) &#8211; <\/strong><strong>Dist\u00e2ncia Longa Chasing Start| Mira Norte<\/strong><\/p>\n<ul>\n<li><strong>Sentido Solo Duro -&gt; Arena Mira Norte<\/strong><\/li>\n<\/ul>\n<ul>\n<li style=\"list-style-type: none;\">\n<ul>\n<li><strong>Partida \/Chegada\u00a0<\/strong><\/li>\n<li>7h00 \/ 7h25<\/li>\n<li>8h00 \/ 8h25<\/li>\n<li>9h00 \/ 9h25<\/li>\n<li>10h00 \/ 10h25<\/li>\n<li>11h00 \/ 11h25<\/li>\n<li>12h00 \/ 12h25<\/li>\n<li>13h00 \/ 13h25<\/li>\n<\/ul>\n<\/li>\n<\/ul>\n<ul>\n<li><strong>Sentido Arena Mira Norte -&gt; Solo Duro<\/strong><\/li>\n<\/ul>\n<ul>\n<li style=\"list-style-type: none;\">\n<ul>\n<li><strong>Partida \/Chegada\u00a0<\/strong><\/li>\n<li>7h30 \/ 7h55<\/li>\n<li>8h30 \/ 8h55<\/li>\n<li>9h30 \/ 9h55<\/li>\n<li>10h30 \/ 10h55<\/li>\n<li>11h30 \/ 11h55<\/li>\n<li>12h30 \/ 12h55<\/li>\n<li>13h30 \/ 13h55<\/li>\n<\/ul>\n<\/li>\n<\/ul>\n<\/div>\n<\/div><\/div><\/div><\/div><div id=\"pg-gb2669-69e4ca43b2716-2\"  class=\"panel-grid panel-no-style\" ><div id=\"pgc-gb2669-69e4ca43b2716-2-0\"  class=\"panel-grid-cell panel-grid-cell-empty\" ><\/div><div id=\"pgc-gb2669-69e4ca43b2716-2-1\"  class=\"panel-grid-cell panel-grid-cell-mobile-last\" ><div id=\"panel-gb2669-69e4ca43b2716-2-1-0\" class=\"so-panel widget widget_sow-image panel-first-child panel-last-child\" data-index=\"2\" ><div\n\t\t\t\n\t\t\tclass=\"so-widget-sow-image so-widget-sow-image-default-8b5b6f678277-2669\"\n\t\t\t\n\t\t>\n<div class=\"sow-image-container\">\n\t\t<img \n\tsrc=\"https:\/\/pom.pt\/2026\/wp-content\/uploads\/sites\/17\/2026\/01\/Arena-Hard-Floor.png\" width=\"1536\" height=\"1024\" srcset=\"https:\/\/pom.pt\/2026\/wp-content\/uploads\/sites\/17\/2026\/01\/Arena-Hard-Floor.png 1536w, https:\/\/pom.pt\/2026\/wp-content\/uploads\/sites\/17\/2026\/01\/Arena-Hard-Floor-300x200.png 300w, https:\/\/pom.pt\/2026\/wp-content\/uploads\/sites\/17\/2026\/01\/Arena-Hard-Floor-1024x683.png 1024w, https:\/\/pom.pt\/2026\/wp-content\/uploads\/sites\/17\/2026\/01\/Arena-Hard-Floor-768x512.png 768w, https:\/\/pom.pt\/2026\/wp-content\/uploads\/sites\/17\/2026\/01\/Arena-Hard-Floor-272x182.png 272w, https:\/\/pom.pt\/2026\/wp-content\/uploads\/sites\/17\/2026\/01\/Arena-Hard-Floor-360x240.png 360w, https:\/\/pom.pt\/2026\/wp-content\/uploads\/sites\/17\/2026\/01\/Arena-Hard-Floor-720x480.png 720w\" sizes=\"(max-width: 1536px) 100vw, 1536px\" title=\"Arena Hard Floor\" alt=\"\" \t\tclass=\"so-widget-image\"\/>\n\t<\/div>\n\n<\/div><\/div><\/div><div id=\"pgc-gb2669-69e4ca43b2716-2-2\"  class=\"panel-grid-cell panel-grid-cell-empty\" ><\/div><\/div><\/div>","protected":false},"excerpt":{"rendered":"<p>Servi\u00e7o de Bus Durante o POM 2026, est\u00e1 dispon\u00edvel um servi\u00e7o de BUS entre o trajeto Solo Duro (Mira) &#8211; Arena Mira Norte &#8211; Solo Duro (Mira), nos dias das etapas de floresta. [NOVO SERVI\u00c7O] &#8211; No dia do Sprint Noturno, est\u00e1 dispon\u00edvel o servi\u00e7o de BUS entre o trajeto Solo Duro (Mira) &#8211; Arena Mira Villas &#8211; Solo Duro (Mira) Este servi\u00e7o de transporte \u00e9 fornecido pelo Munic\u00edpio de Mira, em viatura de 27 lugares, que ser\u00e3o ocupados por ordem de chegada. N\u00e3o ser\u00e1 realizada\u00a0 reserva de lugares. N\u00e3o ser\u00e1 realizado transporte para o Model Event. No dia 13 de fevereiro, dia do Sprint WRE, na Praia de Mira, [&hellip;]<\/p>\n","protected":false},"author":17,"featured_media":0,"parent":0,"menu_order":0,"comment_status":"closed","ping_status":"closed","template":"","meta":{"_monsterinsights_skip_tracking":false,"_monsterinsights_sitenote_active":false,"_monsterinsights_sitenote_note":"","_monsterinsights_sitenote_category":0,"footnotes":""},"class_list":["post-2669","page","type-page","status-publish","hentry","post"],"_links":{"self":[{"href":"https:\/\/pom.pt\/2026\/wp-json\/wp\/v2\/pages\/2669","targetHints":{"allow":["GET"]}}],"collection":[{"href":"https:\/\/pom.pt\/2026\/wp-json\/wp\/v2\/pages"}],"about":[{"href":"https:\/\/pom.pt\/2026\/wp-json\/wp\/v2\/types\/page"}],"author":[{"embeddable":true,"href":"https:\/\/pom.pt\/2026\/wp-json\/wp\/v2\/users\/17"}],"replies":[{"embeddable":true,"href":"https:\/\/pom.pt\/2026\/wp-json\/wp\/v2\/comments?post=2669"}],"version-history":[{"count":15,"href":"https:\/\/pom.pt\/2026\/wp-json\/wp\/v2\/pages\/2669\/revisions"}],"predecessor-version":[{"id":2875,"href":"https:\/\/pom.pt\/2026\/wp-json\/wp\/v2\/pages\/2669\/revisions\/2875"}],"wp:attachment":[{"href":"https:\/\/pom.pt\/2026\/wp-json\/wp\/v2\/media?parent=2669"}],"curies":[{"name":"wp","href":"https:\/\/api.w.org\/{rel}","templated":true}]}}