{"id":2080,"date":"2025-11-11T15:00:58","date_gmt":"2025-11-11T14:00:58","guid":{"rendered":"https:\/\/pom.pt\/2026\/?page_id=2080"},"modified":"2025-11-13T01:01:18","modified_gmt":"2025-11-13T00:01:18","slug":"contactos","status":"publish","type":"page","link":"https:\/\/pom.pt\/2026\/contactos\/","title":{"rendered":"Contactos"},"content":{"rendered":"<div id=\"pl-gb2080-69d4bb9bddbd0\"  class=\"panel-layout\" ><div id=\"pg-gb2080-69d4bb9bddbd0-0\"  class=\"panel-grid panel-has-style\" ><div class=\"panel-row-style panel-row-style-for-gb2080-69d4bb9bddbd0-0\" ><div id=\"pgc-gb2080-69d4bb9bddbd0-0-0\"  class=\"panel-grid-cell\" ><div id=\"panel-gb2080-69d4bb9bddbd0-0-0-0\" class=\"so-panel widget widget_sow-editor panel-first-child panel-last-child\" data-index=\"0\" ><div\n\t\t\t\n\t\t\tclass=\"so-widget-sow-editor so-widget-sow-editor-base\"\n\t\t\t\n\t\t><h3 class=\"widget-title\">CONTACTOS POM 2026<\/h3>\n<div class=\"siteorigin-widget-tinymce textwidget\">\n\t<ul>\n<li><strong>Rafael Miguel<\/strong>\n<ul>\n<li style=\"text-align: left;\"><strong>e-mail: <\/strong><a href=\"mailto:silvamiguelrafael@gmail.com\" target=\"_blank\" rel=\"noopener\">silvamiguelrafael@gmail.com<\/a><\/li>\n<li style=\"text-align: left;\"><strong>telem\u00f3vel: <\/strong>+351 961 640 295<\/li>\n<\/ul>\n<\/li>\n<\/ul>\n<p>&nbsp;<\/p>\n<ul>\n<li><strong>Quest\u00f5es gerais sobre o POM 2026<\/strong>\n<ul>\n<li><strong>e-mail: <\/strong><a href=\"mailto:info@pom.pt\" target=\"_blank\" rel=\"noopener\">info@pom.pt<\/a><\/li>\n<\/ul>\n<\/li>\n<\/ul>\n<p>&nbsp;<\/p>\n<ul>\n<li><strong>Quest\u00f5es sobre inscri\u00e7\u00f5es no POM 2026<\/strong>\n<ul>\n<li><strong>e-mail: <\/strong><a href=\"mailto:entries@pom.pt\" target=\"_blank\" rel=\"noopener\">entries@pom.pt<\/a><\/li>\n<\/ul>\n<\/li>\n<\/ul>\n<\/div>\n<\/div><\/div><\/div><\/div><\/div><div id=\"pg-gb2080-69d4bb9bddbd0-1\"  class=\"panel-grid panel-has-style\" ><div class=\"panel-row-style panel-row-style-for-gb2080-69d4bb9bddbd0-1\" ><div id=\"pgc-gb2080-69d4bb9bddbd0-1-0\"  class=\"panel-grid-cell\" ><div id=\"panel-gb2080-69d4bb9bddbd0-1-0-0\" class=\"so-panel widget widget_sow-editor panel-first-child panel-last-child\" data-index=\"1\" ><div\n\t\t\t\n\t\t\tclass=\"so-widget-sow-editor so-widget-sow-editor-base\"\n\t\t\t\n\t\t><h3 class=\"widget-title\">CONTACTOS PARA CAMPOS DE TREINO E ALOJAMENTO<\/h3>\n<div class=\"siteorigin-widget-tinymce textwidget\">\n\t<ul>\n<li><strong>site<\/strong>: <a href=\"http:\/\/www.o-portugal.pt\" target=\"_blank\" rel=\"noopener\">www.o-portugal.pt<\/a><\/li>\n<li><strong>e-mail: <\/strong><a href=\"mailto:silvamiguelrafael@gmail.com\" target=\"_blank\" rel=\"noopener\">info@o-portugal.pt<\/a><\/li>\n<\/ul>\n<ul>\n<li style=\"list-style-type: none;\"><\/li>\n<\/ul>\n<\/div>\n<\/div><\/div><\/div><\/div><\/div><div id=\"pg-gb2080-69d4bb9bddbd0-2\"  class=\"panel-grid panel-has-style\" ><div class=\"panel-row-style panel-row-style-for-gb2080-69d4bb9bddbd0-2\" ><div id=\"pgc-gb2080-69d4bb9bddbd0-2-0\"  class=\"panel-grid-cell panel-grid-cell-empty\" ><\/div><div id=\"pgc-gb2080-69d4bb9bddbd0-2-1\"  class=\"panel-grid-cell panel-grid-cell-mobile-last\" ><div id=\"panel-gb2080-69d4bb9bddbd0-2-1-0\" class=\"so-panel widget widget_sow-image panel-first-child panel-last-child\" data-index=\"2\" ><div\n\t\t\t\n\t\t\tclass=\"so-widget-sow-image so-widget-sow-image-default-a258e6bfa2d8-2080\"\n\t\t\t\n\t\t>\n<div class=\"sow-image-container\">\n\t\t\t<a href=\"https:\/\/pom.pt\/2026\/wp-content\/uploads\/sites\/17\/2025\/02\/image3.png\"\n\t\t\ttarget=\"_blank\" rel=\"noopener noreferrer\" data-lightbox=\"https:\/\/pom.pt\/2026\/wp-content\/uploads\/sites\/17\/2025\/02\/image3.png\" data-lightbox-options=\"{&quot;overlayColor&quot;:&quot;#000&quot;,&quot;overlayOpacity&quot;:0.8,&quot;fadeDuration&quot;:600,&quot;fitImagesInViewport&quot;:true,&quot;imageFadeDuration&quot;:600,&quot;maxHeight&quot;:&quot;&quot;,&quot;maxWidth&quot;:&quot;&quot;,&quot;positionFromTop&quot;:50,&quot;resizeDuration&quot;:700,&quot;showImageNumberLabel&quot;:true,&quot;wrapAround&quot;:true,&quot;alwaysShowNavOnTouchDevices&quot;:&quot;&quot;,&quot;disabledOnTablet&quot;:&quot;&quot;,&quot;disabledOnMobile&quot;:&quot;&quot;,&quot;disableScrolling&quot;:&quot;&quot;,&quot;disableCaption&quot;:&quot;&quot;,&quot;albumLabel&quot;:&quot; %1 of %2&quot;}\" \t\t>\n\t\t\t<img \n\tsrc=\"https:\/\/pom.pt\/2026\/wp-content\/uploads\/sites\/17\/2025\/02\/image3.png\" width=\"693\" height=\"246\" srcset=\"https:\/\/pom.pt\/2026\/wp-content\/uploads\/sites\/17\/2025\/02\/image3.png 693w, https:\/\/pom.pt\/2026\/wp-content\/uploads\/sites\/17\/2025\/02\/image3-300x106.png 300w\" sizes=\"(max-width: 693px) 100vw, 693px\" alt=\"\" \t\tclass=\"so-widget-image\"\/>\n\t\t\t<\/a><\/div>\n\n<\/div><\/div><\/div><div id=\"pgc-gb2080-69d4bb9bddbd0-2-2\"  class=\"panel-grid-cell panel-grid-cell-empty\" ><\/div><\/div><\/div><\/div>\n\n\n<p><\/p>\n","protected":false},"excerpt":{"rendered":"<p>Rafael Miguel e-mail: silvamiguelrafael@gmail.com telem\u00f3vel: +351 961 640 295 &nbsp; Quest\u00f5es gerais sobre o POM 2026 e-mail: info@pom.pt &nbsp; Quest\u00f5es sobre inscri\u00e7\u00f5es no POM 2026 e-mail: entries@pom.pt site: www.o-portugal.pt e-mail: info@o-portugal.pt<\/p>\n","protected":false},"author":17,"featured_media":0,"parent":0,"menu_order":0,"comment_status":"closed","ping_status":"closed","template":"","meta":{"_monsterinsights_skip_tracking":false,"_monsterinsights_sitenote_active":false,"_monsterinsights_sitenote_note":"","_monsterinsights_sitenote_category":0,"footnotes":""},"class_list":["post-2080","page","type-page","status-publish","hentry","post"],"_links":{"self":[{"href":"https:\/\/pom.pt\/2026\/wp-json\/wp\/v2\/pages\/2080","targetHints":{"allow":["GET"]}}],"collection":[{"href":"https:\/\/pom.pt\/2026\/wp-json\/wp\/v2\/pages"}],"about":[{"href":"https:\/\/pom.pt\/2026\/wp-json\/wp\/v2\/types\/page"}],"author":[{"embeddable":true,"href":"https:\/\/pom.pt\/2026\/wp-json\/wp\/v2\/users\/17"}],"replies":[{"embeddable":true,"href":"https:\/\/pom.pt\/2026\/wp-json\/wp\/v2\/comments?post=2080"}],"version-history":[{"count":8,"href":"https:\/\/pom.pt\/2026\/wp-json\/wp\/v2\/pages\/2080\/revisions"}],"predecessor-version":[{"id":2213,"href":"https:\/\/pom.pt\/2026\/wp-json\/wp\/v2\/pages\/2080\/revisions\/2213"}],"wp:attachment":[{"href":"https:\/\/pom.pt\/2026\/wp-json\/wp\/v2\/media?parent=2080"}],"curies":[{"name":"wp","href":"https:\/\/api.w.org\/{rel}","templated":true}]}}