{"id":2042,"date":"2025-11-10T17:31:31","date_gmt":"2025-11-10T16:31:31","guid":{"rendered":"https:\/\/pom.pt\/2026\/?page_id=2042"},"modified":"2025-11-14T17:00:56","modified_gmt":"2025-11-14T16:00:56","slug":"localizacoes","status":"publish","type":"page","link":"https:\/\/pom.pt\/2026\/localizacoes\/","title":{"rendered":"Localiza\u00e7\u00e3o"},"content":{"rendered":"<div id=\"pl-gb2042-69d4b9577ad47\"  class=\"panel-layout\" ><div id=\"pg-gb2042-69d4b9577ad47-0\"  class=\"panel-grid panel-has-style\" ><div class=\"panel-row-style panel-row-style-for-gb2042-69d4b9577ad47-0\" ><div id=\"pgc-gb2042-69d4b9577ad47-0-0\"  class=\"panel-grid-cell\" ><div id=\"panel-gb2042-69d4b9577ad47-0-0-0\" class=\"so-panel widget widget_sow-editor panel-first-child panel-last-child\" data-index=\"0\" ><div\n\t\t\t\n\t\t\tclass=\"so-widget-sow-editor so-widget-sow-editor-base\"\n\t\t\t\n\t\t>\n<div class=\"siteorigin-widget-tinymce textwidget\">\n\t<h2>Local do Evento<\/h2>\n<p>O munic\u00edpio de Mira, no litoral centro de Portugal, distingue-se pela harmonia entre mar, lagoas e extensas \u00e1reas florestais que criam condi\u00e7\u00f5es excecionais para a pr\u00e1tica de desportos de natureza. A Lagoa de Mira e o Pinhal de Mira oferecem um cen\u00e1rio privilegiado para caminhadas e passeios de BTT em trilhos e terrenos diversificados entre dunas, pinhais e zonas agr\u00edcolas. A proximidade do oceano e a pureza das paisagens tornam este territ\u00f3rio ideal para quem procura desafios ao ar livre.<\/p>\n<p>A Praia de Mira, galardoada com Bandeira Azul h\u00e1 v\u00e1rias d\u00e9cadas, refor\u00e7a a voca\u00e7\u00e3o do concelho para o turismo ativo e sustent\u00e1vel, conjugando desportos n\u00e1uticos com momentos de lazer e bem-estar.<\/p>\n<p>E \u00e9 a este local que o Portugal \u201cO\u201d Meeting regressa para mais uma edi\u00e7\u00e3o, depois das realizadas em 2000 e 2015. A qualidade dos terrenos, adequados para todas as faixas et\u00e1rias e capacidades t\u00e9cnicas, a excel\u00eancia do mapa cartografado ao pormenor, na sua maior parte novo, aliado a uma comunidade local acolhedora com um forte sentido de saber receber, afirma-se como o destino para quem procura uns dias de Orienta\u00e7\u00e3o de qualidade na costa atl\u00e2ntica portuguesa.<\/p>\n<\/div>\n<\/div><\/div><\/div><\/div><\/div><\/div>\n\n\n<h2 class=\"wp-block-heading\">Mapa de Localiza\u00e7\u00f5es<\/h2>\n\n\n\n<iframe\n  src=\"https:\/\/www.google.com\/maps\/d\/u\/0\/embed?mid=1V-jjhrsdGXyMvj3VBKXTsI4jThU&amp;ehbc=2E312F\"\n  width=100%\n  height=\"600\"\n  style=\"border:0\"\n  loading=\"lazy\"\n  allowfullscreen>\n<\/iframe>\n\n\n\n<div style=\"height:30px\" aria-hidden=\"true\" class=\"wp-block-spacer\"><\/div>\n\n\n\n<h2 class=\"wp-block-heading\">Localiza\u00e7\u00f5es Principais &#8211; Coordenadas GPS<\/h2>\n\n\n\n<table id=\"tablepress-8\" class=\"tablepress tablepress-id-8\">\n<thead>\n<tr class=\"row-1\">\n\t<th class=\"column-1\"><span style=\"color:#FFFFFF\"><strong>Localiza\u00e7\u00f5es Principais<\/strong><\/span><\/th><th class=\"column-2\"><span style=\"color:#FFFFFF\"><strong>Coordenadas GPS<\/strong><\/th>\n<\/tr>\n<\/thead>\n<tbody class=\"row-hover\">\n<tr class=\"row-2\">\n\t<td class=\"column-1\"><strong>Centro de Evento \u2013 Museu dos Palheiros de Mira (Quinta 12 e Sexta 13 Fev)<\/strong><\/td><td class=\"column-2\"><a href=\"https:\/\/maps.app.goo.gl\/jQqNBAt6DSL9PwALA\">40.4516, -8.8017<\/a><\/td>\n<\/tr>\n<tr class=\"row-3\">\n\t<td class=\"column-1\"><strong>Estacionamento &#8211; Centro de Evento<\/strong><\/td><td class=\"column-2\"><a href=\"https:\/\/maps.app.goo.gl\/jbuZQDysR1FMQ5Tc8\">Avenida da Barrinha<\/a><\/td>\n<\/tr>\n<tr class=\"row-4\">\n\t<td class=\"column-1\"><strong>Solo Duro \u2013 Pavilh\u00e3o Municipal de Mira<\/strong><\/td><td class=\"column-2\"><a href=\"https:\/\/maps.app.goo.gl\/yc83hFnuQYAwM2YG8\">40.4288, -8.7419<\/a><\/td>\n<\/tr>\n<tr class=\"row-5\">\n\t<td class=\"column-1\"><strong>Sprint WRE &#8211; Estacionamento Obrigat\u00f3rio<\/strong><\/td><td class=\"column-2\"><a href=\"https:\/\/maps.app.goo.gl\/w5aQScbeuuCALrPe6\">Parque da Praia de Mira<\/a><\/td>\n<\/tr>\n<tr class=\"row-6\">\n\t<td class=\"column-1\"><strong>Model Event \u2013 Mira Norte (Campo de Tiro)<\/strong><\/td><td class=\"column-2\"><a href=\"https:\/\/maps.app.goo.gl\/Hk67duAom8aXL6Cg9\">40.4530, -8.7627<\/a><\/td>\n<\/tr>\n<tr class=\"row-7\">\n\t<td class=\"column-1\"><strong>PreO Sprint \u2013 Praia de Mira (estacionamento)<\/strong><\/td><td class=\"column-2\"><a href=\"https:\/\/maps.app.goo.gl\/w5aQScbeuuCALrPe6\">Parque da Praia de Mira<\/a><\/td>\n<\/tr>\n<tr class=\"row-8\">\n\t<td class=\"column-1\"><strong>Sprint Noturno \u2013 Mira-Villas (estacionamento)<\/strong><\/td><td class=\"column-2\"><a href=\"https:\/\/maps.app.goo.gl\/Sw4roNvtV8TJfC6a9\">40.4442, -8.7896<\/a><\/td>\n<\/tr>\n<tr class=\"row-9\">\n\t<td class=\"column-1\"><strong>Arena POM 2026 (Etapas de Floresta)<\/strong><\/td><td class=\"column-2\"><a href=\"https:\/\/maps.app.goo.gl\/vS6xCKaPFvFoGrrA8\">40.4846, -8.7587<\/a><\/td>\n<\/tr>\n<\/tbody>\n<\/table>\n\n\n<div id=\"pl-gb2042-69d4b95790466\"  class=\"panel-layout\" ><div id=\"pg-gb2042-69d4b95790466-0\"  class=\"panel-grid panel-has-style\" ><div class=\"panel-row-style panel-row-style-for-gb2042-69d4b95790466-0\" ><div id=\"pgc-gb2042-69d4b95790466-0-0\"  class=\"panel-grid-cell\" ><div id=\"panel-gb2042-69d4b95790466-0-0-0\" class=\"so-panel widget widget_sow-editor panel-first-child panel-last-child\" data-index=\"0\" ><div\n\t\t\t\n\t\t\tclass=\"so-widget-sow-editor so-widget-sow-editor-base\"\n\t\t\t\n\t\t><h3 class=\"widget-title\">Viajar para Mira<\/h3>\n<div class=\"siteorigin-widget-tinymce textwidget\">\n\t<p><strong>A forma mais f\u00e1cil de chegar a Mira \u00e9 de carro.<\/strong> O aeroporto mais pr\u00f3ximo \u00e9 o do Porto, a seguir \u00e9 Lisboa. Madrid tamb\u00e9m pode ser op\u00e7\u00e3o.<\/p>\n<p><strong>N\u00e3o h\u00e1 servi\u00e7o de comboios em Mira<\/strong>. As esta\u00e7\u00f5es mais pr\u00f3ximas localizam-se em Aveiro e Coimbra.<\/p>\n<p>Se n\u00e3o tiver carro, a Rede Expressos oferece um bom servi\u00e7o de autocarros. As cidades com liga\u00e7\u00e3o direta a Mira pela Rede Expressos s\u00e3o principalmente Lisboa, Aveiro, Porto, Leiria e Coimbra. Estas rotas oferecem viagens regulares e diretas, permitindo chegar a Mira sem necessidade de transbordo noutras localidades.<\/p>\n<p>Existem duas op\u00e7\u00f5es vi\u00e1veis para viajar para Mira, utilizando transportes p\u00fablicos:<\/p>\n<ul>\n<li>Viajar de comboio desde o aeroporto do Porto at\u00e9 Aveiro, ou de Lisboa at\u00e9 Coimbra. Depois, apanhar o autocarro para Mira.<\/li>\n<li>Apanhar um autocarro diretamente do Porto ou de Lisboa, fazendo toda a viagem de autocarro.<\/li>\n<\/ul>\n<p>Pode encontrar mais informa\u00e7\u00f5es sobre transportes p\u00fablicos aqui:<\/p>\n<p>Comboio: <a href=\"https:\/\/www.cp.pt\/passageiros\/en\" target=\"_blank\" rel=\"noopener\">Comboios de Portugal<\/a><br \/>\nAutocarros: <a href=\"https:\/\/rede-expressos.pt\/en\" target=\"_blank\" rel=\"noopener\">Rede Expressos<\/a><\/p>\n<\/div>\n<\/div><\/div><\/div><\/div><\/div><\/div>\n\n\n<table id=\"tablepress-9\" class=\"tablepress tablepress-id-9\">\n<thead>\n<tr class=\"row-1\">\n\t<th class=\"column-1\"><span style=\"color:#FFFFFF\"><strong>Dist\u00e2ncias e dura\u00e7\u00e3o de viagem de  de carro at\u00e9 Mira<\/strong><\/span><\/th><th class=\"column-2\"><span style=\"color:#FFFFFF\"><strong><\/strong><\/span><\/th>\n<\/tr>\n<\/thead>\n<tbody class=\"row-hover\">\n<tr class=\"row-2\">\n\t<td class=\"column-1\"><strong>Aeroporto do Porto<\/strong><\/td><td class=\"column-2\">111 km \/ 1h15<\/td>\n<\/tr>\n<tr class=\"row-3\">\n\t<td class=\"column-1\"><strong>Aeroporto de Lisboa<\/strong><\/td><td class=\"column-2\">222 km \/ 2h05<\/td>\n<\/tr>\n<tr class=\"row-4\">\n\t<td class=\"column-1\"><strong>Madrid<\/strong><\/td><td class=\"column-2\">550 km \/ 5h30<\/td>\n<\/tr>\n<tr class=\"row-5\">\n\t<td class=\"column-1\"><strong>Esta\u00e7\u00e3o Ferrovi\u00e1ria \/ Terminal BUS Aveiro<\/strong><\/td><td class=\"column-2\">35 km \/ 0h27<\/td>\n<\/tr>\n<\/tbody>\n<\/table>\n\n\n\n<p><\/p>\n","protected":false},"excerpt":{"rendered":"<p>Local do Evento O munic\u00edpio de Mira, no litoral centro de Portugal, distingue-se pela harmonia entre mar, lagoas e extensas \u00e1reas florestais que criam condi\u00e7\u00f5es excecionais para a pr\u00e1tica de desportos de natureza. A Lagoa de Mira e o Pinhal de Mira oferecem um cen\u00e1rio privilegiado para caminhadas e passeios de BTT em trilhos e terrenos diversificados entre dunas, pinhais e zonas agr\u00edcolas. A proximidade do oceano e a pureza das paisagens tornam este territ\u00f3rio ideal para quem procura desafios ao ar livre. A Praia de Mira, galardoada com Bandeira Azul h\u00e1 v\u00e1rias d\u00e9cadas, refor\u00e7a a voca\u00e7\u00e3o do concelho para o turismo ativo e sustent\u00e1vel, conjugando desportos n\u00e1uticos com momentos [&hellip;]<\/p>\n","protected":false},"author":17,"featured_media":0,"parent":0,"menu_order":0,"comment_status":"closed","ping_status":"closed","template":"","meta":{"_monsterinsights_skip_tracking":false,"_monsterinsights_sitenote_active":false,"_monsterinsights_sitenote_note":"","_monsterinsights_sitenote_category":0,"footnotes":""},"class_list":["post-2042","page","type-page","status-publish","hentry","post"],"_links":{"self":[{"href":"https:\/\/pom.pt\/2026\/wp-json\/wp\/v2\/pages\/2042","targetHints":{"allow":["GET"]}}],"collection":[{"href":"https:\/\/pom.pt\/2026\/wp-json\/wp\/v2\/pages"}],"about":[{"href":"https:\/\/pom.pt\/2026\/wp-json\/wp\/v2\/types\/page"}],"author":[{"embeddable":true,"href":"https:\/\/pom.pt\/2026\/wp-json\/wp\/v2\/users\/17"}],"replies":[{"embeddable":true,"href":"https:\/\/pom.pt\/2026\/wp-json\/wp\/v2\/comments?post=2042"}],"version-history":[{"count":43,"href":"https:\/\/pom.pt\/2026\/wp-json\/wp\/v2\/pages\/2042\/revisions"}],"predecessor-version":[{"id":3020,"href":"https:\/\/pom.pt\/2026\/wp-json\/wp\/v2\/pages\/2042\/revisions\/3020"}],"wp:attachment":[{"href":"https:\/\/pom.pt\/2026\/wp-json\/wp\/v2\/media?parent=2042"}],"curies":[{"name":"wp","href":"https:\/\/api.w.org\/{rel}","templated":true}]}}