{"id":1646,"date":"2025-10-18T10:13:18","date_gmt":"2025-10-18T09:13:18","guid":{"rendered":"https:\/\/pom.pt\/26\/?page_id=1646"},"modified":"2026-01-08T14:56:45","modified_gmt":"2026-01-08T13:56:45","slug":"inscricoes","status":"publish","type":"page","link":"https:\/\/pom.pt\/2026\/inscricoes\/","title":{"rendered":"Inscri\u00e7\u00f5es"},"content":{"rendered":"<div id=\"pl-gb1646-69d4b854072cd\"  class=\"panel-layout\" ><div id=\"pg-gb1646-69d4b854072cd-0\"  class=\"panel-grid panel-has-style\" ><div class=\"panel-row-style panel-row-style-for-gb1646-69d4b854072cd-0\" ><div id=\"pgc-gb1646-69d4b854072cd-0-0\"  class=\"panel-grid-cell\" ><div id=\"panel-gb1646-69d4b854072cd-0-0-0\" class=\"so-panel widget widget_sow-editor panel-first-child panel-last-child\" data-index=\"0\" ><div\n\t\t\t\n\t\t\tclass=\"so-widget-sow-editor so-widget-sow-editor-base\"\n\t\t\t\n\t\t>\n<div class=\"siteorigin-widget-tinymce textwidget\">\n\t<h3>Como se inscrever no POM 2026<\/h3>\n<p>Os participantes devem efetuar a sua inscri\u00e7\u00e3o na plataforma <a href=\"https:\/\/www.orioasis.pt\/oasis\/events.php?action=event_view_info&amp;eventid=3091\" target=\"_blank\" rel=\"noopener\">OriOasis<\/a>.<\/p>\n<p>Em caso de d\u00favidas ou problemas durante o processo de inscri\u00e7\u00e3o, contacte-nos pelo e-mail: <a href=\"mailto:entries@pom.pt\" target=\"_blank\" rel=\"noopener\">entries@pom.pt<\/a>.<\/p>\n<\/div>\n<\/div><\/div><\/div><\/div><\/div><div id=\"pg-gb1646-69d4b854072cd-1\"  class=\"panel-grid panel-has-style\" ><div class=\"panel-row-style panel-row-style-for-gb1646-69d4b854072cd-1\" ><div id=\"pgc-gb1646-69d4b854072cd-1-0\"  class=\"panel-grid-cell\" ><div id=\"panel-gb1646-69d4b854072cd-1-0-0\" class=\"so-panel widget widget_sow-editor panel-first-child panel-last-child\" data-index=\"1\" ><div\n\t\t\t\n\t\t\tclass=\"so-widget-sow-editor so-widget-sow-editor-base\"\n\t\t\t\n\t\t>\n<div class=\"siteorigin-widget-tinymce textwidget\">\n\t<h3>Datas Limite de Iinscri\u00e7\u00e3o<\/h3>\n<p><span style=\"text-decoration: line-through;\">At\u00e9 31 de dezembro de 2025, as inscri\u00e7\u00f5es t\u00eam um pre\u00e7o reduzido, apresentando taxas com desconto.<\/span><\/p>\n<p>At\u00e9 7 de janeiro de 2026, as inscri\u00e7\u00f5es t\u00eam um pre\u00e7o reduzido, apresentando taxas com desconto.<\/p>\n<p>De 8 de janeiro a 1 de fevereiro de 2026, as inscri\u00e7\u00f5es t\u00eam pre\u00e7os normais, sem desconto.<\/p>\n<p>Todas as inscri\u00e7\u00f5es dever\u00e3o ser pagas at\u00e9 4 de fevereiro.<\/p>\n<\/div>\n<\/div><\/div><\/div><\/div><\/div><div id=\"pg-gb1646-69d4b854072cd-2\"  class=\"panel-grid panel-has-style\" ><div class=\"panel-row-style panel-row-style-for-gb1646-69d4b854072cd-2\" ><div id=\"pgc-gb1646-69d4b854072cd-2-0\"  class=\"panel-grid-cell\" ><div id=\"panel-gb1646-69d4b854072cd-2-0-0\" class=\"so-panel widget widget_sow-editor panel-first-child panel-last-child\" data-index=\"2\" ><div\n\t\t\t\n\t\t\tclass=\"so-widget-sow-editor so-widget-sow-editor-base\"\n\t\t\t\n\t\t>\n<div class=\"siteorigin-widget-tinymce textwidget\">\n\t<h3>Informa\u00e7\u00e3o Necess\u00e1ria para a Inscri\u00e7\u00e3o<\/h3>\n<ul>\n<li>Nome completo do participante<\/li>\n<li>Ano de nascimento<\/li>\n<li>Nome do clube<\/li>\n<li>Pa\u00eds<\/li>\n<li>N\u00famero do cart\u00e3o SPORTident (ver <strong>NOTA #1<\/strong> abaixo)<\/li>\n<li>Escal\u00e3o de inscri\u00e7\u00e3o<\/li>\n<li>Indicar em quais etapas pretende participar<\/li>\n<\/ul>\n<p><strong>NOTA #1:<\/strong> <em>Aluguer de cart\u00e3o SI: 2,00\u20ac\/dia. A perda ou n\u00e3o devolu\u00e7\u00e3o de um cart\u00e3o SI alugado implicar\u00e1 um custo de 50\u20ac.<\/em><\/p>\n<p><strong>NOTA #2:<\/strong> <em>Nos escal\u00f5es Open, os participantes podem competir individualmente ou em grupo. Contudo, a inscri\u00e7\u00e3o deve ser submetida para cada membro do grupo, uma vez que todos ter\u00e3o o seu pr\u00f3prio mapa e classifica\u00e7\u00e3o na lista de resultados.<\/em><\/p>\n<\/div>\n<\/div><\/div><\/div><\/div><\/div><div id=\"pg-gb1646-69d4b854072cd-3\"  class=\"panel-grid panel-has-style\" ><div class=\"panel-row-style panel-row-style-for-gb1646-69d4b854072cd-3\" ><div id=\"pgc-gb1646-69d4b854072cd-3-0\"  class=\"panel-grid-cell\" ><div id=\"panel-gb1646-69d4b854072cd-3-0-0\" class=\"so-panel widget widget_sow-editor panel-first-child panel-last-child\" data-index=\"3\" ><div\n\t\t\t\n\t\t\tclass=\"so-widget-sow-editor so-widget-sow-editor-base\"\n\t\t\t\n\t\t>\n<div class=\"siteorigin-widget-tinymce textwidget\">\n\t<h3>Mensagem Importante para Atletas de Elite<\/h3>\n<p>Os atletas que competem nos escal\u00f5es\u00a0 de Elite devem tamb\u00e9m inscrever-se no IOF Eventor. Adicionalmente, \u00e9 necess\u00e1rio fornecer o n\u00famero do IOF Eventor \u00e0 organiza\u00e7\u00e3o durante o processo de inscri\u00e7\u00e3o na plataforma OriOasis. O pagamento dever\u00e1 ser efectuado atrav\u00e9s do OriOasis.<\/p>\n<\/div>\n<\/div><\/div><\/div><\/div><\/div><div id=\"pg-gb1646-69d4b854072cd-4\"  class=\"panel-grid panel-has-style\" ><div class=\"panel-row-style panel-row-style-for-gb1646-69d4b854072cd-4\" ><div id=\"pgc-gb1646-69d4b854072cd-4-0\"  class=\"panel-grid-cell\" ><div id=\"panel-gb1646-69d4b854072cd-4-0-0\" class=\"so-panel widget widget_sow-editor panel-first-child panel-last-child\" data-index=\"4\" ><div\n\t\t\t\n\t\t\tclass=\"so-widget-sow-editor so-widget-sow-editor-base\"\n\t\t\t\n\t\t>\n<div class=\"siteorigin-widget-tinymce textwidget\">\n\t<h3>Mensagem Importante para Todos os Atletas Espanh\u00f3is com Licen\u00e7a FEDO<\/h3>\n<\/div>\n<\/div><\/div><\/div><\/div><\/div><div id=\"pg-gb1646-69d4b854072cd-5\"  class=\"panel-grid panel-has-style\" ><div class=\"panel-row-style panel-row-style-for-gb1646-69d4b854072cd-5\" ><div id=\"pgc-gb1646-69d4b854072cd-5-0\"  class=\"panel-grid-cell\" ><div id=\"panel-gb1646-69d4b854072cd-5-0-0\" class=\"so-panel widget widget_sow-image panel-first-child panel-last-child\" data-index=\"5\" ><div\n\t\t\t\n\t\t\tclass=\"so-widget-sow-image so-widget-sow-image-default-c67d20f9f743-1646\"\n\t\t\t\n\t\t>\n<div class=\"sow-image-container\">\n\t\t<img \n\tsrc=\"https:\/\/pom.pt\/2026\/wp-content\/uploads\/sites\/17\/2025\/10\/logo-fedo5.png\" width=\"223\" height=\"117\" sizes=\"(max-width: 223px) 100vw, 223px\" alt=\"\" \t\tclass=\"so-widget-image\"\/>\n\t<\/div>\n\n<\/div><\/div><\/div><div id=\"pgc-gb1646-69d4b854072cd-5-1\"  class=\"panel-grid-cell\" ><div id=\"panel-gb1646-69d4b854072cd-5-1-0\" class=\"so-panel widget widget_sow-editor panel-first-child panel-last-child\" data-index=\"6\" ><div\n\t\t\t\n\t\t\tclass=\"so-widget-sow-editor so-widget-sow-editor-base\"\n\t\t\t\n\t\t>\n<div class=\"siteorigin-widget-tinymce textwidget\">\n\t<p>Para beneficiar dos pre\u00e7os corretos \u2013 iguais aos aplicados aos atletas filiados na Federa\u00e7\u00e3o Portuguesa de Orienta\u00e7\u00e3o (FPO):<\/p>\n<ul>\n<li><strong>\u00a0SUBMETA A SUA INSCRI\u00c7\u00c3O <\/strong>iniciando sess\u00e3o na plataforma OriOasis com o mesmo nome de utilizador e palavra-passe que utiliza normalmente no sistema de inscri\u00e7\u00f5es online da FEDO. Utilize este link para aceder: <a href=\"https:\/\/sico.fedo.org\/assets\/login_fpo_fedo.php\" target=\"_blank\" rel=\"noopener\">Orioasis\/FEDO Login<\/a><\/li>\n<li><b>N\u00c3O SUBMETA A SUA INSCRI\u00c7\u00c3O <\/b>utilizando a op\u00e7\u00e3o &#8220;Inscri\u00e7\u00f5es Express&#8221; na plataforma OriOasis.<\/li>\n<\/ul>\n<\/div>\n<\/div><\/div><\/div><\/div><\/div><div id=\"pg-gb1646-69d4b854072cd-6\"  class=\"panel-grid panel-has-style\" ><div class=\"panel-row-style panel-row-style-for-gb1646-69d4b854072cd-6\" ><div id=\"pgc-gb1646-69d4b854072cd-6-0\"  class=\"panel-grid-cell\" ><div id=\"panel-gb1646-69d4b854072cd-6-0-0\" class=\"so-panel widget widget_sow-editor panel-first-child panel-last-child\" data-index=\"7\" ><div\n\t\t\t\n\t\t\tclass=\"so-widget-sow-editor so-widget-sow-editor-base\"\n\t\t\t\n\t\t>\n<div class=\"siteorigin-widget-tinymce textwidget\">\n\t<h3>Inscri\u00e7\u00f5es de Alunos (Desporto Escolar)<\/h3>\n<\/div>\n<\/div><\/div><\/div><\/div><\/div><div id=\"pg-gb1646-69d4b854072cd-7\"  class=\"panel-grid panel-has-style\" ><div class=\"panel-row-style panel-row-style-for-gb1646-69d4b854072cd-7\" ><div id=\"pgc-gb1646-69d4b854072cd-7-0\"  class=\"panel-grid-cell\" ><div id=\"panel-gb1646-69d4b854072cd-7-0-0\" class=\"so-panel widget widget_sow-image panel-first-child panel-last-child\" data-index=\"8\" ><div\n\t\t\t\n\t\t\tclass=\"so-widget-sow-image so-widget-sow-image-default-c67d20f9f743-1646\"\n\t\t\t\n\t\t>\n<div class=\"sow-image-container\">\n\t\t<img \n\tsrc=\"https:\/\/pom.pt\/2026\/wp-content\/uploads\/sites\/17\/2025\/10\/logoDE.png\" width=\"904\" height=\"604\" srcset=\"https:\/\/pom.pt\/2026\/wp-content\/uploads\/sites\/17\/2025\/10\/logoDE.png 904w, https:\/\/pom.pt\/2026\/wp-content\/uploads\/sites\/17\/2025\/10\/logoDE-300x200.png 300w, https:\/\/pom.pt\/2026\/wp-content\/uploads\/sites\/17\/2025\/10\/logoDE-768x513.png 768w, https:\/\/pom.pt\/2026\/wp-content\/uploads\/sites\/17\/2025\/10\/logoDE-272x182.png 272w, https:\/\/pom.pt\/2026\/wp-content\/uploads\/sites\/17\/2025\/10\/logoDE-360x240.png 360w, https:\/\/pom.pt\/2026\/wp-content\/uploads\/sites\/17\/2025\/10\/logoDE-720x480.png 720w\" sizes=\"(max-width: 904px) 100vw, 904px\" alt=\"\" \t\tclass=\"so-widget-image\"\/>\n\t<\/div>\n\n<\/div><\/div><\/div><div id=\"pgc-gb1646-69d4b854072cd-7-1\"  class=\"panel-grid-cell\" ><div id=\"panel-gb1646-69d4b854072cd-7-1-0\" class=\"so-panel widget widget_sow-editor panel-first-child panel-last-child\" data-index=\"9\" ><div\n\t\t\t\n\t\t\tclass=\"so-widget-sow-editor so-widget-sow-editor-base\"\n\t\t\t\n\t\t>\n<div class=\"siteorigin-widget-tinymce textwidget\">\n\t<p>O pre\u00e7o para alunos do Desporto Escolar \u00e9 de 3,00\u20ac\/etapa.<\/p>\n<p>Os alunos devem estar acompanhados por um professor que apresente comprovativo do seguro escolar ativo.<\/p>\n<p>N\u00e3o ser\u00e1 aplicada qualquer taxa de aluguer de cart\u00e3o SPORTident.<\/p>\n<\/div>\n<\/div><\/div><\/div><\/div><\/div><div id=\"pg-gb1646-69d4b854072cd-8\"  class=\"panel-grid panel-has-style\" ><div class=\"panel-row-style panel-row-style-for-gb1646-69d4b854072cd-8\" ><div id=\"pgc-gb1646-69d4b854072cd-8-0\"  class=\"panel-grid-cell\" ><div id=\"panel-gb1646-69d4b854072cd-8-0-0\" class=\"so-panel widget widget_sow-editor panel-first-child panel-last-child\" data-index=\"10\" ><div\n\t\t\t\n\t\t\tclass=\"so-widget-sow-editor so-widget-sow-editor-base\"\n\t\t\t\n\t\t>\n<div class=\"siteorigin-widget-tinymce textwidget\">\n\t<h3>Taxas de Inscri\u00e7\u00e3o<\/h3>\n<\/div>\n<\/div><\/div><\/div><\/div><\/div><div id=\"pg-gb1646-69d4b854072cd-9\"  class=\"panel-grid panel-has-style\" ><div class=\"panel-row-style panel-row-style-for-gb1646-69d4b854072cd-9\" ><div id=\"pgc-gb1646-69d4b854072cd-9-0\"  class=\"panel-grid-cell\" ><div id=\"panel-gb1646-69d4b854072cd-9-0-0\" class=\"so-panel widget widget_sow-editor panel-first-child panel-last-child\" data-index=\"11\" ><div\n\t\t\t\n\t\t\tclass=\"so-widget-sow-editor so-widget-sow-editor-base\"\n\t\t\t\n\t\t>\n<div class=\"siteorigin-widget-tinymce textwidget\">\n\t\n<table id=\"tablepress-2\" class=\"tablepress tablepress-id-2 tbody-has-connected-cells\">\n<thead>\n<tr class=\"row-1\">\n\t<th colspan=\"3\" class=\"column-1\"><span style=\"color:#FFFFFF\"><strong>DATA LIMITE<\/strong><\/span><\/th><th colspan=\"4\" class=\"column-4\"><span style=\"color:#FFFFFF\"><strong>7 de janeiro 2026<\/strong><\/span><\/th><th colspan=\"4\" class=\"column-8\"><span style=\"color:#FFFFFF\"><strong>1 de  fevereiro 2025<\/strong><\/span><\/th>\n<\/tr>\n<\/thead>\n<tbody class=\"row-striping row-hover\">\n<tr class=\"row-2\">\n\t<td class=\"column-1\"><\/td><td class=\"column-2\"><\/td><td class=\"column-3\"><\/td><td class=\"column-4\">Floresta<\/td><td class=\"column-5\">Sprint<\/td><td class=\"column-6\">PreO<br \/>\nSprint<\/td><td class=\"column-7\">Model<br \/>\nEvent<\/td><td class=\"column-8\">Floresta<\/td><td class=\"column-9\">Sprint<\/td><td class=\"column-10\">PreO<br \/>\nSprint<\/td><td class=\"column-11\">Model<br \/>\nEvent<\/td>\n<\/tr>\n<tr class=\"row-3\">\n\t<td rowspan=\"4\" class=\"column-1\"><strong>ESCAL\u00d5ES DE COMPETI\u00c7\u00c3O<\/strong><\/td><td rowspan=\"2\" class=\"column-2\">Atletas FPO &amp;<br \/>\nFEDO<\/td><td class=\"column-3\">\u2264 20 anos de idade<\/td><td class=\"column-4\">5.00\u20ac<\/td><td class=\"column-5\">4.00\u20ac<\/td><td rowspan=\"2\" class=\"column-6\">8.00\u20ac<\/td><td rowspan=\"8\" class=\"column-7\">6.00\u20ac<\/td><td class=\"column-8\">5.50\u20ac<\/td><td class=\"column-9\">4.50\u20ac<\/td><td rowspan=\"2\" class=\"column-10\">10.00\u20ac<\/td><td rowspan=\"8\" class=\"column-11\">7.00\u20ac<\/td>\n<\/tr>\n<tr class=\"row-4\">\n\t<td class=\"column-3\">\u2265 21 anos de idade<\/td><td class=\"column-4\">9.00\u20ac<\/td><td class=\"column-5\">7.00\u20ac<\/td><td class=\"column-8\">10.00\u20ac<\/td><td class=\"column-9\">8.00\u20ac<\/td>\n<\/tr>\n<tr class=\"row-5\">\n\t<td rowspan=\"2\" class=\"column-2\">Todos os outros atletas<\/td><td class=\"column-3\">\u2264 M\/W 20<\/td><td class=\"column-4\">11.00\u20ac<\/td><td class=\"column-5\">10.00\u20ac<\/td><td rowspan=\"2\" class=\"column-6\">17.00\u20ac<\/td><td class=\"column-8\">12.00\u20ac<\/td><td class=\"column-9\">11.00\u20ac<\/td><td rowspan=\"2\" class=\"column-10\">19.00\u20ac<\/td>\n<\/tr>\n<tr class=\"row-6\">\n\t<td class=\"column-3\">\u2265 M\/W 21 (Note*)<\/td><td class=\"column-4\">18.00\u20ac<\/td><td class=\"column-5\">15.00\u20ac<\/td><td class=\"column-8\">20.00\u20ac<\/td><td class=\"column-9\">17.00\u20ac<\/td>\n<\/tr>\n<tr class=\"row-7\">\n\t<td rowspan=\"4\" class=\"column-1\"><strong>ESCAL\u00d5ES OPEN &amp; FORMA\u00c7\u00c3O<\/strong><\/td><td rowspan=\"2\" class=\"column-2\">Atletas FPO &amp;<br \/>\nFEDO<\/td><td class=\"column-3\">\u2264 20 anos de idade<\/td><td class=\"column-4\">5.00\u20ac<\/td><td class=\"column-5\">4.00\u20ac<\/td><td rowspan=\"2\" class=\"column-6\">N\u00e3o Dispon\u00edvel<\/td><td class=\"column-8\">5.50\u20ac<\/td><td class=\"column-9\">4.50\u20ac<\/td><td rowspan=\"2\" class=\"column-10\">N\u00e3o Dispon\u00edvel<\/td>\n<\/tr>\n<tr class=\"row-8\">\n\t<td class=\"column-3\">\u2265 21 anos de idade<\/td><td class=\"column-4\">9.00\u20ac<\/td><td class=\"column-5\">7.00\u20ac<\/td><td class=\"column-8\">10.00\u20ac<\/td><td class=\"column-9\">8.00\u20ac<\/td>\n<\/tr>\n<tr class=\"row-9\">\n\t<td rowspan=\"2\" class=\"column-2\">Todos os outros atletas<\/td><td class=\"column-3\">\u2264 M\/W 20<\/td><td class=\"column-4\">5.50\u20ac<\/td><td class=\"column-5\">4.50\u20ac<\/td><td rowspan=\"2\" class=\"column-6\">N\u00e3o Dispon\u00edvel<\/td><td class=\"column-8\">6.00\u20ac<\/td><td class=\"column-9\">5.00\u20ac<\/td><td rowspan=\"2\" class=\"column-10\">N\u00e3o Dispon\u00edvel<\/td>\n<\/tr>\n<tr class=\"row-10\">\n\t<td class=\"column-3\">\u2265 M\/W 21<\/td><td class=\"column-4\">10.00\u20ac<\/td><td class=\"column-5\">8.00\u20ac<\/td><td class=\"column-8\">11.00\u20ac<\/td><td class=\"column-9\">9.00\u20ac<\/td>\n<\/tr>\n<tr class=\"row-11\">\n\t<td colspan=\"11\" class=\"column-1\">Seguro desportivo: inclu\u00eddo em todas as inscri\u00e7\u00f5es<br \/>\nAluguer SI-Card : 2,00\u20ac\/dia (para escal\u00f5es de competi\u00e7\u00e3o e forma\u00e7\u00e3o, gratuito para escal\u00f5es open)<br \/>\n0,50\u20ac de cada inscri\u00e7\u00e3o \u00e9 entregue \u00e0 FPO<br \/>\n* 3,50\u20ac de cada inscri\u00e7\u00e3o \u00e9 entregue \u00e0 FPO<\/td>\n<\/tr>\n<\/tbody>\n<\/table>\n\n<\/div>\n<\/div><\/div><\/div><\/div><\/div><div id=\"pg-gb1646-69d4b854072cd-10\"  class=\"panel-grid panel-has-style\" ><div class=\"panel-row-style panel-row-style-for-gb1646-69d4b854072cd-10\" ><div id=\"pgc-gb1646-69d4b854072cd-10-0\"  class=\"panel-grid-cell\" ><div id=\"panel-gb1646-69d4b854072cd-10-0-0\" class=\"so-panel widget widget_sow-editor panel-first-child panel-last-child\" data-index=\"12\" ><div\n\t\t\t\n\t\t\tclass=\"so-widget-sow-editor so-widget-sow-editor-base\"\n\t\t\t\n\t\t>\n<div class=\"siteorigin-widget-tinymce textwidget\">\n\t<h3>M\u00e9todos de Pagamento<\/h3>\n<p>As inscri\u00e7\u00f5es s\u00f3 ser\u00e3o consideradas v\u00e1lidas ap\u00f3s pagamento integral. <strong>O prazo limite para pagamento \u00e9 4 de fevereiro.<\/strong><\/p>\n<p>A 8 de fevereiro, todas as inscri\u00e7\u00f5es n\u00e3o pagas ser\u00e3o eliminadas pela organiza\u00e7\u00e3o..<\/p>\n<p>M\u00e9todos de Pagamento Dispon\u00edveis na Plataforma OriOasis:<\/p>\n<ul>\n<li>Cart\u00e3o Visa e PayPal \u2013 dispon\u00edveis para todos os participantes<\/li>\n<li>MB Way e Refer\u00eancia Multibanco \u2013 exclusivos para participantes portugueses<\/li>\n<\/ul>\n<p>Para cancelar inscri\u00e7\u00f5es, os participantes devem enviar um e-mail \u00e0 organiza\u00e7\u00e3o para: (<a href=\"mailto:entries@pom.pt\" target=\"_blank\" rel=\"noopener\">entries@pom.pt<\/a>).<\/p>\n<p>A pol\u00edtica de reembolso da organiza\u00e7\u00e3o \u00e9 a seguinte:<\/p>\n<ul>\n<li>Cancelamentos at\u00e9 7 de fevereiro: reembolso de 100% do valor pago.<\/li>\n<li><strong>Ap\u00f3s 7 de fevereiro:<\/strong> N\u00e3o haver\u00e1 reembolso em caso de cancelamento.<\/li>\n<\/ul>\n<p>&nbsp;<\/p>\n<\/div>\n<\/div><\/div><\/div><\/div><\/div><\/div>","protected":false},"excerpt":{"rendered":"<p>Como se inscrever no POM 2026 Os participantes devem efetuar a sua inscri\u00e7\u00e3o na plataforma OriOasis. Em caso de d\u00favidas ou problemas durante o processo de inscri\u00e7\u00e3o, contacte-nos pelo e-mail: entries@pom.pt. Datas Limite de Iinscri\u00e7\u00e3o At\u00e9 31 de dezembro de 2025, as inscri\u00e7\u00f5es t\u00eam um pre\u00e7o reduzido, apresentando taxas com desconto. At\u00e9 7 de janeiro de 2026, as inscri\u00e7\u00f5es t\u00eam um pre\u00e7o reduzido, apresentando taxas com desconto. De 8 de janeiro a 1 de fevereiro de 2026, as inscri\u00e7\u00f5es t\u00eam pre\u00e7os normais, sem desconto. Todas as inscri\u00e7\u00f5es dever\u00e3o ser pagas at\u00e9 4 de fevereiro.<\/p>\n","protected":false},"author":17,"featured_media":0,"parent":0,"menu_order":0,"comment_status":"closed","ping_status":"closed","template":"","meta":{"_monsterinsights_skip_tracking":false,"_monsterinsights_sitenote_active":false,"_monsterinsights_sitenote_note":"","_monsterinsights_sitenote_category":0,"footnotes":""},"class_list":["post-1646","page","type-page","status-publish","hentry","post"],"_links":{"self":[{"href":"https:\/\/pom.pt\/2026\/wp-json\/wp\/v2\/pages\/1646","targetHints":{"allow":["GET"]}}],"collection":[{"href":"https:\/\/pom.pt\/2026\/wp-json\/wp\/v2\/pages"}],"about":[{"href":"https:\/\/pom.pt\/2026\/wp-json\/wp\/v2\/types\/page"}],"author":[{"embeddable":true,"href":"https:\/\/pom.pt\/2026\/wp-json\/wp\/v2\/users\/17"}],"replies":[{"embeddable":true,"href":"https:\/\/pom.pt\/2026\/wp-json\/wp\/v2\/comments?post=1646"}],"version-history":[{"count":13,"href":"https:\/\/pom.pt\/2026\/wp-json\/wp\/v2\/pages\/1646\/revisions"}],"predecessor-version":[{"id":2660,"href":"https:\/\/pom.pt\/2026\/wp-json\/wp\/v2\/pages\/1646\/revisions\/2660"}],"wp:attachment":[{"href":"https:\/\/pom.pt\/2026\/wp-json\/wp\/v2\/media?parent=1646"}],"curies":[{"name":"wp","href":"https:\/\/api.w.org\/{rel}","templated":true}]}}