{"id":1634,"date":"2025-10-18T10:14:21","date_gmt":"2025-10-18T09:14:21","guid":{"rendered":"https:\/\/pom.pt\/26\/?page_id=1634"},"modified":"2025-11-03T11:13:05","modified_gmt":"2025-11-03T10:13:05","slug":"apresentacao","status":"publish","type":"page","link":"https:\/\/pom.pt\/2026\/apresentacao\/","title":{"rendered":"Apresenta\u00e7\u00e3o"},"content":{"rendered":"<div id=\"pl-gb1634-69d4bbf315f45\"  class=\"panel-layout\" ><div id=\"pg-gb1634-69d4bbf315f45-0\"  class=\"panel-grid panel-no-style\" ><div id=\"pgc-gb1634-69d4bbf315f45-0-0\"  class=\"panel-grid-cell\" ><div id=\"panel-gb1634-69d4bbf315f45-0-0-0\" class=\"so-panel widget widget_sow-editor panel-first-child panel-last-child\" data-index=\"0\" ><div\n\t\t\t\n\t\t\tclass=\"so-widget-sow-editor so-widget-sow-editor-base\"\n\t\t\t\n\t\t><h3 class=\"widget-title\">Portugal \u201cO\u201d Meeting vai voltar ao Munic\u00edpio de Mira!<\/h3>\n<div class=\"siteorigin-widget-tinymce textwidget\">\n\t<p>Esta ser\u00e1 a terceira edi\u00e7\u00e3o do maior evento anual de Orienta\u00e7\u00e3o em Mira, ap\u00f3s as edi\u00e7\u00f5es de 2000 e 2015.<\/p>\n<p>O POM 2026 decorrer\u00e1 de 13 a 17 de fevereiro e promete ser uma experi\u00eancia inesquec\u00edvel.<\/p>\n<p>Com o bom tempo, a deliciosa gastronomia regional, as nossas praias e as magn\u00edficas florestas de pinheiro, Mira est\u00e1 pronta para receber milhares de atletas de todo o mundo.<\/p>\n<p>&nbsp;<\/p>\n<p>&nbsp;<\/p>\n<\/div>\n<\/div><\/div><\/div><\/div><div id=\"pg-gb1634-69d4bbf315f45-1\"  class=\"panel-grid panel-no-style\" ><div id=\"pgc-gb1634-69d4bbf315f45-1-0\"  class=\"panel-grid-cell panel-grid-cell-empty\" ><\/div><div id=\"pgc-gb1634-69d4bbf315f45-1-1\"  class=\"panel-grid-cell panel-grid-cell-mobile-last\" ><div id=\"panel-gb1634-69d4bbf315f45-1-1-0\" class=\"so-panel widget widget_sow-image panel-first-child panel-last-child\" data-index=\"1\" ><div\n\t\t\t\n\t\t\tclass=\"so-widget-sow-image so-widget-sow-image-default-dbf295114b96-1634 so-premium-tooltip-container\"\n\t\t\t data-tooltip-enabled=\"1\" data-tooltip-theme=\"light\"\n\t\t>\n<div class=\"sow-image-container\">\n\t\t\t<a href=\"https:\/\/pom.pt\/2026\/wp-content\/uploads\/sites\/17\/2025\/02\/POM-2026_PT_resize.png\"\n\t\t\tdata-lightbox=\"139199510468f63a3cb9657438442338\" data-lightbox-options=\"{&quot;overlayColor&quot;:&quot;#000&quot;,&quot;overlayOpacity&quot;:0.8,&quot;fadeDuration&quot;:600,&quot;fitImagesInViewport&quot;:true,&quot;imageFadeDuration&quot;:600,&quot;maxHeight&quot;:&quot;&quot;,&quot;maxWidth&quot;:&quot;&quot;,&quot;positionFromTop&quot;:50,&quot;resizeDuration&quot;:700,&quot;showImageNumberLabel&quot;:true,&quot;wrapAround&quot;:true,&quot;alwaysShowNavOnTouchDevices&quot;:&quot;&quot;,&quot;disabledOnTablet&quot;:&quot;&quot;,&quot;disabledOnMobile&quot;:&quot;&quot;,&quot;disableScrolling&quot;:&quot;&quot;,&quot;disableCaption&quot;:&quot;&quot;,&quot;albumLabel&quot;:&quot; %1 of %2&quot;}\" data-title=\"Clica para Aumentar!\" \t\t>\n\t\t\t<img \n\tsrc=\"https:\/\/pom.pt\/2026\/wp-content\/uploads\/sites\/17\/2025\/02\/POM-2026_PT_resize.png\" width=\"877\" height=\"1240\" srcset=\"https:\/\/pom.pt\/2026\/wp-content\/uploads\/sites\/17\/2025\/02\/POM-2026_PT_resize.png 877w, https:\/\/pom.pt\/2026\/wp-content\/uploads\/sites\/17\/2025\/02\/POM-2026_PT_resize-212x300.png 212w, https:\/\/pom.pt\/2026\/wp-content\/uploads\/sites\/17\/2025\/02\/POM-2026_PT_resize-724x1024.png 724w, https:\/\/pom.pt\/2026\/wp-content\/uploads\/sites\/17\/2025\/02\/POM-2026_PT_resize-768x1086.png 768w\" sizes=\"(max-width: 877px) 100vw, 877px\" title=\"Clica para Aumentar!\" alt=\"\" \t\tclass=\"so-widget-image\"\/>\n\t\t\t<\/a><\/div>\n\n<\/div><\/div><\/div><div id=\"pgc-gb1634-69d4bbf315f45-1-2\"  class=\"panel-grid-cell panel-grid-cell-empty\" ><\/div><\/div><div id=\"pg-gb1634-69d4bbf315f45-2\"  class=\"panel-grid panel-no-style\" ><div id=\"pgc-gb1634-69d4bbf315f45-2-0\"  class=\"panel-grid-cell\" ><div id=\"panel-gb1634-69d4bbf315f45-2-0-0\" class=\"so-panel widget widget_sow-editor panel-first-child panel-last-child\" data-index=\"2\" ><div\n\t\t\t\n\t\t\tclass=\"so-widget-sow-editor so-widget-sow-editor-base\"\n\t\t\t\n\t\t>\n<div class=\"siteorigin-widget-tinymce textwidget\">\n\t<p><strong data-start=\"599\" data-end=\"633\">Comece a planear a sua viagem!<\/strong><\/p>\n<p>Quer treinar na \u00e1rea do POM 2026?<\/p>\n<p>Precisa de alojamento para o evento?<\/p>\n<p>Visite a p\u00e1gina do nosso parceiro oficial para campos de treino e alojamento em <a class=\"decorated-link\" href=\"http:\/\/www.o-portugal.pt\" target=\"_new\" rel=\"noopener\" data-start=\"789\" data-end=\"834\">www.o-portugal.pt<\/a><\/p>\n<\/div>\n<\/div><\/div><\/div><\/div><div id=\"pg-gb1634-69d4bbf315f45-3\"  class=\"panel-grid panel-no-style\" ><div id=\"pgc-gb1634-69d4bbf315f45-3-0\"  class=\"panel-grid-cell panel-grid-cell-empty\" ><\/div><div id=\"pgc-gb1634-69d4bbf315f45-3-1\"  class=\"panel-grid-cell panel-grid-cell-mobile-last\" ><div id=\"panel-gb1634-69d4bbf315f45-3-1-0\" class=\"so-panel widget widget_sow-image panel-first-child panel-last-child\" data-index=\"3\" ><div\n\t\t\t\n\t\t\tclass=\"so-widget-sow-image so-widget-sow-image-default-8b5b6f678277-1634 so-premium-tooltip-container\"\n\t\t\t data-tooltip-enabled=\"1\" data-tooltip-theme=\"light\"\n\t\t>\n<div class=\"sow-image-container\">\n\t\t\t<a href=\"https:\/\/www.o-portugal.pt\/\"\n\t\t\ttarget=\"_blank\" rel=\"noopener noreferrer\" \t\t>\n\t\t\t<img \n\tsrc=\"https:\/\/pom.pt\/2026\/wp-content\/uploads\/sites\/17\/2025\/02\/image3.png\" width=\"693\" height=\"246\" srcset=\"https:\/\/pom.pt\/2026\/wp-content\/uploads\/sites\/17\/2025\/02\/image3.png 693w, https:\/\/pom.pt\/2026\/wp-content\/uploads\/sites\/17\/2025\/02\/image3-300x106.png 300w\" sizes=\"(max-width: 693px) 100vw, 693px\" title=\"Clica para seguir o Link!\" alt=\"\" \t\tclass=\"so-widget-image\"\/>\n\t\t\t<\/a><\/div>\n\n<\/div><\/div><\/div><div id=\"pgc-gb1634-69d4bbf315f45-3-2\"  class=\"panel-grid-cell panel-grid-cell-empty\" ><\/div><\/div><div id=\"pg-gb1634-69d4bbf315f45-4\"  class=\"panel-grid panel-no-style\" ><div id=\"pgc-gb1634-69d4bbf315f45-4-0\"  class=\"panel-grid-cell\" ><div id=\"panel-gb1634-69d4bbf315f45-4-0-0\" class=\"so-panel widget widget_sow-editor panel-first-child panel-last-child\" data-index=\"4\" ><div\n\t\t\t\n\t\t\tclass=\"so-widget-sow-editor so-widget-sow-editor-base\"\n\t\t\t\n\t\t>\n<div class=\"siteorigin-widget-tinymce textwidget\">\n\t<p><strong data-start=\"837\" data-end=\"889\">Outros eventos internacionais no inverno de 2026<\/strong><\/p>\n<p>Combine a sua participa\u00e7\u00e3o no Portugal \u201cO\u201d Meeting com os eventos internacionais na Figueira da Foz (6 a 8 de fevereiro) e S\u00e1t\u00e3o (21 e 22 de fevereiro).<\/p>\n<\/div>\n<\/div><\/div><\/div><\/div><div id=\"pg-gb1634-69d4bbf315f45-5\"  class=\"panel-grid panel-no-style\" ><div id=\"pgc-gb1634-69d4bbf315f45-5-0\"  class=\"panel-grid-cell panel-grid-cell-empty\" ><\/div><div id=\"pgc-gb1634-69d4bbf315f45-5-1\"  class=\"panel-grid-cell panel-grid-cell-mobile-last\" ><div id=\"panel-gb1634-69d4bbf315f45-5-1-0\" class=\"so-panel widget widget_sow-image panel-first-child panel-last-child\" data-index=\"5\" ><div\n\t\t\t\n\t\t\tclass=\"so-widget-sow-image so-widget-sow-image-default-8b5b6f678277-1634 so-premium-tooltip-container\"\n\t\t\t data-tooltip-enabled=\"1\" data-tooltip-theme=\"light\"\n\t\t>\n<div class=\"sow-image-container\">\n\t\t\t<a href=\"https:\/\/pom.pt\/2026\/wp-content\/uploads\/sites\/17\/2025\/02\/image4.png\"\n\t\t\tdata-lightbox=\"22014090868f6451fa026d624348045\" data-lightbox-options=\"{&quot;overlayColor&quot;:&quot;#000&quot;,&quot;overlayOpacity&quot;:0.8,&quot;fadeDuration&quot;:600,&quot;fitImagesInViewport&quot;:true,&quot;imageFadeDuration&quot;:600,&quot;maxHeight&quot;:&quot;&quot;,&quot;maxWidth&quot;:&quot;&quot;,&quot;positionFromTop&quot;:50,&quot;resizeDuration&quot;:700,&quot;showImageNumberLabel&quot;:true,&quot;wrapAround&quot;:true,&quot;alwaysShowNavOnTouchDevices&quot;:&quot;&quot;,&quot;disabledOnTablet&quot;:&quot;&quot;,&quot;disabledOnMobile&quot;:&quot;&quot;,&quot;disableScrolling&quot;:&quot;&quot;,&quot;disableCaption&quot;:&quot;&quot;,&quot;albumLabel&quot;:&quot; %1 of %2&quot;}\" data-title=\"Click to Zoom!\" \t\t>\n\t\t\t<img \n\tsrc=\"https:\/\/pom.pt\/2026\/wp-content\/uploads\/sites\/17\/2025\/02\/image4.png\" width=\"2339\" height=\"1654\" srcset=\"https:\/\/pom.pt\/2026\/wp-content\/uploads\/sites\/17\/2025\/02\/image4.png 2339w, https:\/\/pom.pt\/2026\/wp-content\/uploads\/sites\/17\/2025\/02\/image4-300x212.png 300w, https:\/\/pom.pt\/2026\/wp-content\/uploads\/sites\/17\/2025\/02\/image4-1024x724.png 1024w, https:\/\/pom.pt\/2026\/wp-content\/uploads\/sites\/17\/2025\/02\/image4-768x543.png 768w, https:\/\/pom.pt\/2026\/wp-content\/uploads\/sites\/17\/2025\/02\/image4-1536x1086.png 1536w, https:\/\/pom.pt\/2026\/wp-content\/uploads\/sites\/17\/2025\/02\/image4-2048x1448.png 2048w\" sizes=\"(max-width: 2339px) 100vw, 2339px\" title=\"Click to Zoom!\" alt=\"\" \t\tclass=\"so-widget-image\"\/>\n\t\t\t<\/a><\/div>\n\n<\/div><\/div><\/div><div id=\"pgc-gb1634-69d4bbf315f45-5-2\"  class=\"panel-grid-cell panel-grid-cell-empty\" ><\/div><\/div><div id=\"pg-gb1634-69d4bbf315f45-6\"  class=\"panel-grid panel-no-style\" ><div id=\"pgc-gb1634-69d4bbf315f45-6-0\"  class=\"panel-grid-cell panel-grid-cell-empty\" ><\/div><div id=\"pgc-gb1634-69d4bbf315f45-6-1\"  class=\"panel-grid-cell panel-grid-cell-mobile-last\" ><div id=\"panel-gb1634-69d4bbf315f45-6-1-0\" class=\"so-panel widget widget_sow-image panel-first-child panel-last-child\" data-index=\"6\" ><div\n\t\t\t\n\t\t\tclass=\"so-widget-sow-image so-widget-sow-image-default-8b5b6f678277-1634 so-premium-tooltip-container\"\n\t\t\t data-tooltip-enabled=\"1\" data-tooltip-theme=\"light\"\n\t\t>\n<div class=\"sow-image-container\">\n\t\t\t<a href=\"https:\/\/pom.pt\/2026\/wp-content\/uploads\/sites\/17\/2025\/02\/image5.png\"\n\t\t\tdata-lightbox=\"37973491868f6452b1eb16651324420\" data-lightbox-options=\"{&quot;overlayColor&quot;:&quot;#000&quot;,&quot;overlayOpacity&quot;:0.8,&quot;fadeDuration&quot;:600,&quot;fitImagesInViewport&quot;:true,&quot;imageFadeDuration&quot;:600,&quot;maxHeight&quot;:&quot;&quot;,&quot;maxWidth&quot;:&quot;&quot;,&quot;positionFromTop&quot;:50,&quot;resizeDuration&quot;:700,&quot;showImageNumberLabel&quot;:true,&quot;wrapAround&quot;:true,&quot;alwaysShowNavOnTouchDevices&quot;:&quot;&quot;,&quot;disabledOnTablet&quot;:&quot;&quot;,&quot;disabledOnMobile&quot;:&quot;&quot;,&quot;disableScrolling&quot;:&quot;&quot;,&quot;disableCaption&quot;:&quot;&quot;,&quot;albumLabel&quot;:&quot; %1 of %2&quot;}\" data-title=\"Click to Zoom!\" \t\t>\n\t\t\t<img \n\tsrc=\"https:\/\/pom.pt\/2026\/wp-content\/uploads\/sites\/17\/2025\/02\/image5.png\" width=\"2339\" height=\"1654\" srcset=\"https:\/\/pom.pt\/2026\/wp-content\/uploads\/sites\/17\/2025\/02\/image5.png 2339w, https:\/\/pom.pt\/2026\/wp-content\/uploads\/sites\/17\/2025\/02\/image5-300x212.png 300w, https:\/\/pom.pt\/2026\/wp-content\/uploads\/sites\/17\/2025\/02\/image5-1024x724.png 1024w, https:\/\/pom.pt\/2026\/wp-content\/uploads\/sites\/17\/2025\/02\/image5-768x543.png 768w, https:\/\/pom.pt\/2026\/wp-content\/uploads\/sites\/17\/2025\/02\/image5-1536x1086.png 1536w, https:\/\/pom.pt\/2026\/wp-content\/uploads\/sites\/17\/2025\/02\/image5-2048x1448.png 2048w\" sizes=\"(max-width: 2339px) 100vw, 2339px\" title=\"Click to Zoom!\" alt=\"\" \t\tclass=\"so-widget-image\"\/>\n\t\t\t<\/a><\/div>\n\n<\/div><\/div><\/div><div id=\"pgc-gb1634-69d4bbf315f45-6-2\"  class=\"panel-grid-cell panel-grid-cell-empty\" ><\/div><\/div><div id=\"pg-gb1634-69d4bbf315f45-7\"  class=\"panel-grid panel-no-style\" ><div id=\"pgc-gb1634-69d4bbf315f45-7-0\"  class=\"panel-grid-cell\" ><div id=\"panel-gb1634-69d4bbf315f45-7-0-0\" class=\"so-panel widget widget_sow-editor panel-first-child panel-last-child\" data-index=\"7\" ><div\n\t\t\t\n\t\t\tclass=\"so-widget-sow-editor so-widget-sow-editor-base\"\n\t\t\t\n\t\t>\n<div class=\"siteorigin-widget-tinymce textwidget\">\n\t<p><strong data-start=\"1046\" data-end=\"1092\">Visite tamb\u00e9m a fant\u00e1stica ilha da Madeira<\/strong><\/p>\n<p>N\u00e3o perca a oportunidade de participar no Madeira Orienteering Festival 2026, que dar\u00e1 in\u00edcio \u00e0 \u00e9poca desportiva de 2026 de 9 a 11 de janeiro.<\/p>\n<p>Uma experi\u00eancia \u00fanica numa das mais belas ilhas de Portugal.<\/p>\n<\/div>\n<\/div><\/div><\/div><\/div><div id=\"pg-gb1634-69d4bbf315f45-8\"  class=\"panel-grid panel-no-style\" ><div id=\"pgc-gb1634-69d4bbf315f45-8-0\"  class=\"panel-grid-cell panel-grid-cell-empty\" ><\/div><div id=\"pgc-gb1634-69d4bbf315f45-8-1\"  class=\"panel-grid-cell panel-grid-cell-mobile-last\" ><div id=\"panel-gb1634-69d4bbf315f45-8-1-0\" class=\"so-panel widget widget_sow-image panel-first-child panel-last-child\" data-index=\"8\" ><div\n\t\t\t\n\t\t\tclass=\"so-widget-sow-image so-widget-sow-image-default-8b5b6f678277-1634 so-premium-tooltip-container\"\n\t\t\t data-tooltip-enabled=\"1\" data-tooltip-theme=\"light\"\n\t\t>\n<div class=\"sow-image-container\">\n\t\t\t<a href=\"https:\/\/pom.pt\/2026\/wp-content\/uploads\/sites\/17\/2025\/02\/image6.jpeg\"\n\t\t\tdata-lightbox=\"75535537168f647e0d5365050182224\" data-lightbox-options=\"{&quot;overlayColor&quot;:&quot;#000&quot;,&quot;overlayOpacity&quot;:0.8,&quot;fadeDuration&quot;:600,&quot;fitImagesInViewport&quot;:true,&quot;imageFadeDuration&quot;:600,&quot;maxHeight&quot;:&quot;&quot;,&quot;maxWidth&quot;:&quot;&quot;,&quot;positionFromTop&quot;:50,&quot;resizeDuration&quot;:700,&quot;showImageNumberLabel&quot;:true,&quot;wrapAround&quot;:true,&quot;alwaysShowNavOnTouchDevices&quot;:&quot;&quot;,&quot;disabledOnTablet&quot;:&quot;&quot;,&quot;disabledOnMobile&quot;:&quot;&quot;,&quot;disableScrolling&quot;:&quot;&quot;,&quot;disableCaption&quot;:&quot;&quot;,&quot;albumLabel&quot;:&quot; %1 of %2&quot;}\" data-title=\"Click to Zoom!\" \t\t>\n\t\t\t<img \n\tsrc=\"https:\/\/pom.pt\/2026\/wp-content\/uploads\/sites\/17\/2025\/02\/image6.jpeg\" width=\"693\" height=\"980\" srcset=\"https:\/\/pom.pt\/2026\/wp-content\/uploads\/sites\/17\/2025\/02\/image6.jpeg 693w, https:\/\/pom.pt\/2026\/wp-content\/uploads\/sites\/17\/2025\/02\/image6-212x300.jpeg 212w\" sizes=\"(max-width: 693px) 100vw, 693px\" title=\"Click to Zoom!\" alt=\"\" \t\tclass=\"so-widget-image\"\/>\n\t\t\t<\/a><\/div>\n\n<\/div><\/div><\/div><div id=\"pgc-gb1634-69d4bbf315f45-8-2\"  class=\"panel-grid-cell panel-grid-cell-empty\" ><\/div><\/div><\/div>","protected":false},"excerpt":{"rendered":"<p>Esta ser\u00e1 a terceira edi\u00e7\u00e3o do maior evento anual de Orienta\u00e7\u00e3o em Mira, ap\u00f3s as edi\u00e7\u00f5es de 2000 e 2015. O POM 2026 decorrer\u00e1 de 13 a 17 de fevereiro e promete ser uma experi\u00eancia inesquec\u00edvel. Com o bom tempo, a deliciosa gastronomia regional, as nossas praias e as magn\u00edficas florestas de pinheiro, Mira est\u00e1 pronta para receber milhares de atletas de todo o mundo. &nbsp; &nbsp;<\/p>\n","protected":false},"author":17,"featured_media":0,"parent":0,"menu_order":0,"comment_status":"closed","ping_status":"closed","template":"","meta":{"_monsterinsights_skip_tracking":false,"_monsterinsights_sitenote_active":false,"_monsterinsights_sitenote_note":"","_monsterinsights_sitenote_category":0,"footnotes":""},"class_list":["post-1634","page","type-page","status-publish","hentry","post"],"_links":{"self":[{"href":"https:\/\/pom.pt\/2026\/wp-json\/wp\/v2\/pages\/1634","targetHints":{"allow":["GET"]}}],"collection":[{"href":"https:\/\/pom.pt\/2026\/wp-json\/wp\/v2\/pages"}],"about":[{"href":"https:\/\/pom.pt\/2026\/wp-json\/wp\/v2\/types\/page"}],"author":[{"embeddable":true,"href":"https:\/\/pom.pt\/2026\/wp-json\/wp\/v2\/users\/17"}],"replies":[{"embeddable":true,"href":"https:\/\/pom.pt\/2026\/wp-json\/wp\/v2\/comments?post=1634"}],"version-history":[{"count":11,"href":"https:\/\/pom.pt\/2026\/wp-json\/wp\/v2\/pages\/1634\/revisions"}],"predecessor-version":[{"id":1916,"href":"https:\/\/pom.pt\/2026\/wp-json\/wp\/v2\/pages\/1634\/revisions\/1916"}],"wp:attachment":[{"href":"https:\/\/pom.pt\/2026\/wp-json\/wp\/v2\/media?parent=1634"}],"curies":[{"name":"wp","href":"https:\/\/api.w.org\/{rel}","templated":true}]}}