{"id":677,"date":"2023-02-15T01:45:39","date_gmt":"2023-02-15T01:45:39","guid":{"rendered":"http:\/\/pom.pt\/2025\/?page_id=677"},"modified":"2024-09-08T09:06:19","modified_gmt":"2024-09-08T09:06:19","slug":"training-camps","status":"publish","type":"page","link":"https:\/\/pom.pt\/2025\/pt\/campos-de-treino\/","title":{"rendered":"Campos de Treino"},"content":{"rendered":"<p><\/p>\n<pre class=\"tw-data-text tw-text-large tw-ta\" dir=\"ltr\" data-placeholder=\"Tradu\u00e7\u00e3o\"><span style=\"font-family: georgia, palatino, serif\">Os campos de treino ser\u00e3o um simula\u00e7\u00e3o do Portugal \"O\" Meeting 2025.\r\nTeremos os campos de treino cronometrados com o sistema da SPORTIdent e com o modo Air+ ativado, e ainda haver\u00e1 resultados.\r\nTodos os campos de treinos s\u00e3o de distancia m\u00e9dia e haver\u00e1 3 percursos de diferentes dificuldades:\r\nVerde - para os iniciantes na modalidade\r\nAmarelo - Percurso m\u00e9dio com dificuldade t\u00e9cnica\r\nVermelho - Percurso m\u00e9dio\/longo com dificuldade t\u00e9cnica\r\nCada campo de treinos custa 5\u20ac\/dia.\r\nN\u00e3o percas esta oportunidade de alargar a tua experi\u00eancia no POM25.\r\n\r\n<strong>Programa<\/strong>\r\n<strong>25 de Fevereiro (Dia-3 \u2013 Ter\u00e7a-Feira): S\u00e3o Br\u00e1s de Alportel<\/strong>\r\n\u2022 10:30 \u2013 In\u00edcio das Partidas<a href=\"http:\/\/pom.pt\/2025\/training-camps\/pom_alportel__campo-de-treinos\/\" rel=\"attachment wp-att-1189\"><img loading=\"lazy\" decoding=\"async\" class=\"alignleft wp-image-1189\" src=\"http:\/\/pom.pt\/2025\/wp-content\/uploads\/sites\/13\/2024\/09\/POM_Alportel__Campo-de-treinos.jpg\" alt=\"\" width=\"120\" height=\"117\" srcset=\"https:\/\/pom.pt\/2025\/wp-content\/uploads\/sites\/13\/2024\/09\/POM_Alportel__Campo-de-treinos.jpg 414w, https:\/\/pom.pt\/2025\/wp-content\/uploads\/sites\/13\/2024\/09\/POM_Alportel__Campo-de-treinos-300x292.jpg 300w\" sizes=\"auto, (max-width: 120px) 100vw, 120px\" \/><\/a>\r\n\u2022 11:30 \u2013 Fim das Partidas\r\n\u2022 13:00 \u2013 Fecho do campo de treinos\r\n<\/span><\/pre>\n<pre id=\"tw-target-text\" class=\"tw-data-text tw-text-large tw-ta\" dir=\"ltr\" data-placeholder=\"Tradu\u00e7\u00e3o\"><\/pre>\n<p>&nbsp;<\/p>\n<p>&nbsp;<\/p>\n<p><strong>26 de Fevereiro (Dia -2 \u2013 Quarta-Feira): T\u00f4r<\/strong><\/p>\n<pre id=\"tw-target-text\" class=\"tw-data-text tw-text-large tw-ta\" dir=\"ltr\" data-placeholder=\"Tradu\u00e7\u00e3o\"><span style=\"font-family: georgia, palatino, serif\"><a href=\"http:\/\/pom.pt\/2025\/training-camps\/pom_tor-_-campo-de-treinos\/\" rel=\"attachment wp-att-1191\"><img loading=\"lazy\" decoding=\"async\" class=\"alignleft wp-image-1191\" src=\"http:\/\/pom.pt\/2025\/wp-content\/uploads\/sites\/13\/2024\/09\/POM_TOR-_-Campo-de-treinos.jpg\" alt=\"\" width=\"120\" height=\"121\" srcset=\"https:\/\/pom.pt\/2025\/wp-content\/uploads\/sites\/13\/2024\/09\/POM_TOR-_-Campo-de-treinos.jpg 387w, https:\/\/pom.pt\/2025\/wp-content\/uploads\/sites\/13\/2024\/09\/POM_TOR-_-Campo-de-treinos-297x300.jpg 297w, https:\/\/pom.pt\/2025\/wp-content\/uploads\/sites\/13\/2024\/09\/POM_TOR-_-Campo-de-treinos-150x150.jpg 150w\" sizes=\"auto, (max-width: 120px) 100vw, 120px\" \/><\/a>\u2022 10:30 \u2013 In\u00edcio das Partidas\r\n\u2022 11:30 \u2013 Fim das Partidas\r\n\u2022 13:00 \u2013 Fecho do campo de treinos <strong>\r\n\r\n\r\n\r\n\r\n\r\n27  de Fevereiro (Dia -1 \u2013 Quinta-feira): Quinta do Lago\r\n<\/strong> <a href=\"http:\/\/pom.pt\/2025\/training-camps\/pom_quinta-do-lago_-campo-treinos\/\" rel=\"attachment wp-att-1190\"><img loading=\"lazy\" decoding=\"async\" class=\"alignleft wp-image-1190\" src=\"http:\/\/pom.pt\/2025\/wp-content\/uploads\/sites\/13\/2024\/09\/POM_Quinta-do-lago_-campo-treinos.jpg\" alt=\"\" width=\"120\" height=\"116\" srcset=\"https:\/\/pom.pt\/2025\/wp-content\/uploads\/sites\/13\/2024\/09\/POM_Quinta-do-lago_-campo-treinos.jpg 696w, https:\/\/pom.pt\/2025\/wp-content\/uploads\/sites\/13\/2024\/09\/POM_Quinta-do-lago_-campo-treinos-300x289.jpg 300w\" sizes=\"auto, (max-width: 120px) 100vw, 120px\" \/><\/a>\u2022 10:30 \u2013 In\u00edcio das Partidas\r\n\u2022 11:30 \u2013 Fim das Partidas\r\n\u2022 13:00 \u2013 Fecho do campo de treinos<\/span><\/pre>\n<p><\/p>","protected":false},"excerpt":{"rendered":"<p>Os campos de treino ser\u00e3o um simula\u00e7\u00e3o do Portugal &#8220;O&#8221; Meeting 2025. Teremos os campos de treino cronometrados com o sistema da SPORTIdent e com o modo Air+ ativado, e ainda haver\u00e1 resultados. Todos os campos de treinos s\u00e3o de distancia m\u00e9dia e haver\u00e1 3 percursos de diferentes dificuldades: Verde &#8211; para os iniciantes na modalidade Amarelo &#8211; Percurso m\u00e9dio com dificuldade t\u00e9cnica Vermelho &#8211; Percurso m\u00e9dio\/longo com dificuldade t\u00e9cnica Cada campo de treinos custa 5\u20ac\/dia. N\u00e3o percas esta oportunidade de alargar a tua experi\u00eancia no POM25. Programa 25 de Fevereiro (Dia-3 \u2013 Ter\u00e7a-Feira): S\u00e3o Br\u00e1s de Alportel \u2022 10:30 \u2013 In\u00edcio das Partidas \u2022 11:30 \u2013 Fim das Partidas [&hellip;]<\/p>\n","protected":false},"author":12,"featured_media":0,"parent":0,"menu_order":0,"comment_status":"closed","ping_status":"closed","template":"","meta":{"_monsterinsights_skip_tracking":false,"_monsterinsights_sitenote_active":false,"_monsterinsights_sitenote_note":"","_monsterinsights_sitenote_category":0,"footnotes":""},"class_list":["post-677","page","type-page","status-publish","hentry"],"_links":{"self":[{"href":"https:\/\/pom.pt\/2025\/pt\/wp-json\/wp\/v2\/pages\/677","targetHints":{"allow":["GET"]}}],"collection":[{"href":"https:\/\/pom.pt\/2025\/pt\/wp-json\/wp\/v2\/pages"}],"about":[{"href":"https:\/\/pom.pt\/2025\/pt\/wp-json\/wp\/v2\/types\/page"}],"author":[{"embeddable":true,"href":"https:\/\/pom.pt\/2025\/pt\/wp-json\/wp\/v2\/users\/12"}],"replies":[{"embeddable":true,"href":"https:\/\/pom.pt\/2025\/pt\/wp-json\/wp\/v2\/comments?post=677"}],"version-history":[{"count":13,"href":"https:\/\/pom.pt\/2025\/pt\/wp-json\/wp\/v2\/pages\/677\/revisions"}],"predecessor-version":[{"id":1211,"href":"https:\/\/pom.pt\/2025\/pt\/wp-json\/wp\/v2\/pages\/677\/revisions\/1211"}],"wp:attachment":[{"href":"https:\/\/pom.pt\/2025\/pt\/wp-json\/wp\/v2\/media?parent=677"}],"curies":[{"name":"wp","href":"https:\/\/api.w.org\/{rel}","templated":true}]}}