{"id":539,"date":"2022-12-27T19:34:18","date_gmt":"2022-12-27T19:34:18","guid":{"rendered":"http:\/\/pom.pt\/2025\/?page_id=539"},"modified":"2025-02-28T15:40:58","modified_gmt":"2025-02-28T15:40:58","slug":"stage-3-night-sprint-2","status":"publish","type":"page","link":"https:\/\/pom.pt\/2025\/pt\/etapa-sprint-estadio\/","title":{"rendered":"Etapa 2 &#8211; Sprint Noturno, Est\u00e1dio Algarve"},"content":{"rendered":"<p><strong>Informa\u00e7\u00f5es T\u00e9cnicas: <a href=\"https:\/\/pom.pt\/2025\/pt\/etapa-1-ludo\/\">Etapa 1<\/a> | <a href=\"https:\/\/pom.pt\/2025\/pt\/etapa-sprint-estadio\/\">Etapa 2<\/a> | <a href=\"https:\/\/pom.pt\/2025\/pt\/etapa-4-longa-ludo\/\">Etapa 3<\/a> | <a href=\"https:\/\/pom.pt\/2025\/pt\/etapa-sprint-quarteira\/\">Etapa 4<\/a> |<a href=\"https:\/\/pom.pt\/2025\/pt\/etapa-5-media-wre-loule\/\"> Etapa 5<\/a> | <a href=\"https:\/\/pom.pt\/2025\/stage-6-pre-o\/\">Etapa 6<\/a> | <a href=\"https:\/\/pom.pt\/2025\/pt\/etapa-7-longa-loule\/\">Etapa 7<\/a><\/strong><\/p>\n<p><strong>Mapa:<\/strong> Est\u00e1dio Algarve<\/p>\n<p><strong>Terreno:<\/strong> Zona urbana com um emaranhado de ruas muitos estreitas e becos.<\/p>\n<p><strong>Cart\u00f3grafo:<\/strong> Alexandre Reis<\/p>\n<p><strong>Tra\u00e7ador de percursos:<\/strong> Alexandre Reis<\/p>\n<p><strong>Estacionamento:<\/strong> Em redor do est\u00e1dio do Algarve, na zona do Centro do evento<\/p>\n<p><strong>Distancia para as partidas:<\/strong> 150 mts<\/p>\n<p><strong>Ponto de \u00e1gua:<\/strong>\u00a0N\u00e3o<\/p>\n<p><strong>Ponto de Espectadores:<\/strong>\u00a0N\u00e3o<\/p>\n<p><strong>Informa\u00e7\u00e3o adicional:<\/strong>\u00a0Os atletas devem utilizar um frontal\/uma lanterna.<\/p>\n<h2><strong>Programa:<\/strong><\/h2>\n<p>17h30 \u2013 Abertura do Secretariado<br \/>\n19h00 \u2013 Partida Sprint Noturno<br \/>\n19h30 \u2013 In\u00edcio partida para os escal\u00f5es abertos e de forma\u00e7\u00e3o<br \/>\n21h30 \u2013 Fecho do Secretariado<\/p>\n<h2><strong>Excerto de mapa<\/strong><\/h2>\n<p>&nbsp;<\/p>\n<h2><strong>Informa\u00e7\u00e3o T\u00e9cnica<\/strong><\/h2>\n<p>\n<table id=\"tablepress-12\" class=\"tablepress tablepress-id-12\">\n<thead>\n<tr class=\"row-1\">\n\t<th class=\"column-1\">Class<br \/>\nEscal\u00e3o<\/th><th class=\"column-2\">Distance (mts)<br \/>\nDist\u00e2ncia (mts)<\/th><th class=\"column-3\">Climb (mts)<br \/>\nDesn\u00edvel (mts)<\/th><th class=\"column-4\">Controls<br \/>\nControlos<\/th><th class=\"column-5\">LOOPS<\/th><th class=\"column-6\">Scale<br \/>\nEscala<\/th>\n<\/tr>\n<\/thead>\n<tbody class=\"row-striping row-hover\">\n<tr class=\"row-2\">\n\t<td class=\"column-1\">T10<\/td><td class=\"column-2\">1830 m<\/td><td class=\"column-3\">16<\/td><td class=\"column-4\">16 Controls<\/td><td class=\"column-5\"><\/td><td class=\"column-6\">1:4.000<\/td>\n<\/tr>\n<tr class=\"row-3\">\n\t<td class=\"column-1\">M12<\/td><td class=\"column-2\">1880 m<\/td><td class=\"column-3\">18<\/td><td class=\"column-4\">15 Controls<\/td><td class=\"column-5\"><\/td><td class=\"column-6\">1:4.000<\/td>\n<\/tr>\n<tr class=\"row-4\">\n\t<td class=\"column-1\">M14<\/td><td class=\"column-2\">2030 m<\/td><td class=\"column-3\">24<\/td><td class=\"column-4\">15 Controls<\/td><td class=\"column-5\"><\/td><td class=\"column-6\">1:4.000<\/td>\n<\/tr>\n<tr class=\"row-5\">\n\t<td class=\"column-1\">M16<\/td><td class=\"column-2\">2990 m<\/td><td class=\"column-3\">46<\/td><td class=\"column-4\">18 Controls<\/td><td class=\"column-5\"><\/td><td class=\"column-6\">1:4.000<\/td>\n<\/tr>\n<tr class=\"row-6\">\n\t<td class=\"column-1\">M18<\/td><td class=\"column-2\">2990 m<\/td><td class=\"column-3\">46<\/td><td class=\"column-4\">18 Controls<\/td><td class=\"column-5\"><\/td><td class=\"column-6\">1:4.000<\/td>\n<\/tr>\n<tr class=\"row-7\">\n\t<td class=\"column-1\">M20<\/td><td class=\"column-2\">3040 m<\/td><td class=\"column-3\">46<\/td><td class=\"column-4\">18 Controls<\/td><td class=\"column-5\"><\/td><td class=\"column-6\">1:4.000<\/td>\n<\/tr>\n<tr class=\"row-8\">\n\t<td class=\"column-1\">M21A<\/td><td class=\"column-2\">3040 m<\/td><td class=\"column-3\">46<\/td><td class=\"column-4\">18 Controls<\/td><td class=\"column-5\"><\/td><td class=\"column-6\">1:4.000<\/td>\n<\/tr>\n<tr class=\"row-9\">\n\t<td class=\"column-1\">MB<\/td><td class=\"column-2\">2030 m<\/td><td class=\"column-3\">24<\/td><td class=\"column-4\">15 Controls<\/td><td class=\"column-5\"><\/td><td class=\"column-6\">1:4.000<\/td>\n<\/tr>\n<tr class=\"row-10\">\n\t<td class=\"column-1\">M21E<\/td><td class=\"column-2\">3620 m<\/td><td class=\"column-3\">60<\/td><td class=\"column-4\">25 Controls<\/td><td class=\"column-5\"><\/td><td class=\"column-6\">1:4.000<\/td>\n<\/tr>\n<tr class=\"row-11\">\n\t<td class=\"column-1\">M21SE<\/td><td class=\"column-2\">3620 m<\/td><td class=\"column-3\">60<\/td><td class=\"column-4\">25 Controls<\/td><td class=\"column-5\"><\/td><td class=\"column-6\">1:4.000<\/td>\n<\/tr>\n<tr class=\"row-12\">\n\t<td class=\"column-1\">M35<\/td><td class=\"column-2\">3380 m<\/td><td class=\"column-3\">48<\/td><td class=\"column-4\">20 Controls<\/td><td class=\"column-5\"><\/td><td class=\"column-6\">1:4.000<\/td>\n<\/tr>\n<tr class=\"row-13\">\n\t<td class=\"column-1\">M40<\/td><td class=\"column-2\">3380 m<\/td><td class=\"column-3\">48<\/td><td class=\"column-4\">20 Controls<\/td><td class=\"column-5\"><\/td><td class=\"column-6\">1:4.000<\/td>\n<\/tr>\n<tr class=\"row-14\">\n\t<td class=\"column-1\">M45<\/td><td class=\"column-2\">3240 m<\/td><td class=\"column-3\">42<\/td><td class=\"column-4\">22 Controls<\/td><td class=\"column-5\"><\/td><td class=\"column-6\">1:4.000<\/td>\n<\/tr>\n<tr class=\"row-15\">\n\t<td class=\"column-1\">M50<\/td><td class=\"column-2\">3240 m<\/td><td class=\"column-3\">42<\/td><td class=\"column-4\">22 Controls<\/td><td class=\"column-5\"><\/td><td class=\"column-6\">1:4.000<\/td>\n<\/tr>\n<tr class=\"row-16\">\n\t<td class=\"column-1\">M55<\/td><td class=\"column-2\">3190 m<\/td><td class=\"column-3\">38<\/td><td class=\"column-4\">21 Controls<\/td><td class=\"column-5\"><\/td><td class=\"column-6\">1:4.000<\/td>\n<\/tr>\n<tr class=\"row-17\">\n\t<td class=\"column-1\">M60<\/td><td class=\"column-2\">3180 m<\/td><td class=\"column-3\">38<\/td><td class=\"column-4\">21 Controls<\/td><td class=\"column-5\"><\/td><td class=\"column-6\">1:4.000<\/td>\n<\/tr>\n<tr class=\"row-18\">\n\t<td class=\"column-1\">M65<\/td><td class=\"column-2\">2670 m<\/td><td class=\"column-3\">44<\/td><td class=\"column-4\">16 Controls<\/td><td class=\"column-5\"><\/td><td class=\"column-6\">1:4.000<\/td>\n<\/tr>\n<tr class=\"row-19\">\n\t<td class=\"column-1\">M70<\/td><td class=\"column-2\">2660 m<\/td><td class=\"column-3\">44<\/td><td class=\"column-4\">16 Controls<\/td><td class=\"column-5\"><\/td><td class=\"column-6\">1:4.000<\/td>\n<\/tr>\n<tr class=\"row-20\">\n\t<td class=\"column-1\">M75<\/td><td class=\"column-2\">2180 m<\/td><td class=\"column-3\">26<\/td><td class=\"column-4\">17 Controls<\/td><td class=\"column-5\"><\/td><td class=\"column-6\">1:4.000<\/td>\n<\/tr>\n<tr class=\"row-21\">\n\t<td class=\"column-1\">M80<\/td><td class=\"column-2\">2180 m<\/td><td class=\"column-3\">26<\/td><td class=\"column-4\">17 Controls<\/td><td class=\"column-5\"><\/td><td class=\"column-6\">1:4.000<\/td>\n<\/tr>\n<tr class=\"row-22\">\n\t<td class=\"column-1\">M85<\/td><td class=\"column-2\">2040 m<\/td><td class=\"column-3\">26<\/td><td class=\"column-4\">15 Controls<\/td><td class=\"column-5\"><\/td><td class=\"column-6\">1:4.000<\/td>\n<\/tr>\n<tr class=\"row-23\">\n\t<td class=\"column-1\">M90<\/td><td class=\"column-2\">2040 m<\/td><td class=\"column-3\">26<\/td><td class=\"column-4\">15 Controls<\/td><td class=\"column-5\"><\/td><td class=\"column-6\">1:4.000<\/td>\n<\/tr>\n<tr class=\"row-24\">\n\t<td class=\"column-1\">W12<\/td><td class=\"column-2\">1880 m<\/td><td class=\"column-3\">18<\/td><td class=\"column-4\">15 Controls<\/td><td class=\"column-5\"><\/td><td class=\"column-6\">1:4.000<\/td>\n<\/tr>\n<tr class=\"row-25\">\n\t<td class=\"column-1\">W14<\/td><td class=\"column-2\">1950 m<\/td><td class=\"column-3\">24<\/td><td class=\"column-4\">16 Controls<\/td><td class=\"column-5\"><\/td><td class=\"column-6\">1:4.000<\/td>\n<\/tr>\n<tr class=\"row-26\">\n\t<td class=\"column-1\">W16<\/td><td class=\"column-2\">2220 m<\/td><td class=\"column-3\">26<\/td><td class=\"column-4\">16 Controls<\/td><td class=\"column-5\"><\/td><td class=\"column-6\">1:4.000<\/td>\n<\/tr>\n<tr class=\"row-27\">\n\t<td class=\"column-1\">W18<\/td><td class=\"column-2\">2220 m<\/td><td class=\"column-3\">26<\/td><td class=\"column-4\">16 Controls<\/td><td class=\"column-5\"><\/td><td class=\"column-6\">1:4.000<\/td>\n<\/tr>\n<tr class=\"row-28\">\n\t<td class=\"column-1\">W20<\/td><td class=\"column-2\">2490 m<\/td><td class=\"column-3\">44<\/td><td class=\"column-4\">17 Controls<\/td><td class=\"column-5\"><\/td><td class=\"column-6\">1:4.000<\/td>\n<\/tr>\n<tr class=\"row-29\">\n\t<td class=\"column-1\">WB<\/td><td class=\"column-2\">1950 m<\/td><td class=\"column-3\">24<\/td><td class=\"column-4\">16 Controls<\/td><td class=\"column-5\"><\/td><td class=\"column-6\">1:4.000<\/td>\n<\/tr>\n<tr class=\"row-30\">\n\t<td class=\"column-1\">W21A<\/td><td class=\"column-2\">2490 m<\/td><td class=\"column-3\">44<\/td><td class=\"column-4\">17 Controls<\/td><td class=\"column-5\"><\/td><td class=\"column-6\">1:4.000<\/td>\n<\/tr>\n<tr class=\"row-31\">\n\t<td class=\"column-1\">W21E<\/td><td class=\"column-2\">3420 m<\/td><td class=\"column-3\">46<\/td><td class=\"column-4\">24 Controls<\/td><td class=\"column-5\"><\/td><td class=\"column-6\">1:4.000<\/td>\n<\/tr>\n<tr class=\"row-32\">\n\t<td class=\"column-1\">W35<\/td><td class=\"column-2\">2770 m<\/td><td class=\"column-3\">40<\/td><td class=\"column-4\">18 Controls<\/td><td class=\"column-5\"><\/td><td class=\"column-6\">1:4.000<\/td>\n<\/tr>\n<tr class=\"row-33\">\n\t<td class=\"column-1\">W40<\/td><td class=\"column-2\">2770 m<\/td><td class=\"column-3\">40<\/td><td class=\"column-4\">18 Controls<\/td><td class=\"column-5\"><\/td><td class=\"column-6\">1:4.000<\/td>\n<\/tr>\n<tr class=\"row-34\">\n\t<td class=\"column-1\">W45<\/td><td class=\"column-2\">2660 m<\/td><td class=\"column-3\">38<\/td><td class=\"column-4\">16 Controls<\/td><td class=\"column-5\"><\/td><td class=\"column-6\">1:4.000<\/td>\n<\/tr>\n<tr class=\"row-35\">\n\t<td class=\"column-1\">W50<\/td><td class=\"column-2\">2660 m<\/td><td class=\"column-3\">38<\/td><td class=\"column-4\">16 Controls<\/td><td class=\"column-5\"><\/td><td class=\"column-6\">1:4.000<\/td>\n<\/tr>\n<tr class=\"row-36\">\n\t<td class=\"column-1\">W55<\/td><td class=\"column-2\">2530 m<\/td><td class=\"column-3\">36<\/td><td class=\"column-4\">17 Controls<\/td><td class=\"column-5\"><\/td><td class=\"column-6\">1:4.000<\/td>\n<\/tr>\n<tr class=\"row-37\">\n\t<td class=\"column-1\">W60<\/td><td class=\"column-2\">2530 m<\/td><td class=\"column-3\">36<\/td><td class=\"column-4\">17 Controls<\/td><td class=\"column-5\"><\/td><td class=\"column-6\">1:4.000<\/td>\n<\/tr>\n<tr class=\"row-38\">\n\t<td class=\"column-1\">W65<\/td><td class=\"column-2\">2190 m<\/td><td class=\"column-3\">32<\/td><td class=\"column-4\">16 Controls<\/td><td class=\"column-5\"><\/td><td class=\"column-6\">1:4.000<\/td>\n<\/tr>\n<tr class=\"row-39\">\n\t<td class=\"column-1\">W70<\/td><td class=\"column-2\">2190 m<\/td><td class=\"column-3\">32<\/td><td class=\"column-4\">16 Controls<\/td><td class=\"column-5\"><\/td><td class=\"column-6\">1:4.000<\/td>\n<\/tr>\n<tr class=\"row-40\">\n\t<td class=\"column-1\">W75<\/td><td class=\"column-2\">2090 m<\/td><td class=\"column-3\">26<\/td><td class=\"column-4\">16 Controls<\/td><td class=\"column-5\"><\/td><td class=\"column-6\">1:4.000<\/td>\n<\/tr>\n<tr class=\"row-41\">\n\t<td class=\"column-1\">W80<\/td><td class=\"column-2\">2090 m<\/td><td class=\"column-3\">26<\/td><td class=\"column-4\">16 Controls<\/td><td class=\"column-5\"><\/td><td class=\"column-6\">1:4.000<\/td>\n<\/tr>\n<tr class=\"row-42\">\n\t<td class=\"column-1\">W85<\/td><td class=\"column-2\">2040 m<\/td><td class=\"column-3\">26<\/td><td class=\"column-4\">15 Controls<\/td><td class=\"column-5\"><\/td><td class=\"column-6\">1:4.000<\/td>\n<\/tr>\n<tr class=\"row-43\">\n\t<td class=\"column-1\">White<\/td><td class=\"column-2\">1790 m<\/td><td class=\"column-3\">16<\/td><td class=\"column-4\">16 Controls<\/td><td class=\"column-5\"><\/td><td class=\"column-6\">1:4.000<\/td>\n<\/tr>\n<tr class=\"row-44\">\n\t<td class=\"column-1\">Green<\/td><td class=\"column-2\">1810 m<\/td><td class=\"column-3\">18<\/td><td class=\"column-4\">15 Controls<\/td><td class=\"column-5\"><\/td><td class=\"column-6\">1:4.000<\/td>\n<\/tr>\n<tr class=\"row-45\">\n\t<td class=\"column-1\">Yellow<\/td><td class=\"column-2\">2030 m<\/td><td class=\"column-3\">24<\/td><td class=\"column-4\">15 Controls<\/td><td class=\"column-5\"><\/td><td class=\"column-6\">1:4.000<\/td>\n<\/tr>\n<tr class=\"row-46\">\n\t<td class=\"column-1\">Red<\/td><td class=\"column-2\">3040 m<\/td><td class=\"column-3\">46<\/td><td class=\"column-4\">17 Controls<\/td><td class=\"column-5\"><\/td><td class=\"column-6\">1:4.000<\/td>\n<\/tr>\n<\/tbody>\n<\/table>\n<!-- #tablepress-12 from cache --><\/p>","protected":false},"excerpt":{"rendered":"<p>Informa\u00e7\u00f5es T\u00e9cnicas: Etapa 1 | Etapa 2 | Etapa 3 | Etapa 4 | Etapa 5 | Etapa 6 | Etapa 7 Mapa: Est\u00e1dio Algarve Terreno: Zona urbana com um emaranhado de ruas muitos estreitas e becos. Cart\u00f3grafo: Alexandre Reis Tra\u00e7ador de percursos: Alexandre Reis Estacionamento: Em redor do est\u00e1dio do Algarve, na zona do Centro do evento Distancia para as partidas: 150 mts Ponto de \u00e1gua:\u00a0N\u00e3o Ponto de Espectadores:\u00a0N\u00e3o Informa\u00e7\u00e3o adicional:\u00a0Os atletas devem utilizar um frontal\/uma lanterna. Programa: 17h30 \u2013 Abertura do Secretariado 19h00 \u2013 Partida Sprint Noturno 19h30 \u2013 In\u00edcio partida para os escal\u00f5es abertos e de forma\u00e7\u00e3o 21h30 \u2013 Fecho do Secretariado Excerto de mapa &nbsp; Informa\u00e7\u00e3o [&hellip;]<\/p>\n","protected":false},"author":14,"featured_media":0,"parent":0,"menu_order":0,"comment_status":"closed","ping_status":"closed","template":"","meta":{"_monsterinsights_skip_tracking":false,"_monsterinsights_sitenote_active":false,"_monsterinsights_sitenote_note":"","_monsterinsights_sitenote_category":0,"footnotes":""},"class_list":["post-539","page","type-page","status-publish","hentry"],"_links":{"self":[{"href":"https:\/\/pom.pt\/2025\/pt\/wp-json\/wp\/v2\/pages\/539","targetHints":{"allow":["GET"]}}],"collection":[{"href":"https:\/\/pom.pt\/2025\/pt\/wp-json\/wp\/v2\/pages"}],"about":[{"href":"https:\/\/pom.pt\/2025\/pt\/wp-json\/wp\/v2\/types\/page"}],"author":[{"embeddable":true,"href":"https:\/\/pom.pt\/2025\/pt\/wp-json\/wp\/v2\/users\/14"}],"replies":[{"embeddable":true,"href":"https:\/\/pom.pt\/2025\/pt\/wp-json\/wp\/v2\/comments?post=539"}],"version-history":[{"count":37,"href":"https:\/\/pom.pt\/2025\/pt\/wp-json\/wp\/v2\/pages\/539\/revisions"}],"predecessor-version":[{"id":1511,"href":"https:\/\/pom.pt\/2025\/pt\/wp-json\/wp\/v2\/pages\/539\/revisions\/1511"}],"wp:attachment":[{"href":"https:\/\/pom.pt\/2025\/pt\/wp-json\/wp\/v2\/media?parent=539"}],"curies":[{"name":"wp","href":"https:\/\/api.w.org\/{rel}","templated":true}]}}