{"id":537,"date":"2022-12-27T19:31:37","date_gmt":"2022-12-27T19:31:37","guid":{"rendered":"http:\/\/pom.pt\/2025\/?page_id=537"},"modified":"2025-02-28T15:39:44","modified_gmt":"2025-02-28T15:39:44","slug":"stage-4-long-distance-chasing-start-elites","status":"publish","type":"page","link":"https:\/\/pom.pt\/2025\/pt\/etapa-7-longa-loule\/","title":{"rendered":"Etapa 7 &#8211; Dist\u00e2ncia Longa &#8211; Chasing Start"},"content":{"rendered":"<p><strong>Informa\u00e7\u00f5es T\u00e9cnicas: <a href=\"https:\/\/pom.pt\/2025\/pt\/etapa-1-ludo\/\">Etapa 1<\/a> | <a href=\"https:\/\/pom.pt\/2025\/pt\/etapa-sprint-estadio\/\">Etapa 2<\/a> | <a href=\"https:\/\/pom.pt\/2025\/pt\/etapa-4-longa-ludo\/\">Etapa 3<\/a> | <a href=\"https:\/\/pom.pt\/2025\/pt\/etapa-sprint-quarteira\/\">Etapa 4<\/a> |<a href=\"https:\/\/pom.pt\/2025\/pt\/etapa-5-media-wre-loule\/\"> Etapa 5<\/a> | <a href=\"https:\/\/pom.pt\/2025\/stage-6-pre-o\/\">Etapa 6<\/a> | <a href=\"https:\/\/pom.pt\/2025\/pt\/etapa-7-longa-loule\/\">Etapa 7<\/a><\/strong><\/p>\n<p><strong>Mapa:<\/strong> Canil \u2013 Loul\u00e9<\/p>\n<p><strong>Terreno:<\/strong> \u00c1rea de floresta mediterr\u00e2nea com relevo m\u00e9dio e com muitos pormenores de vegeta\u00e7\u00e3o e elementos lineares como por exemplo muros de pedra solta, maioritariamente em ru\u00ednas<\/p>\n<p><strong>Cart\u00f3grafo:<\/strong> Alexandre Reis<\/p>\n<p><strong>Tra\u00e7ador de percursos:<\/strong> Alexandre Reis<\/p>\n<p><strong>Estacionamento:<\/strong> na Arena, no local indicado pela Organiza\u00e7\u00e3o. Autocarros ficam a 800 metros da arena<\/p>\n<p><strong>Distancia para as partidas:<\/strong> 0 mts<\/p>\n<p><strong>Ponto de \u00e1gua:<\/strong> Sim<\/p>\n<p><strong>Ponto de Espectadores:<\/strong>\u00a0N\u00e3o<\/p>\n<p><strong>Informa\u00e7\u00e3o adicional:<\/strong>\u00a0Wc na arena<\/p>\n<h2><strong>Programa<\/strong><\/h2>\n<p style=\"margin: 0cm;\">08h00 \u2013 Abertura do Secretariado<\/p>\n<p style=\"margin: 0cm;\">09h00 \u2013 Dist\u00e2ncia Longa (chasing start para os escal\u00f5es de Elite na arena)<\/p>\n<p style=\"margin: 0cm;\">09h30 \u2013 In\u00edcio partida para os escal\u00f5es abertos e de forma\u00e7\u00e3o<\/p>\n<p style=\"margin: 0cm;\">10h00 \u2013 Mass Start para os restantes atletas dos escal\u00f5es de Elite na arena<\/p>\n<p style=\"margin: 0cm;\">13h30 \u2013 Cerim\u00f3nia de entrega de pr\u00e9mios \u2013 POM2025<\/p>\n<p style=\"margin: 0cm;\">15H00 \u2013 Fecho do Secretariado<\/p>\n<p style=\"margin: 0cm;\">17h00 \u2013 Fecho do Solo Duro<\/p>\n<h2><strong>Excerto de mapa<\/strong><\/h2>\n<p><img loading=\"lazy\" decoding=\"async\" class=\"alignnone size-medium wp-image-1280\" src=\"http:\/\/pom.pt\/2025\/wp-content\/uploads\/sites\/13\/2024\/10\/5-300x285.jpg\" alt=\"\" width=\"300\" height=\"285\" srcset=\"https:\/\/pom.pt\/2025\/wp-content\/uploads\/sites\/13\/2024\/10\/5-300x285.jpg 300w, https:\/\/pom.pt\/2025\/wp-content\/uploads\/sites\/13\/2024\/10\/5.jpg 410w\" sizes=\"auto, (max-width: 300px) 100vw, 300px\" \/><\/p>\n<h2>Mapa antigo<\/h2>\n<p>Mapa antigo <a href=\"http:\/\/pom.pt\/2025\/wp-content\/uploads\/sites\/13\/2025\/02\/Loule_canil_2020.pdf\" target=\"_blank\" rel=\"noopener\">aqui<\/a>.<\/p>\n<h2>Informa\u00e7\u00e3o T\u00e9cnica<\/h2>\n<p>\n<table id=\"tablepress-17\" class=\"tablepress tablepress-id-17\">\n<thead>\n<tr class=\"row-1\">\n\t<th class=\"column-1\">Class<br \/>\nEscal\u00e3o<\/th><th class=\"column-2\">Distance (mts)<br \/>\nDist\u00e2ncia (mts)<\/th><th class=\"column-3\">Climb (mts)<br \/>\nDesn\u00edvel (mts)<\/th><th class=\"column-4\">Controls<br \/>\nControlos<\/th><th class=\"column-5\">LOOPS<\/th><th class=\"column-6\">Scale<br \/>\nEscala<\/th>\n<\/tr>\n<\/thead>\n<tbody class=\"row-striping row-hover\">\n<tr class=\"row-2\">\n\t<td class=\"column-1\">T10<\/td><td class=\"column-2\">2100 m<\/td><td class=\"column-3\">5<\/td><td class=\"column-4\">13 Controls<\/td><td class=\"column-5\"><\/td><td class=\"column-6\">1:7.500<\/td>\n<\/tr>\n<tr class=\"row-3\">\n\t<td class=\"column-1\">M12<\/td><td class=\"column-2\">2310 m<\/td><td class=\"column-3\">10<\/td><td class=\"column-4\">13 Controls<\/td><td class=\"column-5\"><\/td><td class=\"column-6\">1:7.500<\/td>\n<\/tr>\n<tr class=\"row-4\">\n\t<td class=\"column-1\">M14<\/td><td class=\"column-2\">4140 m<\/td><td class=\"column-3\">20<\/td><td class=\"column-4\">11 Controls<\/td><td class=\"column-5\"><\/td><td class=\"column-6\">1:10.000<\/td>\n<\/tr>\n<tr class=\"row-5\">\n\t<td class=\"column-1\">M16<\/td><td class=\"column-2\">5910 m<\/td><td class=\"column-3\">25<\/td><td class=\"column-4\">14 Controls<\/td><td class=\"column-5\"><\/td><td class=\"column-6\">1:10.000<\/td>\n<\/tr>\n<tr class=\"row-6\">\n\t<td class=\"column-1\">M18<\/td><td class=\"column-2\">6580 m<\/td><td class=\"column-3\">30<\/td><td class=\"column-4\">13 Controls<\/td><td class=\"column-5\"><\/td><td class=\"column-6\">1:10.000<\/td>\n<\/tr>\n<tr class=\"row-7\">\n\t<td class=\"column-1\">M20<\/td><td class=\"column-2\">8490 m<\/td><td class=\"column-3\">55<\/td><td class=\"column-4\">16 Controls<\/td><td class=\"column-5\"><\/td><td class=\"column-6\">1:10.000<\/td>\n<\/tr>\n<tr class=\"row-8\">\n\t<td class=\"column-1\">M21A<\/td><td class=\"column-2\">6910 m<\/td><td class=\"column-3\">60<\/td><td class=\"column-4\">14 Controls<\/td><td class=\"column-5\"><\/td><td class=\"column-6\">1:10.000<\/td>\n<\/tr>\n<tr class=\"row-9\">\n\t<td class=\"column-1\">MB<\/td><td class=\"column-2\">4180 m<\/td><td class=\"column-3\">20<\/td><td class=\"column-4\">13 Controls<\/td><td class=\"column-5\"><\/td><td class=\"column-6\">1:10.000<\/td>\n<\/tr>\n<tr class=\"row-10\">\n\t<td class=\"column-1\">M21SE<\/td><td class=\"column-2\">11070 m<\/td><td class=\"column-3\">110<\/td><td class=\"column-4\">22 Controls<\/td><td class=\"column-5\">x<\/td><td class=\"column-6\">1:10.000<\/td>\n<\/tr>\n<tr class=\"row-11\">\n\t<td class=\"column-1\">M21E<\/td><td class=\"column-2\">11070 m<\/td><td class=\"column-3\">110<\/td><td class=\"column-4\">22 Controls<\/td><td class=\"column-5\">x<\/td><td class=\"column-6\">1:10.000<\/td>\n<\/tr>\n<tr class=\"row-12\">\n\t<td class=\"column-1\">M35<\/td><td class=\"column-2\">9820 m<\/td><td class=\"column-3\">100<\/td><td class=\"column-4\">16 Controls<\/td><td class=\"column-5\"><\/td><td class=\"column-6\">1:10.000<\/td>\n<\/tr>\n<tr class=\"row-13\">\n\t<td class=\"column-1\">M40<\/td><td class=\"column-2\">8660 m<\/td><td class=\"column-3\">85<\/td><td class=\"column-4\">15 Controls<\/td><td class=\"column-5\"><\/td><td class=\"column-6\">1:10.000<\/td>\n<\/tr>\n<tr class=\"row-14\">\n\t<td class=\"column-1\">M45<\/td><td class=\"column-2\">7950 m<\/td><td class=\"column-3\">70<\/td><td class=\"column-4\">14 Controls<\/td><td class=\"column-5\"><\/td><td class=\"column-6\">1:10.000<\/td>\n<\/tr>\n<tr class=\"row-15\">\n\t<td class=\"column-1\">M50<\/td><td class=\"column-2\">7550 m<\/td><td class=\"column-3\">65<\/td><td class=\"column-4\">14 Controls<\/td><td class=\"column-5\"><\/td><td class=\"column-6\">1:10.000<\/td>\n<\/tr>\n<tr class=\"row-16\">\n\t<td class=\"column-1\">M55<\/td><td class=\"column-2\">7470 m<\/td><td class=\"column-3\">60<\/td><td class=\"column-4\">14 Controls<\/td><td class=\"column-5\"><\/td><td class=\"column-6\">1:10.000<\/td>\n<\/tr>\n<tr class=\"row-17\">\n\t<td class=\"column-1\">M60<\/td><td class=\"column-2\">7020 m<\/td><td class=\"column-3\">60<\/td><td class=\"column-4\">19 Controls<\/td><td class=\"column-5\">x<\/td><td class=\"column-6\">1:10.000<\/td>\n<\/tr>\n<tr class=\"row-18\">\n\t<td class=\"column-1\">M65<\/td><td class=\"column-2\">6650 m<\/td><td class=\"column-3\">40<\/td><td class=\"column-4\">18 Controls<\/td><td class=\"column-5\">x<\/td><td class=\"column-6\">1:7.500<\/td>\n<\/tr>\n<tr class=\"row-19\">\n\t<td class=\"column-1\">M70<\/td><td class=\"column-2\">5900 m<\/td><td class=\"column-3\">35<\/td><td class=\"column-4\">14 Controls<\/td><td class=\"column-5\">x<\/td><td class=\"column-6\">1:7.500<\/td>\n<\/tr>\n<tr class=\"row-20\">\n\t<td class=\"column-1\">M75<\/td><td class=\"column-2\">4310 m<\/td><td class=\"column-3\">20<\/td><td class=\"column-4\">11 Controls<\/td><td class=\"column-5\"><\/td><td class=\"column-6\">1:7.500<\/td>\n<\/tr>\n<tr class=\"row-21\">\n\t<td class=\"column-1\">M80<\/td><td class=\"column-2\">3900 m<\/td><td class=\"column-3\">20<\/td><td class=\"column-4\">9 Controls<\/td><td class=\"column-5\"><\/td><td class=\"column-6\">1:7.500<\/td>\n<\/tr>\n<tr class=\"row-22\">\n\t<td class=\"column-1\">M85<\/td><td class=\"column-2\">3900 m<\/td><td class=\"column-3\">20<\/td><td class=\"column-4\">9 Controls<\/td><td class=\"column-5\"><\/td><td class=\"column-6\">1:7.500<\/td>\n<\/tr>\n<tr class=\"row-23\">\n\t<td class=\"column-1\">M90<\/td><td class=\"column-2\">3700 m<\/td><td class=\"column-3\">20<\/td><td class=\"column-4\">11 Controls<\/td><td class=\"column-5\"><\/td><td class=\"column-6\">1:7.500<\/td>\n<\/tr>\n<tr class=\"row-24\">\n\t<td class=\"column-1\">W12<\/td><td class=\"column-2\">2310 m<\/td><td class=\"column-3\">10<\/td><td class=\"column-4\">13 Controls<\/td><td class=\"column-5\"><\/td><td class=\"column-6\">1:7.500<\/td>\n<\/tr>\n<tr class=\"row-25\">\n\t<td class=\"column-1\">W14<\/td><td class=\"column-2\">4070 m<\/td><td class=\"column-3\">20<\/td><td class=\"column-4\">12 Controls<\/td><td class=\"column-5\"><\/td><td class=\"column-6\">1:10.000<\/td>\n<\/tr>\n<tr class=\"row-26\">\n\t<td class=\"column-1\">W16<\/td><td class=\"column-2\">5480 m<\/td><td class=\"column-3\">30<\/td><td class=\"column-4\">13 Controls<\/td><td class=\"column-5\"><\/td><td class=\"column-6\">1:10.000<\/td>\n<\/tr>\n<tr class=\"row-27\">\n\t<td class=\"column-1\">W18<\/td><td class=\"column-2\">6090 m<\/td><td class=\"column-3\">30<\/td><td class=\"column-4\">15 Controls<\/td><td class=\"column-5\"><\/td><td class=\"column-6\">1:10.000<\/td>\n<\/tr>\n<tr class=\"row-28\">\n\t<td class=\"column-1\">W20<\/td><td class=\"column-2\">6990 m<\/td><td class=\"column-3\">45<\/td><td class=\"column-4\">14 Controls<\/td><td class=\"column-5\"><\/td><td class=\"column-6\">1:10.000<\/td>\n<\/tr>\n<tr class=\"row-29\">\n\t<td class=\"column-1\">W21A<\/td><td class=\"column-2\">5770 m<\/td><td class=\"column-3\">25<\/td><td class=\"column-4\">14 Controls<\/td><td class=\"column-5\"><\/td><td class=\"column-6\">1:10.000<\/td>\n<\/tr>\n<tr class=\"row-30\">\n\t<td class=\"column-1\">WB<\/td><td class=\"column-2\">4140 m<\/td><td class=\"column-3\">20<\/td><td class=\"column-4\">12 Controls<\/td><td class=\"column-5\"><\/td><td class=\"column-6\">1:10.000<\/td>\n<\/tr>\n<tr class=\"row-31\">\n\t<td class=\"column-1\">W21E<\/td><td class=\"column-2\">9320 m<\/td><td class=\"column-3\">95<\/td><td class=\"column-4\">18 Controls<\/td><td class=\"column-5\">x<\/td><td class=\"column-6\">1:10.000<\/td>\n<\/tr>\n<tr class=\"row-32\">\n\t<td class=\"column-1\">W35<\/td><td class=\"column-2\">7030 m<\/td><td class=\"column-3\">45<\/td><td class=\"column-4\">14 Controls<\/td><td class=\"column-5\"><\/td><td class=\"column-6\">1:10.000<\/td>\n<\/tr>\n<tr class=\"row-33\">\n\t<td class=\"column-1\">W40<\/td><td class=\"column-2\">6230 m<\/td><td class=\"column-3\">30<\/td><td class=\"column-4\">13 Controls<\/td><td class=\"column-5\"><\/td><td class=\"column-6\">1:10.000<\/td>\n<\/tr>\n<tr class=\"row-34\">\n\t<td class=\"column-1\">W45<\/td><td class=\"column-2\">5860 m<\/td><td class=\"column-3\">25<\/td><td class=\"column-4\">13 Controls<\/td><td class=\"column-5\"><\/td><td class=\"column-6\">1:10.000<\/td>\n<\/tr>\n<tr class=\"row-35\">\n\t<td class=\"column-1\">W50<\/td><td class=\"column-2\">5670 m<\/td><td class=\"column-3\">25<\/td><td class=\"column-4\">15 Controls<\/td><td class=\"column-5\"><\/td><td class=\"column-6\">1:10.000<\/td>\n<\/tr>\n<tr class=\"row-36\">\n\t<td class=\"column-1\">W55<\/td><td class=\"column-2\">5230 m<\/td><td class=\"column-3\">25<\/td><td class=\"column-4\">13 Controls<\/td><td class=\"column-5\"><\/td><td class=\"column-6\">1:10.000<\/td>\n<\/tr>\n<tr class=\"row-37\">\n\t<td class=\"column-1\">W60<\/td><td class=\"column-2\">4410 m<\/td><td class=\"column-3\">20<\/td><td class=\"column-4\">11 Controls<\/td><td class=\"column-5\"><\/td><td class=\"column-6\">1:10.000<\/td>\n<\/tr>\n<tr class=\"row-38\">\n\t<td class=\"column-1\">W65<\/td><td class=\"column-2\">4250 m<\/td><td class=\"column-3\">20<\/td><td class=\"column-4\">11 Controls<\/td><td class=\"column-5\"><\/td><td class=\"column-6\">1:7.500<\/td>\n<\/tr>\n<tr class=\"row-39\">\n\t<td class=\"column-1\">W70<\/td><td class=\"column-2\">3900 m<\/td><td class=\"column-3\">15<\/td><td class=\"column-4\">9 Controls<\/td><td class=\"column-5\"><\/td><td class=\"column-6\">1:7.500<\/td>\n<\/tr>\n<tr class=\"row-40\">\n\t<td class=\"column-1\">W75<\/td><td class=\"column-2\">3700 m<\/td><td class=\"column-3\">20<\/td><td class=\"column-4\">11 Controls<\/td><td class=\"column-5\"><\/td><td class=\"column-6\">1:7.500<\/td>\n<\/tr>\n<tr class=\"row-41\">\n\t<td class=\"column-1\">W80<\/td><td class=\"column-2\">3700 m<\/td><td class=\"column-3\">20<\/td><td class=\"column-4\">11 Controls<\/td><td class=\"column-5\"><\/td><td class=\"column-6\">1:7.500<\/td>\n<\/tr>\n<tr class=\"row-42\">\n\t<td class=\"column-1\">W85<\/td><td class=\"column-2\">3700 m<\/td><td class=\"column-3\">20<\/td><td class=\"column-4\">11 Controls<\/td><td class=\"column-5\"><\/td><td class=\"column-6\">1:7.500<\/td>\n<\/tr>\n<tr class=\"row-43\">\n\t<td class=\"column-1\">White<\/td><td class=\"column-2\">2100 m<\/td><td class=\"column-3\">5<\/td><td class=\"column-4\">13 Controls<\/td><td class=\"column-5\"><\/td><td class=\"column-6\">1:7.500<\/td>\n<\/tr>\n<tr class=\"row-44\">\n\t<td class=\"column-1\">Green<\/td><td class=\"column-2\">2310 m<\/td><td class=\"column-3\">5<\/td><td class=\"column-4\">12 Controls<\/td><td class=\"column-5\"><\/td><td class=\"column-6\">1:7.500<\/td>\n<\/tr>\n<tr class=\"row-45\">\n\t<td class=\"column-1\">Yellow<\/td><td class=\"column-2\">4320 m<\/td><td class=\"column-3\">20<\/td><td class=\"column-4\">12 Controls<\/td><td class=\"column-5\"><\/td><td class=\"column-6\">1:10.000<\/td>\n<\/tr>\n<tr class=\"row-46\">\n\t<td class=\"column-1\">Red<\/td><td class=\"column-2\">7950 m<\/td><td class=\"column-3\">60<\/td><td class=\"column-4\">14 Controls<\/td><td class=\"column-5\"><\/td><td class=\"column-6\">1:10.000<\/td>\n<\/tr>\n<\/tbody>\n<\/table>\n<!-- #tablepress-17 from cache --><\/p>","protected":false},"excerpt":{"rendered":"<p>Informa\u00e7\u00f5es T\u00e9cnicas: Etapa 1 | Etapa 2 | Etapa 3 | Etapa 4 | Etapa 5 | Etapa 6 | Etapa 7 Mapa: Canil \u2013 Loul\u00e9 Terreno: \u00c1rea de floresta mediterr\u00e2nea com relevo m\u00e9dio e com muitos pormenores de vegeta\u00e7\u00e3o e elementos lineares como por exemplo muros de pedra solta, maioritariamente em ru\u00ednas Cart\u00f3grafo: Alexandre Reis Tra\u00e7ador de percursos: Alexandre Reis Estacionamento: na Arena, no local indicado pela Organiza\u00e7\u00e3o. Autocarros ficam a 800 metros da arena Distancia para as partidas: 0 mts Ponto de \u00e1gua: Sim Ponto de Espectadores:\u00a0N\u00e3o Informa\u00e7\u00e3o adicional:\u00a0Wc na arena Programa 08h00 \u2013 Abertura do Secretariado 09h00 \u2013 Dist\u00e2ncia Longa (chasing start para os escal\u00f5es de Elite [&hellip;]<\/p>\n","protected":false},"author":14,"featured_media":0,"parent":0,"menu_order":0,"comment_status":"closed","ping_status":"closed","template":"","meta":{"_monsterinsights_skip_tracking":false,"_monsterinsights_sitenote_active":false,"_monsterinsights_sitenote_note":"","_monsterinsights_sitenote_category":0,"footnotes":""},"class_list":["post-537","page","type-page","status-publish","hentry"],"_links":{"self":[{"href":"https:\/\/pom.pt\/2025\/pt\/wp-json\/wp\/v2\/pages\/537","targetHints":{"allow":["GET"]}}],"collection":[{"href":"https:\/\/pom.pt\/2025\/pt\/wp-json\/wp\/v2\/pages"}],"about":[{"href":"https:\/\/pom.pt\/2025\/pt\/wp-json\/wp\/v2\/types\/page"}],"author":[{"embeddable":true,"href":"https:\/\/pom.pt\/2025\/pt\/wp-json\/wp\/v2\/users\/14"}],"replies":[{"embeddable":true,"href":"https:\/\/pom.pt\/2025\/pt\/wp-json\/wp\/v2\/comments?post=537"}],"version-history":[{"count":21,"href":"https:\/\/pom.pt\/2025\/pt\/wp-json\/wp\/v2\/pages\/537\/revisions"}],"predecessor-version":[{"id":1509,"href":"https:\/\/pom.pt\/2025\/pt\/wp-json\/wp\/v2\/pages\/537\/revisions\/1509"}],"wp:attachment":[{"href":"https:\/\/pom.pt\/2025\/pt\/wp-json\/wp\/v2\/media?parent=537"}],"curies":[{"name":"wp","href":"https:\/\/api.w.org\/{rel}","templated":true}]}}