{"id":531,"date":"2022-12-27T19:27:48","date_gmt":"2022-12-27T19:27:48","guid":{"rendered":"http:\/\/pom.pt\/2025\/?page_id=531"},"modified":"2025-02-28T15:39:42","modified_gmt":"2025-02-28T15:39:42","slug":"stage-3-middle-distance","status":"publish","type":"page","link":"https:\/\/pom.pt\/2025\/pt\/etapa-5-media-wre-loule\/","title":{"rendered":"Etapa 5 &#8211; Dist\u00e2ncia M\u00e9dia &#8211; WRE, Loul\u00e9"},"content":{"rendered":"<p><strong>Informa\u00e7\u00f5es T\u00e9cnicas: <a href=\"https:\/\/pom.pt\/2025\/pt\/etapa-1-ludo\/\">Etapa 1<\/a> | <a href=\"https:\/\/pom.pt\/2025\/pt\/etapa-sprint-estadio\/\">Etapa 2<\/a> | <a href=\"https:\/\/pom.pt\/2025\/pt\/etapa-4-longa-ludo\/\">Etapa 3<\/a> | <a href=\"https:\/\/pom.pt\/2025\/pt\/etapa-sprint-quarteira\/\">Etapa 4<\/a> |<a href=\"https:\/\/pom.pt\/2025\/pt\/etapa-5-media-wre-loule\/\"> Etapa 5<\/a> | <a href=\"https:\/\/pom.pt\/2025\/stage-6-pre-o\/\">Etapa 6<\/a> | <a href=\"https:\/\/pom.pt\/2025\/pt\/etapa-7-longa-loule\/\">Etapa 7<\/a><\/strong><\/p>\n<p><strong>Mapa:<\/strong> Canil &#8211; Loul\u00e9<\/p>\n<p><strong>Terreno: <\/strong>\u00c1rea de floresta mediterr\u00e2nea com relevo m\u00e9dio e com muitos pormenores de vegeta\u00e7\u00e3o e elementos lineares como por exemplo muros de pedra solta, maioritariamente em ru\u00ednas<\/p>\n<p><strong>Cart\u00f3grafo:<\/strong> Alexandre Reis<\/p>\n<p><strong>Tra\u00e7ador de percursos:<\/strong> Alexandre Reis<\/p>\n<p><strong>Estacionamento:<\/strong> na Arena, no local indicado pela Organiza\u00e7\u00e3o. Autocarros ficam a 800 metros da arena<\/p>\n<p><strong>Distancia para as partidas:<\/strong> 1100 mts<\/p>\n<p><strong>Ponto de \u00e1gua:<\/strong>\u00a0N\u00e3o<\/p>\n<p><strong>Ponto de Espectadores:<\/strong>\u00a0N\u00e3o<\/p>\n<p><strong>Informa\u00e7\u00e3o adicional:<\/strong>\u00a0WC: Na arena<\/p>\n<h2><strong>Programa:<\/strong><\/h2>\n<p>08h00 \u2013 Abertura do Secretariado \u2013 Arena<\/p>\n<p>10h00 \u2013 Partida Dist\u00e2ncia M\u00e9dia<strong>\u00a0WRE<\/strong><\/p>\n<p>10h30 \u2013In\u00edcio partida para os escal\u00f5es abertos e de forma\u00e7\u00e3o<\/p>\n<p>14:00 \u2013 Entrega de pr\u00e9mios dos Sprints Noturnos <span style=\"font-size: 8pt;\">(Novo)<\/span><\/p>\n<p>14h30 \u2013 Fecho do secretariado na arena<\/p>\n<p>15h00 \u2013 Cerim\u00f3nia de entrega de pr\u00e9mios <strong>WRE<\/strong><\/p>\n<h2><strong>Excerto de mapa<\/strong><\/h2>\n<p><img loading=\"lazy\" decoding=\"async\" class=\"alignnone size-medium wp-image-1280\" src=\"http:\/\/pom.pt\/2025\/wp-content\/uploads\/sites\/13\/2024\/10\/5-300x285.jpg\" alt=\"\" width=\"300\" height=\"285\" srcset=\"https:\/\/pom.pt\/2025\/wp-content\/uploads\/sites\/13\/2024\/10\/5-300x285.jpg 300w, https:\/\/pom.pt\/2025\/wp-content\/uploads\/sites\/13\/2024\/10\/5.jpg 410w\" sizes=\"auto, (max-width: 300px) 100vw, 300px\" \/><\/p>\n<h2>Mapa antigo<\/h2>\n<p>Mapa antigo <a href=\"http:\/\/pom.pt\/2025\/wp-content\/uploads\/sites\/13\/2025\/02\/Loule_canil_2020.pdf\" target=\"_blank\" rel=\"noopener\">aqui<\/a>.<\/p>\n<h2>Informa\u00e7\u00e3o T\u00e9cnica<\/h2>\n\n<table id=\"tablepress-15\" class=\"tablepress tablepress-id-15\">\n<thead>\n<tr class=\"row-1\">\n\t<th class=\"column-1\">Class<br \/>\nEscal\u00e3o<\/th><th class=\"column-2\">Distance (mts)<br \/>\nDist\u00e2ncia (mts)<\/th><th class=\"column-3\">Climb (mts)<br \/>\nDesn\u00edvel (mts)<\/th><th class=\"column-4\">Controls<br \/>\nControlos<\/th><th class=\"column-5\">LOOPS<\/th><th class=\"column-6\">Scale<br \/>\nEscala<\/th>\n<\/tr>\n<\/thead>\n<tbody class=\"row-striping row-hover\">\n<tr class=\"row-2\">\n\t<td class=\"column-1\">T10<\/td><td class=\"column-2\">1600 m<\/td><td class=\"column-3\">5<\/td><td class=\"column-4\">11 Controls<\/td><td class=\"column-5\"><\/td><td class=\"column-6\">1:7.500<\/td>\n<\/tr>\n<tr class=\"row-3\">\n\t<td class=\"column-1\">M12<\/td><td class=\"column-2\">1650 m<\/td><td class=\"column-3\">5<\/td><td class=\"column-4\">10 Controls<\/td><td class=\"column-5\"><\/td><td class=\"column-6\">1:7.500<\/td>\n<\/tr>\n<tr class=\"row-4\">\n\t<td class=\"column-1\">M14<\/td><td class=\"column-2\">3170 m<\/td><td class=\"column-3\">10<\/td><td class=\"column-4\">12 Controls<\/td><td class=\"column-5\"><\/td><td class=\"column-6\">1:10.000<\/td>\n<\/tr>\n<tr class=\"row-5\">\n\t<td class=\"column-1\">M16<\/td><td class=\"column-2\">4370 m<\/td><td class=\"column-3\">15<\/td><td class=\"column-4\">13 Controls<\/td><td class=\"column-5\"><\/td><td class=\"column-6\">1:10.000<\/td>\n<\/tr>\n<tr class=\"row-6\">\n\t<td class=\"column-1\">M18<\/td><td class=\"column-2\">4800 m<\/td><td class=\"column-3\">25<\/td><td class=\"column-4\">15 Controls<\/td><td class=\"column-5\"><\/td><td class=\"column-6\">1:10.000<\/td>\n<\/tr>\n<tr class=\"row-7\">\n\t<td class=\"column-1\">M20<\/td><td class=\"column-2\">5460 m<\/td><td class=\"column-3\">25<\/td><td class=\"column-4\">16 Controls<\/td><td class=\"column-5\"><\/td><td class=\"column-6\">1:10.000<\/td>\n<\/tr>\n<tr class=\"row-8\">\n\t<td class=\"column-1\">M21A<\/td><td class=\"column-2\">4800 m<\/td><td class=\"column-3\">25<\/td><td class=\"column-4\">15 Controls<\/td><td class=\"column-5\"><\/td><td class=\"column-6\">1:10.000<\/td>\n<\/tr>\n<tr class=\"row-9\">\n\t<td class=\"column-1\">MB<\/td><td class=\"column-2\">3170 m<\/td><td class=\"column-3\">15<\/td><td class=\"column-4\">14 Controls<\/td><td class=\"column-5\"><\/td><td class=\"column-6\">1:10.000<\/td>\n<\/tr>\n<tr class=\"row-10\">\n\t<td class=\"column-1\">M21SE<\/td><td class=\"column-2\">6510 m<\/td><td class=\"column-3\">30<\/td><td class=\"column-4\">20 Controls<\/td><td class=\"column-5\"><\/td><td class=\"column-6\">1:10.000<\/td>\n<\/tr>\n<tr class=\"row-11\">\n\t<td class=\"column-1\">M21E<\/td><td class=\"column-2\">6460 m<\/td><td class=\"column-3\">30<\/td><td class=\"column-4\">20 Controls<\/td><td class=\"column-5\"><\/td><td class=\"column-6\">1:10.000<\/td>\n<\/tr>\n<tr class=\"row-12\">\n\t<td class=\"column-1\">M35<\/td><td class=\"column-2\">5600 m<\/td><td class=\"column-3\">25<\/td><td class=\"column-4\">16 Controls<\/td><td class=\"column-5\"><\/td><td class=\"column-6\">1:10.000<\/td>\n<\/tr>\n<tr class=\"row-13\">\n\t<td class=\"column-1\">M40<\/td><td class=\"column-2\">5510 m<\/td><td class=\"column-3\">25<\/td><td class=\"column-4\">16 Controls<\/td><td class=\"column-5\"><\/td><td class=\"column-6\">1:10.000<\/td>\n<\/tr>\n<tr class=\"row-14\">\n\t<td class=\"column-1\">M45<\/td><td class=\"column-2\">5450 m<\/td><td class=\"column-3\">25<\/td><td class=\"column-4\">17 Controls<\/td><td class=\"column-5\"><\/td><td class=\"column-6\">1:10.000<\/td>\n<\/tr>\n<tr class=\"row-15\">\n\t<td class=\"column-1\">M50<\/td><td class=\"column-2\">5170 m<\/td><td class=\"column-3\">25<\/td><td class=\"column-4\">15 Controls<\/td><td class=\"column-5\"><\/td><td class=\"column-6\">1:10.000<\/td>\n<\/tr>\n<tr class=\"row-16\">\n\t<td class=\"column-1\">M55<\/td><td class=\"column-2\">4600 m<\/td><td class=\"column-3\">25<\/td><td class=\"column-4\">15 Controls<\/td><td class=\"column-5\">x<\/td><td class=\"column-6\">1:10.000<\/td>\n<\/tr>\n<tr class=\"row-17\">\n\t<td class=\"column-1\">M60<\/td><td class=\"column-2\">4500 m<\/td><td class=\"column-3\">20<\/td><td class=\"column-4\">18 Controls<\/td><td class=\"column-5\">x<\/td><td class=\"column-6\">1:10.000<\/td>\n<\/tr>\n<tr class=\"row-18\">\n\t<td class=\"column-1\">M65<\/td><td class=\"column-2\">4260 m<\/td><td class=\"column-3\">15<\/td><td class=\"column-4\">18 Controls<\/td><td class=\"column-5\">x<\/td><td class=\"column-6\">1:7.500<\/td>\n<\/tr>\n<tr class=\"row-19\">\n\t<td class=\"column-1\">M70<\/td><td class=\"column-2\">3330 m<\/td><td class=\"column-3\">10<\/td><td class=\"column-4\">14 Controls<\/td><td class=\"column-5\"><\/td><td class=\"column-6\">1:7.500<\/td>\n<\/tr>\n<tr class=\"row-20\">\n\t<td class=\"column-1\">M75<\/td><td class=\"column-2\">3220 m<\/td><td class=\"column-3\">10<\/td><td class=\"column-4\">13 Controls<\/td><td class=\"column-5\"><\/td><td class=\"column-6\">1:7.500<\/td>\n<\/tr>\n<tr class=\"row-21\">\n\t<td class=\"column-1\">M80<\/td><td class=\"column-2\">2820 m<\/td><td class=\"column-3\">10<\/td><td class=\"column-4\">12 Controls<\/td><td class=\"column-5\"><\/td><td class=\"column-6\">1:7.500<\/td>\n<\/tr>\n<tr class=\"row-22\">\n\t<td class=\"column-1\">M85<\/td><td class=\"column-2\">2820 m<\/td><td class=\"column-3\">10<\/td><td class=\"column-4\">12 Controls<\/td><td class=\"column-5\"><\/td><td class=\"column-6\">1:7.500<\/td>\n<\/tr>\n<tr class=\"row-23\">\n\t<td class=\"column-1\">M90<\/td><td class=\"column-2\">2650 m<\/td><td class=\"column-3\">10<\/td><td class=\"column-4\">12 Controls<\/td><td class=\"column-5\"><\/td><td class=\"column-6\">1:7.500<\/td>\n<\/tr>\n<tr class=\"row-24\">\n\t<td class=\"column-1\">W12<\/td><td class=\"column-2\">1650 m<\/td><td class=\"column-3\">5<\/td><td class=\"column-4\">10 Controls<\/td><td class=\"column-5\"><\/td><td class=\"column-6\">1:7.500<\/td>\n<\/tr>\n<tr class=\"row-25\">\n\t<td class=\"column-1\">W14<\/td><td class=\"column-2\">3170 m<\/td><td class=\"column-3\">10<\/td><td class=\"column-4\">12 Controls<\/td><td class=\"column-5\"><\/td><td class=\"column-6\">1:10.000<\/td>\n<\/tr>\n<tr class=\"row-26\">\n\t<td class=\"column-1\">W16<\/td><td class=\"column-2\">3680 m<\/td><td class=\"column-3\">15<\/td><td class=\"column-4\">13 Controls<\/td><td class=\"column-5\"><\/td><td class=\"column-6\">1:10.000<\/td>\n<\/tr>\n<tr class=\"row-27\">\n\t<td class=\"column-1\">W18<\/td><td class=\"column-2\">4350 m<\/td><td class=\"column-3\">15<\/td><td class=\"column-4\">13 Controls<\/td><td class=\"column-5\"><\/td><td class=\"column-6\">1:10.000<\/td>\n<\/tr>\n<tr class=\"row-28\">\n\t<td class=\"column-1\">W20<\/td><td class=\"column-2\">4820 m<\/td><td class=\"column-3\">25<\/td><td class=\"column-4\">15 Controls<\/td><td class=\"column-5\"><\/td><td class=\"column-6\">1:10.000<\/td>\n<\/tr>\n<tr class=\"row-29\">\n\t<td class=\"column-1\">W21A<\/td><td class=\"column-2\">3970 m<\/td><td class=\"column-3\">15<\/td><td class=\"column-4\">15 Controls<\/td><td class=\"column-5\"><\/td><td class=\"column-6\">1:10.000<\/td>\n<\/tr>\n<tr class=\"row-30\">\n\t<td class=\"column-1\">WB<\/td><td class=\"column-2\">2970 m<\/td><td class=\"column-3\">10<\/td><td class=\"column-4\">12 Controls<\/td><td class=\"column-5\"><\/td><td class=\"column-6\">1:10.000<\/td>\n<\/tr>\n<tr class=\"row-31\">\n\t<td class=\"column-1\">W21E<\/td><td class=\"column-2\">5520 m<\/td><td class=\"column-3\">25<\/td><td class=\"column-4\">16 Controls<\/td><td class=\"column-5\"><\/td><td class=\"column-6\">1:10.000<\/td>\n<\/tr>\n<tr class=\"row-32\">\n\t<td class=\"column-1\">W35<\/td><td class=\"column-2\">4810 m<\/td><td class=\"column-3\">15<\/td><td class=\"column-4\">16 Controls<\/td><td class=\"column-5\"><\/td><td class=\"column-6\">1:10.000<\/td>\n<\/tr>\n<tr class=\"row-33\">\n\t<td class=\"column-1\">W40<\/td><td class=\"column-2\">4500 m<\/td><td class=\"column-3\">15<\/td><td class=\"column-4\">19 Controls<\/td><td class=\"column-5\"><\/td><td class=\"column-6\">1:10.000<\/td>\n<\/tr>\n<tr class=\"row-34\">\n\t<td class=\"column-1\">W45<\/td><td class=\"column-2\">4210 m<\/td><td class=\"column-3\">15<\/td><td class=\"column-4\">18 Controls<\/td><td class=\"column-5\"><\/td><td class=\"column-6\">1:10.000<\/td>\n<\/tr>\n<tr class=\"row-35\">\n\t<td class=\"column-1\">W50<\/td><td class=\"column-2\">4190 m<\/td><td class=\"column-3\">15<\/td><td class=\"column-4\">17 Controls<\/td><td class=\"column-5\"><\/td><td class=\"column-6\">1:10.000<\/td>\n<\/tr>\n<tr class=\"row-36\">\n\t<td class=\"column-1\">W55<\/td><td class=\"column-2\">4070 m<\/td><td class=\"column-3\">15<\/td><td class=\"column-4\">15 Controls<\/td><td class=\"column-5\"><\/td><td class=\"column-6\">1:10.000<\/td>\n<\/tr>\n<tr class=\"row-37\">\n\t<td class=\"column-1\">W60<\/td><td class=\"column-2\">3500 m<\/td><td class=\"column-3\">15<\/td><td class=\"column-4\">15 Controls<\/td><td class=\"column-5\"><\/td><td class=\"column-6\">1:10.000<\/td>\n<\/tr>\n<tr class=\"row-38\">\n\t<td class=\"column-1\">W65<\/td><td class=\"column-2\">3270 m<\/td><td class=\"column-3\">10<\/td><td class=\"column-4\">14 Controls<\/td><td class=\"column-5\"><\/td><td class=\"column-6\">1:7.500<\/td>\n<\/tr>\n<tr class=\"row-39\">\n\t<td class=\"column-1\">W70<\/td><td class=\"column-2\">2820 m<\/td><td class=\"column-3\">10<\/td><td class=\"column-4\">12 Controls<\/td><td class=\"column-5\"><\/td><td class=\"column-6\">1:7.500<\/td>\n<\/tr>\n<tr class=\"row-40\">\n\t<td class=\"column-1\">W75<\/td><td class=\"column-2\">2650 m<\/td><td class=\"column-3\">10<\/td><td class=\"column-4\">12 Controls<\/td><td class=\"column-5\"><\/td><td class=\"column-6\">1:7.500<\/td>\n<\/tr>\n<tr class=\"row-41\">\n\t<td class=\"column-1\">W80<\/td><td class=\"column-2\">2650 m<\/td><td class=\"column-3\">10<\/td><td class=\"column-4\">12 Controls<\/td><td class=\"column-5\"><\/td><td class=\"column-6\">1:7.500<\/td>\n<\/tr>\n<tr class=\"row-42\">\n\t<td class=\"column-1\">W85<\/td><td class=\"column-2\">2650 m<\/td><td class=\"column-3\">10<\/td><td class=\"column-4\">12 Controls<\/td><td class=\"column-5\"><\/td><td class=\"column-6\">1:7.500<\/td>\n<\/tr>\n<tr class=\"row-43\">\n\t<td class=\"column-1\">White<\/td><td class=\"column-2\">1600 m<\/td><td class=\"column-3\">5<\/td><td class=\"column-4\">11 Controls<\/td><td class=\"column-5\"><\/td><td class=\"column-6\">1:7.500<\/td>\n<\/tr>\n<tr class=\"row-44\">\n\t<td class=\"column-1\">Green<\/td><td class=\"column-2\">1720 m<\/td><td class=\"column-3\">5<\/td><td class=\"column-4\">10 Controls<\/td><td class=\"column-5\"><\/td><td class=\"column-6\">1:7.500<\/td>\n<\/tr>\n<tr class=\"row-45\">\n\t<td class=\"column-1\">Yellow<\/td><td class=\"column-2\">3010 m<\/td><td class=\"column-3\">10<\/td><td class=\"column-4\">14 Controls<\/td><td class=\"column-5\"><\/td><td class=\"column-6\">1:10.000<\/td>\n<\/tr>\n<tr class=\"row-46\">\n\t<td class=\"column-1\">Red<\/td><td class=\"column-2\">5440 m<\/td><td class=\"column-3\">25<\/td><td class=\"column-4\">17 Controls<\/td><td class=\"column-5\"><\/td><td class=\"column-6\">1:10.000<\/td>\n<\/tr>\n<\/tbody>\n<\/table>\n<!-- #tablepress-15 from cache -->\n<p>&nbsp;<\/p>","protected":false},"excerpt":{"rendered":"<p>Informa\u00e7\u00f5es T\u00e9cnicas: Etapa 1 | Etapa 2 | Etapa 3 | Etapa 4 | Etapa 5 | Etapa 6 | Etapa 7 Mapa: Canil &#8211; Loul\u00e9 Terreno: \u00c1rea de floresta mediterr\u00e2nea com relevo m\u00e9dio e com muitos pormenores de vegeta\u00e7\u00e3o e elementos lineares como por exemplo muros de pedra solta, maioritariamente em ru\u00ednas Cart\u00f3grafo: Alexandre Reis Tra\u00e7ador de percursos: Alexandre Reis Estacionamento: na Arena, no local indicado pela Organiza\u00e7\u00e3o. Autocarros ficam a 800 metros da arena Distancia para as partidas: 1100 mts Ponto de \u00e1gua:\u00a0N\u00e3o Ponto de Espectadores:\u00a0N\u00e3o Informa\u00e7\u00e3o adicional:\u00a0WC: Na arena Programa: 08h00 \u2013 Abertura do Secretariado \u2013 Arena 10h00 \u2013 Partida Dist\u00e2ncia M\u00e9dia\u00a0WRE 10h30 \u2013In\u00edcio partida para os [&hellip;]<\/p>\n","protected":false},"author":14,"featured_media":0,"parent":0,"menu_order":0,"comment_status":"closed","ping_status":"closed","template":"","meta":{"_monsterinsights_skip_tracking":false,"_monsterinsights_sitenote_active":false,"_monsterinsights_sitenote_note":"","_monsterinsights_sitenote_category":0,"footnotes":""},"class_list":["post-531","page","type-page","status-publish","hentry"],"_links":{"self":[{"href":"https:\/\/pom.pt\/2025\/pt\/wp-json\/wp\/v2\/pages\/531","targetHints":{"allow":["GET"]}}],"collection":[{"href":"https:\/\/pom.pt\/2025\/pt\/wp-json\/wp\/v2\/pages"}],"about":[{"href":"https:\/\/pom.pt\/2025\/pt\/wp-json\/wp\/v2\/types\/page"}],"author":[{"embeddable":true,"href":"https:\/\/pom.pt\/2025\/pt\/wp-json\/wp\/v2\/users\/14"}],"replies":[{"embeddable":true,"href":"https:\/\/pom.pt\/2025\/pt\/wp-json\/wp\/v2\/comments?post=531"}],"version-history":[{"count":32,"href":"https:\/\/pom.pt\/2025\/pt\/wp-json\/wp\/v2\/pages\/531\/revisions"}],"predecessor-version":[{"id":1508,"href":"https:\/\/pom.pt\/2025\/pt\/wp-json\/wp\/v2\/pages\/531\/revisions\/1508"}],"wp:attachment":[{"href":"https:\/\/pom.pt\/2025\/pt\/wp-json\/wp\/v2\/media?parent=531"}],"curies":[{"name":"wp","href":"https:\/\/api.w.org\/{rel}","templated":true}]}}