{"id":401,"date":"2020-08-26T15:47:56","date_gmt":"2020-08-26T15:47:56","guid":{"rendered":"http:\/\/pom.pt\/2025\/?page_id=401"},"modified":"2025-02-05T22:30:44","modified_gmt":"2025-02-05T22:30:44","slug":"general-info","status":"publish","type":"page","link":"https:\/\/pom.pt\/2025\/pt\/info-geral\/","title":{"rendered":"Info Geral"},"content":{"rendered":"<p><a href=\"#Arenas\">Arenas<\/a> | <a href=\"#soloduro\">Solo Duro<\/a>\u00a0 |\u00a0\u00a0<a href=\"#babysitting\">BabySitting<\/a> \u00a0| <a href=\"#model\">Evento Modelo<\/a>\u00a0|\u00a0 <a href=\"#treino\">Eventos de Treino<\/a>\u00a0|<a href=\"#elitemasculina\">Escal\u00e3o Elite Masc.<\/a>\u00a0 |\u00a0\u00a0<a href=\"#chasingstart\">Chasing Start<\/a>\u00a0 |\u00a0 <a href=\"#peitoral\">Peitoral<\/a>\u00a0 |\u00a0\u00a0<a href=\"#sicard\">Mudan\u00e7as SICard<\/a>\u00a0 |\u00a0\u00a0<a href=\"#sistemacontrolo\">Sistema Controlo<\/a>\u00a0 |\u00a0\u00a0<a href=\"#tempospartida\">Tempos Partida<\/a>\u00a0 |\u00a0\u00a0<a href=\"#tempoprova\">Tempos Limite de Prova<\/a>\u00a0 |\u00a0\u00a0<a href=\"#fairplay\">Fair Play<\/a>\u00a0 |\u00a0\u00a0<a href=\"#resultados\">Resultados<\/a>\u00a0 |\u00a0\u00a0<a href=\"#premios\">Pr\u00e9mios<\/a>\u00a0 |\u00a0\u00a0<a href=\"#seguro\">Seguro Desportivo<\/a>\u00a0 |\u00a0\u00a0<a href=\"#indicacoes\">Indica\u00e7\u00f5es Tr\u00e2nsito<\/a>\u00a0 |\u00a0\u00a0<a href=\"#regras\">Regras<\/a> \u00a0| <a href=\"#reclama\">Reclama\u00e7\u00f5es<\/a><\/p>\n<p><strong><a id=\"Arenas\"><\/a>Arenas<\/strong><\/p>\n<p style=\"font-weight: 400\">&#8211; Nas arenas, os atletas ir\u00e3o ter \u00e0 sua disposi\u00e7\u00e3o todas as infraestruturas necess\u00e1rias (Secretariado, Inform\u00e1tica, Servi\u00e7o de Bar (exceto Sprint), WC, BabySitting (exceto Sprint e PreO), Primeiros Socorros, Resultados, Speaker, etc);<br \/>\n\u2013 No caso de pretender recorrer ao servi\u00e7o de BabySitting por favor assinale essa op\u00e7\u00e3o durante o processo de inscri\u00e7\u00e3o no <a href=\"https:\/\/www.orioasis.pt\/oasis\/events.php?action=event_view_info&amp;eventid=2887\" target=\"_blank\" rel=\"noopener\">OriO\u00e1sis<\/a>.<\/p>\n<p style=\"font-weight: 400\"><a href=\"#top\">&gt;&gt;para o topo<\/a><\/p>\n<p><strong><a id=\"soloduro\"><\/a>Solo Duro<\/strong><\/p>\n<p>\u2013 \u00c9 obrigat\u00f3rio o uso de cal\u00e7ado adequado no recinto;<br \/>\n\u2013 N\u00e3o \u00e9 permitida a montagem de tendas ou similares dentro do pavilh\u00e3o;<br \/>\n\u2013 \u00c9 proibido confecionar comida no interior do pavilh\u00e3o;<br \/>\n\u2013 \u00c9 proibido lavar lou\u00e7as ou utens\u00edlios usados em refei\u00e7\u00f5es nas instala\u00e7\u00f5es do pavilh\u00e3o;<br \/>\n\u2013 IMPORTANTE: qualquer destas infra\u00e7\u00f5es implica expuls\u00e3o do espa\u00e7o;<\/p>\n<ul>\n<li>Localiza\u00e7\u00e3o: EB 2,3 Eng. Duarte Pacheco (37\u00b008&#8217;29.5&#8243;N\u00a08\u00b001&#8217;33.7&#8243;W)<br \/>\n\u2013 Abertura: a definir<br \/>\n\u2013 Fecho: a definir<\/li>\n<\/ul>\n<p><a href=\"#top\">&gt;&gt;para o topo<\/a><\/p>\n<p><strong><a id=\"babysitting\"><\/a>Babysitting<\/strong><\/p>\n<p>Teremos servi\u00e7o de babysitting em todas as 4 etapas de floresta do POM.<br \/>\n\u2013 Apenas ter\u00e3o acesso a este espa\u00e7o, as crian\u00e7as inscritas no OriOasis<\/p>\n<ul>\n<li>BabySitting dia 1 e 2<\/li>\n<li>Babysitting dia 3 e 4<\/li>\n<\/ul>\n<p><a href=\"#top\">&gt;&gt;para o topo<\/a><\/p>\n<p><strong><a id=\"model\"><\/a>Evento Modelo<\/strong><\/p>\n<p><span style=\"font-weight: 400\">&#8211; O evento modelo ser\u00e1 no dia 28 de fevereiro.\u00a0<\/span><span style=\"font-weight: 400\"><br \/>\n<\/span><span style=\"font-weight: 400\">&#8211; Os mapas ser\u00e3o distribu\u00eddos durante a acredita\u00e7\u00e3o, no centro de evento;<\/span><span style=\"font-weight: 400\"><br \/>\n<\/span><span style=\"font-weight: 400\">&#8211; Por favor seleciona a op\u00e7\u00e3o &#8220;Model Event&#8221; durante o seu processo de inscri\u00e7\u00e3o. Quem n\u00e3o o fizer corre o risco de n\u00e3o ter mapa dispon\u00edvel<\/span><br \/>\n<a href=\"#top\">&gt;&gt;para o topo<\/a><\/p>\n<p><strong><a id=\"Treino\"><\/a>Campos de Treino<\/strong><\/p>\n<p><span style=\"font-weight: 400\">Os campos de treino ser\u00e3o durante os dias 25,26 e 27 de fevereiro e s\u00e3o uma simula\u00e7\u00e3o do Portugal &#8220;O&#8221; Meeting.<\/span><\/p>\n<p><span style=\"font-weight: 400\">Teremos os campos de treino cronometrados com o sistema da SPORTIdent e com o modo Air+ ativado, e ainda haver\u00e1 resultados.<\/span><\/p>\n<p><span style=\"font-weight: 400\">Todos os campos de treinos s\u00e3o de distancia m\u00e9dia e haver\u00e1 3 percursos de diferentes dificuldades:<\/span><\/p>\n<p><span style=\"font-weight: 400\">Verde &#8211; para os iniciantes na modalidade<\/span><\/p>\n<p><span style=\"font-weight: 400\">Amarelo &#8211; Percurso m\u00e9dio com dificuldade t\u00e9cnica<\/span><\/p>\n<p><span style=\"font-weight: 400\">Vermelho &#8211; Percurso m\u00e9dio\/longo com dificuldade t\u00e9cnica<\/span><\/p>\n<p><span style=\"font-weight: 400\">Cada campo de treinos custa 5\u20ac\/dia.<\/span><\/p>\n<p><span style=\"font-weight: 400\">25 de Fevereiro (Dia-3 \u2013 Ter\u00e7a-Feira): S\u00e3o Br\u00e1s de Alportel<\/span><\/p>\n<p><span style=\"font-weight: 400\">26 de Fevereiro (Dia -2 \u2013 Quarta-Feira): T\u00f4r<\/span><\/p>\n<p><span style=\"font-weight: 400\">27\u00a0 de Fevereiro (Dia -1 \u2013 Quinta-feira): Quinta do Lago<\/span><\/p>\n<p><span style=\"font-weight: 400\">Inscri\u00e7\u00e3o obrigat\u00f3ria no orioasis, os campos de treino n\u00e3o t\u00eam seguro desportivo incluido, se quiser por favor envie email para <\/span><a href=\"mailto:info@pom.pt\"><span style=\"font-weight: 400\">info@pom.pt<\/span><\/a><span style=\"font-weight: 400\">, acresce taxa de 2\u20ac\/dia.<\/span><\/p>\n<p><span style=\"font-weight: 400\">Inscri\u00e7\u00f5es at\u00e9 31 de outubro por 5\u20ac, ap\u00f3s esta data e at\u00e9 fecho das inscri\u00e7\u00f5es 7\u20ac.<\/span><\/p>\n<p><span style=\"font-weight: 400\">Os mapas dos campos de treino ser\u00e3o entregues no estacionamento.<\/span><\/p>\n<p><span style=\"font-weight: 400\"><br \/>\n<\/span><a href=\"#top\">&gt;&gt;para o topo<\/a><\/p>\n<p><strong><a id=\"elitemasculina\"><\/a>Escal\u00f5es de Elite Masculina<\/strong><\/p>\n<p><span style=\"font-weight: 400\">&#8211; Durante o processo de inscri\u00e7\u00e3o, os atletas de Elite devem fornecer o seu IOF World Ranking ID. Todos os atletas nestas classes t\u00eam de se inscrever tamb\u00e9m no IOF Eventor.<\/span><\/p>\n<p>\u2013 Em virtude do elevado n\u00famero de inscritos, este escal\u00e3o ser\u00e1 dividido em M21SE (super elite) e M21E (elite), sendo o crit\u00e9rio de separa\u00e7\u00e3o o Ranking Mundial dos atletas inscritos, a 20 dias da competi\u00e7\u00e3o.<\/p>\n<p><a href=\"#top\">&gt;&gt;para o topo<\/a><\/p>\n<p><strong><a id=\"chasingstart\"><\/a>Chasing Start<\/strong><\/p>\n<p><span style=\"font-weight: 400\">&#8211; Na \u00faltima etapa, todos os escal\u00f5es de Elite (M21E e W21E) partir\u00e3o em regime de Chasing Start, pr\u00f3ximo da Arena;<br \/>\n&#8211; Os atletas que se encontrem a mais de uma hora da lideran\u00e7a ou que n\u00e3o tenham corrido qualquer das 3 etapas pontu\u00e1veis para a classifica\u00e7\u00e3o do POM partir\u00e3o em Mass Start, uma hora ap\u00f3s a partida do primeiro atleta;<br \/>\n&#8211; O primeiro atleta a terminar a sua prova ser\u00e1 o vencedor do respetivo escal\u00e3o.<br \/>\n<a href=\"#top\">&gt;&gt;para o topo<\/a><\/span><\/p>\n<p><strong><a id=\"peitoral\"><\/a>Peitoral POM<\/strong><\/p>\n<p>&#8211; \u00c9 obrigat\u00f3ria a utiliza\u00e7\u00e3o do peitoral oficial do POM, que ser\u00e1 entregue durante a acredita\u00e7\u00e3o;<br \/>\n&#8211; Apenas ser\u00e1 permitida a partida de atletas com o peitoral corretamente colocado no seu equipamento;<br \/>\n&#8211; O peitoral oficial ter\u00e1 impressa a seguinte informa\u00e7\u00e3o: n\u00famero, nome, n\u00famero do SI-Card, escal\u00e3o, clube e pa\u00eds.<br \/>\n<a href=\"#top\">&gt;&gt;para o topo<\/a><\/p>\n<p><a id=\"sicard\"><\/a><strong>Mudan\u00e7as N\u00famero SI-Card<\/strong><\/p>\n<p>&#8211; Quaisquer mudan\u00e7as no n\u00famero do SI-Card devem ser efetuadas no Secretariado antes da partida. N\u00e3o ser\u00e1 permitida a partida de atletas com altera\u00e7\u00f5es n\u00e3o validadas previamente no Secretariado.<br \/>\n&#8211; Cada altera\u00e7\u00e3o ter\u00e1 um custo de \u20ac3,00.<br \/>\n<a href=\"#top\">&gt;&gt;para o topo<\/a><\/p>\n<p><strong><a id=\"sistemacontrolo\"><\/a>Sistema de Controlo<\/strong><\/p>\n<p>&#8211; O sistema de controlo utilizado ser\u00e1 o SPORTident;<br \/>\n&#8211; O modo <em>contactless<\/em> AIR+ estar\u00e1 ativo em todas as etapas de Floresta e Sprint;<br \/>\n&#8211; Quem n\u00e3o possuir um SIAC pode utilizar o seu SICard como habitual sem problema;<br \/>\n<a href=\"#top\">&gt;&gt;para o topo<\/a><\/p>\n<p><strong><a id=\"tempospartida\"><\/a>Tempos Partida<\/strong><\/p>\n<p>&#8211; N\u00e3o ser\u00e1 permitida a mudan\u00e7a de horas de partida nos dias de competi\u00e7\u00e3o;<br \/>\n&#8211; Em caso de constrangimentos relacionados com o hor\u00e1rio de partida (exemplo: necessidade de uma hora de partida mais cedo no \u00faltimo dia), por favor assinale-o durante o processo de inscri\u00e7\u00e3o;<br \/>\n&#8211; Nos escal\u00f5es abertos e de forma\u00e7\u00e3o, os participantes t\u00eam uma janela de tempo na qual podem iniciar a sua participa\u00e7\u00e3o, recorrendo a uma esta\u00e7\u00e3o &#8220;START&#8221;, que guarda a hora de partida dos mesmos;<br \/>\nNo entanto, ir\u00e1 ser gerada uma lista com horas de partida definidas, que dever\u00e3o ser minimamente respeitadas, para que n\u00e3o haja acumula\u00e7\u00e3o de atletas no mesmo minuto.<\/p>\n<p><span style=\"font-weight: 400\">&#8211; Quaisquer mudan\u00e7as nos tempos de partida devem ser efetuadas por email antes do dia 0 (sexta-feira anterior). N\u00e3o ser\u00e1 permitida a partida de atletas com altera\u00e7\u00f5es n\u00e3o validadas previamente.<\/span><span style=\"font-weight: 400\"><br \/>\n<\/span><span style=\"font-weight: 400\">&#8211; Cada altera\u00e7\u00e3o ter\u00e1 um custo de \u20ac3,00.<\/span><br \/>\n<a href=\"#top\">&gt;&gt;para o topo<\/a><\/p>\n<p><strong><a id=\"tempoprova\"><\/a>Tempo limite por prova<\/strong><\/p>\n<p>&#8211; Os tempos limite para a realiza\u00e7\u00e3o dos percursos ser\u00e3o os seguintes:<br \/>\nDist\u00e2ncia longa &#8211; 3 horas;<br \/>\nDist\u00e2ncia m\u00e9dia &#8211; 2 horas;<br \/>\nSprints Noturno &#8211; 50min;<br \/>\n<a href=\"#top\">&gt;&gt;para o topo<\/a><\/p>\n<p><strong><a id=\"fairplay\"><\/a>Fair Play<\/strong><\/p>\n<p>&#8211; No final de cada percurso os atletas podem ficar com o seu mapa, apelando-se ao Fair Play de todos no sentido de manter os mapas\/percursos secretos para os atletas que ainda n\u00e3o efetuaram a sua prova.<br \/>\n<a href=\"#top\">&gt;&gt;para o topo<\/a><\/p>\n<p><strong><a id=\"resultados\"><\/a>Resultados<\/strong><\/p>\n<p>\u2013 O resultado final do Portugal \u2018O\u2019 Meeting\u00a0 ser\u00e1 definido pela soma dos pontos obtidos ao longo das 4 etapas pontu\u00e1veis, exceto nos escal\u00f5es de Elite, onde o vencedor do evento ser\u00e1 o primeiro atleta a terminar a \u00faltima etapa (Chasing Start);<br \/>\n\u2013 Os eventos de Sprint Noturno e PreO n\u00e3o contar\u00e3o para a classifica\u00e7\u00e3o geral do POM.<\/p>\n<p><span style=\"font-weight: 400\">Os 2 Sprints fazem somat\u00f3rio de pontos entre ambos para uma classifica\u00e7\u00e3o geral\u00a0<\/span><\/p>\n<p><span style=\"font-weight: 400\">O PreO, a classifica\u00e7\u00e3o da etapa ser\u00e1 a classifica\u00e7\u00e3o final<\/span><span style=\"font-weight: 400\"><br \/>\n<\/span><br \/>\n<a href=\"#top\">&gt;&gt;para o topo<\/a><\/p>\n<p><strong><a id=\"premios\"><\/a>Pr\u00e9mios<\/strong><\/p>\n<p>&#8211; <em><strong>POM<\/strong><\/em>: Pr\u00e9mio para os 3 primeiros atletas de cada escal\u00e3o de competi\u00e7\u00e3o (5 primeiros atletas nos escal\u00f5es M21E, M21SE e W21E) e para os 3 melhores clubes. Todos os atletas inscritos nos escal\u00f5es de forma\u00e7\u00e3o (W\/M10 e W\/M12) ir\u00e3o receber uma lembran\u00e7a, independentemente da sua classifica\u00e7\u00e3o;<br \/>\n&#8211; <strong><em>WRE<\/em><\/strong>: Pr\u00e9mios para os 5 primeiros atletas nos escal\u00f5es W21E e M21SE<\/p>\n<p>&#8211; <strong><em>Sprint<\/em><\/strong>: Pr\u00e9mios para os tr\u00eas primeiros de cada Escal\u00e3o;<br \/>\n&#8211; <strong><em>PreO<\/em><\/strong>: Pr\u00e9mios para os tr\u00eas primeiros atletas em cada classe;<br \/>\n<a href=\"#top\">&gt;&gt;para o topo<\/a><\/p>\n<p><a id=\"seguro\"><\/a><strong>Seguro Desportivo<\/strong><\/p>\n<p>&#8211; Os atletas federados na FPO estar\u00e3o segurados pelo seguro da mesma;<br \/>\n&#8211; Cidad\u00e3os portugueses e residentes em Portugal n\u00e3o federados na FPO tamb\u00e9m estar\u00e3o cobertos pelo seguro da FPO;<br \/>\n<span style=\"font-weight: 400\">&#8211; Participantes estrangeiros e\/ou n\u00e3o residentes em Portugal, a organiza\u00e7\u00e3o cobrar\u00e1 uma taxa suplementar de 2\u20ac \/ dia para que fiquem abrangidos por um seguro especifico<\/span><br \/>\n<a href=\"#top\">&gt;&gt;para o topo<\/a><\/p>\n<p><strong><a id=\"indicacoes\"><\/a>Indica\u00e7\u00f5es de Tr\u00e2nsito<\/strong><\/p>\n<p>&#8211; A localiza\u00e7\u00e3o dos estacionamentos (Coordenadas GPS) e a sua dist\u00e2ncia \u00e0s arenas ser\u00e1 divulgada. Haver\u00e1 sinaliza\u00e7\u00e3o recorrendo ao uso de setas de cor laranja e branca desde o estacionamento at\u00e9 \u00e0s Arenas.<br \/>\n&#8211; Por favor siga as instru\u00e7\u00f5es dadas pela Organiza\u00e7\u00e3o, quer para efeitos de estacionamento ou de condu\u00e7\u00e3o.<br \/>\n<a href=\"#top\">&gt;&gt;para o topo<\/a><\/p>\n<p><strong><a id=\"regras\"><\/a>Regras<\/strong><\/p>\n<p>&#8211; A competi\u00e7\u00e3o rege-se pelo Regulamento de Competi\u00e7\u00f5es da FPO em vigor. Perante qualquer caso omisso no regulamento da FPO ser\u00e1 aplicado o regulamento da IOF.<br \/>\n<a href=\"#top\">&gt;&gt;para o topo<\/a><\/p>\n<p><strong><a id=\"reclama\"><\/a>Reclama\u00e7\u00f5es<\/strong><\/p>\n<p>&#8211; Qualquer reclama\u00e7\u00e3o deve ser feita por escrito e apresentada no secretariado o mais r\u00e1pido poss\u00edvel, mas sempre at\u00e9 um m\u00e1ximo de 15 minutos ap\u00f3s concluir o respetivo percurso.<br \/>\n<a href=\"#top\">&gt;&gt;para o topo<\/a><\/p>","protected":false},"excerpt":{"rendered":"<p>Arenas | Solo Duro\u00a0 |\u00a0\u00a0BabySitting \u00a0| Evento Modelo\u00a0|\u00a0 Eventos de Treino\u00a0|Escal\u00e3o Elite Masc.\u00a0 |\u00a0\u00a0Chasing Start\u00a0 |\u00a0 Peitoral\u00a0 |\u00a0\u00a0Mudan\u00e7as SICard\u00a0 |\u00a0\u00a0Sistema Controlo\u00a0 |\u00a0\u00a0Tempos Partida\u00a0 |\u00a0\u00a0Tempos Limite de Prova\u00a0 |\u00a0\u00a0Fair Play\u00a0 |\u00a0\u00a0Resultados\u00a0 |\u00a0\u00a0Pr\u00e9mios\u00a0 |\u00a0\u00a0Seguro Desportivo\u00a0 |\u00a0\u00a0Indica\u00e7\u00f5es Tr\u00e2nsito\u00a0 |\u00a0\u00a0Regras \u00a0| Reclama\u00e7\u00f5es Arenas &#8211; Nas arenas, os atletas ir\u00e3o ter \u00e0 sua disposi\u00e7\u00e3o todas as infraestruturas necess\u00e1rias (Secretariado, Inform\u00e1tica, Servi\u00e7o de Bar (exceto Sprint), WC, BabySitting (exceto Sprint e PreO), Primeiros Socorros, Resultados, Speaker, etc); \u2013 No caso de pretender recorrer ao servi\u00e7o de BabySitting por favor assinale essa op\u00e7\u00e3o durante o processo de inscri\u00e7\u00e3o no OriO\u00e1sis. &gt;&gt;para o topo Solo Duro \u2013 \u00c9 obrigat\u00f3rio o uso de cal\u00e7ado adequado no recinto; \u2013 N\u00e3o [&hellip;]<\/p>\n","protected":false},"author":12,"featured_media":0,"parent":0,"menu_order":0,"comment_status":"closed","ping_status":"closed","template":"","meta":{"_monsterinsights_skip_tracking":false,"_monsterinsights_sitenote_active":false,"_monsterinsights_sitenote_note":"","_monsterinsights_sitenote_category":0,"footnotes":""},"class_list":["post-401","page","type-page","status-publish","hentry"],"_links":{"self":[{"href":"https:\/\/pom.pt\/2025\/pt\/wp-json\/wp\/v2\/pages\/401","targetHints":{"allow":["GET"]}}],"collection":[{"href":"https:\/\/pom.pt\/2025\/pt\/wp-json\/wp\/v2\/pages"}],"about":[{"href":"https:\/\/pom.pt\/2025\/pt\/wp-json\/wp\/v2\/types\/page"}],"author":[{"embeddable":true,"href":"https:\/\/pom.pt\/2025\/pt\/wp-json\/wp\/v2\/users\/12"}],"replies":[{"embeddable":true,"href":"https:\/\/pom.pt\/2025\/pt\/wp-json\/wp\/v2\/comments?post=401"}],"version-history":[{"count":69,"href":"https:\/\/pom.pt\/2025\/pt\/wp-json\/wp\/v2\/pages\/401\/revisions"}],"predecessor-version":[{"id":1416,"href":"https:\/\/pom.pt\/2025\/pt\/wp-json\/wp\/v2\/pages\/401\/revisions\/1416"}],"wp:attachment":[{"href":"https:\/\/pom.pt\/2025\/pt\/wp-json\/wp\/v2\/media?parent=401"}],"curies":[{"name":"wp","href":"https:\/\/api.w.org\/{rel}","templated":true}]}}