{"id":364,"date":"2020-08-06T16:57:54","date_gmt":"2020-08-06T16:57:54","guid":{"rendered":"http:\/\/pom.pt\/2025\/?page_id=364"},"modified":"2025-01-13T21:56:36","modified_gmt":"2025-01-13T21:56:36","slug":"accomodation","status":"publish","type":"page","link":"https:\/\/pom.pt\/2025\/pt\/alojamento\/","title":{"rendered":"Alojamento"},"content":{"rendered":"<p>Solo Duro na EB 2,3 Eng. Duarte Pacheco (37\u00b008&#8217;29.5&#8243;N 8\u00b001&#8217;33.7&#8243;W)<\/p>\n<p>Nos Centros de Evento, estar\u00e3o dispon\u00edveis lugares dedicados para autocaravanas. Al\u00e9m disso, destacam-se tr\u00eas esta\u00e7\u00f5es de servi\u00e7o pr\u00f3ximas: Fonte Santa (Quarteira), com capacidade para 100 autocaravanas, Salir, com espa\u00e7o para 40 autocaravanas, e S\u00e3o Br\u00e1s de Alportel, com capacidade para 68 autocaravanas.<\/p>\n<p>Loul\u00e9 \u00e9 a principal e maior cidade com maior numero de habitantes do concelho do Algarve.<br \/>\nDe f\u00e1cil acesso e com uma localiza\u00e7\u00e3o central e privilegiada na regi\u00e3o, o concelho \u00e9 um destino tur\u00edstico por excel\u00eancia. Os visitantes podem\u00a0 escolher entre uma uma enorme variedade de alojamentos que v\u00e3o desde hot\u00e9is de 5* a alojamentos de turismo rural<br \/>\nrural, sendo este \u00faltimo tamb\u00e9m muito procurado pelos turistas que visitam o concelho de Loul\u00e9.<\/p>\n<p>Lista completa de alojamentos <a href=\"https:\/\/www.cm-loule.pt\/en\/menu\/147\/alojamento.aspx\">aqui<\/a>.<\/p>\n<p>&nbsp;<\/p>\n<p><img loading=\"lazy\" decoding=\"async\" class=\"alignnone size-medium wp-image-1168\" src=\"http:\/\/pom.pt\/2025\/wp-content\/uploads\/sites\/13\/2024\/09\/alojamentos-300x199.png\" alt=\"\" width=\"300\" height=\"199\" srcset=\"https:\/\/pom.pt\/2025\/wp-content\/uploads\/sites\/13\/2024\/09\/alojamentos-300x199.png 300w, https:\/\/pom.pt\/2025\/wp-content\/uploads\/sites\/13\/2024\/09\/alojamentos.png 476w\" sizes=\"auto, (max-width: 300px) 100vw, 300px\" \/><\/p>\n<p>&nbsp;<\/p>\n<h4 class=\"av_iconlist_title iconlist_title \"><\/h4>\n<p>&nbsp;<\/p>","protected":false},"excerpt":{"rendered":"<p>Solo Duro na EB 2,3 Eng. Duarte Pacheco (37\u00b008&#8217;29.5&#8243;N 8\u00b001&#8217;33.7&#8243;W) Nos Centros de Evento, estar\u00e3o dispon\u00edveis lugares dedicados para autocaravanas. Al\u00e9m disso, destacam-se tr\u00eas esta\u00e7\u00f5es de servi\u00e7o pr\u00f3ximas: Fonte Santa (Quarteira), com capacidade para 100 autocaravanas, Salir, com espa\u00e7o para 40 autocaravanas, e S\u00e3o Br\u00e1s de Alportel, com capacidade para 68 autocaravanas. Loul\u00e9 \u00e9 a principal e maior cidade com maior numero de habitantes do concelho do Algarve. De f\u00e1cil acesso e com uma localiza\u00e7\u00e3o central e privilegiada na regi\u00e3o, o concelho \u00e9 um destino tur\u00edstico por excel\u00eancia. Os visitantes podem\u00a0 escolher entre uma uma enorme variedade de alojamentos que v\u00e3o desde hot\u00e9is de 5* a alojamentos de turismo rural [&hellip;]<\/p>\n","protected":false},"author":12,"featured_media":0,"parent":0,"menu_order":0,"comment_status":"closed","ping_status":"closed","template":"","meta":{"_monsterinsights_skip_tracking":false,"_monsterinsights_sitenote_active":false,"_monsterinsights_sitenote_note":"","_monsterinsights_sitenote_category":0,"footnotes":""},"class_list":["post-364","page","type-page","status-publish","hentry"],"_links":{"self":[{"href":"https:\/\/pom.pt\/2025\/pt\/wp-json\/wp\/v2\/pages\/364","targetHints":{"allow":["GET"]}}],"collection":[{"href":"https:\/\/pom.pt\/2025\/pt\/wp-json\/wp\/v2\/pages"}],"about":[{"href":"https:\/\/pom.pt\/2025\/pt\/wp-json\/wp\/v2\/types\/page"}],"author":[{"embeddable":true,"href":"https:\/\/pom.pt\/2025\/pt\/wp-json\/wp\/v2\/users\/12"}],"replies":[{"embeddable":true,"href":"https:\/\/pom.pt\/2025\/pt\/wp-json\/wp\/v2\/comments?post=364"}],"version-history":[{"count":12,"href":"https:\/\/pom.pt\/2025\/pt\/wp-json\/wp\/v2\/pages\/364\/revisions"}],"predecessor-version":[{"id":1372,"href":"https:\/\/pom.pt\/2025\/pt\/wp-json\/wp\/v2\/pages\/364\/revisions\/1372"}],"wp:attachment":[{"href":"https:\/\/pom.pt\/2025\/pt\/wp-json\/wp\/v2\/media?parent=364"}],"curies":[{"name":"wp","href":"https:\/\/api.w.org\/{rel}","templated":true}]}}