{"id":362,"date":"2020-08-06T16:57:23","date_gmt":"2020-08-06T16:57:23","guid":{"rendered":"http:\/\/pom.pt\/2025\/?page_id=362"},"modified":"2024-09-08T09:10:00","modified_gmt":"2024-09-08T09:10:00","slug":"english-how-to-pay","status":"publish","type":"page","link":"https:\/\/pom.pt\/2025\/pt\/como-pagar\/","title":{"rendered":"Como pagar"},"content":{"rendered":"<p><strong>Processo de pagamento<\/strong><\/p>\n<p><span style=\"color: #000000\"><strong>Para\u00a0<\/strong><strong>Inscri\u00e7\u00f5es Express do\u00a0<a style=\"color: #000000\" title=\"Plataforma de inscri\u00e7\u00f5es - OriOasis POM2015\" href=\"https:\/\/www.orioasis.pt\/oasis\/express.php?action=express&amp;sh=s&amp;eventid=2887\" target=\"_blank\" rel=\"noopener noreferrer\">OriOasis<\/a>, por favor coloque o Express Code no descritivo do pagamento.<br \/>\n<\/strong><\/span><\/p>\n<p><span style=\"color: #000000\">Para<strong>\u00a0pagamentos totais de clubes<\/strong>, indique sempre o nome clube no descritivo.<\/span><br \/>\n<span style=\"color: #000000\">Para\u00a0<strong>pagamentos parciais de clubes<\/strong>, indique nos coment\u00e1rios o clube e a lista de atletas a que se refere o pagamento, ou envie um email (<a style=\"color: #000000\" href=\"mailto:entries@pom.pt\" target=\"_blank\" rel=\"noopener noreferrer\">entries@pom.pt<\/a>)\u00a0\u00e0 organiza\u00e7\u00e3o com a lista de atletas e o comprovativo da transfer\u00eancia.<\/span><\/p>\n<p><span style=\"color: #000000\"><strong><br \/>\n<\/strong><strong>Notas<\/strong>: Para todas as inscri\u00e7\u00f5es pagas por transfer\u00eancia banc\u00e1ria, \u00e9 necess\u00e1rio enviar comprovativo da opera\u00e7\u00e3o para o email: <a style=\"color: #000000\" href=\"mailto:entries@pom.pt\" target=\"_blank\" rel=\"noopener noreferrer\">entries@pom.pt<\/a><\/span><\/p>\n<p><span style=\"color: #000000\"><a style=\"color: #000000\" href=\"mailto:entries@pom.pt\" target=\"_blank\" rel=\"noopener noreferrer\"><br \/>\n<\/a>Todas as despesas inerentes \u00e0s transfer\u00eancias banc\u00e1rias devem ser suportadas pelo ordenante.\u00a0Se alguma despesa\u00a0\u00a0referente \u00e0s transfer\u00eancias banc\u00e1rias for indevidamente cobrada \u00e0 Organiza\u00e7\u00e3o, as mesmas ser\u00e3o pagas posteriormente pelos clubes ou atletas.<\/span><\/p>\n<p><span style=\"color: #000000\">Por favor utilize o endere\u00e7o <a style=\"color: #000000\" href=\"mailto:entries@pom.pt\" target=\"_blank\" rel=\"noopener noreferrer\">entries@pom.pt<\/a> para todos os emails relacionados com o pagamento de inscri\u00e7\u00f5es.<\/span><\/p>","protected":false},"excerpt":{"rendered":"<p>Processo de pagamento Para\u00a0Inscri\u00e7\u00f5es Express do\u00a0OriOasis, por favor coloque o Express Code no descritivo do pagamento. Para\u00a0pagamentos totais de clubes, indique sempre o nome clube no descritivo. Para\u00a0pagamentos parciais de clubes, indique nos coment\u00e1rios o clube e a lista de atletas a que se refere o pagamento, ou envie um email (entries@pom.pt)\u00a0\u00e0 organiza\u00e7\u00e3o com a lista de atletas e o comprovativo da transfer\u00eancia. Notas: Para todas as inscri\u00e7\u00f5es pagas por transfer\u00eancia banc\u00e1ria, \u00e9 necess\u00e1rio enviar comprovativo da opera\u00e7\u00e3o para o email: entries@pom.pt Todas as despesas inerentes \u00e0s transfer\u00eancias banc\u00e1rias devem ser suportadas pelo ordenante.\u00a0Se alguma despesa\u00a0\u00a0referente \u00e0s transfer\u00eancias banc\u00e1rias for indevidamente cobrada \u00e0 Organiza\u00e7\u00e3o, as mesmas ser\u00e3o pagas posteriormente pelos [&hellip;]<\/p>\n","protected":false},"author":12,"featured_media":0,"parent":0,"menu_order":0,"comment_status":"closed","ping_status":"closed","template":"","meta":{"_monsterinsights_skip_tracking":false,"_monsterinsights_sitenote_active":false,"_monsterinsights_sitenote_note":"","_monsterinsights_sitenote_category":0,"footnotes":""},"class_list":["post-362","page","type-page","status-publish","hentry"],"_links":{"self":[{"href":"https:\/\/pom.pt\/2025\/pt\/wp-json\/wp\/v2\/pages\/362","targetHints":{"allow":["GET"]}}],"collection":[{"href":"https:\/\/pom.pt\/2025\/pt\/wp-json\/wp\/v2\/pages"}],"about":[{"href":"https:\/\/pom.pt\/2025\/pt\/wp-json\/wp\/v2\/types\/page"}],"author":[{"embeddable":true,"href":"https:\/\/pom.pt\/2025\/pt\/wp-json\/wp\/v2\/users\/12"}],"replies":[{"embeddable":true,"href":"https:\/\/pom.pt\/2025\/pt\/wp-json\/wp\/v2\/comments?post=362"}],"version-history":[{"count":12,"href":"https:\/\/pom.pt\/2025\/pt\/wp-json\/wp\/v2\/pages\/362\/revisions"}],"predecessor-version":[{"id":1213,"href":"https:\/\/pom.pt\/2025\/pt\/wp-json\/wp\/v2\/pages\/362\/revisions\/1213"}],"wp:attachment":[{"href":"https:\/\/pom.pt\/2025\/pt\/wp-json\/wp\/v2\/media?parent=362"}],"curies":[{"name":"wp","href":"https:\/\/api.w.org\/{rel}","templated":true}]}}