{"id":358,"date":"2020-08-06T16:43:45","date_gmt":"2020-08-06T16:43:45","guid":{"rendered":"http:\/\/pom.pt\/2025\/?page_id=358"},"modified":"2024-02-08T13:35:15","modified_gmt":"2024-02-08T13:35:15","slug":"contacts","status":"publish","type":"page","link":"https:\/\/pom.pt\/2025\/pt\/contactos\/","title":{"rendered":"Contactos"},"content":{"rendered":"<p><strong>Facebook:<\/strong> <a href=\"https:\/\/www.facebook.com\/portugal.o.meeting\" target=\"_blank\" rel=\"noopener noreferrer\">portugal.o.meeting<\/a><br \/>\n<strong>Emails:<\/strong><br \/>\n<a href=\"mailto:info@pom.pt\" target=\"_blank\" rel=\"noopener noreferrer\">info@pom.pt<\/a> (informa\u00e7\u00f5es gerais)<br \/>\n<a href=\"mailto:entries@pom.pt\" target=\"_blank\" rel=\"noopener noreferrer\">entries@pom.pt<\/a> (inscri\u00e7\u00f5es)<\/p>\n<p>Contacto Telefone &#8211; <span class=\"S1PPyQ\">+351 938462348 &#8211; Helder Fa\u00edsca<\/span><\/p>\n<p class=\"_04xlpA direction-ltr align-start para-style-body\"><span class=\"S1PPyQ\">website evento:<\/span><span class=\"S1PPyQ\"> pom.pt<\/span><\/p>\n<p class=\"_04xlpA direction-ltr align-start para-style-body\"><span class=\"S1PPyQ\">Facebook evento<\/span><span class=\"S1PPyQ\">: https:\/\/www.facebook.com\/portugal.o.meeting<\/span><\/p>\n<p class=\"_04xlpA direction-ltr align-start para-style-body\"><span class=\"S1PPyQ\">instagram<\/span><span class=\"S1PPyQ\">: POM<\/span><\/p>\n<p><\/p>","protected":false},"excerpt":{"rendered":"<p>Facebook: portugal.o.meeting Emails: info@pom.pt (informa\u00e7\u00f5es gerais) entries@pom.pt (inscri\u00e7\u00f5es) Contacto Telefone &#8211; +351 938462348 &#8211; Helder Fa\u00edsca website evento: pom.pt Facebook evento: https:\/\/www.facebook.com\/portugal.o.meeting instagram: POM<\/p>\n","protected":false},"author":12,"featured_media":0,"parent":0,"menu_order":0,"comment_status":"closed","ping_status":"closed","template":"","meta":{"_monsterinsights_skip_tracking":false,"_monsterinsights_sitenote_active":false,"_monsterinsights_sitenote_note":"","_monsterinsights_sitenote_category":0,"footnotes":""},"class_list":["post-358","page","type-page","status-publish","hentry"],"_links":{"self":[{"href":"https:\/\/pom.pt\/2025\/pt\/wp-json\/wp\/v2\/pages\/358","targetHints":{"allow":["GET"]}}],"collection":[{"href":"https:\/\/pom.pt\/2025\/pt\/wp-json\/wp\/v2\/pages"}],"about":[{"href":"https:\/\/pom.pt\/2025\/pt\/wp-json\/wp\/v2\/types\/page"}],"author":[{"embeddable":true,"href":"https:\/\/pom.pt\/2025\/pt\/wp-json\/wp\/v2\/users\/12"}],"replies":[{"embeddable":true,"href":"https:\/\/pom.pt\/2025\/pt\/wp-json\/wp\/v2\/comments?post=358"}],"version-history":[{"count":3,"href":"https:\/\/pom.pt\/2025\/pt\/wp-json\/wp\/v2\/pages\/358\/revisions"}],"predecessor-version":[{"id":1124,"href":"https:\/\/pom.pt\/2025\/pt\/wp-json\/wp\/v2\/pages\/358\/revisions\/1124"}],"wp:attachment":[{"href":"https:\/\/pom.pt\/2025\/pt\/wp-json\/wp\/v2\/media?parent=358"}],"curies":[{"name":"wp","href":"https:\/\/api.w.org\/{rel}","templated":true}]}}