{"id":351,"date":"2020-08-06T16:39:07","date_gmt":"2020-08-06T16:39:07","guid":{"rendered":"http:\/\/pom.pt\/2025\/?page_id=351"},"modified":"2024-12-28T19:01:04","modified_gmt":"2024-12-28T19:01:04","slug":"classes-and-fees","status":"publish","type":"page","link":"https:\/\/pom.pt\/2025\/pt\/escaloes-e-precos\/","title":{"rendered":"Escal\u00f5es e pre\u00e7os"},"content":{"rendered":"<p>Os participantes devem inscrever-se atrav\u00e9s da plataforma <a href=\"https:\/\/www.orioasis.pt\/oasis\/express.php?action=express&amp;sh=s&amp;eventid=2887\" target=\"_blank\" rel=\"noopener\">OriOasis<\/a>.<\/p>\n<p>A inscri\u00e7\u00e3o no Model Event tamb\u00e9m deve ser feita na mesma plataforma, utilizando um campo extra dispon\u00edvel.<\/p>\n<p>Em caso de d\u00favidas ou problemas com as inscri\u00e7\u00f5es, por favor contacte-nos atrav\u00e9s do seguinte e-mail: <a href=\"mailto:entries@pom.pt\">entries@pom.pt<\/a><\/p>\n<p>A data limite para as inscri\u00e7\u00f5es \u00e9 15 de fevereiro de 2025.<\/p>\n<p><strong>CLASSES ELITE:<\/strong> Durante o processo de inscri\u00e7\u00e3o, os atletas de Elite devem fornecer o seu World Ranking ID. Todos os atletas nestas classes precisam de estar registados no IOF Eventor.<\/p>\n<p><strong>MODEL EVENT<\/strong>: N\u00e3o se esque\u00e7a de se inscrever no Model Event.<\/p>\n<p><strong>SOLO DURO<\/strong> : Se quiser utilizar o Solo Duro, a inscri\u00e7\u00e3o para o mesmo \u00e9 obrigat\u00f3ria.<\/p>\n<p><strong>LEMBRAN\u00c7A<\/strong>: Todos os atletas ir\u00e3o receber uma t-shirt do evento, necess\u00e1rio escolher o tamanho na plataforma de inscri\u00e7\u00e3o<\/p>\n<p><strong>ESCAL\u00d5ES ABERTOS: <\/strong>Destinam-se a qualquer cidad\u00e3o interessado em experimentar a modalidade, a praticantes sem a inscri\u00e7\u00e3o v\u00e1lida na FPO ou a quem opte por participar a pares ou em grupo. A participa\u00e7\u00e3o \u00e9 livre, sem distin\u00e7\u00e3o de idade ou g\u00e9nero, estando dispon\u00edveis as seguintes op\u00e7\u00f5es, com n\u00edvel t\u00e9cnico progressivo:<strong><br \/>\n<\/strong><\/p>\n\n<table id=\"tablepress-22\" class=\"tablepress tablepress-id-22\">\n<thead>\n<tr class=\"row-1\">\n\t<th class=\"column-1\">ESCAL\u00c3O<\/th><th class=\"column-2\">DIFICULDADE <\/th><th class=\"column-3\">DESCRI\u00c7\u00c3O<\/th><th class=\"column-4\">NOMENCLATURA ANTERIOR<\/th>\n<\/tr>\n<\/thead>\n<tbody class=\"row-striping row-hover\">\n<tr class=\"row-2\">\n\t<td class=\"column-1\">Branco<\/td><td class=\"column-2\">F\u00e1cil<\/td><td class=\"column-3\">Percurso igual ao percurso T10<\/td><td class=\"column-4\">F\u00e1cil Curto<\/td>\n<\/tr>\n<tr class=\"row-3\">\n\t<td class=\"column-1\">Verde<\/td><td class=\"column-2\">F\u00e1cil<\/td><td class=\"column-3\">Percurso apoiado em refer\u00eancias lineares \u00f3bvias para um praticante com pouca<br \/>\nexperi\u00eancia. Deve ter dificuldade t\u00e9cnica e f\u00edsica reduzida, com o maior interesse paisag\u00edstico poss\u00edvel e aconselhamento t\u00e9cnico opcional<\/td><td class=\"column-4\">F\u00e1cil Longo<\/td>\n<\/tr>\n<tr class=\"row-4\">\n\t<td class=\"column-1\">Amarelo<\/td><td class=\"column-2\">Interm\u00e9dio<\/td><td class=\"column-3\">Dificuldade t\u00e9cnica m\u00e9dia e uma exig\u00eancia f\u00edsica baixa<\/td><td class=\"column-4\">Dif\u00edcil Curto<\/td>\n<\/tr>\n<tr class=\"row-5\">\n\t<td class=\"column-1\">Vermelho<\/td><td class=\"column-2\">Dif\u00edcil<\/td><td class=\"column-3\">Dificuldade t\u00e9cnica m\u00e9dia\/alta e uma dificuldade f\u00edsica\u00a0m\u00e9dia\/alta<\/td><td class=\"column-4\">Dif\u00edcil Longo<\/td>\n<\/tr>\n<tr class=\"row-6\">\n\t<td class=\"column-1\"><\/td><td class=\"column-2\"><\/td><td class=\"column-3\"><\/td><td class=\"column-4\"><\/td>\n<\/tr>\n<\/tbody>\n<\/table>\n<!-- #tablepress-22 from cache -->\n<table style=\"width: 50.4246%;height: 749px\" width=\"595\">\n<tbody>\n<tr>\n<td style=\"width: 97.9828%\" colspan=\"5\" width=\"595\">\n<p style=\"text-align: center\"><strong>Pre\u00e7os<\/strong><\/p>\n<\/td>\n<\/tr>\n<tr>\n<td style=\"text-align: center;width: 11.9597%\" width=\"73\"><strong>Terreno<\/strong><\/td>\n<td style=\"text-align: center;width: 13.2565%\" width=\"81\"><strong>Etapa<\/strong><\/td>\n<td style=\"text-align: center;width: 48.2709%\" width=\"224\"><strong>Classes<\/strong><\/td>\n<td style=\"text-align: center;width: 2.01729%\" width=\"78\"><strong>FPO\/FEDO<\/strong><\/td>\n<td style=\"text-align: center;width: 22.4784%\" width=\"140\"><strong>N\u00e3o FPO\/FEDO<\/strong><\/td>\n<\/tr>\n<tr>\n<td style=\"text-align: center;width: 11.9597%\" rowspan=\"4\" width=\"73\"><strong>Floresta<\/strong><\/td>\n<td style=\"text-align: center;width: 13.2565%\" rowspan=\"4\" width=\"81\"><strong>1<\/strong><\/p>\n<p><strong>3<\/strong><\/p>\n<p><strong>5<\/strong><\/p>\n<p><strong>7<\/strong><\/td>\n<td style=\"width: 48.2709%\" width=\"224\"><strong>Open Jovem + T10 + M\/W 12 <\/strong><\/td>\n<td style=\"text-align: center;width: 2.01729%\" width=\"78\"><strong>5,5\u20ac<\/strong><\/td>\n<td style=\"text-align: center;width: 22.4784%\" width=\"140\"><strong>6\u20ac<\/strong><\/td>\n<\/tr>\n<tr>\n<td style=\"width: 48.2709%\" width=\"224\"><strong>Open Senior<\/strong><\/td>\n<td style=\"text-align: center;width: 2.01729%\" width=\"78\"><strong>10\u20ac<\/strong><\/td>\n<td style=\"text-align: center;width: 22.4784%\" width=\"140\"><strong>11\u20ac<\/strong><\/td>\n<\/tr>\n<tr>\n<td style=\"width: 48.2709%\" width=\"224\"><strong>Young Competi\u00e7\u00e3o<\/strong><\/td>\n<td style=\"text-align: center;width: 2.01729%\" width=\"78\"><strong>5,5\u20ac<\/strong><\/td>\n<td style=\"text-align: center;width: 22.4784%\" width=\"140\"><strong>10\u20ac*<\/strong><\/td>\n<\/tr>\n<tr>\n<td style=\"width: 48.2709%\" width=\"224\"><strong>Senior Competi\u00e7\u00e3o<\/strong><\/td>\n<td style=\"text-align: center;width: 2.01729%\" width=\"78\"><strong>10\u20ac<\/strong><\/td>\n<td style=\"text-align: center;width: 22.4784%\" width=\"140\"><strong>17\u20ac*<\/strong><\/td>\n<\/tr>\n<tr>\n<td style=\"text-align: center;width: 11.9597%\" rowspan=\"4\" width=\"73\"><strong>Sprint<\/strong><\/td>\n<td style=\"text-align: center;width: 13.2565%\" rowspan=\"4\" width=\"81\"><strong>2<\/strong><\/p>\n<p><strong>4<\/strong><\/td>\n<td style=\"width: 48.2709%\" width=\"224\"><strong>Open Jovem + T10 + M\/W 12<\/strong><\/td>\n<td style=\"text-align: center;width: 2.01729%\" width=\"78\"><strong>4,5\u20ac<\/strong><\/td>\n<td style=\"text-align: center;width: 22.4784%\" width=\"140\"><strong>5\u20ac<\/strong><\/td>\n<\/tr>\n<tr>\n<td style=\"width: 48.2709%\" width=\"224\"><strong>Open Senior<\/strong><\/td>\n<td style=\"text-align: center;width: 2.01729%\" width=\"78\"><strong>8\u20ac<\/strong><\/td>\n<td style=\"text-align: center;width: 22.4784%\" width=\"140\"><strong>9\u20ac<\/strong><\/td>\n<\/tr>\n<tr>\n<td style=\"width: 48.2709%\" width=\"224\"><strong>Jovem Competi\u00e7\u00e3o<\/strong><\/td>\n<td style=\"text-align: center;width: 2.01729%\" width=\"78\"><strong>4,5\u20ac<\/strong><\/td>\n<td style=\"text-align: center;width: 22.4784%\" width=\"140\"><strong>9\u20ac*<\/strong><\/td>\n<\/tr>\n<tr>\n<td style=\"width: 48.2709%\" width=\"224\"><strong>Senior competi\u00e7\u00e3o<\/strong><\/td>\n<td style=\"text-align: center;width: 2.01729%\" width=\"78\"><strong>8\u20ac<\/strong><\/td>\n<td style=\"text-align: center;width: 22.4784%\" width=\"140\"><strong>14\u20ac*<\/strong><\/td>\n<\/tr>\n<tr>\n<td style=\"text-align: center;width: 11.9597%\" rowspan=\"2\" width=\"73\"><strong>PreO<\/strong><\/td>\n<td style=\"text-align: center;width: 13.2565%\" rowspan=\"2\" width=\"81\"><strong>6<\/strong><\/td>\n<td style=\"width: 48.2709%\" width=\"224\"><strong>Paralimpic<\/strong><\/td>\n<td style=\"text-align: center;width: 2.01729%\" width=\"78\"><strong>10\u20ac<\/strong><\/td>\n<td style=\"text-align: center;width: 22.4784%\" width=\"140\"><strong>17\u20ac*<\/strong><\/td>\n<\/tr>\n<tr>\n<td style=\"width: 48.2709%\" width=\"224\"><strong>Open<\/strong><\/td>\n<td style=\"text-align: center;width: 2.01729%\" width=\"78\"><strong>10\u20ac<\/strong><\/td>\n<td style=\"text-align: center;width: 22.4784%\" width=\"140\"><strong>17\u20ac*<\/strong><\/td>\n<\/tr>\n<tr>\n<td style=\"text-align: center;width: 11.9597%\" width=\"73\"><strong>Floresta<\/strong><\/td>\n<td style=\"text-align: center;width: 13.2565%\" width=\"81\"><strong>Model <\/strong><\/td>\n<td style=\"text-align: center;width: 48.2709%\" width=\"224\"><strong>Todos<\/strong><\/td>\n<td style=\"text-align: center;width: 24.4957%\" colspan=\"2\" width=\"217\"><strong>5\u20ac<\/strong><\/td>\n<\/tr>\n<\/tbody>\n<\/table>\n<p>Nota: Qualquer altera\u00e7\u00e3o fora dos prazos tem um custo de 3\u20ac.<br \/>\n* O valor do seguro desportivo acresce aos valores da tabela (2\u20ac\/dia).<\/p>\n<div class=\"tabela4\" style=\"text-align: center\"><\/div>\n<p><\/p>","protected":false},"excerpt":{"rendered":"<p>Os participantes devem inscrever-se atrav\u00e9s da plataforma OriOasis. A inscri\u00e7\u00e3o no Model Event tamb\u00e9m deve ser feita na mesma plataforma, utilizando um campo extra dispon\u00edvel. Em caso de d\u00favidas ou problemas com as inscri\u00e7\u00f5es, por favor contacte-nos atrav\u00e9s do seguinte e-mail: entries@pom.pt A data limite para as inscri\u00e7\u00f5es \u00e9 15 de fevereiro de 2025. CLASSES ELITE: Durante o processo de inscri\u00e7\u00e3o, os atletas de Elite devem fornecer o seu World Ranking ID. Todos os atletas nestas classes precisam de estar registados no IOF Eventor. MODEL EVENT: N\u00e3o se esque\u00e7a de se inscrever no Model Event. SOLO DURO : Se quiser utilizar o Solo Duro, a inscri\u00e7\u00e3o para o mesmo \u00e9 [&hellip;]<\/p>\n","protected":false},"author":12,"featured_media":0,"parent":0,"menu_order":0,"comment_status":"closed","ping_status":"closed","template":"","meta":{"_monsterinsights_skip_tracking":false,"_monsterinsights_sitenote_active":false,"_monsterinsights_sitenote_note":"","_monsterinsights_sitenote_category":0,"footnotes":""},"class_list":["post-351","page","type-page","status-publish","hentry"],"_links":{"self":[{"href":"https:\/\/pom.pt\/2025\/pt\/wp-json\/wp\/v2\/pages\/351","targetHints":{"allow":["GET"]}}],"collection":[{"href":"https:\/\/pom.pt\/2025\/pt\/wp-json\/wp\/v2\/pages"}],"about":[{"href":"https:\/\/pom.pt\/2025\/pt\/wp-json\/wp\/v2\/types\/page"}],"author":[{"embeddable":true,"href":"https:\/\/pom.pt\/2025\/pt\/wp-json\/wp\/v2\/users\/12"}],"replies":[{"embeddable":true,"href":"https:\/\/pom.pt\/2025\/pt\/wp-json\/wp\/v2\/comments?post=351"}],"version-history":[{"count":20,"href":"https:\/\/pom.pt\/2025\/pt\/wp-json\/wp\/v2\/pages\/351\/revisions"}],"predecessor-version":[{"id":1569,"href":"https:\/\/pom.pt\/2025\/pt\/wp-json\/wp\/v2\/pages\/351\/revisions\/1569"}],"wp:attachment":[{"href":"https:\/\/pom.pt\/2025\/pt\/wp-json\/wp\/v2\/media?parent=351"}],"curies":[{"name":"wp","href":"https:\/\/api.w.org\/{rel}","templated":true}]}}