{"id":348,"date":"2020-08-06T16:28:04","date_gmt":"2020-08-06T16:28:04","guid":{"rendered":"http:\/\/pom.pt\/2025\/?page_id=348"},"modified":"2025-03-02T08:45:52","modified_gmt":"2025-03-02T08:45:52","slug":"programa","status":"publish","type":"page","link":"https:\/\/pom.pt\/2025\/pt\/programa\/","title":{"rendered":"Programa"},"content":{"rendered":"<p><strong>15 de fevereiro<\/strong><\/p>\n<ul>\n<li>T\u00e9rmino das inscri\u00e7\u00f5es nos escal\u00f5es de competi\u00e7\u00e3o e inscri\u00e7\u00f5es online.<\/li>\n<li>Ser\u00e3o aceites inscri\u00e7\u00f5es nos escal\u00f5es abertos at\u00e9 ao dia da prova mas sempre sujeito \u00e0 disponibilidade de mapa.<\/li>\n<\/ul>\n<p><strong>28 de fevereiro (dia 0 \u2013 sexta-feira):<\/strong><\/p>\n<p>10h30 \u2013 Abertura do Secretariado \u2013 Est\u00e1dio do Algarve<\/p>\n<p>11h00 \u2013 Abertura do Model Event \u2013 Est\u00e1dio do Algarve (Floresta)<\/p>\n<p>17h00 \u2013 Encerramento do Model Event \u2013 Est\u00e1dio do Algarve (Floresta)<\/p>\n<p>19h00 \u2013 Abertura do Solo Duro<\/p>\n<p>23:00 \u2013 Fecho do Secretariado \u2013 Est\u00e1dio do Algarve<\/p>\n<p>&nbsp;<\/p>\n<p><strong>1 de mar\u00e7o (dia 1 \u2013 s\u00e1bado): Dist\u00e2ncia M\u00e9dia WRE Ludo<\/strong><\/p>\n<p>08h00 \u2013 Abertura do Secretariado \u2013 Est\u00e1dio do Algarve<\/p>\n<p>10h00 \u2013 Partida Dist\u00e2ncia M\u00e9dia <strong>WRE<\/strong> \u2013 Competi\u00e7\u00e3o<\/p>\n<p>10h30 \u2013 In\u00edcio partida para os escal\u00f5es abertos e de forma\u00e7\u00e3o<\/p>\n<p>14h30 \u2013 Fecho do secretariado &#8211; Arena<\/p>\n<p>15h00 \u2013 Cerim\u00f3nia de entrega de pr\u00e9mios WRE &#8211; Est\u00e1dio do Algarve<\/p>\n<p>&nbsp;<\/p>\n<p><strong>1 de mar\u00e7o (dia 1 \u2013 s\u00e1bado): Sprint Noturno &#8211; <\/strong>Est\u00e1dio do Algarve<\/p>\n<p>17h30 \u2013 Abertura do Secretariado<\/p>\n<p>19h00 \u2013 Partida Sprint Noturno<\/p>\n<p>19h30 \u2013 In\u00edcio partida para os escal\u00f5es abertos e de forma\u00e7\u00e3o<\/p>\n<p>21h00 \u2013 Cerim\u00f3nia de entrega de pr\u00e9mios &#8211; Sprint Noturno<\/p>\n<p>21h30 \u2013 Fecho do Secretariado<\/p>\n<p>&nbsp;<\/p>\n<p><strong>2 de mar\u00e7o (dia 2 \u2013 domingo): Dist\u00e2ncia Longa Ludo<\/strong><\/p>\n<p>08h00 \u2013 Abertura do Secretariado \u2013 Arena<\/p>\n<p>09h00 \u2013 Partida dist\u00e2ncia Longa \u2013 Competi\u00e7\u00e3o (actualizado)<\/p>\n<p>10h30 \u2013\u00a0In\u00edcio partida para os escal\u00f5es abertos e de forma\u00e7\u00e3o<\/p>\n<p>15h30 \u2013 Fecho do Secretariado<\/p>\n<p>&nbsp;<\/p>\n<p><strong>2 de mar\u00e7o (dia 2 \u2013 domingo): Sprint Noturno &#8211; <\/strong>Quarteira<\/p>\n<p>17h30 \u2013 Abertura do Secretariado<\/p>\n<p>19h00 \u2013 Partida Sprint Noturno<\/p>\n<p>19h30 \u2013 In\u00edcio partida para os escal\u00f5es abertos e de forma\u00e7\u00e3o<\/p>\n<p>21h00 \u2013 Cerim\u00f3nia de entrega de pr\u00e9mios &#8211; Sprint Noturno<\/p>\n<p>21h30 \u2013 Fecho do Secretariado<\/p>\n<p>&nbsp;<\/p>\n<p><strong>3 de mar\u00e7o (dia 3 \u2013 segunda-feira): Dist\u00e2ncia M\u00e9dia WRE \u2013 Canil Loul\u00e9<\/strong><\/p>\n<p>08h00 \u2013 Abertura do Secretariado \u2013 Arena<\/p>\n<p>10h00 \u2013 Partida Dist\u00e2ncia M\u00e9dia<strong>\u00a0WRE<\/strong><\/p>\n<p>10h30 \u2013In\u00edcio partida para os escal\u00f5es abertos e de forma\u00e7\u00e3o<\/p>\n<p>14h30 \u2013 Fecho do secretariado na arena<\/p>\n<p>15h00 \u2013 Cerim\u00f3nia de entrega de pr\u00e9mios WRE<\/p>\n<p>&nbsp;<\/p>\n<p><strong>3 de mar\u00e7o de fevereiro (dia 3 \u2013 segunda-feira): PreO \u2013 Quarteira<\/strong><\/p>\n<p>13h00 \u2013 PreO\u2013 Abertura secretariado<\/p>\n<p>13h30 \u2013 PreO \u2013 Partidas<\/p>\n<p>17h30 \u2013 PreO \u2013 Cerim\u00f3nia de entrega de pr\u00e9mios<\/p>\n<p>&nbsp;<\/p>\n<p><strong>4 de mar\u00e7o (dia 4 \u2013 ter\u00e7a-feira): Dist\u00e2ncia Longa \u2013 chasing start \u2013 Canil Loul\u00e9<\/strong><\/p>\n<p>08h00 \u2013 Abertura do Secretariado<\/p>\n<p>09h00 \u2013 Dist\u00e2ncia Longa (chasing start para os escal\u00f5es de Elite na arena)<\/p>\n<p>09h30 \u2013 In\u00edcio partida para os escal\u00f5es abertos e de forma\u00e7\u00e3o<\/p>\n<p>10h00 \u2013 Mass Start para os restantes atletas dos escal\u00f5es de Elite na arena<\/p>\n<p>13h30 \u2013 Cerim\u00f3nia de entrega de pr\u00e9mios \u2013 POM2025<\/p>\n<p>15H00 \u2013 Fecho do Secretariado<\/p>\n<p>17h00 \u2013 Fecho do Solo Duro<\/p>\n<p>&nbsp;<\/p>","protected":false},"excerpt":{"rendered":"<p>15 de fevereiro T\u00e9rmino das inscri\u00e7\u00f5es nos escal\u00f5es de competi\u00e7\u00e3o e inscri\u00e7\u00f5es online. Ser\u00e3o aceites inscri\u00e7\u00f5es nos escal\u00f5es abertos at\u00e9 ao dia da prova mas sempre sujeito \u00e0 disponibilidade de mapa. 28 de fevereiro (dia 0 \u2013 sexta-feira): 10h30 \u2013 Abertura do Secretariado \u2013 Est\u00e1dio do Algarve 11h00 \u2013 Abertura do Model Event \u2013 Est\u00e1dio do Algarve (Floresta) 17h00 \u2013 Encerramento do Model Event \u2013 Est\u00e1dio do Algarve (Floresta) 19h00 \u2013 Abertura do Solo Duro 23:00 \u2013 Fecho do Secretariado \u2013 Est\u00e1dio do Algarve &nbsp; 1 de mar\u00e7o (dia 1 \u2013 s\u00e1bado): Dist\u00e2ncia M\u00e9dia WRE Ludo 08h00 \u2013 Abertura do Secretariado \u2013 Est\u00e1dio do Algarve 10h00 \u2013 Partida Dist\u00e2ncia M\u00e9dia [&hellip;]<\/p>\n","protected":false},"author":12,"featured_media":0,"parent":0,"menu_order":0,"comment_status":"closed","ping_status":"closed","template":"","meta":{"_monsterinsights_skip_tracking":false,"_monsterinsights_sitenote_active":false,"_monsterinsights_sitenote_note":"","_monsterinsights_sitenote_category":0,"footnotes":""},"class_list":["post-348","page","type-page","status-publish","hentry"],"_links":{"self":[{"href":"https:\/\/pom.pt\/2025\/pt\/wp-json\/wp\/v2\/pages\/348","targetHints":{"allow":["GET"]}}],"collection":[{"href":"https:\/\/pom.pt\/2025\/pt\/wp-json\/wp\/v2\/pages"}],"about":[{"href":"https:\/\/pom.pt\/2025\/pt\/wp-json\/wp\/v2\/types\/page"}],"author":[{"embeddable":true,"href":"https:\/\/pom.pt\/2025\/pt\/wp-json\/wp\/v2\/users\/12"}],"replies":[{"embeddable":true,"href":"https:\/\/pom.pt\/2025\/pt\/wp-json\/wp\/v2\/comments?post=348"}],"version-history":[{"count":44,"href":"https:\/\/pom.pt\/2025\/pt\/wp-json\/wp\/v2\/pages\/348\/revisions"}],"predecessor-version":[{"id":1527,"href":"https:\/\/pom.pt\/2025\/pt\/wp-json\/wp\/v2\/pages\/348\/revisions\/1527"}],"wp:attachment":[{"href":"https:\/\/pom.pt\/2025\/pt\/wp-json\/wp\/v2\/media?parent=348"}],"curies":[{"name":"wp","href":"https:\/\/api.w.org\/{rel}","templated":true}]}}