{"id":345,"date":"2020-08-06T16:20:44","date_gmt":"2020-08-06T16:20:44","guid":{"rendered":"http:\/\/pom.pt\/2025\/?page_id=345"},"modified":"2024-08-05T21:25:55","modified_gmt":"2024-08-05T21:25:55","slug":"introduction","status":"publish","type":"page","link":"https:\/\/pom.pt\/2025\/pt\/introducao\/","title":{"rendered":"Introdu\u00e7\u00e3o"},"content":{"rendered":"<p><\/p>\n<div class=\"x11i5rnm xat24cr x1mh8g0r x1vvkbs xtlvy1s x126k92a\">\n<div dir=\"auto\">\n<p>Bem-vindo ao Portugal &#8220;O&#8221; Meeting 2025, o evento de orienta\u00e7\u00e3o mais esperado do ano!<\/p>\n<p>Este prestigiado evento ter\u00e1 lugar na vibrante cidade de Loul\u00e9, situada na deslumbrante regi\u00e3o do Algarve, durante o emocionante fim de semana de Carnaval. Conhecida pela sua rica cultura, paisagens encantadoras e comunidade acolhedora, Loul\u00e9 oferece o cen\u00e1rio perfeito para a competi\u00e7\u00e3o deste ano, prometendo uma experi\u00eancia inesquec\u00edvel para participantes e espectadores.<\/p>\n<p>Junte-se a n\u00f3s para explorar os terrenos intrincados do Algarve, onde competidores de todo o mundo testar\u00e3o suas habilidades na arte da orienta\u00e7\u00e3o. O evento coincide com o famoso Carnaval de Loul\u00e9, uma celebra\u00e7\u00e3o espetacular repleta de desfiles coloridos, m\u00fasica animada e atua\u00e7\u00f5es cativantes. Esta mistura \u00fanica de desporto e festividade proporciona uma oportunidade n\u00e3o s\u00f3 para desafiar-se em alguns dos percursos mais pitorescos, mas tamb\u00e9m para mergulhar numa atmosfera carnavalesca como nenhuma outra.<\/p>\n<p>Para al\u00e9m da emo\u00e7\u00e3o da competi\u00e7\u00e3o, descubra as praias deslumbrantes que fazem do Algarve um destino mundialmente famoso. Desde as areias douradas da Praia da Fal\u00e9sia at\u00e9 \u00e0s \u00e1guas tranquilas da Praia de Quarteira, a regi\u00e3o oferece uma mir\u00edade de ref\u00fagios \u00e0 beira-mar perfeitos para relaxar e aventurar-se. Quer esteja a navegar pelos percursos ou a aproveitar o sol, o Portugal &#8220;O&#8221; Meeting em Loul\u00e9 garante uma jornada extraordin\u00e1ria atrav\u00e9s da cultura, natureza e desporto.<\/p>\n<p>Estamos ansiosos por receb\u00ea-lo neste evento excecional!<\/p>\n<\/div>\n<div dir=\"auto\"><strong>Mensagem do diretor do evento<\/strong><\/div>\n<div dir=\"auto\"><\/div>\n<div dir=\"auto\">Prezados<\/div>\n<\/div>\n<div class=\"x11i5rnm xat24cr x1mh8g0r x1vvkbs xtlvy1s x126k92a\">\n<div dir=\"auto\">O Portugal \u201cO\u201d Meeting \u00e9 uma prova de orienta\u00e7\u00e3o pedestre, a contar para o Ranking da Federa\u00e7\u00e3o Internacional de Orienta\u00e7\u00e3o (IOF) e para o ranking da Ta\u00e7a de Portugal da Federa\u00e7\u00e3o Portuguesa de Orienta\u00e7\u00e3o \u2013 FPO. \u00c9 um evento aberto a pessoas de qualquer idade, que podem participar em n\u00edveis de competi\u00e7\u00e3o ou escal\u00f5es abertos, individualmente ou em grupo.<\/div>\n<div dir=\"auto\">Convidamos todos os amantes da Orienta\u00e7\u00e3o a participar neste evento, desejando-lhes as boas-vindas.<\/div>\n<\/div>\n<div class=\"x11i5rnm xat24cr x1mh8g0r x1vvkbs xtlvy1s x126k92a\">\n<div dir=\"auto\">Esperamos que aproveite a sua estadia no Algarve.<\/div>\n<\/div>\n<div class=\"x11i5rnm xat24cr x1mh8g0r x1vvkbs xtlvy1s x126k92a\">\n<div dir=\"auto\">Durante o POM todos os atletas podem desfrutar e participar no Carnaval de LOUL\u00c9.<\/div>\n<\/div>\n<div class=\"x11i5rnm xat24cr x1mh8g0r x1vvkbs xtlvy1s x126k92a\">\n<div dir=\"auto\">Poder\u00e1 tamb\u00e9m desfrutar das mais belas praias do Algarve, em VilaMoura ou Quarteira.<\/div>\n<\/div>\n<div class=\"x11i5rnm xat24cr x1mh8g0r x1vvkbs xtlvy1s x126k92a\">\n<div dir=\"auto\">Haver\u00e1 tamb\u00e9m eventos na conceituada Quinta do Lago<\/div>\n<div dir=\"auto\"><\/div>\n<\/div>\n<div dir=\"auto\">Director do evento,<\/div>\n<div dir=\"auto\">Helder Fa\u00edsca<\/div>\n<div dir=\"auto\"><\/div>\n<div dir=\"auto\"><img loading=\"lazy\" decoding=\"async\" class=\"alignnone size-medium wp-image-1148\" src=\"http:\/\/pom.pt\/2025\/wp-content\/uploads\/sites\/13\/2024\/07\/faisca-240x300.jpg\" alt=\"\" width=\"240\" height=\"300\" srcset=\"https:\/\/pom.pt\/2025\/wp-content\/uploads\/sites\/13\/2024\/07\/faisca-240x300.jpg 240w, https:\/\/pom.pt\/2025\/wp-content\/uploads\/sites\/13\/2024\/07\/faisca-819x1024.jpg 819w, https:\/\/pom.pt\/2025\/wp-content\/uploads\/sites\/13\/2024\/07\/faisca-768x960.jpg 768w, https:\/\/pom.pt\/2025\/wp-content\/uploads\/sites\/13\/2024\/07\/faisca.jpg 1080w\" sizes=\"auto, (max-width: 240px) 100vw, 240px\" \/><\/div>\n<p><\/p>","protected":false},"excerpt":{"rendered":"<p>Bem-vindo ao Portugal &#8220;O&#8221; Meeting 2025, o evento de orienta\u00e7\u00e3o mais esperado do ano! Este prestigiado evento ter\u00e1 lugar na vibrante cidade de Loul\u00e9, situada na deslumbrante regi\u00e3o do Algarve, durante o emocionante fim de semana de Carnaval. Conhecida pela sua rica cultura, paisagens encantadoras e comunidade acolhedora, Loul\u00e9 oferece o cen\u00e1rio perfeito para a competi\u00e7\u00e3o deste ano, prometendo uma experi\u00eancia inesquec\u00edvel para participantes e espectadores. Junte-se a n\u00f3s para explorar os terrenos intrincados do Algarve, onde competidores de todo o mundo testar\u00e3o suas habilidades na arte da orienta\u00e7\u00e3o. O evento coincide com o famoso Carnaval de Loul\u00e9, uma celebra\u00e7\u00e3o espetacular repleta de desfiles coloridos, m\u00fasica animada e atua\u00e7\u00f5es cativantes. [&hellip;]<\/p>\n","protected":false},"author":12,"featured_media":0,"parent":0,"menu_order":0,"comment_status":"closed","ping_status":"closed","template":"","meta":{"_monsterinsights_skip_tracking":false,"_monsterinsights_sitenote_active":false,"_monsterinsights_sitenote_note":"","_monsterinsights_sitenote_category":0,"footnotes":""},"class_list":["post-345","page","type-page","status-publish","hentry"],"_links":{"self":[{"href":"https:\/\/pom.pt\/2025\/pt\/wp-json\/wp\/v2\/pages\/345","targetHints":{"allow":["GET"]}}],"collection":[{"href":"https:\/\/pom.pt\/2025\/pt\/wp-json\/wp\/v2\/pages"}],"about":[{"href":"https:\/\/pom.pt\/2025\/pt\/wp-json\/wp\/v2\/types\/page"}],"author":[{"embeddable":true,"href":"https:\/\/pom.pt\/2025\/pt\/wp-json\/wp\/v2\/users\/12"}],"replies":[{"embeddable":true,"href":"https:\/\/pom.pt\/2025\/pt\/wp-json\/wp\/v2\/comments?post=345"}],"version-history":[{"count":9,"href":"https:\/\/pom.pt\/2025\/pt\/wp-json\/wp\/v2\/pages\/345\/revisions"}],"predecessor-version":[{"id":1162,"href":"https:\/\/pom.pt\/2025\/pt\/wp-json\/wp\/v2\/pages\/345\/revisions\/1162"}],"wp:attachment":[{"href":"https:\/\/pom.pt\/2025\/pt\/wp-json\/wp\/v2\/media?parent=345"}],"curies":[{"name":"wp","href":"https:\/\/api.w.org\/{rel}","templated":true}]}}