{"id":362,"date":"2020-08-06T16:57:23","date_gmt":"2020-08-06T16:57:23","guid":{"rendered":"http:\/\/pom.pt\/2024\/?page_id=362"},"modified":"2024-01-24T15:27:02","modified_gmt":"2024-01-24T15:27:02","slug":"english-how-to-pay","status":"publish","type":"page","link":"https:\/\/pom.pt\/2024\/how-to-pay\/","title":{"rendered":"How to pay"},"content":{"rendered":"<p><span style=\"vertical-align: inherit\"><span style=\"vertical-align: inherit\">Todos os pagamentos dever\u00e3o ser efectuados \u00e0 Associa\u00e7\u00e3o Desportiva do Mondego, Ori-Mondego, da seguinte forma (todos os encargos s\u00e3o pagos pelo remetente):<\/span><\/span><\/p>\n<p><strong><span style=\"vertical-align: inherit\"><span style=\"vertical-align: inherit\">Dados de pagamento:<\/span><\/span><\/strong><\/p>\n<p><strong><span style=\"vertical-align: inherit\"><span style=\"vertical-align: inherit\">Banco<\/span><\/span><\/strong><span style=\"vertical-align: inherit\"><span style=\"vertical-align: inherit\"> : Caixa Geral de Dep\u00f3sitos <\/span><\/span><br \/>\n<strong><span style=\"vertical-align: inherit\"><span style=\"vertical-align: inherit\">Sucursal<\/span><\/span><\/strong><span style=\"vertical-align: inherit\"><span style=\"vertical-align: inherit\"> : Figueira da Foz<\/span><\/span><\/p>\n<p><strong><span style=\"vertical-align: inherit\"><span style=\"vertical-align: inherit\">Nome:<\/span><\/span><\/strong><span style=\"vertical-align: inherit\"><span style=\"vertical-align: inherit\"> Associa\u00e7\u00e3o Desportiva do Mondego<\/span><\/span><\/p>\n<p><strong><span style=\"vertical-align: inherit\"><span style=\"vertical-align: inherit\">IBAN<\/span><\/span><\/strong><span style=\"vertical-align: inherit\"><span style=\"vertical-align: inherit\"> :PT50 0035 0321 00103221930 81<\/span><\/span><br \/>\n<strong><span style=\"vertical-align: inherit\"><span style=\"vertical-align: inherit\">C\u00d3DIGO SWIFT BIC<\/span><\/span><\/strong><span style=\"vertical-align: inherit\"><span style=\"vertical-align: inherit\"> : CGDIPTPL<\/span><\/span><\/p>\n<p><strong><span style=\"vertical-align: inherit\"><span style=\"vertical-align: inherit\">Endere\u00e7o da sucursal<\/span><\/span><\/strong><span style=\"vertical-align: inherit\"><span style=\"vertical-align: inherit\"> : <\/span><\/span><br \/>\n<span style=\"vertical-align: inherit\"><span style=\"vertical-align: inherit\">Caixa Geral de Dep\u00f3sitos <\/span><\/span><br \/>\n<span style=\"vertical-align: inherit\"><span style=\"vertical-align: inherit\">Largo Lu\u00eds de Cam\u00f5es, 25 <\/span><\/span><br \/>\n<span style=\"vertical-align: inherit\"><span style=\"vertical-align: inherit\">3080 &#8211; 067\u00a0 <\/span><\/span><em><span style=\"vertical-align: inherit\"><span style=\"vertical-align: inherit\">Figueira da Foz<\/span><\/span><\/em><br \/>\n<span style=\"vertical-align: inherit\"><span style=\"vertical-align: inherit\"> Portugal<\/span><\/span><\/p>\n<p><strong><span style=\"color: #000000\"><span style=\"vertical-align: inherit\"><span style=\"vertical-align: inherit\">Processo de pagamento<\/span><\/span><\/span><\/strong><\/p>\n<p><span style=\"color: #000000\"><strong><span style=\"vertical-align: inherit\"><span style=\"vertical-align: inherit\">Se voc\u00ea fez uma Entrada Expressa no\u00a0 <\/span><\/span><a style=\"color: #000000\" title=\"Plataforma de inscri\u00e7\u00f5es - OriOasis POM2015\" href=\"https:\/\/www.orioasis.pt\/oasis\/express.php?action=express&amp;sh=s&amp;eventid=2689\" target=\"_blank\" rel=\"noopener noreferrer\"><span style=\"vertical-align: inherit\"><span style=\"vertical-align: inherit\">OriOasis<\/span><\/span><\/a><span style=\"vertical-align: inherit\"><span style=\"vertical-align: inherit\"> , inclua o C\u00f3digo Expresso na descri\u00e7\u00e3o do pagamento.<\/span><\/span><\/strong><strong><br \/>\n<\/strong><\/span><\/p>\n<p><span style=\"color: #000000\"><span style=\"vertical-align: inherit\"><span style=\"vertical-align: inherit\">Para\u00a0 <\/span><\/span><strong><span style=\"vertical-align: inherit\"><span style=\"vertical-align: inherit\">pagamento integral do clube<\/span><\/span><\/strong><span style=\"vertical-align: inherit\"><span style=\"vertical-align: inherit\"> , indique o nome do clube na descri\u00e7\u00e3o. <\/span><\/span><\/span><br \/>\n<span style=\"color: #000000\"><span style=\"vertical-align: inherit\"><span style=\"vertical-align: inherit\">Para\u00a0 <\/span><\/span><strong><span style=\"vertical-align: inherit\"><span style=\"vertical-align: inherit\">pagamentos parciais do clube<\/span><\/span><\/strong><span style=\"vertical-align: inherit\"><span style=\"vertical-align: inherit\"> , por favor inclua o nome do clube e a lista de atletas no coment\u00e1rio de confirma\u00e7\u00e3o, ou envie-nos um email ( <\/span><\/span><a style=\"color: #000000\" href=\"mailto:entries@pom.pt\" target=\"_blank\" rel=\"noopener noreferrer\"><span style=\"vertical-align: inherit\"><span style=\"vertical-align: inherit\">entries@pom.pt<\/span><\/span><\/a><span style=\"vertical-align: inherit\"><span style=\"vertical-align: inherit\"> ) listando todos os atletas inclu\u00eddos no pagamento e a confirma\u00e7\u00e3o em anexo.<\/span><\/span><\/span><\/p>\n<p><span style=\"color: #000000\"><span style=\"vertical-align: inherit\"><span style=\"vertical-align: inherit\">Notas: Para todas as transfer\u00eancias banc\u00e1rias que efetuar, por favor envie-nos uma confirma\u00e7\u00e3o de transfer\u00eancia banc\u00e1ria pelos servi\u00e7os de homebanking ou por email para <a style=\"color: #000000\" href=\"mailto:entries@pom.pt\" target=\"_blank\" rel=\"noopener noreferrer\">entries@pom.pt<\/a><\/span><\/span><\/span><\/p>\n<p><span style=\"color: #000000\"><span style=\"vertical-align: inherit\"><span style=\"vertical-align: inherit\">Todas as despesas de transfer\u00eancia dever\u00e3o ser suportadas por quem ordena a transfer\u00eancia. <\/span><span style=\"vertical-align: inherit\">Quaisquer despesas de transfer\u00eancia cobradas pelo banco \u00e0 Organiza\u00e7\u00e3o ser\u00e3o adicionadas \u00e0 taxa de abertura do clube.<\/span><\/span><\/span><\/p>\n<p><span style=\"color: #000000\"><span style=\"vertical-align: inherit\"><span style=\"vertical-align: inherit\">Por favor utilize o endere\u00e7o de email <a style=\"color: #000000\" href=\"mailto:entries@pom.pt\" target=\"_blank\" rel=\"noopener noreferrer\">entries@pom.pt<\/a><\/span><\/span><span style=\"vertical-align: inherit\"><span style=\"vertical-align: inherit\">\u00a0 para todos os emails relacionados com o processo de pagamento.<\/span><\/span><\/span><\/p>","protected":false},"excerpt":{"rendered":"<p>Todos os pagamentos dever\u00e3o ser efectuados \u00e0 Associa\u00e7\u00e3o Desportiva do Mondego, Ori-Mondego, da seguinte forma (todos os encargos s\u00e3o pagos pelo remetente): Dados de pagamento: Banco : Caixa Geral de Dep\u00f3sitos Sucursal : Figueira da Foz Nome: Associa\u00e7\u00e3o Desportiva do Mondego IBAN :PT50 0035 0321 00103221930 81 C\u00d3DIGO SWIFT BIC : CGDIPTPL Endere\u00e7o da sucursal : Caixa Geral de Dep\u00f3sitos Largo Lu\u00eds de Cam\u00f5es, 25 3080 &#8211; 067\u00a0 Figueira da Foz Portugal Processo de pagamento Se voc\u00ea fez uma Entrada Expressa no\u00a0 OriOasis , inclua o C\u00f3digo Expresso na descri\u00e7\u00e3o do pagamento. Para\u00a0 pagamento integral do clube , indique o nome do clube na descri\u00e7\u00e3o. Para\u00a0 pagamentos parciais do clube [&hellip;]<\/p>\n","protected":false},"author":12,"featured_media":0,"parent":0,"menu_order":0,"comment_status":"closed","ping_status":"closed","template":"","meta":{"_monsterinsights_skip_tracking":false,"_monsterinsights_sitenote_active":false,"_monsterinsights_sitenote_note":"","_monsterinsights_sitenote_category":0,"footnotes":""},"class_list":["post-362","page","type-page","status-publish","hentry"],"_links":{"self":[{"href":"https:\/\/pom.pt\/2024\/wp-json\/wp\/v2\/pages\/362","targetHints":{"allow":["GET"]}}],"collection":[{"href":"https:\/\/pom.pt\/2024\/wp-json\/wp\/v2\/pages"}],"about":[{"href":"https:\/\/pom.pt\/2024\/wp-json\/wp\/v2\/types\/page"}],"author":[{"embeddable":true,"href":"https:\/\/pom.pt\/2024\/wp-json\/wp\/v2\/users\/12"}],"replies":[{"embeddable":true,"href":"https:\/\/pom.pt\/2024\/wp-json\/wp\/v2\/comments?post=362"}],"version-history":[{"count":9,"href":"https:\/\/pom.pt\/2024\/wp-json\/wp\/v2\/pages\/362\/revisions"}],"predecessor-version":[{"id":1078,"href":"https:\/\/pom.pt\/2024\/wp-json\/wp\/v2\/pages\/362\/revisions\/1078"}],"wp:attachment":[{"href":"https:\/\/pom.pt\/2024\/wp-json\/wp\/v2\/media?parent=362"}],"curies":[{"name":"wp","href":"https:\/\/api.w.org\/{rel}","templated":true}]}}