{"id":539,"date":"2022-12-27T19:34:18","date_gmt":"2022-12-27T19:34:18","guid":{"rendered":"http:\/\/pom.pt\/2024\/?page_id=539"},"modified":"2024-02-08T13:20:47","modified_gmt":"2024-02-08T13:20:47","slug":"stage-3-night-sprint-2","status":"publish","type":"page","link":"https:\/\/pom.pt\/2024\/pt\/etapa-3-sprint-noturno\/","title":{"rendered":"Etapa 3 &#8211; Sprint Noturno, Licor Beir\u00e3o &#8211; Miuzela do C\u00f4a"},"content":{"rendered":"<p><strong>Informa\u00e7\u00f5es T\u00e9cnicas: <a href=\"https:\/\/pom.pt\/2024\/pt\/etapa-1-sprint-relay\/\" target=\"_blank\" rel=\"noopener\">Etapa 1<\/a> | <a href=\"https:\/\/pom.pt\/2024\/pt\/etapa-1-distancia-media\/\" target=\"_blank\" rel=\"noopener\">Etapa 2<\/a> | <a href=\"https:\/\/pom.pt\/2024\/pt\/etapa-3-sprint-noturno\/\" target=\"_blank\" rel=\"noopener\">Etapa 3<\/a> | <a href=\"https:\/\/pom.pt\/2024\/pt\/etapa-4-distancia-longa\/\" target=\"_blank\" rel=\"noopener\">Etapa 4<\/a> | <a href=\"https:\/\/pom.pt\/2024\/pt\/etapa-5-distancia-media\/\" target=\"_blank\" rel=\"noopener\">Etapa 5<\/a> | <a href=\"https:\/\/pom.pt\/2024\/pt\/etapa-6-pre-o\/\" target=\"_blank\" rel=\"noopener\">Etapa 6<\/a> | <a href=\"https:\/\/pom.pt\/2024\/pt\/etapa-7-long-distance\/\" target=\"_blank\" rel=\"noopener\">Etapa 7<\/a><\/strong><\/p>\n<p>&nbsp;<\/p>\n<p>Mapa: Miuzela do C\u00f4a<\/p>\n<p>Terreno: Zona urbana com um emaranhado de ruas muitos estreitas e becos.<\/p>\n<p>Cart\u00f3grafo: Alexandre Reis (Portugal)<\/p>\n<p>Tra\u00e7ador de percursos:<\/p>\n<p>Escala do mapa: 1:4.000<\/p>\n<p>Equidist\u00e2ncia: 2,5m<\/p>\n<p>Estacionamento: <span class=\"OYPEnA text-decoration-none text-strikethrough-none\">1000 metros da arena<\/span><\/p>\n<p>Informa\u00e7\u00e3o adicional:<\/p>\n<p>\u2013 Os atletas devem utilizar um frontal\/uma lanterna.<br \/>\n\u2013 Ir\u00e1 existir ponto de espectadores para os escal\u00f5es de Elite.<br \/>\n\u2013 Primeira partida:<\/p>\n<h2><a href=\"http:\/\/pom.pt\/2024\/wp-content\/uploads\/sites\/12\/2024\/01\/Sprint_Noturno_Inf_Tecnica_POM24.pdf\" target=\"_blank\" rel=\"noopener\"><strong>Informa\u00e7\u00f5es t\u00e9cnicas<\/strong><\/a><\/h2>\n<p><img loading=\"lazy\" decoding=\"async\" class=\"aligncenter size-full wp-image-1045\" src=\"http:\/\/pom.pt\/2024\/wp-content\/uploads\/sites\/12\/2024\/01\/Sprint_Noturno_Inf_Tecnica.jpg\" alt=\"\" width=\"1024\" height=\"698\" srcset=\"https:\/\/pom.pt\/2024\/wp-content\/uploads\/sites\/12\/2024\/01\/Sprint_Noturno_Inf_Tecnica.jpg 1024w, https:\/\/pom.pt\/2024\/wp-content\/uploads\/sites\/12\/2024\/01\/Sprint_Noturno_Inf_Tecnica-300x204.jpg 300w, https:\/\/pom.pt\/2024\/wp-content\/uploads\/sites\/12\/2024\/01\/Sprint_Noturno_Inf_Tecnica-768x524.jpg 768w\" sizes=\"auto, (max-width: 1024px) 100vw, 1024px\" \/><\/p>\n<h2><strong>Excerto de mapa<\/strong><\/h2>\n<p><img loading=\"lazy\" decoding=\"async\" class=\"alignnone size-full wp-image-849\" src=\"http:\/\/pom.pt\/2024\/wp-content\/uploads\/sites\/12\/2023\/10\/Imagem5.jpg\" alt=\"\" width=\"258\" height=\"258\" srcset=\"https:\/\/pom.pt\/2024\/wp-content\/uploads\/sites\/12\/2023\/10\/Imagem5.jpg 258w, https:\/\/pom.pt\/2024\/wp-content\/uploads\/sites\/12\/2023\/10\/Imagem5-150x150.jpg 150w\" sizes=\"auto, (max-width: 258px) 100vw, 258px\" \/> <img loading=\"lazy\" decoding=\"async\" class=\"alignnone size-full wp-image-848\" src=\"http:\/\/pom.pt\/2024\/wp-content\/uploads\/sites\/12\/2023\/10\/Imagem6.jpg\" alt=\"\" width=\"258\" height=\"258\" srcset=\"https:\/\/pom.pt\/2024\/wp-content\/uploads\/sites\/12\/2023\/10\/Imagem6.jpg 258w, https:\/\/pom.pt\/2024\/wp-content\/uploads\/sites\/12\/2023\/10\/Imagem6-150x150.jpg 150w\" sizes=\"auto, (max-width: 258px) 100vw, 258px\" \/><\/p>\n<h2><strong>Fotos do terreno<\/strong><\/h2>\n<p><img loading=\"lazy\" decoding=\"async\" class=\"alignnone size-medium wp-image-863\" src=\"http:\/\/pom.pt\/2024\/wp-content\/uploads\/sites\/12\/2023\/10\/Imagem9-300x169.jpg\" alt=\"\" width=\"300\" height=\"169\" srcset=\"https:\/\/pom.pt\/2024\/wp-content\/uploads\/sites\/12\/2023\/10\/Imagem9-300x169.jpg 300w, https:\/\/pom.pt\/2024\/wp-content\/uploads\/sites\/12\/2023\/10\/Imagem9-768x432.jpg 768w, https:\/\/pom.pt\/2024\/wp-content\/uploads\/sites\/12\/2023\/10\/Imagem9.jpg 987w\" sizes=\"auto, (max-width: 300px) 100vw, 300px\" \/><\/p>\n<h2>Arena<\/h2>\n<p><img loading=\"lazy\" decoding=\"async\" class=\"alignnone wp-image-1158 size-full\" src=\"http:\/\/pom.pt\/2024\/wp-content\/uploads\/sites\/12\/2024\/02\/desenhos_arenas_pom24_miuzela-scaled.jpg\" alt=\"\" width=\"2560\" height=\"1920\" srcset=\"https:\/\/pom.pt\/2024\/wp-content\/uploads\/sites\/12\/2024\/02\/desenhos_arenas_pom24_miuzela-scaled.jpg 2560w, https:\/\/pom.pt\/2024\/wp-content\/uploads\/sites\/12\/2024\/02\/desenhos_arenas_pom24_miuzela-300x225.jpg 300w, https:\/\/pom.pt\/2024\/wp-content\/uploads\/sites\/12\/2024\/02\/desenhos_arenas_pom24_miuzela-1024x768.jpg 1024w, https:\/\/pom.pt\/2024\/wp-content\/uploads\/sites\/12\/2024\/02\/desenhos_arenas_pom24_miuzela-768x576.jpg 768w, https:\/\/pom.pt\/2024\/wp-content\/uploads\/sites\/12\/2024\/02\/desenhos_arenas_pom24_miuzela-1536x1152.jpg 1536w, https:\/\/pom.pt\/2024\/wp-content\/uploads\/sites\/12\/2024\/02\/desenhos_arenas_pom24_miuzela-2048x1536.jpg 2048w\" sizes=\"auto, (max-width: 2560px) 100vw, 2560px\" \/><\/p>","protected":false},"excerpt":{"rendered":"<p>Informa\u00e7\u00f5es T\u00e9cnicas: Etapa 1 | Etapa 2 | Etapa 3 | Etapa 4 | Etapa 5 | Etapa 6 | Etapa 7 &nbsp; Mapa: Miuzela do C\u00f4a Terreno: Zona urbana com um emaranhado de ruas muitos estreitas e becos. Cart\u00f3grafo: Alexandre Reis (Portugal) Tra\u00e7ador de percursos: Escala do mapa: 1:4.000 Equidist\u00e2ncia: 2,5m Estacionamento: 1000 metros da arena Informa\u00e7\u00e3o adicional: \u2013 Os atletas devem utilizar um frontal\/uma lanterna. \u2013 Ir\u00e1 existir ponto de espectadores para os escal\u00f5es de Elite. \u2013 Primeira partida: Informa\u00e7\u00f5es t\u00e9cnicas Excerto de mapa Fotos do terreno Arena<\/p>\n","protected":false},"author":14,"featured_media":0,"parent":0,"menu_order":0,"comment_status":"closed","ping_status":"closed","template":"","meta":{"_monsterinsights_skip_tracking":false,"_monsterinsights_sitenote_active":false,"_monsterinsights_sitenote_note":"","_monsterinsights_sitenote_category":0,"footnotes":""},"class_list":["post-539","page","type-page","status-publish","hentry"],"_links":{"self":[{"href":"https:\/\/pom.pt\/2024\/pt\/wp-json\/wp\/v2\/pages\/539","targetHints":{"allow":["GET"]}}],"collection":[{"href":"https:\/\/pom.pt\/2024\/pt\/wp-json\/wp\/v2\/pages"}],"about":[{"href":"https:\/\/pom.pt\/2024\/pt\/wp-json\/wp\/v2\/types\/page"}],"author":[{"embeddable":true,"href":"https:\/\/pom.pt\/2024\/pt\/wp-json\/wp\/v2\/users\/14"}],"replies":[{"embeddable":true,"href":"https:\/\/pom.pt\/2024\/pt\/wp-json\/wp\/v2\/comments?post=539"}],"version-history":[{"count":22,"href":"https:\/\/pom.pt\/2024\/pt\/wp-json\/wp\/v2\/pages\/539\/revisions"}],"predecessor-version":[{"id":1163,"href":"https:\/\/pom.pt\/2024\/pt\/wp-json\/wp\/v2\/pages\/539\/revisions\/1163"}],"wp:attachment":[{"href":"https:\/\/pom.pt\/2024\/pt\/wp-json\/wp\/v2\/media?parent=539"}],"curies":[{"name":"wp","href":"https:\/\/api.w.org\/{rel}","templated":true}]}}