{"id":345,"date":"2020-08-06T16:20:44","date_gmt":"2020-08-06T16:20:44","guid":{"rendered":"http:\/\/pom.pt\/2024\/?page_id=345"},"modified":"2023-12-27T17:35:45","modified_gmt":"2023-12-27T17:35:45","slug":"introduction","status":"publish","type":"page","link":"https:\/\/pom.pt\/2024\/pt\/introducao\/","title":{"rendered":"Introdu\u00e7\u00e3o"},"content":{"rendered":"<p><\/p>\n<p class=\"_04xlpA direction-ltr align-justify para-style-body\"><span class=\"S1PPyQ\">\u00c9 com particular emo\u00e7\u00e3o que a vila de Almeida, a freguesia de Amoreira, a freguesia de Miuzela do C\u00f4a, a Associa\u00e7\u00e3o Desportiva do Mondego e toda a organiza\u00e7\u00e3o do Portugal &#8220;O&#8221; Meeting 2024, o maior evento de orienta\u00e7\u00e3o em Portugal, lhe d\u00e3o as boas-vindas!<\/span><\/p>\n<p class=\"_04xlpA direction-ltr align-justify para-style-body\"><span class=\"S1PPyQ\">O mais importante evento de Orienta\u00e7\u00e3o no calend\u00e1rio desportivo nacional, conta normalmente com a presen\u00e7a significativa e importante dos melhores atletas nacionais e internacionais. Estamos convictos da nossa capacidade em organizar um Portugal &#8220;O&#8221; Meeting com boa qualidade t\u00e9cnica, boas infraestruturas, capaz de ficar para a hist\u00f3ria pelos melhores motivos. O Percurso organizativo nos eventos anteriores atingiu n\u00edveis muitos elevados, acrescendo dessa forma a responsabilidade para aqueles que, ano ap\u00f3s ano, se disponibilizam a organiz\u00e1-lo. Mas, n\u00f3s somos Almeida, a vila hist\u00f3rica em forma de estrela. E \u00e9 tamb\u00e9m por isso que, gostando de receber de bra\u00e7os abertos quem nos visita, mostrando o que \u00e9 nosso e partilhando, trabalhando e amando a Orienta\u00e7\u00e3o, estamos motivados para te receber. Poder contar com a tua presen\u00e7a na nossa &#8220;casa&#8221;, n\u00e3o \u00e9 apenas motivo de orgulho, mas tamb\u00e9m uma grande satisfa\u00e7\u00e3o. Estamos prontos, de mangas arrega\u00e7adas, motivados e tudo faremos para te proporcionar momentos de pura competi\u00e7\u00e3o, conv\u00edvio e satisfa\u00e7\u00e3o. D\u00e1-nos o prazer da tua presen\u00e7a e companhia, estamos certos, de que n\u00e3o te arrepender\u00e1s.<\/span><\/p>\n<p class=\"_04xlpA direction-ltr align-justify para-style-body\"><span class=\"S1PPyQ\">Aceita o nosso desafio e ajuda-nos a tornar o POM2024 um evento inesquec\u00edvel!<\/span><\/p>\n<p><\/p>","protected":false},"excerpt":{"rendered":"<p>\u00c9 com particular emo\u00e7\u00e3o que a vila de Almeida, a freguesia de Amoreira, a freguesia de Miuzela do C\u00f4a, a Associa\u00e7\u00e3o Desportiva do Mondego e toda a organiza\u00e7\u00e3o do Portugal &#8220;O&#8221; Meeting 2024, o maior evento de orienta\u00e7\u00e3o em Portugal, lhe d\u00e3o as boas-vindas! O mais importante evento de Orienta\u00e7\u00e3o no calend\u00e1rio desportivo nacional, conta normalmente com a presen\u00e7a significativa e importante dos melhores atletas nacionais e internacionais. Estamos convictos da nossa capacidade em organizar um Portugal &#8220;O&#8221; Meeting com boa qualidade t\u00e9cnica, boas infraestruturas, capaz de ficar para a hist\u00f3ria pelos melhores motivos. O Percurso organizativo nos eventos anteriores atingiu n\u00edveis muitos elevados, acrescendo dessa forma a responsabilidade para [&hellip;]<\/p>\n","protected":false},"author":12,"featured_media":0,"parent":0,"menu_order":0,"comment_status":"closed","ping_status":"closed","template":"","meta":{"_monsterinsights_skip_tracking":false,"_monsterinsights_sitenote_active":false,"_monsterinsights_sitenote_note":"","_monsterinsights_sitenote_category":0,"footnotes":""},"class_list":["post-345","page","type-page","status-publish","hentry"],"_links":{"self":[{"href":"https:\/\/pom.pt\/2024\/pt\/wp-json\/wp\/v2\/pages\/345","targetHints":{"allow":["GET"]}}],"collection":[{"href":"https:\/\/pom.pt\/2024\/pt\/wp-json\/wp\/v2\/pages"}],"about":[{"href":"https:\/\/pom.pt\/2024\/pt\/wp-json\/wp\/v2\/types\/page"}],"author":[{"embeddable":true,"href":"https:\/\/pom.pt\/2024\/pt\/wp-json\/wp\/v2\/users\/12"}],"replies":[{"embeddable":true,"href":"https:\/\/pom.pt\/2024\/pt\/wp-json\/wp\/v2\/comments?post=345"}],"version-history":[{"count":5,"href":"https:\/\/pom.pt\/2024\/pt\/wp-json\/wp\/v2\/pages\/345\/revisions"}],"predecessor-version":[{"id":711,"href":"https:\/\/pom.pt\/2024\/pt\/wp-json\/wp\/v2\/pages\/345\/revisions\/711"}],"wp:attachment":[{"href":"https:\/\/pom.pt\/2024\/pt\/wp-json\/wp\/v2\/media?parent=345"}],"curies":[{"name":"wp","href":"https:\/\/api.w.org\/{rel}","templated":true}]}}