{"id":1240,"date":"2024-02-22T15:04:08","date_gmt":"2024-02-22T15:04:08","guid":{"rendered":"http:\/\/pom.pt\/2024\/pt\/?page_id=1240"},"modified":"2024-03-18T09:52:25","modified_gmt":"2024-03-18T09:52:25","slug":"videos","status":"publish","type":"page","link":"https:\/\/pom.pt\/2024\/pt\/videos\/","title":{"rendered":"Videos"},"content":{"rendered":"<p>Activideo &#8211; Paulo Roque da Rocha<\/p>\n<ul>\n<li><a href=\"https:\/\/youtu.be\/hfYFuSJAD60\" target=\"_blank\" rel=\"noopener\">09 Fev (0 dia &#8211; Sexta feira): Sprint Relay &#8211; Almeida<\/a><\/li>\n<li><a href=\"https:\/\/youtu.be\/yOsMmNypE0Q\" target=\"_blank\" rel=\"noopener\">10 Fev (dia 1 \u2013 s\u00e1bado): Dist\u00e2ncia M\u00e9dia WRE \u2013 Amoreira<\/a><\/li>\n<li><a href=\"https:\/\/youtu.be\/yOsMmNypE0Q\" target=\"_blank\" rel=\"noopener\">10 Fev (dia 1 \u2013 s\u00e1bado): Sprint Noturno, Licor Beir\u00e3o \u2013 Miuzela do C\u00f4a<\/a><\/li>\n<li><a href=\"https:\/\/youtu.be\/L6s_w0_PqCE?si=Bl6wabHBFd4a01tZ\" target=\"_blank\" rel=\"noopener\">11 Fev (dia 2 \u2013 domingo): Dist\u00e2ncia longa \u2013 Amoreira<\/a><\/li>\n<li><a href=\"https:\/\/youtu.be\/nBNS_aBjC9w?si=MfCWeKwGG6iqp97E\" target=\"_blank\" rel=\"noopener\">12 Fev (dia 3 \u2013 segunda-feira): Dist\u00e2ncia M\u00e9dia WRE \u2013 Amoreira<\/a><\/li>\n<li><a href=\"https:\/\/youtu.be\/zmxJ0f95g_I\" target=\"_blank\" rel=\"noopener\"><strong>1<\/strong>3 Fev (dia 4 \u2013 ter\u00e7a-feira): Dist\u00e2ncia Longa \u2013 chasing start \u2013 Amoreira<\/a><\/li>\n<\/ul>\n<p>Tic Tac Timing &#8211;\u00a0 Rui Oliveira<\/p>\n<ul>\n<li><a href=\"https:\/\/youtu.be\/qT13MKqaQyA\" target=\"_blank\" rel=\"noopener\">Centro de evento<\/a><\/li>\n<li><a href=\"https:\/\/youtu.be\/XaIWKlELqx4\" target=\"_blank\" rel=\"noopener\">09 Fev (0 dia &#8211; Sexta feira): Sprint Relay &#8211; Almeida<\/a><\/li>\n<li><a href=\"https:\/\/youtu.be\/bLKKch5OD-k\" target=\"_blank\" rel=\"noopener\">10 Fev (dia 1 \u2013 s\u00e1bado): Dist\u00e2ncia M\u00e9dia WRE \u2013 Amoreira<\/a><\/li>\n<li><a href=\"https:\/\/youtu.be\/bLKKch5OD-k\" target=\"_blank\" rel=\"noopener\">10 Fev(dia 1 \u2013 s\u00e1bado): Sprint Noturno, Licor Beir\u00e3o \u2013 Miuzela do C\u00f4a<\/a><\/li>\n<li><a href=\"https:\/\/youtu.be\/j8f_Q7apRGY\" target=\"_blank\" rel=\"noopener\">11 Fev (dia 2 \u2013 domingo): Dist\u00e2ncia longa \u2013\u00a0 Amoreira<\/a><\/li>\n<li><a href=\"https:\/\/youtu.be\/hJMdO3Q5vkU\" target=\"_blank\" rel=\"noopener\">12 Fev (dia 3 \u2013 segunda-feira): Dist\u00e2ncia M\u00e9dia WRE \u2013 Amoreira<\/a><\/li>\n<li><a href=\"https:\/\/youtu.be\/K4KsS5IWios\" target=\"_blank\" rel=\"noopener\"><strong>1<\/strong>3 Fev (dia 4 \u2013 ter\u00e7a-feira): Dist\u00e2ncia Longa \u2013 chasing start \u2013 Amoreira<\/a><\/li>\n<\/ul>\n<p>Magazine OTV<\/p>\n<ul>\n<li><a href=\"https:\/\/youtu.be\/RGqzLz_bCIY?si=fKW_yM2dw9HU5kGz\" target=\"_blank\" rel=\"noopener\">Transmiss\u00e3o RTP2<\/a><\/li>\n<\/ul>\n<p><\/p>","protected":false},"excerpt":{"rendered":"<p>Activideo &#8211; Paulo Roque da Rocha 09 Fev (0 dia &#8211; Sexta feira): Sprint Relay &#8211; Almeida 10 Fev (dia 1 \u2013 s\u00e1bado): Dist\u00e2ncia M\u00e9dia WRE \u2013 Amoreira 10 Fev (dia 1 \u2013 s\u00e1bado): Sprint Noturno, Licor Beir\u00e3o \u2013 Miuzela do C\u00f4a 11 Fev (dia 2 \u2013 domingo): Dist\u00e2ncia longa \u2013 Amoreira 12 Fev (dia 3 \u2013 segunda-feira): Dist\u00e2ncia M\u00e9dia WRE \u2013 Amoreira 13 Fev (dia 4 \u2013 ter\u00e7a-feira): Dist\u00e2ncia Longa \u2013 chasing start \u2013 Amoreira Tic Tac Timing &#8211;\u00a0 Rui Oliveira Centro de evento 09 Fev (0 dia &#8211; Sexta feira): Sprint Relay &#8211; Almeida 10 Fev (dia 1 \u2013 s\u00e1bado): Dist\u00e2ncia M\u00e9dia WRE \u2013 Amoreira 10 Fev(dia 1 [&hellip;]<\/p>\n","protected":false},"author":15,"featured_media":0,"parent":0,"menu_order":0,"comment_status":"closed","ping_status":"closed","template":"","meta":{"_monsterinsights_skip_tracking":false,"_monsterinsights_sitenote_active":false,"_monsterinsights_sitenote_note":"","_monsterinsights_sitenote_category":0,"footnotes":""},"class_list":["post-1240","page","type-page","status-publish","hentry"],"_links":{"self":[{"href":"https:\/\/pom.pt\/2024\/pt\/wp-json\/wp\/v2\/pages\/1240","targetHints":{"allow":["GET"]}}],"collection":[{"href":"https:\/\/pom.pt\/2024\/pt\/wp-json\/wp\/v2\/pages"}],"about":[{"href":"https:\/\/pom.pt\/2024\/pt\/wp-json\/wp\/v2\/types\/page"}],"author":[{"embeddable":true,"href":"https:\/\/pom.pt\/2024\/pt\/wp-json\/wp\/v2\/users\/15"}],"replies":[{"embeddable":true,"href":"https:\/\/pom.pt\/2024\/pt\/wp-json\/wp\/v2\/comments?post=1240"}],"version-history":[{"count":11,"href":"https:\/\/pom.pt\/2024\/pt\/wp-json\/wp\/v2\/pages\/1240\/revisions"}],"predecessor-version":[{"id":1267,"href":"https:\/\/pom.pt\/2024\/pt\/wp-json\/wp\/v2\/pages\/1240\/revisions\/1267"}],"wp:attachment":[{"href":"https:\/\/pom.pt\/2024\/pt\/wp-json\/wp\/v2\/media?parent=1240"}],"curies":[{"name":"wp","href":"https:\/\/api.w.org\/{rel}","templated":true}]}}