{"id":1238,"date":"2024-02-22T15:03:52","date_gmt":"2024-02-22T15:03:52","guid":{"rendered":"http:\/\/pom.pt\/2024\/pt\/?page_id=1238"},"modified":"2024-02-27T13:25:55","modified_gmt":"2024-02-27T13:25:55","slug":"photos-albuns","status":"publish","type":"page","link":"https:\/\/pom.pt\/2024\/pt\/albuns-de-fotos\/","title":{"rendered":"\u00c1lbuns de fotos"},"content":{"rendered":"<p>Se quiseres ver as tuas fotos publicadas no site envia-as para o email: adm.orimondego@gmail.com<\/p>\n<h3>Munic\u00edpio de Almeida<\/h3>\n<p><strong>Fotos: Jo\u00e3o Rico e Paulo Damasceno<\/strong><\/p>\n<ul>\n<li><a href=\"https:\/\/photos.app.goo.gl\/vWD2bZDT2SMwHQW47\" target=\"_blank\" rel=\"noopener\">09 Fev (dia 0 \u2013 sexta-feira)<\/a><\/li>\n<li><a href=\"https:\/\/photos.app.goo.gl\/uuEArFcZajqyYaD66\" target=\"_blank\" rel=\"noopener\">10 Fev (dia 1 \u2013 s\u00e1bado): Dist\u00e2ncia M\u00e9dia WRE \u2013 Amoreira<\/a><\/li>\n<li><a href=\"https:\/\/photos.app.goo.gl\/dVVMhqQsKsXFqYQPA\" target=\"_blank\" rel=\"noopener\">10 Fev (dia 1 \u2013 s\u00e1bado): Sprint Noturno, Licor Beir\u00e3o \u2013 Miuzela do C\u00f4a<\/a><\/li>\n<li><a href=\"https:\/\/photos.app.goo.gl\/vCzAA5XZFQP7JEbE6\" target=\"_blank\" rel=\"noopener\">11 Fev (dia 2 \u2013 domingo): Dist\u00e2ncia longa \u2013\u00a0 Amoreira<\/a><\/li>\n<li><a href=\"https:\/\/photos.app.goo.gl\/LhXuN89A2Y4t9VZt5\">12 Fev (dia 3 \u2013 segunda-feira): Dist\u00e2ncia M\u00e9dia WRE \u2013 Amoreira<\/a><\/li>\n<li><a href=\"https:\/\/photos.app.goo.gl\/SzWBxeYDXWTXgEav6\" target=\"_blank\" rel=\"noopener\">12 Fev (dia 3 \u2013 segunda-feira): PreO \u2013 Termas Fonte Santa<\/a><\/li>\n<li><a href=\"https:\/\/photos.app.goo.gl\/kQGwpcK6Xw62KMRt6\" target=\"_blank\" rel=\"noopener\">13 Fev (dia 4 \u2013 ter\u00e7a-feira): Dist\u00e2ncia Longa \u2013 chasing start \u2013 Amoreira<\/a><\/li>\n<\/ul>\n<h3>Organiza\u00e7\u00e3o<\/h3>\n<p><b>Fotos: Lu\u00eds Quinta Nova\u00a0<\/b><\/p>\n<ul>\n<li><a href=\"https:\/\/photos.app.goo.gl\/JTYWZoLBFqUrcztY6\" target=\"_blank\" rel=\"noopener\">10 Fev (dia 1 \u2013 s\u00e1bado): Dist\u00e2ncia M\u00e9dia WRE \u2013 Amoreira<\/a><\/li>\n<li><a href=\"https:\/\/photos.app.goo.gl\/ZUY1kNdmKeQYmCTV6\" target=\"_blank\" rel=\"noopener\">10 Fev (dia 1 \u2013 s\u00e1bado): Sprint Noturno, Licor Beir\u00e3o \u2013 Miuzela do C\u00f4a<\/a><\/li>\n<li><a href=\"https:\/\/photos.app.goo.gl\/BupyhTo7b26mHZZF6\" target=\"_blank\" rel=\"noopener\">11 Fev (dia 2 \u2013 domingo): Dist\u00e2ncia longa \u2013\u00a0 Amoreira<\/a><\/li>\n<li><a href=\"https:\/\/photos.app.goo.gl\/EaGpux286Lq1UWFCA\" target=\"_blank\" rel=\"noopener\">12 Fev (dia 3 \u2013 segunda-feira): Dist\u00e2ncia M\u00e9dia WRE \u2013 Amoreira<\/a><\/li>\n<li><a href=\"https:\/\/photos.app.goo.gl\/zbXMZ8PxcyBLcKJF8\" target=\"_blank\" rel=\"noopener\">12 Fev (dia 3 \u2013 segunda-feira): PreO \u2013 Termas Fonte Santa<\/a><\/li>\n<li><a href=\"https:\/\/photos.app.goo.gl\/1gvc7REyXaXDnV6a6\" target=\"_blank\" rel=\"noopener\">13 Fev (dia 4 \u2013 ter\u00e7a-feira): Dist\u00e2ncia Longa \u2013 chasing start \u2013 Amoreira<\/a><\/li>\n<\/ul>\n<p><\/p>","protected":false},"excerpt":{"rendered":"<p>Se quiseres ver as tuas fotos publicadas no site envia-as para o email: adm.orimondego@gmail.com Munic\u00edpio de Almeida Fotos: Jo\u00e3o Rico e Paulo Damasceno 09 Fev (dia 0 \u2013 sexta-feira) 10 Fev (dia 1 \u2013 s\u00e1bado): Dist\u00e2ncia M\u00e9dia WRE \u2013 Amoreira 10 Fev (dia 1 \u2013 s\u00e1bado): Sprint Noturno, Licor Beir\u00e3o \u2013 Miuzela do C\u00f4a 11 Fev (dia 2 \u2013 domingo): Dist\u00e2ncia longa \u2013\u00a0 Amoreira 12 Fev (dia 3 \u2013 segunda-feira): Dist\u00e2ncia M\u00e9dia WRE \u2013 Amoreira 12 Fev (dia 3 \u2013 segunda-feira): PreO \u2013 Termas Fonte Santa 13 Fev (dia 4 \u2013 ter\u00e7a-feira): Dist\u00e2ncia Longa \u2013 chasing start \u2013 Amoreira Organiza\u00e7\u00e3o Fotos: Lu\u00eds Quinta Nova\u00a0 10 Fev (dia 1 \u2013 s\u00e1bado): [&hellip;]<\/p>\n","protected":false},"author":15,"featured_media":0,"parent":0,"menu_order":0,"comment_status":"closed","ping_status":"closed","template":"","meta":{"_monsterinsights_skip_tracking":false,"_monsterinsights_sitenote_active":false,"_monsterinsights_sitenote_note":"","_monsterinsights_sitenote_category":0,"footnotes":""},"class_list":["post-1238","page","type-page","status-publish","hentry"],"_links":{"self":[{"href":"https:\/\/pom.pt\/2024\/pt\/wp-json\/wp\/v2\/pages\/1238","targetHints":{"allow":["GET"]}}],"collection":[{"href":"https:\/\/pom.pt\/2024\/pt\/wp-json\/wp\/v2\/pages"}],"about":[{"href":"https:\/\/pom.pt\/2024\/pt\/wp-json\/wp\/v2\/types\/page"}],"author":[{"embeddable":true,"href":"https:\/\/pom.pt\/2024\/pt\/wp-json\/wp\/v2\/users\/15"}],"replies":[{"embeddable":true,"href":"https:\/\/pom.pt\/2024\/pt\/wp-json\/wp\/v2\/comments?post=1238"}],"version-history":[{"count":11,"href":"https:\/\/pom.pt\/2024\/pt\/wp-json\/wp\/v2\/pages\/1238\/revisions"}],"predecessor-version":[{"id":1261,"href":"https:\/\/pom.pt\/2024\/pt\/wp-json\/wp\/v2\/pages\/1238\/revisions\/1261"}],"wp:attachment":[{"href":"https:\/\/pom.pt\/2024\/pt\/wp-json\/wp\/v2\/media?parent=1238"}],"curies":[{"name":"wp","href":"https:\/\/api.w.org\/{rel}","templated":true}]}}