{"id":677,"date":"2023-02-15T01:45:39","date_gmt":"2023-02-15T01:45:39","guid":{"rendered":"http:\/\/pom.pt\/2023\/?page_id=677"},"modified":"2023-02-15T01:45:39","modified_gmt":"2023-02-15T01:45:39","slug":"training-camps","status":"publish","type":"page","link":"https:\/\/pom.pt\/2023\/pt\/training-camps\/","title":{"rendered":"Campos de Treino"},"content":{"rendered":"<p>Est\u00e3o dispon\u00edveis campos de treino em Arraiolos e nas \u00e1reas vizinhas at\u00e9 4 de Mar\u00e7o<\/p>\n<p>Os campos de treino s\u00e3o disponibilizados pelo clube Gafanhori e podem encontrar toda a<br \/>\ninforma\u00e7\u00e3o tanto na <a href=\"https:\/\/www.gafanhori.pt\/eventos\" target=\"_blank\" rel=\"noopener\">p\u00e1gina web<\/a> como neste <a href=\"http:\/\/pom.pt\/2023\/wp-content\/uploads\/sites\/10\/2023\/02\/Welcome-TrainingCamp2023.pdf\" target=\"_blank\" rel=\"noopener\">PDF<\/a>.<\/p>","protected":false},"excerpt":{"rendered":"<p>Est\u00e3o dispon\u00edveis campos de treino em Arraiolos e nas \u00e1reas vizinhas at\u00e9 4 de Mar\u00e7o Os campos de treino s\u00e3o disponibilizados pelo clube Gafanhori e podem encontrar toda a informa\u00e7\u00e3o tanto na p\u00e1gina web como neste PDF.<\/p>\n","protected":false},"author":12,"featured_media":0,"parent":0,"menu_order":0,"comment_status":"closed","ping_status":"closed","template":"","meta":{"_monsterinsights_skip_tracking":false,"_monsterinsights_sitenote_active":false,"_monsterinsights_sitenote_note":"","_monsterinsights_sitenote_category":0,"footnotes":""},"class_list":["post-677","page","type-page","status-publish","hentry"],"_links":{"self":[{"href":"https:\/\/pom.pt\/2023\/pt\/wp-json\/wp\/v2\/pages\/677","targetHints":{"allow":["GET"]}}],"collection":[{"href":"https:\/\/pom.pt\/2023\/pt\/wp-json\/wp\/v2\/pages"}],"about":[{"href":"https:\/\/pom.pt\/2023\/pt\/wp-json\/wp\/v2\/types\/page"}],"author":[{"embeddable":true,"href":"https:\/\/pom.pt\/2023\/pt\/wp-json\/wp\/v2\/users\/12"}],"replies":[{"embeddable":true,"href":"https:\/\/pom.pt\/2023\/pt\/wp-json\/wp\/v2\/comments?post=677"}],"version-history":[{"count":2,"href":"https:\/\/pom.pt\/2023\/pt\/wp-json\/wp\/v2\/pages\/677\/revisions"}],"predecessor-version":[{"id":680,"href":"https:\/\/pom.pt\/2023\/pt\/wp-json\/wp\/v2\/pages\/677\/revisions\/680"}],"wp:attachment":[{"href":"https:\/\/pom.pt\/2023\/pt\/wp-json\/wp\/v2\/media?parent=677"}],"curies":[{"name":"wp","href":"https:\/\/api.w.org\/{rel}","templated":true}]}}