{"id":578,"date":"2022-12-29T15:04:24","date_gmt":"2022-12-29T15:04:24","guid":{"rendered":"http:\/\/pom.pt\/2023\/?page_id=578"},"modified":"2023-02-20T11:07:25","modified_gmt":"2023-02-20T11:07:25","slug":"stage-5-night-sprint","status":"publish","type":"page","link":"https:\/\/pom.pt\/2023\/pt\/stage-5-night-sprint\/","title":{"rendered":"Etapa 6 &#8211; PreO"},"content":{"rendered":"<p><strong>MAPA \u2013<\/strong> S\u00e3o Bartolomeu do Outeiro<\/p>\n<p><strong>ESCALA DO MAPA \u2013<\/strong> 1-4.000 metros<\/p>\n<p><strong>EQUDIST\u00c2NCIA \u2013<\/strong> 2,5 metros de acordo com a especifica\u00e7\u00e3o do ISSprOM<\/p>\n<p><strong>CARTOGRAFO \u2013<\/strong> Alexandre Reis Agosto de 2017, revisto em dezembro 2022<\/p>\n<p><strong>TA\u00c7ADOR DE PERCURSOS \u2013 <\/strong>Alexandre Reis<\/p>\n<p><strong>SUPERVISOR IOF \u2013 <\/strong>In\u00eas Domingues<\/p>\n<p><b>CLASSES <\/b>&#8211; Open e Paral\u00edmpica<\/p>\n<p><strong>PONTOS CRONOMETRADOS &#8211;<\/strong> 1 esta\u00e7\u00e3o com tr\u00eas desafios por resolver<\/p>\n<p><strong>TERRENO \u2013<\/strong> Terreno t\u00edpico de montado alentejano, de baixo relevo, com elementos caracter\u00edsticos rochosos e de vegeta\u00e7\u00e3o. O percurso desenrola-se, na sua maioria, num percurso de terra batida, havendo o risco de ficar enlameado em caso de chuva, dificultando a progress\u00e3o das cadeiras de rodas.<\/p>\n<p><strong>REGULAMENTOS<\/strong><\/p>\n<ul>\n<li>As regras aplic\u00e1veis seguem o regulamento de Competi\u00e7\u00f5es da Federa\u00e7\u00e3o Portuguesa de Orienta\u00e7\u00e3o (FPO) para 2023; Os casos omissos ser\u00e3o decididos pela organiza\u00e7\u00e3o com base nos regulamentos da IOF;<\/li>\n<li>O prazo para a apresenta\u00e7\u00e3o de reclama\u00e7\u00f5es \u00e9 de 15 minutos ap\u00f3s a publica\u00e7\u00e3o dos resultados;<\/li>\n<li>Qualquer queixa deve ser feita por escrito e submetida ao secretariado.<\/li>\n<\/ul>\n<p><strong>AVISOS<\/strong><\/p>\n<ul>\n<li>A organiza\u00e7\u00e3o disponibilizar\u00e1 volunt\u00e1rios para auxiliar na desloca\u00e7\u00e3o dos competidores em cadeiras de rodas.<\/li>\n<li>Na resolu\u00e7\u00e3o dos desafios, os concorrentes devem favorecer a leitura do mapa e a interpreta\u00e7\u00e3o do terreno. N\u00e3o devem ser considerados alinhamentos ou azimutes de precis\u00e3o.<\/li>\n<li>Dist\u00e2ncia do Estacionamento \u00e0s Partidas 2km<\/li>\n<li>Partidas de 2 em 2 minutos<\/li>\n<\/ul>\n<p><strong>PROCEDIMENTO EM PONTOS CRONOMETRADOS<\/strong><\/p>\n<p>&#8211; Ap\u00f3s a entrega do cart\u00e3o de controle, os atletas escolher\u00e3o um conjunto de mapas dos fiscais (\u201cBound or Loose\u201d). Os atletas escolher\u00e3o entre falar ou apontar as respostas. Os oficiais afastam-se e um deles aponta todas as bandeiras (Alfa, Bravo, Charlie, Delta, Echo, Foxtrot). Imediatamente ap\u00f3s o apontamento da \u00faltima bandeira, o oficial convida o competidor a visualizar o(s) mapa(s) com as palavras \u201co tempo come\u00e7a agora\u201d.<\/p>\n<p><strong>INFORMA\u00c7\u00c3O PONTO CRONOMETRADO<\/strong><\/p>\n<ul>\n<li>Devido ao elevado n\u00famero de inscritos existir\u00e3o duas esta\u00e7\u00f5es cronometradas (A e B).<\/li>\n<li>\u00a0Os participantes ser\u00e3o divididos pelas 2 esta\u00e7\u00f5es (A e B) por crit\u00e9rio a indicar antes do in\u00edcio da competi\u00e7\u00e3o.<\/li>\n<\/ul>\n<p><strong>LOCALIZA\u00c7\u00c3O<\/strong><\/p>\n<p>38\u00ba21&#8217;27.63\u00ba&#8221;N\u00a0&#8211; 7\u00ba54&#8217;28.04&#8221;W<\/p>\n\n<table id=\"tablepress-16\" class=\"tablepress tablepress-id-16\">\n<thead>\n<tr class=\"row-1\">\n\t<th class=\"column-1\">Escal\u00e3o\/Class<\/th><th class=\"column-2\">Dist. (mts)<\/th><th class=\"column-3\">Desn\u00edvel\/Climb (mts)<\/th><th class=\"column-4\">Pontos \/ Controls<\/th><th class=\"column-5\">Escala \/ Scale<\/th><th class=\"column-6\">Equidist\u00e2ncia\/Contour Interval<\/th><th class=\"column-7\">Time Allowed<\/th><th class=\"column-8\">Pontos de Tempo\/Timed Controls<\/th>\n<\/tr>\n<\/thead>\n<tbody class=\"row-striping row-hover\">\n<tr class=\"row-2\">\n\t<td class=\"column-1\">Open<\/td><td class=\"column-2\">1100<\/td><td class=\"column-3\">5<\/td><td class=\"column-4\">20<\/td><td class=\"column-5\">4000<\/td><td class=\"column-6\">2,5m<\/td><td class=\"column-7\">93<\/td><td class=\"column-8\">1x3<\/td>\n<\/tr>\n<tr class=\"row-3\">\n\t<td class=\"column-1\">Paralympic<\/td><td class=\"column-2\">1100<\/td><td class=\"column-3\">5<\/td><td class=\"column-4\">20<\/td><td class=\"column-5\">4000<\/td><td class=\"column-6\">2,5m<\/td><td class=\"column-7\">96<\/td><td class=\"column-8\">1x3<\/td>\n<\/tr>\n<\/tbody>\n<\/table>\n<!-- #tablepress-16 from cache -->\n<p>Tempo de intervalo nos pontos de tempo &#8211; 1 minuto e 30 segundos<\/p>","protected":false},"excerpt":{"rendered":"<p>MAPA \u2013 S\u00e3o Bartolomeu do Outeiro ESCALA DO MAPA \u2013 1-4.000 metros EQUDIST\u00c2NCIA \u2013 2,5 metros de acordo com a especifica\u00e7\u00e3o do ISSprOM CARTOGRAFO \u2013 Alexandre Reis Agosto de 2017, revisto em dezembro 2022 TA\u00c7ADOR DE PERCURSOS \u2013 Alexandre Reis SUPERVISOR IOF \u2013 In\u00eas Domingues CLASSES &#8211; Open e Paral\u00edmpica PONTOS CRONOMETRADOS &#8211; 1 esta\u00e7\u00e3o com tr\u00eas desafios por resolver TERRENO \u2013 Terreno t\u00edpico de montado alentejano, de baixo relevo, com elementos caracter\u00edsticos rochosos e de vegeta\u00e7\u00e3o. O percurso desenrola-se, na sua maioria, num percurso de terra batida, havendo o risco de ficar enlameado em caso de chuva, dificultando a progress\u00e3o das cadeiras de rodas. REGULAMENTOS As regras aplic\u00e1veis seguem [&hellip;]<\/p>\n","protected":false},"author":14,"featured_media":0,"parent":0,"menu_order":0,"comment_status":"closed","ping_status":"closed","template":"","meta":{"_monsterinsights_skip_tracking":false,"_monsterinsights_sitenote_active":false,"_monsterinsights_sitenote_note":"","_monsterinsights_sitenote_category":0,"footnotes":""},"class_list":["post-578","page","type-page","status-publish","hentry"],"_links":{"self":[{"href":"https:\/\/pom.pt\/2023\/pt\/wp-json\/wp\/v2\/pages\/578","targetHints":{"allow":["GET"]}}],"collection":[{"href":"https:\/\/pom.pt\/2023\/pt\/wp-json\/wp\/v2\/pages"}],"about":[{"href":"https:\/\/pom.pt\/2023\/pt\/wp-json\/wp\/v2\/types\/page"}],"author":[{"embeddable":true,"href":"https:\/\/pom.pt\/2023\/pt\/wp-json\/wp\/v2\/users\/14"}],"replies":[{"embeddable":true,"href":"https:\/\/pom.pt\/2023\/pt\/wp-json\/wp\/v2\/comments?post=578"}],"version-history":[{"count":9,"href":"https:\/\/pom.pt\/2023\/pt\/wp-json\/wp\/v2\/pages\/578\/revisions"}],"predecessor-version":[{"id":714,"href":"https:\/\/pom.pt\/2023\/pt\/wp-json\/wp\/v2\/pages\/578\/revisions\/714"}],"wp:attachment":[{"href":"https:\/\/pom.pt\/2023\/pt\/wp-json\/wp\/v2\/media?parent=578"}],"curies":[{"name":"wp","href":"https:\/\/api.w.org\/{rel}","templated":true}]}}