{"id":539,"date":"2022-12-27T19:34:18","date_gmt":"2022-12-27T19:34:18","guid":{"rendered":"http:\/\/pom.pt\/2023\/?page_id=539"},"modified":"2022-12-27T19:34:18","modified_gmt":"2022-12-27T19:34:18","slug":"stage-5-night-sprint","status":"publish","type":"page","link":"https:\/\/pom.pt\/2023\/pt\/technical-info\/stage-5-night-sprint\/","title":{"rendered":"Etapa 5 &#8211; Sprint Nocturno"},"content":{"rendered":"<p><strong>MAPA \u2013<\/strong> Portel<\/p>\n<p><strong>TERRENO \u2013<\/strong> Zonas urbanas alternando com zonas ajardinadas. Algumas escadas e desn\u00edvel moderado<\/p>\n<p><strong>CARTOGRAFOS \u2013<\/strong> Alexandre Reis<\/p>\n<p><strong>TA\u00c7ADOR DE PERCURSOS \u2013<\/strong><\/p>\n<p><strong>ESCALA DO MAPA \u2013<\/strong> 1-4.000 metros<\/p>\n<p><strong>EQUDIST\u00c2NCIA \u2013<\/strong> 5 metros<\/p>\n<p><strong>ESTACIONAMENTOS \u2013<\/strong> Junto das chegadas e zonas envolventes. Respeitar as indica\u00e7\u00f5es dos elementos do Staff que estar\u00e3o a coordenar os estacionamentos.<\/p>\n<p>Dist\u00e2ncia da arena para as partidas (brevemente)<br \/>\nChegadas na arena<\/p>\n<p>&nbsp;<\/p>\n<p>\n<table id=\"tablepress-15\" class=\"tablepress tablepress-id-15\">\n<thead>\n<tr class=\"row-1\">\n\t<th class=\"column-1\">Escal\u00e3o\/Class<\/th><th class=\"column-2\">Dist. (mts)<\/th><th class=\"column-3\">Desn\u00edvel\/Climb (mts)<\/th><th class=\"column-4\">Pontos \/ Controls<\/th><th class=\"column-5\">Escala \/ Scale<\/th>\n<\/tr>\n<\/thead>\n<tbody class=\"row-striping row-hover\">\n<tr class=\"row-2\">\n\t<td class=\"column-1\">M10<\/td><td class=\"column-2\">1200<\/td><td class=\"column-3\">50<\/td><td class=\"column-4\">13<\/td><td class=\"column-5\">4<\/td>\n<\/tr>\n<tr class=\"row-3\">\n\t<td class=\"column-1\">M12<\/td><td class=\"column-2\">1400<\/td><td class=\"column-3\">45<\/td><td class=\"column-4\">14<\/td><td class=\"column-5\">4<\/td>\n<\/tr>\n<tr class=\"row-4\">\n\t<td class=\"column-1\">M14<\/td><td class=\"column-2\">1700<\/td><td class=\"column-3\">45<\/td><td class=\"column-4\">11<\/td><td class=\"column-5\">4<\/td>\n<\/tr>\n<tr class=\"row-5\">\n\t<td class=\"column-1\">M16<\/td><td class=\"column-2\">2100<\/td><td class=\"column-3\">65<\/td><td class=\"column-4\">10<\/td><td class=\"column-5\">4<\/td>\n<\/tr>\n<tr class=\"row-6\">\n\t<td class=\"column-1\">M18<\/td><td class=\"column-2\">2800<\/td><td class=\"column-3\">85<\/td><td class=\"column-4\">14<\/td><td class=\"column-5\">4<\/td>\n<\/tr>\n<tr class=\"row-7\">\n\t<td class=\"column-1\">M20<\/td><td class=\"column-2\">3000<\/td><td class=\"column-3\">85<\/td><td class=\"column-4\">12<\/td><td class=\"column-5\">4<\/td>\n<\/tr>\n<tr class=\"row-8\">\n\t<td class=\"column-1\">M21A<\/td><td class=\"column-2\">2900<\/td><td class=\"column-3\">90<\/td><td class=\"column-4\">12<\/td><td class=\"column-5\">4<\/td>\n<\/tr>\n<tr class=\"row-9\">\n\t<td class=\"column-1\">M21B<\/td><td class=\"column-2\">2900<\/td><td class=\"column-3\">90<\/td><td class=\"column-4\">12<\/td><td class=\"column-5\">4<\/td>\n<\/tr>\n<tr class=\"row-10\">\n\t<td class=\"column-1\">ME<\/td><td class=\"column-2\">3100<\/td><td class=\"column-3\">95<\/td><td class=\"column-4\">15<\/td><td class=\"column-5\">4<\/td>\n<\/tr>\n<tr class=\"row-11\">\n\t<td class=\"column-1\">M35<\/td><td class=\"column-2\">2900<\/td><td class=\"column-3\">90<\/td><td class=\"column-4\">11<\/td><td class=\"column-5\">4<\/td>\n<\/tr>\n<tr class=\"row-12\">\n\t<td class=\"column-1\">M40<\/td><td class=\"column-2\">2900<\/td><td class=\"column-3\">90<\/td><td class=\"column-4\">11<\/td><td class=\"column-5\">4<\/td>\n<\/tr>\n<tr class=\"row-13\">\n\t<td class=\"column-1\">M45<\/td><td class=\"column-2\">2800<\/td><td class=\"column-3\">80<\/td><td class=\"column-4\">13<\/td><td class=\"column-5\">4<\/td>\n<\/tr>\n<tr class=\"row-14\">\n\t<td class=\"column-1\">M50<\/td><td class=\"column-2\">2600<\/td><td class=\"column-3\">80<\/td><td class=\"column-4\">13<\/td><td class=\"column-5\">4<\/td>\n<\/tr>\n<tr class=\"row-15\">\n\t<td class=\"column-1\">M55<\/td><td class=\"column-2\">2600<\/td><td class=\"column-3\">60<\/td><td class=\"column-4\">12<\/td><td class=\"column-5\">4<\/td>\n<\/tr>\n<tr class=\"row-16\">\n\t<td class=\"column-1\">M60<\/td><td class=\"column-2\">2500<\/td><td class=\"column-3\">60<\/td><td class=\"column-4\">12<\/td><td class=\"column-5\">4<\/td>\n<\/tr>\n<tr class=\"row-17\">\n\t<td class=\"column-1\">M65<\/td><td class=\"column-2\">2300<\/td><td class=\"column-3\">50<\/td><td class=\"column-4\">11<\/td><td class=\"column-5\">4<\/td>\n<\/tr>\n<tr class=\"row-18\">\n\t<td class=\"column-1\">M70<\/td><td class=\"column-2\">2100<\/td><td class=\"column-3\">50<\/td><td class=\"column-4\">12<\/td><td class=\"column-5\">4<\/td>\n<\/tr>\n<tr class=\"row-19\">\n\t<td class=\"column-1\">M75<\/td><td class=\"column-2\">2100<\/td><td class=\"column-3\">50<\/td><td class=\"column-4\">12<\/td><td class=\"column-5\">4<\/td>\n<\/tr>\n<tr class=\"row-20\">\n\t<td class=\"column-1\">M80<\/td><td class=\"column-2\">1700<\/td><td class=\"column-3\">50<\/td><td class=\"column-4\">9<\/td><td class=\"column-5\">4<\/td>\n<\/tr>\n<tr class=\"row-21\">\n\t<td class=\"column-1\">M85<\/td><td class=\"column-2\">1700<\/td><td class=\"column-3\">50<\/td><td class=\"column-4\">9<\/td><td class=\"column-5\">4<\/td>\n<\/tr>\n<tr class=\"row-22\">\n\t<td class=\"column-1\">M90<\/td><td class=\"column-2\">1700<\/td><td class=\"column-3\">50<\/td><td class=\"column-4\">9<\/td><td class=\"column-5\">4<\/td>\n<\/tr>\n<tr class=\"row-23\">\n\t<td class=\"column-1\">W10<\/td><td class=\"column-2\">1200<\/td><td class=\"column-3\">50<\/td><td class=\"column-4\">13<\/td><td class=\"column-5\">4<\/td>\n<\/tr>\n<tr class=\"row-24\">\n\t<td class=\"column-1\">W12<\/td><td class=\"column-2\">1400<\/td><td class=\"column-3\">45<\/td><td class=\"column-4\">14<\/td><td class=\"column-5\">4<\/td>\n<\/tr>\n<tr class=\"row-25\">\n\t<td class=\"column-1\">W14<\/td><td class=\"column-2\">1700<\/td><td class=\"column-3\">45<\/td><td class=\"column-4\">11<\/td><td class=\"column-5\">4<\/td>\n<\/tr>\n<tr class=\"row-26\">\n\t<td class=\"column-1\">W16<\/td><td class=\"column-2\">2000<\/td><td class=\"column-3\">35<\/td><td class=\"column-4\">11<\/td><td class=\"column-5\">4<\/td>\n<\/tr>\n<tr class=\"row-27\">\n\t<td class=\"column-1\">W18<\/td><td class=\"column-2\">2200<\/td><td class=\"column-3\">45<\/td><td class=\"column-4\">12<\/td><td class=\"column-5\">4<\/td>\n<\/tr>\n<tr class=\"row-28\">\n\t<td class=\"column-1\">W20<\/td><td class=\"column-2\">2800<\/td><td class=\"column-3\">90<\/td><td class=\"column-4\">13<\/td><td class=\"column-5\">4<\/td>\n<\/tr>\n<tr class=\"row-29\">\n\t<td class=\"column-1\">W21A<\/td><td class=\"column-2\">2200<\/td><td class=\"column-3\">45<\/td><td class=\"column-4\">12<\/td><td class=\"column-5\">4<\/td>\n<\/tr>\n<tr class=\"row-30\">\n\t<td class=\"column-1\">W21B<\/td><td class=\"column-2\">1900<\/td><td class=\"column-3\">45<\/td><td class=\"column-4\">11<\/td><td class=\"column-5\">4<\/td>\n<\/tr>\n<tr class=\"row-31\">\n\t<td class=\"column-1\">WE<\/td><td class=\"column-2\">3000<\/td><td class=\"column-3\">85<\/td><td class=\"column-4\">13<\/td><td class=\"column-5\">4<\/td>\n<\/tr>\n<tr class=\"row-32\">\n\t<td class=\"column-1\">W35<\/td><td class=\"column-2\">2800<\/td><td class=\"column-3\">90<\/td><td class=\"column-4\">13<\/td><td class=\"column-5\">4<\/td>\n<\/tr>\n<tr class=\"row-33\">\n\t<td class=\"column-1\">W40<\/td><td class=\"column-2\">2600<\/td><td class=\"column-3\">70<\/td><td class=\"column-4\">12<\/td><td class=\"column-5\">4<\/td>\n<\/tr>\n<tr class=\"row-34\">\n\t<td class=\"column-1\">W45<\/td><td class=\"column-2\">2600<\/td><td class=\"column-3\">70<\/td><td class=\"column-4\">12<\/td><td class=\"column-5\">4<\/td>\n<\/tr>\n<tr class=\"row-35\">\n\t<td class=\"column-1\">W50<\/td><td class=\"column-2\">2400<\/td><td class=\"column-3\">50<\/td><td class=\"column-4\">11<\/td><td class=\"column-5\">4<\/td>\n<\/tr>\n<tr class=\"row-36\">\n\t<td class=\"column-1\">W55<\/td><td class=\"column-2\">2200<\/td><td class=\"column-3\">45<\/td><td class=\"column-4\">13<\/td><td class=\"column-5\">4<\/td>\n<\/tr>\n<tr class=\"row-37\">\n\t<td class=\"column-1\">W60<\/td><td class=\"column-2\">2200<\/td><td class=\"column-3\">45<\/td><td class=\"column-4\">13<\/td><td class=\"column-5\">4<\/td>\n<\/tr>\n<tr class=\"row-38\">\n\t<td class=\"column-1\">W65<\/td><td class=\"column-2\">2000<\/td><td class=\"column-3\">50<\/td><td class=\"column-4\">11<\/td><td class=\"column-5\">4<\/td>\n<\/tr>\n<tr class=\"row-39\">\n\t<td class=\"column-1\">W70<\/td><td class=\"column-2\">2000<\/td><td class=\"column-3\">50<\/td><td class=\"column-4\">11<\/td><td class=\"column-5\">4<\/td>\n<\/tr>\n<tr class=\"row-40\">\n\t<td class=\"column-1\">W75<\/td><td class=\"column-2\">1700<\/td><td class=\"column-3\">50<\/td><td class=\"column-4\">11<\/td><td class=\"column-5\">4<\/td>\n<\/tr>\n<tr class=\"row-41\">\n\t<td class=\"column-1\">W80<\/td><td class=\"column-2\">1700<\/td><td class=\"column-3\">50<\/td><td class=\"column-4\">11<\/td><td class=\"column-5\">4<\/td>\n<\/tr>\n<tr class=\"row-42\">\n\t<td class=\"column-1\">W85<\/td><td class=\"column-2\">1700<\/td><td class=\"column-3\">50<\/td><td class=\"column-4\">11<\/td><td class=\"column-5\">4<\/td>\n<\/tr>\n<tr class=\"row-43\">\n\t<td class=\"column-1\">Difficult Long<\/td><td class=\"column-2\">2800<\/td><td class=\"column-3\">85<\/td><td class=\"column-4\">13<\/td><td class=\"column-5\">4<\/td>\n<\/tr>\n<tr class=\"row-44\">\n\t<td class=\"column-1\">Difficult Short<\/td><td class=\"column-2\">1400<\/td><td class=\"column-3\">45<\/td><td class=\"column-4\">14<\/td><td class=\"column-5\">4<\/td>\n<\/tr>\n<tr class=\"row-45\">\n\t<td class=\"column-1\">Easy Long<\/td><td class=\"column-2\">2800<\/td><td class=\"column-3\">85<\/td><td class=\"column-4\">13<\/td><td class=\"column-5\">4<\/td>\n<\/tr>\n<tr class=\"row-46\">\n\t<td class=\"column-1\">Easy Short<\/td><td class=\"column-2\">1400<\/td><td class=\"column-3\">45<\/td><td class=\"column-4\">14<\/td><td class=\"column-5\">4<\/td>\n<\/tr>\n<\/tbody>\n<\/table>\n<!-- #tablepress-15 from cache --><\/p>","protected":false},"excerpt":{"rendered":"<p>MAPA \u2013 Portel TERRENO \u2013 Zonas urbanas alternando com zonas ajardinadas. Algumas escadas e desn\u00edvel moderado CARTOGRAFOS \u2013 Alexandre Reis TA\u00c7ADOR DE PERCURSOS \u2013 ESCALA DO MAPA \u2013 1-4.000 metros EQUDIST\u00c2NCIA \u2013 5 metros ESTACIONAMENTOS \u2013 Junto das chegadas e zonas envolventes. Respeitar as indica\u00e7\u00f5es dos elementos do Staff que estar\u00e3o a coordenar os estacionamentos. Dist\u00e2ncia da arena para as partidas (brevemente) Chegadas na arena &nbsp;<\/p>\n","protected":false},"author":14,"featured_media":0,"parent":395,"menu_order":0,"comment_status":"closed","ping_status":"closed","template":"","meta":{"_monsterinsights_skip_tracking":false,"_monsterinsights_sitenote_active":false,"_monsterinsights_sitenote_note":"","_monsterinsights_sitenote_category":0,"footnotes":""},"class_list":["post-539","page","type-page","status-publish","hentry"],"_links":{"self":[{"href":"https:\/\/pom.pt\/2023\/pt\/wp-json\/wp\/v2\/pages\/539","targetHints":{"allow":["GET"]}}],"collection":[{"href":"https:\/\/pom.pt\/2023\/pt\/wp-json\/wp\/v2\/pages"}],"about":[{"href":"https:\/\/pom.pt\/2023\/pt\/wp-json\/wp\/v2\/types\/page"}],"author":[{"embeddable":true,"href":"https:\/\/pom.pt\/2023\/pt\/wp-json\/wp\/v2\/users\/14"}],"replies":[{"embeddable":true,"href":"https:\/\/pom.pt\/2023\/pt\/wp-json\/wp\/v2\/comments?post=539"}],"version-history":[{"count":3,"href":"https:\/\/pom.pt\/2023\/pt\/wp-json\/wp\/v2\/pages\/539\/revisions"}],"predecessor-version":[{"id":571,"href":"https:\/\/pom.pt\/2023\/pt\/wp-json\/wp\/v2\/pages\/539\/revisions\/571"}],"up":[{"embeddable":true,"href":"https:\/\/pom.pt\/2023\/pt\/wp-json\/wp\/v2\/pages\/395"}],"wp:attachment":[{"href":"https:\/\/pom.pt\/2023\/pt\/wp-json\/wp\/v2\/media?parent=539"}],"curies":[{"name":"wp","href":"https:\/\/api.w.org\/{rel}","templated":true}]}}