{"id":366,"date":"2020-08-06T16:58:17","date_gmt":"2020-08-06T16:58:17","guid":{"rendered":"http:\/\/pom.pt\/2023\/?page_id=366"},"modified":"2022-12-04T23:53:51","modified_gmt":"2022-12-04T23:53:51","slug":"location","status":"publish","type":"page","link":"https:\/\/pom.pt\/2023\/pt\/location\/","title":{"rendered":"Localiza\u00e7\u00e3o"},"content":{"rendered":"O evento realizar-se-\u00e1 em S\u00e3o Bartolomeu do Outeiro &#8211; Portel.\r\n\r\n\r\n\r\n<iframe loading=\"lazy\" src=\"https:\/\/www.google.com\/maps\/d\/u\/3\/embed?mid=1QG211bw0qxj2BqhYUhcnxrdMXnBxrBI\" width=\"640\" height=\"480\"><\/iframe>","protected":false},"excerpt":{"rendered":"<p>O evento realizar-se-\u00e1 em S\u00e3o Bartolomeu do Outeiro &#8211; Portel.<\/p>\n","protected":false},"author":12,"featured_media":0,"parent":0,"menu_order":0,"comment_status":"closed","ping_status":"closed","template":"","meta":{"_monsterinsights_skip_tracking":false,"_monsterinsights_sitenote_active":false,"_monsterinsights_sitenote_note":"","_monsterinsights_sitenote_category":0,"footnotes":""},"class_list":["post-366","page","type-page","status-publish","hentry"],"_links":{"self":[{"href":"https:\/\/pom.pt\/2023\/pt\/wp-json\/wp\/v2\/pages\/366","targetHints":{"allow":["GET"]}}],"collection":[{"href":"https:\/\/pom.pt\/2023\/pt\/wp-json\/wp\/v2\/pages"}],"about":[{"href":"https:\/\/pom.pt\/2023\/pt\/wp-json\/wp\/v2\/types\/page"}],"author":[{"embeddable":true,"href":"https:\/\/pom.pt\/2023\/pt\/wp-json\/wp\/v2\/users\/12"}],"replies":[{"embeddable":true,"href":"https:\/\/pom.pt\/2023\/pt\/wp-json\/wp\/v2\/comments?post=366"}],"version-history":[{"count":10,"href":"https:\/\/pom.pt\/2023\/pt\/wp-json\/wp\/v2\/pages\/366\/revisions"}],"predecessor-version":[{"id":516,"href":"https:\/\/pom.pt\/2023\/pt\/wp-json\/wp\/v2\/pages\/366\/revisions\/516"}],"wp:attachment":[{"href":"https:\/\/pom.pt\/2023\/pt\/wp-json\/wp\/v2\/media?parent=366"}],"curies":[{"name":"wp","href":"https:\/\/api.w.org\/{rel}","templated":true}]}}