{"id":348,"date":"2020-08-06T16:28:04","date_gmt":"2020-08-06T16:28:04","guid":{"rendered":"http:\/\/pom.pt\/2023\/?page_id=348"},"modified":"2023-02-07T00:05:34","modified_gmt":"2023-02-07T00:05:34","slug":"programme-2","status":"publish","type":"page","link":"https:\/\/pom.pt\/2023\/pt\/programme-2\/","title":{"rendered":"Programa"},"content":{"rendered":"<p><strong>3 de fevereiro<\/strong><\/p>\n<p>T\u00e9rmino das inscri\u00e7\u00f5es nos escal\u00f5es de competi\u00e7\u00e3o e inscri\u00e7\u00f5es online com desconto.<\/p>\n<p><strong>6 de fevereiro<\/strong><br \/>\nT\u00e9rmino das inscri\u00e7\u00f5es nos escal\u00f5es de competi\u00e7\u00e3o e inscri\u00e7\u00f5es online com agravamento.<br \/>\nPara os escal\u00f5es abertos as inscri\u00e7\u00f5es devem ser efetuadas via email para <a href=\"mailto:entries@pom.pt\">entries@pom.pt<\/a> .<br \/>\nS\u00e3o aceites inscri\u00e7\u00f5es nos escal\u00f5es abertos at\u00e9 ao dia da prova mas sempre sujeito \u00e0 disponibilidade de mapa.<\/p>\n<p><strong>17 de fevereiro<\/strong><br \/>\n08h30 \u2013 Abertura do secretariado<br \/>\n09h30 &#8211; Abertura do model event<br \/>\n16h00 &#8211; Encerramento do model event<br \/>\n19h00 &#8211; Encerramento do secretariado<\/p>\n<p><strong>18 de fevereiro<\/strong><br \/>\n08h00 &#8211; Abertura do secretariado<br \/>\n12h00 &#8211; Dist\u00e2ncia M\u00e9dia (DM)<br \/>\n12h30 \/ 13h30 &#8211; Partidas dos escal\u00f5es abertos e de forma\u00e7\u00e3o<\/p>\n<p><strong>19 de fevereiro<\/strong><br \/>\n08h00 &#8211; Abertura do secretariado<br \/>\n09h00 &#8211; Dist\u00e2ncia Longa (DL) &#8211; WRE<br \/>\n09h30 \/ 11h00 &#8211; Partidas dos escal\u00f5es abertos e de forma\u00e7\u00e3o<br \/>\n15h00 &#8211; Entrega de pr\u00e9mios WRE (previs\u00e3o)<br \/>\n19h00 \u2013 Sprint noturno (Portel)<br \/>\n21h00 \u2013 Entrega de pr\u00e9mios do Sprint noturno<\/p>\n<p><strong>20 de fevereiro<\/strong><br \/>\n08h00 &#8211; Abertura do secretariado<br \/>\n09h00 &#8211; Dist\u00e2ncia m\u00e9dia<br \/>\n09h30 \/ 11h30 &#8211; Partidas dos escal\u00f5es abertos e de forma\u00e7\u00e3o<br \/>\n14h00 \u2013 Prova de PreO (o secretariado vai funcionar no local da competi\u00e7\u00e3o a partir das 13h00)<br \/>\n18h00 \u2013 Entrega de pr\u00e9mios da prova de PreO<\/p>\n<p><strong>21 de fevereiro<\/strong><br \/>\n07h45 &#8211; Abertura do secretariado<\/p>\n<p>08h45 &#8211; Inicio das partidas dos restantes escal\u00f5es de competi\u00e7\u00e3o<\/p>\n<p>09h00 &#8211; Dist\u00e2ncia Longa &#8211; In\u00edcio do Chasing Start &#8211; WE<br \/>\n09h00 \/ 10h00 &#8211; Partidas dos escal\u00f5es abertos e de forma\u00e7\u00e3o<\/p>\n<p>10h00 &#8211; Mass Start para WE<\/p>\n<p>10h15 &#8211; Dist\u00e2ncia Longa &#8211; In\u00edcio do Chasing Start &#8211; ME<\/p>\n<p>11h15 &#8211; Mass Start para ME<br \/>\n13h30 &#8211; Entrega de pr\u00e9mios e encerramento do POM 2023<\/p>","protected":false},"excerpt":{"rendered":"<p>3 de fevereiro T\u00e9rmino das inscri\u00e7\u00f5es nos escal\u00f5es de competi\u00e7\u00e3o e inscri\u00e7\u00f5es online com desconto. 6 de fevereiro T\u00e9rmino das inscri\u00e7\u00f5es nos escal\u00f5es de competi\u00e7\u00e3o e inscri\u00e7\u00f5es online com agravamento. Para os escal\u00f5es abertos as inscri\u00e7\u00f5es devem ser efetuadas via email para entries@pom.pt . S\u00e3o aceites inscri\u00e7\u00f5es nos escal\u00f5es abertos at\u00e9 ao dia da prova mas sempre sujeito \u00e0 disponibilidade de mapa. 17 de fevereiro 08h30 \u2013 Abertura do secretariado 09h30 &#8211; Abertura do model event 16h00 &#8211; Encerramento do model event 19h00 &#8211; Encerramento do secretariado 18 de fevereiro 08h00 &#8211; Abertura do secretariado 12h00 &#8211; Dist\u00e2ncia M\u00e9dia (DM) 12h30 \/ 13h30 &#8211; Partidas dos escal\u00f5es abertos e de [&hellip;]<\/p>\n","protected":false},"author":12,"featured_media":0,"parent":0,"menu_order":0,"comment_status":"closed","ping_status":"closed","template":"","meta":{"_monsterinsights_skip_tracking":false,"_monsterinsights_sitenote_active":false,"_monsterinsights_sitenote_note":"","_monsterinsights_sitenote_category":0,"footnotes":""},"class_list":["post-348","page","type-page","status-publish","hentry"],"_links":{"self":[{"href":"https:\/\/pom.pt\/2023\/pt\/wp-json\/wp\/v2\/pages\/348","targetHints":{"allow":["GET"]}}],"collection":[{"href":"https:\/\/pom.pt\/2023\/pt\/wp-json\/wp\/v2\/pages"}],"about":[{"href":"https:\/\/pom.pt\/2023\/pt\/wp-json\/wp\/v2\/types\/page"}],"author":[{"embeddable":true,"href":"https:\/\/pom.pt\/2023\/pt\/wp-json\/wp\/v2\/users\/12"}],"replies":[{"embeddable":true,"href":"https:\/\/pom.pt\/2023\/pt\/wp-json\/wp\/v2\/comments?post=348"}],"version-history":[{"count":10,"href":"https:\/\/pom.pt\/2023\/pt\/wp-json\/wp\/v2\/pages\/348\/revisions"}],"predecessor-version":[{"id":650,"href":"https:\/\/pom.pt\/2023\/pt\/wp-json\/wp\/v2\/pages\/348\/revisions\/650"}],"wp:attachment":[{"href":"https:\/\/pom.pt\/2023\/pt\/wp-json\/wp\/v2\/media?parent=348"}],"curies":[{"name":"wp","href":"https:\/\/api.w.org\/{rel}","templated":true}]}}