{"id":378,"date":"2020-08-07T17:19:20","date_gmt":"2020-08-07T17:19:20","guid":{"rendered":"http:\/\/pom.pt\/2022\/?page_id=378"},"modified":"2021-09-16T16:28:29","modified_gmt":"2021-09-16T16:28:29","slug":"control-system","status":"publish","type":"page","link":"https:\/\/pom.pt\/2022\/control-system\/","title":{"rendered":"Sistema de Controlo"},"content":{"rendered":"<p>\u2013 O sistema de controlo utilizado ser\u00e1 o SPORTident;<br \/>\n\u2013 O modo contactless AIR+ estar\u00e1 ativo em todas as etapas de Floresta e Sprint;<br \/>\n\u2013 Quem n\u00e3o possuir um SIAC pode utilizar o seu SICard como habitual;<br \/>\n\u2013 A organiza\u00e7\u00e3o ter\u00e1 SIAC\u2019s dispon\u00edveis para alugar a quem desejar usar este sistema;<br \/>\n&#8211; A taxa de aluguer de um SIAC tem o valor fixo de 10\u20ac independentemente do n\u00famero de etapas. (necess\u00e1rio deixar cau\u00e7\u00e3o de \u20ac80);<br \/>\n&#8211; Quem pretender alugar um SIAC dever\u00e1 proceder \u00e0 sua reserva, enviando um email para <a href=\"mailto:entries@pom.pt\" target=\"_blank\" rel=\"noopener noreferrer\">entries@pom.pt<\/a> at\u00e9 11 de fevereiro.<\/p>\n","protected":false},"excerpt":{"rendered":"<p>\u2013 O sistema de controlo utilizado ser\u00e1 o SPORTident; \u2013 O modo contactless AIR+ estar\u00e1 ativo em todas as etapas de Floresta e Sprint; \u2013 Quem n\u00e3o possuir um SIAC pode utilizar o seu SICard como habitual; \u2013 A organiza\u00e7\u00e3o ter\u00e1 SIAC\u2019s dispon\u00edveis para alugar a quem desejar usar este sistema; &#8211; A taxa de aluguer de um SIAC tem o valor fixo de 10\u20ac independentemente do n\u00famero de etapas. (necess\u00e1rio deixar cau\u00e7\u00e3o de \u20ac80); &#8211; Quem pretender alugar um SIAC dever\u00e1 proceder \u00e0 sua reserva, enviando um email para entries@pom.pt at\u00e9 11 de fevereiro.<\/p>\n","protected":false},"author":12,"featured_media":0,"parent":0,"menu_order":0,"comment_status":"closed","ping_status":"closed","template":"","meta":{"_monsterinsights_skip_tracking":false,"_monsterinsights_sitenote_active":false,"_monsterinsights_sitenote_note":"","_monsterinsights_sitenote_category":0,"footnotes":""},"class_list":["post-378","page","type-page","status-publish","hentry"],"_links":{"self":[{"href":"https:\/\/pom.pt\/2022\/wp-json\/wp\/v2\/pages\/378","targetHints":{"allow":["GET"]}}],"collection":[{"href":"https:\/\/pom.pt\/2022\/wp-json\/wp\/v2\/pages"}],"about":[{"href":"https:\/\/pom.pt\/2022\/wp-json\/wp\/v2\/types\/page"}],"author":[{"embeddable":true,"href":"https:\/\/pom.pt\/2022\/wp-json\/wp\/v2\/users\/12"}],"replies":[{"embeddable":true,"href":"https:\/\/pom.pt\/2022\/wp-json\/wp\/v2\/comments?post=378"}],"version-history":[{"count":3,"href":"https:\/\/pom.pt\/2022\/wp-json\/wp\/v2\/pages\/378\/revisions"}],"predecessor-version":[{"id":430,"href":"https:\/\/pom.pt\/2022\/wp-json\/wp\/v2\/pages\/378\/revisions\/430"}],"wp:attachment":[{"href":"https:\/\/pom.pt\/2022\/wp-json\/wp\/v2\/media?parent=378"}],"curies":[{"name":"wp","href":"https:\/\/api.w.org\/{rel}","templated":true}]}}