{"id":406,"date":"2020-09-02T15:28:16","date_gmt":"2020-09-02T15:28:16","guid":{"rendered":"http:\/\/pom.pt\/2022\/pt\/?page_id=406"},"modified":"2021-09-21T15:50:46","modified_gmt":"2021-09-21T15:50:46","slug":"commitment","status":"publish","type":"page","link":"https:\/\/pom.pt\/2022\/pt\/commitment\/","title":{"rendered":"Compromisso"},"content":{"rendered":"<p><\/p>\n<div dir=\"auto\">\n<p>No caso bastante improv\u00e1vel de cancelamento do evento ou quando os participantes sejam impedidos de entrar em Portugal por raz\u00f5es relativas \u00e0 pandemia da Covid-19, a FPO compromete-se a devolver as verbas recebidas de inscri\u00e7\u00f5es, descontando o custo da transfer\u00eancia (o custo da transfer\u00eancia \u00e9 encargo do participante).<\/p>\n<\/div>\n<div dir=\"auto\">Nota: a FPO aconselha os participantes a realizarem os pagamentos das inscri\u00e7\u00f5es a partir de 15 de dezembro de 2021.<\/div>\n<p><\/p>","protected":false},"excerpt":{"rendered":"<p>No caso bastante improv\u00e1vel de cancelamento do evento ou quando os participantes sejam impedidos de entrar em Portugal por raz\u00f5es relativas \u00e0 pandemia da Covid-19, a FPO compromete-se a devolver as verbas recebidas de inscri\u00e7\u00f5es, descontando o custo da transfer\u00eancia (o custo da transfer\u00eancia \u00e9 encargo do participante). Nota: a FPO aconselha os participantes a realizarem os pagamentos das inscri\u00e7\u00f5es a partir de 15 de dezembro de 2021.<\/p>\n","protected":false},"author":12,"featured_media":0,"parent":0,"menu_order":0,"comment_status":"closed","ping_status":"closed","template":"","meta":{"_monsterinsights_skip_tracking":false,"_monsterinsights_sitenote_active":false,"_monsterinsights_sitenote_note":"","_monsterinsights_sitenote_category":0,"footnotes":""},"class_list":["post-406","page","type-page","status-publish","hentry"],"_links":{"self":[{"href":"https:\/\/pom.pt\/2022\/pt\/wp-json\/wp\/v2\/pages\/406","targetHints":{"allow":["GET"]}}],"collection":[{"href":"https:\/\/pom.pt\/2022\/pt\/wp-json\/wp\/v2\/pages"}],"about":[{"href":"https:\/\/pom.pt\/2022\/pt\/wp-json\/wp\/v2\/types\/page"}],"author":[{"embeddable":true,"href":"https:\/\/pom.pt\/2022\/pt\/wp-json\/wp\/v2\/users\/12"}],"replies":[{"embeddable":true,"href":"https:\/\/pom.pt\/2022\/pt\/wp-json\/wp\/v2\/comments?post=406"}],"version-history":[{"count":3,"href":"https:\/\/pom.pt\/2022\/pt\/wp-json\/wp\/v2\/pages\/406\/revisions"}],"predecessor-version":[{"id":434,"href":"https:\/\/pom.pt\/2022\/pt\/wp-json\/wp\/v2\/pages\/406\/revisions\/434"}],"wp:attachment":[{"href":"https:\/\/pom.pt\/2022\/pt\/wp-json\/wp\/v2\/media?parent=406"}],"curies":[{"name":"wp","href":"https:\/\/api.w.org\/{rel}","templated":true}]}}