{"id":366,"date":"2020-08-06T16:58:17","date_gmt":"2020-08-06T16:58:17","guid":{"rendered":"http:\/\/pom.pt\/2022\/?page_id=366"},"modified":"2020-08-07T17:43:01","modified_gmt":"2020-08-07T17:43:01","slug":"location","status":"publish","type":"page","link":"https:\/\/pom.pt\/2022\/pt\/location\/","title":{"rendered":"Localiza\u00e7\u00e3o"},"content":{"rendered":"<p>O evento realizar-se-\u00e1 em Loul\u00e9.<\/p>","protected":false},"excerpt":{"rendered":"<p>O evento realizar-se-\u00e1 em Loul\u00e9.<\/p>\n","protected":false},"author":12,"featured_media":0,"parent":0,"menu_order":0,"comment_status":"closed","ping_status":"closed","template":"","meta":{"_monsterinsights_skip_tracking":false,"_monsterinsights_sitenote_active":false,"_monsterinsights_sitenote_note":"","_monsterinsights_sitenote_category":0,"footnotes":""},"class_list":["post-366","page","type-page","status-publish","hentry"],"_links":{"self":[{"href":"https:\/\/pom.pt\/2022\/pt\/wp-json\/wp\/v2\/pages\/366","targetHints":{"allow":["GET"]}}],"collection":[{"href":"https:\/\/pom.pt\/2022\/pt\/wp-json\/wp\/v2\/pages"}],"about":[{"href":"https:\/\/pom.pt\/2022\/pt\/wp-json\/wp\/v2\/types\/page"}],"author":[{"embeddable":true,"href":"https:\/\/pom.pt\/2022\/pt\/wp-json\/wp\/v2\/users\/12"}],"replies":[{"embeddable":true,"href":"https:\/\/pom.pt\/2022\/pt\/wp-json\/wp\/v2\/comments?post=366"}],"version-history":[{"count":2,"href":"https:\/\/pom.pt\/2022\/pt\/wp-json\/wp\/v2\/pages\/366\/revisions"}],"predecessor-version":[{"id":384,"href":"https:\/\/pom.pt\/2022\/pt\/wp-json\/wp\/v2\/pages\/366\/revisions\/384"}],"wp:attachment":[{"href":"https:\/\/pom.pt\/2022\/pt\/wp-json\/wp\/v2\/media?parent=366"}],"curies":[{"name":"wp","href":"https:\/\/api.w.org\/{rel}","templated":true}]}}