{"id":361,"date":"2020-08-06T17:01:39","date_gmt":"2020-08-06T17:01:39","guid":{"rendered":"http:\/\/pom.pt\/2022\/?page_id=361"},"modified":"2020-08-07T17:38:31","modified_gmt":"2020-08-07T17:38:31","slug":"como-se-inscrever","status":"publish","type":"page","link":"https:\/\/pom.pt\/2022\/pt\/como-se-inscrever\/","title":{"rendered":"Como inscrever"},"content":{"rendered":"<p><\/p>\n<p style=\"font-weight: 400;\">Os atletas devem efectuar as suas inscri\u00e7\u00f5es atrav\u00e9s da plataforma\u00a0<a href=\"http:\/\/www.orioasis.pt\/oasis\/events.php?action=event_view_info&amp;eventid=2180\" target=\"_blank\" rel=\"noopener noreferrer\">OriOasis<\/a>. A inscri\u00e7\u00e3o no Model Event (evento modelo) tamb\u00e9m deve ser efectuada nessa plataforma, seleccionando o campo &#8220;Model Event&#8221;.<\/p>\n<p style=\"font-weight: 400;\">Em caso de d\u00favidas ou problemas relacionados com inscri\u00e7\u00f5es, por favor contacte a organiza\u00e7\u00e3o atrav\u00e9s do seguinte e-mail:\u00a0<a href=\"mailto:entries@pom.pt\">entries@pom.pt<\/a><br \/>\nQualquer outro assunto deve ser tratado atrav\u00e9s do e-mail\u00a0<a href=\"mailto:info@pom.pt\">info@pom.pt<\/a><\/p>\n<p><strong><br \/>\nMENSAGEM IMPORTANTE PARA OS ATLETAS ESPANH\u00d3IS &#8211; COM LICEN\u00c7A FEDO<br \/>\n<\/strong><br style=\"font-weight: 400;\" \/><span style=\"font-weight: 400;\">Para conseguirem inscrever-se com os pre\u00e7os correctos &#8211; iguais aos atletas Portugueses com Licen\u00e7a FPO &#8211; n\u00e3o podem submeter as vossas inscri\u00e7\u00f5es utilizando o formul\u00e1rio \u201cExpress Entries\u201d.\u00a0<\/span><br style=\"font-weight: 400;\" \/><br style=\"font-weight: 400;\" \/><span style=\"font-weight: 400;\">Para se inscreverem corretamente, primeiro fa\u00e7am login no ORIOASIS utilizando o mesmo username e password que normalmente utilizam no sistema online da FEDO.\u00a0<\/span><br style=\"font-weight: 400;\" \/><span style=\"font-weight: 400;\">Para tal utilizem o seguinte link &#8211;\u00a0<\/span><a style=\"font-weight: 400;\" href=\"http:\/\/www.orioasis.pt\/oasis\/fedo\" target=\"_blank\" rel=\"noopener noreferrer\">http:\/\/www.orioasis.pt\/oasis\/fedo<\/a><\/p>\n<p>&nbsp;<\/p>\n<p><strong>Escal\u00f5es de Elite<\/strong><\/p>\n<p><span style=\"font-weight: 400;\">Durante o processo de inscri\u00e7\u00e3o os atletas de Elite devem fornecer o seu n\u00famero de identifica\u00e7\u00e3o da IOF (IOF World Ranking ID). Todos os atletas a correr neste escal\u00f5es devem estar registados no novo sistema da IOF, o\u00a0<\/span>IOF Eventor<span style=\"font-weight: 400;\">.<\/span><\/p>\n<p style=\"font-weight: 400;\">O escal\u00e3o de Elite Masculina ser\u00e1 dividido em dois de acordo com o Ranking IOF e regras a definir brevemente.<\/p>\n<p><strong>Dados obrigat\u00f3rios para inscri\u00e7\u00e3o (individual ou em grupo):<\/strong><\/p>\n<p style=\"font-weight: 400;\">&#8211; Nome completo dos participates;<\/p>\n<p style=\"font-weight: 400;\">&#8211; Data de nascimento;<\/p>\n<p style=\"font-weight: 400;\">&#8211; Nome do Clube;<\/p>\n<p style=\"font-weight: 400;\">&#8211; Pa\u00eds;<\/p>\n<p style=\"font-weight: 400;\">&#8211; IOF World Ranking ID (para os escal\u00f5es de elite);<\/p>\n<p style=\"font-weight: 400;\">&#8211; N\u00famero do SportIdent Card (se n\u00e3o tiver o seu pr\u00f3prio SI ter\u00e1 de alugar um*);<\/p>\n<p style=\"font-weight: 400;\">&#8211; Escal\u00e3o em que cada pessoa deseja participar;<\/p>\n<p style=\"font-weight: 400;\">&#8211; Defenir os eventos em que cada pessoa quer participar (no caso de n\u00e3o participar em todas as provas\/dias);<\/p>\n<p style=\"font-weight: 400;\">&#8211; As inscri\u00e7\u00f5es nos escal\u00f5es abertos podem ser efectuadas at\u00e9 ao dia do evento, ficando as mesmas condicionadas ao n\u00famero de mapas dispon\u00edveis.<\/p>\n<p style=\"font-weight: 400;\">*Aluguer de um SI-Card: 1,00\u20ac\/prova (para os escal\u00f5es de competi\u00e7\u00e3o e forma\u00e7\u00e3o, sendo gratuiro para os escal\u00f5es abertos). A perda ou n\u00e3o devolu\u00e7\u00e3o de um SI Card alugado implica o pagamento de 50\u20ac.<\/p>\n<p><strong>Nota<\/strong>: Nos escal\u00f5es abertos os participantes podem efectuar as etapas a s\u00f3s ou em grupo. No entanto, mesmo quando a participar em grupo cada atleta paga a sua inscri\u00e7\u00e3o, uma vez que tem direito ao seu mapa e \u00e0 sua classifica\u00e7\u00e3o.<\/p>","protected":false},"excerpt":{"rendered":"<p>Os atletas devem efectuar as suas inscri\u00e7\u00f5es atrav\u00e9s da plataforma\u00a0OriOasis. A inscri\u00e7\u00e3o no Model Event (evento modelo) tamb\u00e9m deve ser efectuada nessa plataforma, seleccionando o campo &#8220;Model Event&#8221;. Em caso de d\u00favidas ou problemas relacionados com inscri\u00e7\u00f5es, por favor contacte a organiza\u00e7\u00e3o atrav\u00e9s do seguinte e-mail:\u00a0entries@pom.pt Qualquer outro assunto deve ser tratado atrav\u00e9s do e-mail\u00a0info@pom.pt MENSAGEM IMPORTANTE PARA OS ATLETAS ESPANH\u00d3IS &#8211; COM LICEN\u00c7A FEDO Para conseguirem inscrever-se com os pre\u00e7os correctos &#8211; iguais aos atletas Portugueses com Licen\u00e7a FPO &#8211; n\u00e3o podem submeter as vossas inscri\u00e7\u00f5es utilizando o formul\u00e1rio \u201cExpress Entries\u201d.\u00a0Para se inscreverem corretamente, primeiro fa\u00e7am login no ORIOASIS utilizando o mesmo username e password que normalmente utilizam no [&hellip;]<\/p>\n","protected":false},"author":12,"featured_media":0,"parent":0,"menu_order":0,"comment_status":"closed","ping_status":"closed","template":"","meta":{"_monsterinsights_skip_tracking":false,"_monsterinsights_sitenote_active":false,"_monsterinsights_sitenote_note":"","_monsterinsights_sitenote_category":0,"footnotes":""},"class_list":["post-361","page","type-page","status-publish","hentry"],"_links":{"self":[{"href":"https:\/\/pom.pt\/2022\/pt\/wp-json\/wp\/v2\/pages\/361","targetHints":{"allow":["GET"]}}],"collection":[{"href":"https:\/\/pom.pt\/2022\/pt\/wp-json\/wp\/v2\/pages"}],"about":[{"href":"https:\/\/pom.pt\/2022\/pt\/wp-json\/wp\/v2\/types\/page"}],"author":[{"embeddable":true,"href":"https:\/\/pom.pt\/2022\/pt\/wp-json\/wp\/v2\/users\/12"}],"replies":[{"embeddable":true,"href":"https:\/\/pom.pt\/2022\/pt\/wp-json\/wp\/v2\/comments?post=361"}],"version-history":[{"count":2,"href":"https:\/\/pom.pt\/2022\/pt\/wp-json\/wp\/v2\/pages\/361\/revisions"}],"predecessor-version":[{"id":383,"href":"https:\/\/pom.pt\/2022\/pt\/wp-json\/wp\/v2\/pages\/361\/revisions\/383"}],"wp:attachment":[{"href":"https:\/\/pom.pt\/2022\/pt\/wp-json\/wp\/v2\/media?parent=361"}],"curies":[{"name":"wp","href":"https:\/\/api.w.org\/{rel}","templated":true}]}}