{"id":351,"date":"2020-08-06T16:39:07","date_gmt":"2020-08-06T16:39:07","guid":{"rendered":"http:\/\/pom.pt\/2022\/?page_id=351"},"modified":"2020-08-08T13:27:14","modified_gmt":"2020-08-08T13:27:14","slug":"classes-and-fees","status":"publish","type":"page","link":"https:\/\/pom.pt\/2022\/pt\/classes-and-fees\/","title":{"rendered":"Escal\u00f5es e pre\u00e7os"},"content":{"rendered":"<p><\/p>\n<h2 style=\"text-align: center;\">Escal\u00f5es para Dist\u00e2ncia M\u00e9dia, Longa e Sprint<\/h2>\n<div class=\"tabela1\" style=\"text-align: center;\">\n<table id=\"tablepress-1\" class=\"tablepress tablepress-id-1\">\n<thead>\n<tr class=\"row-1\">\n\t<th class=\"column-1\">Escal\u00f5es\ufeff<\/th><th class=\"column-2\">Ano Nascimento<\/th>\n<\/tr>\n<\/thead>\n<tbody class=\"row-striping row-hover\">\n<tr class=\"row-2\">\n\t<td class=\"column-1\">M\/W 10<\/td><td class=\"column-2\">2012 e ap\u00f3s<\/td>\n<\/tr>\n<tr class=\"row-3\">\n\t<td class=\"column-1\">M\/W 12<\/td><td class=\"column-2\">2010 e 2011<\/td>\n<\/tr>\n<tr class=\"row-4\">\n\t<td class=\"column-1\">M\/W 14<\/td><td class=\"column-2\">2008 e 2009<\/td>\n<\/tr>\n<tr class=\"row-5\">\n\t<td class=\"column-1\">M\/W 16<\/td><td class=\"column-2\">2006 e 2007<\/td>\n<\/tr>\n<tr class=\"row-6\">\n\t<td class=\"column-1\">M\/W 18<\/td><td class=\"column-2\">2004 e 2005<\/td>\n<\/tr>\n<tr class=\"row-7\">\n\t<td class=\"column-1\">M\/W 20<\/td><td class=\"column-2\">2002 e 2003<\/td>\n<\/tr>\n<tr class=\"row-8\">\n\t<td class=\"column-1\">M\/W 21E, 21A, 21B<\/td><td class=\"column-2\">1988 e 2001<\/td>\n<\/tr>\n<tr class=\"row-9\">\n\t<td class=\"column-1\">M\/W 35<\/td><td class=\"column-2\">1983 e 1987<\/td>\n<\/tr>\n<tr class=\"row-10\">\n\t<td class=\"column-1\">M\/W 40<\/td><td class=\"column-2\">1978 e 1982<\/td>\n<\/tr>\n<tr class=\"row-11\">\n\t<td class=\"column-1\">M\/W 45<\/td><td class=\"column-2\">1973 e 1977<\/td>\n<\/tr>\n<tr class=\"row-12\">\n\t<td class=\"column-1\">M\/W 50<\/td><td class=\"column-2\">1968 e 1972<\/td>\n<\/tr>\n<tr class=\"row-13\">\n\t<td class=\"column-1\">M\/W 55<\/td><td class=\"column-2\">1963 e 1967<\/td>\n<\/tr>\n<tr class=\"row-14\">\n\t<td class=\"column-1\">M\/W 60<\/td><td class=\"column-2\">1958 e 1962<\/td>\n<\/tr>\n<tr class=\"row-15\">\n\t<td class=\"column-1\">M\/W 65<\/td><td class=\"column-2\">1953 e 1957<\/td>\n<\/tr>\n<tr class=\"row-16\">\n\t<td class=\"column-1\">M\/W 70<\/td><td class=\"column-2\">1948 e 1952<\/td>\n<\/tr>\n<tr class=\"row-17\">\n\t<td class=\"column-1\">M\/W 75<\/td><td class=\"column-2\">1943 e 1947<\/td>\n<\/tr>\n<tr class=\"row-18\">\n\t<td class=\"column-1\">M\/W 80<\/td><td class=\"column-2\">1938 e 1942<\/td>\n<\/tr>\n<tr class=\"row-19\">\n\t<td class=\"column-1\">M\/W 85<\/td><td class=\"column-2\">1933 e 1937<\/td>\n<\/tr>\n<tr class=\"row-20\">\n\t<td class=\"column-1\">M\/W 90<\/td><td class=\"column-2\">1932 e antes<\/td>\n<\/tr>\n<\/tbody>\n<\/table>\n<!-- #tablepress-1 from cache --><\/div>\n<div><\/div>\n<div class=\"tabela2\" style=\"text-align: center;\">\n\n<table id=\"tablepress-2\" class=\"tablepress tablepress-id-2\">\n<thead>\n<tr class=\"row-1\">\n\t<th class=\"column-1\">Escal\u00f5es Abertos<br \/>\n<\/th><th class=\"column-2\">Qualquer Idade\/G\u00e9nero<br \/>\n<\/th>\n<\/tr>\n<\/thead>\n<tbody class=\"row-striping row-hover\">\n<tr class=\"row-2\">\n\t<td class=\"column-1\">F\u00e1cil Curto<\/td><td class=\"column-2\">Percursos de 2 a 4 km, usando refer\u00eancias lineares, especialmente caminhos, sem dificuldade t\u00e9cnica.<br \/>\nN\u00e3o \u00e9 necess\u00e1ria experi\u00eancia em Orienta\u00e7\u00e3o nem boa capacidade f\u00edsica\/de endurance.<br \/>\n\u00c9 uma boa oportunidade para dar uma caminhada pela floresta com um desafio acrescido.<br \/>\n<\/td>\n<\/tr>\n<tr class=\"row-3\">\n\t<td class=\"column-1\">Dif\u00edcil Curto<\/td><td class=\"column-2\">Percurso entre 3 a 5 km, onde \u00e9 essencial ter algum conhecimento de Orienta\u00e7\u00e3o.<br \/>\nDificuldade t\u00e9cnica m\u00e9dia e baixo n\u00edvel de exig\u00eancia f\u00edsica.<br \/>\n<\/td>\n<\/tr>\n<tr class=\"row-4\">\n\t<td class=\"column-1\">F\u00e1cil Longo<\/td><td class=\"column-2\">Percursos de 4 a 6 km, com baixo n\u00edvel de exig\u00eancia t\u00e9cnica e f\u00edsica.<br \/>\nEstes percursos usam maioritariamente refer\u00eancias lineares e de f\u00e1cil identifica\u00e7\u00e3o.<br \/>\n<\/td>\n<\/tr>\n<tr class=\"row-5\">\n\t<td class=\"column-1\">Dif\u00edcil Longo<\/td><td class=\"column-2\">Percursos entre 4 a 7 km, com exig\u00eancia f\u00edsica m\u00e9dia\/alta, onde \u00e9 importante ter bases s\u00f3lidas de Orienta\u00e7\u00e3o.<br \/>\n<\/td>\n<\/tr>\n<\/tbody>\n<\/table>\n<!-- #tablepress-2 from cache -->\n<\/div>\n<div><\/div>\n<h2 style=\"text-align: center;\">Pre\u00e7os para atletas com licen\u00e7a FPO ou FEDO<\/h2>\n<h2 style=\"text-align: center;\"><span style=\"font-size: 12pt;\">(por percurso)<\/span><\/h2>\n<div class=\"tabela3\" style=\"text-align: center;\">\n<table id=\"tablepress-3\" class=\"tablepress tablepress-id-3\">\n<thead>\n<tr class=\"row-1\">\n\t<td class=\"column-1\"><\/td><th class=\"column-2\">DM\/DL\ufeff<\/th><th class=\"column-3\">Sprint\ufeff<\/th>\n<\/tr>\n<\/thead>\n<tbody class=\"row-striping row-hover\">\n<tr class=\"row-2\">\n\t<td class=\"column-1\">Elite\ufeff<\/td><td class=\"column-2\">7\u20ac<\/td><td class=\"column-3\">5\u20ac<\/td>\n<\/tr>\n<tr class=\"row-3\">\n\t<td class=\"column-1\">Adulto\ufeff<\/td><td class=\"column-2\">6\u20ac<\/td><td class=\"column-3\">5\u20ac<\/td>\n<\/tr>\n<tr class=\"row-4\">\n\t<td class=\"column-1\">Jovem <20\ufeff<\/td><td class=\"column-2\">3\u20ac<\/td><td class=\"column-3\">2,5\u20ac<\/td>\n<\/tr>\n<\/tbody>\n<\/table>\n<!-- #tablepress-3 from cache --><\/div>\n<p>&nbsp;<\/p>\n<h2 style=\"text-align: center;\">Pre\u00e7os para restantes atletas<\/h2>\n<h2 style=\"text-align: center;\"><span style=\"font-size: 12pt;\">(por percurso)<\/span><\/h2>\n<div class=\"tabela4\" style=\"text-align: center;\">\n<table id=\"tablepress-4\" class=\"tablepress tablepress-id-4\">\n<thead>\n<tr class=\"row-1\">\n\t<td class=\"column-1\"><\/td><th class=\"column-2\">DM\/DL\ufeff<\/th><th class=\"column-3\">Sprint\ufeff<\/th>\n<\/tr>\n<\/thead>\n<tbody class=\"row-striping row-hover\">\n<tr class=\"row-2\">\n\t<td class=\"column-1\">Elite\ufeff<\/td><td class=\"column-2\">13\u20ac<\/td><td class=\"column-3\">7\u20ac<\/td>\n<\/tr>\n<tr class=\"row-3\">\n\t<td class=\"column-1\">Adulto\ufeff<\/td><td class=\"column-2\">12\u20ac<\/td><td class=\"column-3\">6\u20ac<\/td>\n<\/tr>\n<tr class=\"row-4\">\n\t<td class=\"column-1\">Adulto em escal\u00e3o Open\ufeff<\/td><td class=\"column-2\">6\u20ac<\/td><td class=\"column-3\">5\u20ac<\/td>\n<\/tr>\n<tr class=\"row-5\">\n\t<td class=\"column-1\">Jovem <20\ufeff<\/td><td class=\"column-2\">5\u20ac<\/td><td class=\"column-3\">4\u20ac<\/td>\n<\/tr>\n<\/tbody>\n<\/table>\n<!-- #tablepress-4 from cache --><\/div>\n<p>Escal\u00f5es\ufeff<\/th><th class=\"column-2\">Ano Nascimento<\/th>\n<\/tr>\n<\/thead>\n<tbody class=\"row-striping row-hover\">\n<tr class=\"row-2\">\n\t<td class=\"column-1\">M\/W 10<\/td><td class=\"column-2\">2012 e ap\u00f3s<\/td>\n<\/tr>\n<tr class=\"row-3\">\n\t<td class=\"column-1\">M\/W 12<\/td><td class=\"column-2\">2010 e 2011<\/td>\n<\/tr>\n<tr class=\"row-4\">\n\t<td class=\"column-1\">M\/W 14<\/td><td class=\"column-2\">2008 e 2009<\/td>\n<\/tr>\n<tr class=\"row-5\">\n\t<td class=\"column-1\">M\/W 16<\/td><td class=\"column-2\">2006 e 2007<\/td>\n<\/tr>\n<tr class=\"row-6\">\n\t<td class=\"column-1\">M\/W 18<\/td><td class=\"column-2\">2004 e 2005<\/td>\n<\/tr>\n<tr class=\"row-7\">\n\t<td class=\"column-1\">M\/W 20<\/td><td class=\"column-2\">2002 e 2003<\/td>\n<\/tr>\n<tr class=\"row-8\">\n\t<td class=\"column-1\">M\/W 21E, 21A, 21B<\/td><td class=\"column-2\">1988 e 2001<\/td>\n<\/tr>\n<tr class=\"row-9\">\n\t<td class=\"column-1\">M\/W 35<\/td><td class=\"column-2\">1983 e 1987<\/td>\n<\/tr>\n<tr class=\"row-10\">\n\t<td class=\"column-1\">M\/W 40<\/td><td class=\"column-2\">1978 e 1982<\/td>\n<\/tr>\n<tr class=\"row-11\">\n\t<td class=\"column-1\">M\/W 45<\/td><td class=\"column-2\">1973 e 1977<\/td>\n<\/tr>\n<tr class=\"row-12\">\n\t<td class=\"column-1\">M\/W 50<\/td><td class=\"column-2\">1968 e 1972<\/td>\n<\/tr>\n<tr class=\"row-13\">\n\t<td class=\"column-1\">M\/W 55<\/td><td class=\"column-2\">1963 e 1967<\/td>\n<\/tr>\n<tr class=\"row-14\">\n\t<td class=\"column-1\">M\/W 60<\/td><td class=\"column-2\">1958 e 1962<\/td>\n<\/tr>\n<tr class=\"row-15\">\n\t<td class=\"column-1\">M\/W 65<\/td><td class=\"column-2\">1953 e 1957<\/td>\n<\/tr>\n<tr class=\"row-16\">\n\t<td class=\"column-1\">M\/W 70<\/td><td class=\"column-2\">1948 e 1952<\/td>\n<\/tr>\n<tr class=\"row-17\">\n\t<td class=\"column-1\">M\/W 75<\/td><td class=\"column-2\">1943 e 1947<\/td>\n<\/tr>\n<tr class=\"row-18\">\n\t<td class=\"column-1\">M\/W 80<\/td><td class=\"column-2\">1938 e 1942<\/td>\n<\/tr>\n<tr class=\"row-19\">\n\t<td class=\"column-1\">M\/W 85<\/td><td class=\"column-2\">1933 e 1937<\/td>\n<\/tr>\n<tr class=\"row-20\">\n\t<td class=\"column-1\">M\/W 90<\/td><td class=\"column-2\">1932 e antes<\/td>\n<\/tr>\n<\/tbody>\n<\/table>\n<\/div>\n<div><\/div>\n<div class=\"tabela2\" style=\"text-align: center;\">\n\n<table id=\"tablepress-2-no-2\" class=\"tablepress tablepress-id-2\">\n<thead>\n<tr class=\"row-1\">\n\t<th class=\"column-1\">Escal\u00f5es Abertos<br \/>\n<\/th><th class=\"column-2\">Qualquer Idade\/G\u00e9nero<br \/>\n<\/th>\n<\/tr>\n<\/thead>\n<tbody class=\"row-striping row-hover\">\n<tr class=\"row-2\">\n\t<td class=\"column-1\">F\u00e1cil Curto<\/td><td class=\"column-2\">Percursos de 2 a 4 km, usando refer\u00eancias lineares, especialmente caminhos, sem dificuldade t\u00e9cnica.<br \/>\nN\u00e3o \u00e9 necess\u00e1ria experi\u00eancia em Orienta\u00e7\u00e3o nem boa capacidade f\u00edsica\/de endurance.<br \/>\n\u00c9 uma boa oportunidade para dar uma caminhada pela floresta com um desafio acrescido.<br \/>\n<\/td>\n<\/tr>\n<tr class=\"row-3\">\n\t<td class=\"column-1\">Dif\u00edcil Curto<\/td><td class=\"column-2\">Percurso entre 3 a 5 km, onde \u00e9 essencial ter algum conhecimento de Orienta\u00e7\u00e3o.<br \/>\nDificuldade t\u00e9cnica m\u00e9dia e baixo n\u00edvel de exig\u00eancia f\u00edsica.<br \/>\n<\/td>\n<\/tr>\n<tr class=\"row-4\">\n\t<td class=\"column-1\">F\u00e1cil Longo<\/td><td class=\"column-2\">Percursos de 4 a 6 km, com baixo n\u00edvel de exig\u00eancia t\u00e9cnica e f\u00edsica.<br \/>\nEstes percursos usam maioritariamente refer\u00eancias lineares e de f\u00e1cil identifica\u00e7\u00e3o.<br \/>\n<\/td>\n<\/tr>\n<tr class=\"row-5\">\n\t<td class=\"column-1\">Dif\u00edcil Longo<\/td><td class=\"column-2\">Percursos entre 4 a 7 km, com exig\u00eancia f\u00edsica m\u00e9dia\/alta, onde \u00e9 importante ter bases s\u00f3lidas de Orienta\u00e7\u00e3o.<br \/>\n<\/td>\n<\/tr>\n<\/tbody>\n<\/table>\n\n<\/div>\n<div><\/div>\n<h2 style=\"text-align: center;\">Fees for POF and FEDO affiliated runners <span style=\"font-size: 12pt;\">(per course)<\/span><\/h2>\n<div class=\"tabela3\" style=\"text-align: center;\">\n<table id=\"tablepress-3-no-2\" class=\"tablepress tablepress-id-3\">\n<thead>\n<tr class=\"row-1\">\n\t<td class=\"column-1\"><\/td><th class=\"column-2\">DM\/DL\ufeff<\/th><th class=\"column-3\">Sprint\ufeff<\/th>\n<\/tr>\n<\/thead>\n<tbody class=\"row-striping row-hover\">\n<tr class=\"row-2\">\n\t<td class=\"column-1\">Elite\ufeff<\/td><td class=\"column-2\">7\u20ac<\/td><td class=\"column-3\">5\u20ac<\/td>\n<\/tr>\n<tr class=\"row-3\">\n\t<td class=\"column-1\">Adulto\ufeff<\/td><td class=\"column-2\">6\u20ac<\/td><td class=\"column-3\">5\u20ac<\/td>\n<\/tr>\n<tr class=\"row-4\">\n\t<td class=\"column-1\">Jovem <20\ufeff<\/td><td class=\"column-2\">3\u20ac<\/td><td class=\"column-3\">2,5\u20ac<\/td>\n<\/tr>\n<\/tbody>\n<\/table>\n<\/div>\n<p>&nbsp;<\/p>\n<h2 style=\"text-align: center;\">Fees for <span style=\"color: #ff0000;\">non<\/span>-POF and FEDO affiliated runners<\/h2>\n<h2 style=\"text-align: center;\"><span style=\"font-size: 12pt;\">(per course)<\/span><\/h2>\n<div class=\"tabela4\" style=\"text-align: center;\">\n<table id=\"tablepress-4-no-2\" class=\"tablepress tablepress-id-4\">\n<thead>\n<tr class=\"row-1\">\n\t<td class=\"column-1\"><\/td><th class=\"column-2\">DM\/DL\ufeff<\/th><th class=\"column-3\">Sprint\ufeff<\/th>\n<\/tr>\n<\/thead>\n<tbody class=\"row-striping row-hover\">\n<tr class=\"row-2\">\n\t<td class=\"column-1\">Elite\ufeff<\/td><td class=\"column-2\">13\u20ac<\/td><td class=\"column-3\">7\u20ac<\/td>\n<\/tr>\n<tr class=\"row-3\">\n\t<td class=\"column-1\">Adulto\ufeff<\/td><td class=\"column-2\">12\u20ac<\/td><td class=\"column-3\">6\u20ac<\/td>\n<\/tr>\n<tr class=\"row-4\">\n\t<td class=\"column-1\">Adulto em escal\u00e3o Open\ufeff<\/td><td class=\"column-2\">6\u20ac<\/td><td class=\"column-3\">5\u20ac<\/td>\n<\/tr>\n<tr class=\"row-5\">\n\t<td class=\"column-1\">Jovem <20\ufeff<\/td><td class=\"column-2\">5\u20ac<\/td><td class=\"column-3\">4\u20ac<\/td>\n<\/tr>\n<\/tbody>\n<\/table>\n<\/div>\n<p><\/p>","protected":false},"excerpt":{"rendered":"<p>Escal\u00f5es para Dist\u00e2ncia M\u00e9dia, Longa e Sprint Pre\u00e7os para atletas com licen\u00e7a FPO ou FEDO (por percurso) &nbsp; Pre\u00e7os para restantes atletas (por percurso)<\/p>\n","protected":false},"author":12,"featured_media":0,"parent":0,"menu_order":0,"comment_status":"closed","ping_status":"closed","template":"","meta":{"_monsterinsights_skip_tracking":false,"_monsterinsights_sitenote_active":false,"_monsterinsights_sitenote_note":"","_monsterinsights_sitenote_category":0,"footnotes":""},"class_list":["post-351","page","type-page","status-publish","hentry"],"_links":{"self":[{"href":"https:\/\/pom.pt\/2022\/pt\/wp-json\/wp\/v2\/pages\/351","targetHints":{"allow":["GET"]}}],"collection":[{"href":"https:\/\/pom.pt\/2022\/pt\/wp-json\/wp\/v2\/pages"}],"about":[{"href":"https:\/\/pom.pt\/2022\/pt\/wp-json\/wp\/v2\/types\/page"}],"author":[{"embeddable":true,"href":"https:\/\/pom.pt\/2022\/pt\/wp-json\/wp\/v2\/users\/12"}],"replies":[{"embeddable":true,"href":"https:\/\/pom.pt\/2022\/pt\/wp-json\/wp\/v2\/comments?post=351"}],"version-history":[{"count":2,"href":"https:\/\/pom.pt\/2022\/pt\/wp-json\/wp\/v2\/pages\/351\/revisions"}],"predecessor-version":[{"id":390,"href":"https:\/\/pom.pt\/2022\/pt\/wp-json\/wp\/v2\/pages\/351\/revisions\/390"}],"wp:attachment":[{"href":"https:\/\/pom.pt\/2022\/pt\/wp-json\/wp\/v2\/media?parent=351"}],"curies":[{"name":"wp","href":"https:\/\/api.w.org\/{rel}","templated":true}]}}