{"id":348,"date":"2020-08-06T16:28:04","date_gmt":"2020-08-06T16:28:04","guid":{"rendered":"http:\/\/pom.pt\/2022\/?page_id=348"},"modified":"2021-09-16T16:26:31","modified_gmt":"2021-09-16T16:26:31","slug":"programme-2","status":"publish","type":"page","link":"https:\/\/pom.pt\/2022\/pt\/programme-2\/","title":{"rendered":"Programa"},"content":{"rendered":"<p><strong>07 de fevereiro<\/strong><br \/>\nFinal do 1\u00ba prazo de inscri\u00e7\u00f5es com pre\u00e7os vantajosos<\/p>\n<p><strong>11 de fevereiro<\/strong><br \/>\nT\u00e9rmino das inscri\u00e7\u00f5es nos escal\u00f5es de competi\u00e7\u00e3o e inscri\u00e7\u00f5es online.<br \/>\nPara os escal\u00f5es abertos as inscri\u00e7\u00f5es devem ser efetuadas via email para <a href=\"mailto:entries@pom.pt\">entries@pom.pt<\/a> .<br \/>\nS\u00e3o aceites inscri\u00e7\u00f5es nos escal\u00f5es abertos at\u00e9 ao dia da prova mas sempre sujeito \u00e0 mediante a disponibilidade de mapa.<\/p>\n<p><strong>24 de fevereiro<\/strong><br \/>\n15h00 \u2013 Abertura do secretariado<br \/>\n20h00 &#8211; Encerramento do secretariado<\/p>\n<p><strong>25 de fevereiro<\/strong><br \/>\n08h30 &#8211; Abertura do secretariado em Loul\u00e9<br \/>\n08h30 \/ 16h00 \u2013 Evento modelo<br \/>\n22h00 &#8211; Encerramento do secretariado<\/p>\n<p><strong>26 de fevereiro<\/strong><br \/>\n08h00 &#8211; Abertura do secretariado<br \/>\n11h00 &#8211; Dist\u00e2ncia M\u00e9dia (DM)<br \/>\n11h30 \/ 13h30 &#8211; Partidas dos escal\u00f5es abertos e de forma\u00e7\u00e3o<\/p>\n<p><strong>27 de fevereiro<\/strong><br \/>\n08h00 &#8211; Abertura do secretariado<br \/>\n09h00 &#8211; Dist\u00e2ncia Longa (DL) &#8211; WRE<br \/>\n09h30 \/ 11h30 &#8211; Partidas dos escal\u00f5es abertos e de forma\u00e7\u00e3o<br \/>\n15h00 &#8211; Entrega de pr\u00e9mios WRE (previs\u00e3o)<br \/>\n19h00 \u2013 Sprint noturno<\/p>\n<p><strong>28 de fevereiro<\/strong><br \/>\n08h00 &#8211; Abertura do secretariado<br \/>\n09h00 &#8211; Dist\u00e2ncia m\u00e9dia<br \/>\n09h30 \/ 11h30 &#8211; Partidas dos escal\u00f5es abertos e de forma\u00e7\u00e3o<br \/>\n18h30 \u2013 Sprint noturno<br \/>\n20h00 \u2013 Entrega de pr\u00e9mios do sprint<\/p>\n<p><strong>01 de mar\u00e7o<\/strong><br \/>\n08h00 &#8211; Abertura do secretariado<br \/>\n09h00 &#8211; Dist\u00e2ncia m\u00e9dia+ &#8211; In\u00edcio do Chasing Start &#8211; WE \/ ME<br \/>\n09h15 &#8211; Inicio das partidas dos restantes escal\u00f5es de competi\u00e7\u00e3o<br \/>\n09h30 \/ 10h30 &#8211; Partidas dos escal\u00f5es abertos e de forma\u00e7\u00e3o<br \/>\n10h00 &#8211; Mass Start para WE e ME<br \/>\n10h30 &#8211; Dist\u00e2ncia m\u00e9dia+ \u2013 In\u00edcio do Chasing Start \u2013 MSE<br \/>\n11h30 &#8211; Mass Start para MSE<br \/>\n13h30 &#8211; Entrega de pr\u00e9mios e encerramento do POM 2022<\/p>","protected":false},"excerpt":{"rendered":"<p>07 de fevereiro Final do 1\u00ba prazo de inscri\u00e7\u00f5es com pre\u00e7os vantajosos 11 de fevereiro T\u00e9rmino das inscri\u00e7\u00f5es nos escal\u00f5es de competi\u00e7\u00e3o e inscri\u00e7\u00f5es online. Para os escal\u00f5es abertos as inscri\u00e7\u00f5es devem ser efetuadas via email para entries@pom.pt . S\u00e3o aceites inscri\u00e7\u00f5es nos escal\u00f5es abertos at\u00e9 ao dia da prova mas sempre sujeito \u00e0 mediante a disponibilidade de mapa. 24 de fevereiro 15h00 \u2013 Abertura do secretariado 20h00 &#8211; Encerramento do secretariado 25 de fevereiro 08h30 &#8211; Abertura do secretariado em Loul\u00e9 08h30 \/ 16h00 \u2013 Evento modelo 22h00 &#8211; Encerramento do secretariado 26 de fevereiro 08h00 &#8211; Abertura do secretariado 11h00 &#8211; Dist\u00e2ncia M\u00e9dia (DM) 11h30 \/ 13h30 &#8211; [&hellip;]<\/p>\n","protected":false},"author":12,"featured_media":0,"parent":0,"menu_order":0,"comment_status":"closed","ping_status":"closed","template":"","meta":{"_monsterinsights_skip_tracking":false,"_monsterinsights_sitenote_active":false,"_monsterinsights_sitenote_note":"","_monsterinsights_sitenote_category":0,"footnotes":""},"class_list":["post-348","page","type-page","status-publish","hentry"],"_links":{"self":[{"href":"https:\/\/pom.pt\/2022\/pt\/wp-json\/wp\/v2\/pages\/348","targetHints":{"allow":["GET"]}}],"collection":[{"href":"https:\/\/pom.pt\/2022\/pt\/wp-json\/wp\/v2\/pages"}],"about":[{"href":"https:\/\/pom.pt\/2022\/pt\/wp-json\/wp\/v2\/types\/page"}],"author":[{"embeddable":true,"href":"https:\/\/pom.pt\/2022\/pt\/wp-json\/wp\/v2\/users\/12"}],"replies":[{"embeddable":true,"href":"https:\/\/pom.pt\/2022\/pt\/wp-json\/wp\/v2\/comments?post=348"}],"version-history":[{"count":4,"href":"https:\/\/pom.pt\/2022\/pt\/wp-json\/wp\/v2\/pages\/348\/revisions"}],"predecessor-version":[{"id":428,"href":"https:\/\/pom.pt\/2022\/pt\/wp-json\/wp\/v2\/pages\/348\/revisions\/428"}],"wp:attachment":[{"href":"https:\/\/pom.pt\/2022\/pt\/wp-json\/wp\/v2\/media?parent=348"}],"curies":[{"name":"wp","href":"https:\/\/api.w.org\/{rel}","templated":true}]}}