{"id":395,"date":"2020-08-26T10:27:36","date_gmt":"2020-08-26T10:27:36","guid":{"rendered":"http:\/\/pom.pt\/2021\/?page_id=395"},"modified":"2020-08-26T10:30:55","modified_gmt":"2020-08-26T10:30:55","slug":"technical-info","status":"publish","type":"page","link":"https:\/\/pom.pt\/2021\/pt\/technical-info\/","title":{"rendered":"Terreno"},"content":{"rendered":"<p><\/p>\n<h4>Todos os mapas ser\u00e3o mapas novos.<\/h4>\n<h3>Dias 1 e 2<\/h3>\n<p>&#8211; Floresta mediterr\u00e2nica com predomin\u00e2ncia de \u00e1rvores t\u00edpicas do algarve (alfarrobeira, figueira e amendoeira) e de corrida f\u00e1cil.<br \/>\n&#8211; Relevo m\u00e9dio baixo com bastantes elementos pontuais e lineares de pedra.<\/p>\n<p style=\"text-align: center;\"><img loading=\"lazy\" decoding=\"async\" class=\"aligncenter size-medium wp-image-393\" src=\"http:\/\/pom.pt\/2021\/wp-content\/uploads\/sites\/8\/2020\/08\/POM2021_Days1-2-4-300x300.png\" alt=\"\" width=\"200\" height=\"200\" srcset=\"https:\/\/pom.pt\/2021\/wp-content\/uploads\/sites\/8\/2020\/08\/POM2021_Days1-2-4-300x300.png 300w, https:\/\/pom.pt\/2021\/wp-content\/uploads\/sites\/8\/2020\/08\/POM2021_Days1-2-4-150x150.png 150w, https:\/\/pom.pt\/2021\/wp-content\/uploads\/sites\/8\/2020\/08\/POM2021_Days1-2-4.png 400w\" sizes=\"auto, (max-width: 200px) 100vw, 200px\" \/><em>Exemplo mapa para dias 1, 2 e 4<\/em><\/p>\n<h3>Dia 3<\/h3>\n<p>&#8211; Floresta de pinheiro com piso predominantemente limpo e pontualmente arenoso.<br \/>\n&#8211; O relevo e m\u00e9dio baixo e com algum detalhe.<\/p>\n<p style=\"text-align: center;\"><img loading=\"lazy\" decoding=\"async\" class=\"aligncenter size-medium wp-image-392\" src=\"http:\/\/pom.pt\/2021\/wp-content\/uploads\/sites\/8\/2020\/08\/POM2021_Day3-300x300.png\" alt=\"\" width=\"200\" height=\"200\" srcset=\"https:\/\/pom.pt\/2021\/wp-content\/uploads\/sites\/8\/2020\/08\/POM2021_Day3-300x300.png 300w, https:\/\/pom.pt\/2021\/wp-content\/uploads\/sites\/8\/2020\/08\/POM2021_Day3-150x150.png 150w, https:\/\/pom.pt\/2021\/wp-content\/uploads\/sites\/8\/2020\/08\/POM2021_Day3.png 400w\" sizes=\"auto, (max-width: 200px) 100vw, 200px\" \/><em>Exemplo mapa dia 3<\/em><\/p>\n<h3>Dia 4<\/h3>\n<p>&#8211; Floresta mediterr\u00e2nica com predomin\u00e2ncia de \u00e1rvores t\u00edpicas do algarve (alfarrobeira, figueira e amendoeira).<br \/>\n&#8211; Terreno, maioritariamente de piso -limpo, no entanto pontualmente com vegeta\u00e7\u00e3o rasteira de dif\u00edcil progress\u00e3o assinalada com o c\u00f3digo ISOM 409.<br \/>\n&#8211; Relevo baixo e m\u00e9dio\/baixo.<\/p>\n<p>&nbsp;<\/p>\n<h3>Sprint 1<\/h3>\n<p>&#8211; Mapa com 2\/3 de casco urbano hist\u00f3rico e 1\/3 de parque.<\/p>\n<h3>Sprint 2<\/h3>\n<p>&#8211; Mapa urbano<\/p>\n<p style=\"text-align: center;\"><img loading=\"lazy\" decoding=\"async\" class=\"aligncenter size-medium wp-image-394\" src=\"http:\/\/pom.pt\/2021\/wp-content\/uploads\/sites\/8\/2020\/08\/POM2021_Sprints-300x300.png\" alt=\"\" width=\"200\" height=\"200\" srcset=\"https:\/\/pom.pt\/2021\/wp-content\/uploads\/sites\/8\/2020\/08\/POM2021_Sprints-300x300.png 300w, https:\/\/pom.pt\/2021\/wp-content\/uploads\/sites\/8\/2020\/08\/POM2021_Sprints-150x150.png 150w, https:\/\/pom.pt\/2021\/wp-content\/uploads\/sites\/8\/2020\/08\/POM2021_Sprints.png 400w\" sizes=\"auto, (max-width: 200px) 100vw, 200px\" \/><em>Exemplo mapas de sprint<\/em><\/p>\n<p><\/p>","protected":false},"excerpt":{"rendered":"<p>Todos os mapas ser\u00e3o mapas novos. Dias 1 e 2 &#8211; Floresta mediterr\u00e2nica com predomin\u00e2ncia de \u00e1rvores t\u00edpicas do algarve (alfarrobeira, figueira e amendoeira) e de corrida f\u00e1cil. &#8211; Relevo m\u00e9dio baixo com bastantes elementos pontuais e lineares de pedra. Exemplo mapa para dias 1, 2 e 4 Dia 3 &#8211; Floresta de pinheiro com piso predominantemente limpo e pontualmente arenoso. &#8211; O relevo e m\u00e9dio baixo e com algum detalhe. Exemplo mapa dia 3 Dia 4 &#8211; Floresta mediterr\u00e2nica com predomin\u00e2ncia de \u00e1rvores t\u00edpicas do algarve (alfarrobeira, figueira e amendoeira). &#8211; Terreno, maioritariamente de piso -limpo, no entanto pontualmente com vegeta\u00e7\u00e3o rasteira de dif\u00edcil progress\u00e3o assinalada com o c\u00f3digo [&hellip;]<\/p>\n","protected":false},"author":12,"featured_media":0,"parent":0,"menu_order":0,"comment_status":"closed","ping_status":"closed","template":"","meta":{"_monsterinsights_skip_tracking":false,"_monsterinsights_sitenote_active":false,"_monsterinsights_sitenote_note":"","_monsterinsights_sitenote_category":0,"footnotes":""},"class_list":["post-395","page","type-page","status-publish","hentry"],"_links":{"self":[{"href":"https:\/\/pom.pt\/2021\/pt\/wp-json\/wp\/v2\/pages\/395","targetHints":{"allow":["GET"]}}],"collection":[{"href":"https:\/\/pom.pt\/2021\/pt\/wp-json\/wp\/v2\/pages"}],"about":[{"href":"https:\/\/pom.pt\/2021\/pt\/wp-json\/wp\/v2\/types\/page"}],"author":[{"embeddable":true,"href":"https:\/\/pom.pt\/2021\/pt\/wp-json\/wp\/v2\/users\/12"}],"replies":[{"embeddable":true,"href":"https:\/\/pom.pt\/2021\/pt\/wp-json\/wp\/v2\/comments?post=395"}],"version-history":[{"count":2,"href":"https:\/\/pom.pt\/2021\/pt\/wp-json\/wp\/v2\/pages\/395\/revisions"}],"predecessor-version":[{"id":399,"href":"https:\/\/pom.pt\/2021\/pt\/wp-json\/wp\/v2\/pages\/395\/revisions\/399"}],"wp:attachment":[{"href":"https:\/\/pom.pt\/2021\/pt\/wp-json\/wp\/v2\/media?parent=395"}],"curies":[{"name":"wp","href":"https:\/\/api.w.org\/{rel}","templated":true}]}}