{"id":364,"date":"2020-08-06T16:57:54","date_gmt":"2020-08-06T16:57:54","guid":{"rendered":"http:\/\/pom.pt\/2021\/?page_id=364"},"modified":"2020-10-28T17:46:50","modified_gmt":"2020-10-28T17:46:50","slug":"accomodation","status":"publish","type":"page","link":"https:\/\/pom.pt\/2021\/pt\/accomodation\/","title":{"rendered":"Alojamento"},"content":{"rendered":"<p>POM 2021 tem uma parceria com os Hoteis Dom Pedro.<br \/>\n<img loading=\"lazy\" decoding=\"async\" class=\"size-medium wp-image-412 alignleft\" src=\"http:\/\/pom.pt\/2021\/wp-content\/uploads\/sites\/8\/2020\/10\/HoteisDomPedroLogo-300x174.png\" alt=\"\" width=\"300\" height=\"174\" srcset=\"https:\/\/pom.pt\/2021\/wp-content\/uploads\/sites\/8\/2020\/10\/HoteisDomPedroLogo-300x174.png 300w, https:\/\/pom.pt\/2021\/wp-content\/uploads\/sites\/8\/2020\/10\/HoteisDomPedroLogo-1024x594.png 1024w, https:\/\/pom.pt\/2021\/wp-content\/uploads\/sites\/8\/2020\/10\/HoteisDomPedroLogo-768x446.png 768w, https:\/\/pom.pt\/2021\/wp-content\/uploads\/sites\/8\/2020\/10\/HoteisDomPedroLogo.png 1517w\" sizes=\"auto, (max-width: 300px) 100vw, 300px\" \/><br \/>\nDesconto de 20% para todos os participantes no POM 2021.<br \/>\nQuando reservar use o c\u00f3digo: &#8220;POM21&#8221;<\/p>\n<p>Hoteis dispon\u00edveis:<\/p>\n<ul style=\"list-style-type: circle;\">\n<li>Dom Pedro Portobelo<\/li>\n<li>Dom Pedro Vilamoura<\/li>\n<li>Dom Pedro Marina<\/li>\n<\/ul>\n<p>M\u00e9todos para reservar:<br \/>\n&#8211; email: vilamoura.booking@dompedro.com<br \/>\n&#8211; telefone: +351289300780<br \/>\n&#8211; website: <a href=\"https:\/\/vilamoura.dompedro.com\/en\/\" target=\"_blank\" rel=\"noopener noreferrer\">https:\/\/vilamoura.dompedro.com<\/a><\/p>\n<p>&nbsp;<\/p>\n<p>Para outras op\u00e7\u00f5es de alojamento consultar:<\/p>\n<p><a href=\"http:\/\/www.cm-loule.pt\/pt\/menu\/147\/alojamento.aspx\" target=\"_blank\" rel=\"noopener noreferrer\">www.cm-loule.pt\/pt\/menu\/147\/alojamento.aspx<\/a><\/p>","protected":false},"excerpt":{"rendered":"<p>POM 2021 tem uma parceria com os Hoteis Dom Pedro. Desconto de 20% para todos os participantes no POM 2021. Quando reservar use o c\u00f3digo: &#8220;POM21&#8221; Hoteis dispon\u00edveis: Dom Pedro Portobelo Dom Pedro Vilamoura Dom Pedro Marina M\u00e9todos para reservar: &#8211; email: vilamoura.booking@dompedro.com &#8211; telefone: +351289300780 &#8211; website: https:\/\/vilamoura.dompedro.com &nbsp; Para outras op\u00e7\u00f5es de alojamento consultar: www.cm-loule.pt\/pt\/menu\/147\/alojamento.aspx<\/p>\n","protected":false},"author":12,"featured_media":0,"parent":0,"menu_order":0,"comment_status":"closed","ping_status":"closed","template":"","meta":{"_monsterinsights_skip_tracking":false,"_monsterinsights_sitenote_active":false,"_monsterinsights_sitenote_note":"","_monsterinsights_sitenote_category":0,"footnotes":""},"class_list":["post-364","page","type-page","status-publish","hentry"],"_links":{"self":[{"href":"https:\/\/pom.pt\/2021\/pt\/wp-json\/wp\/v2\/pages\/364","targetHints":{"allow":["GET"]}}],"collection":[{"href":"https:\/\/pom.pt\/2021\/pt\/wp-json\/wp\/v2\/pages"}],"about":[{"href":"https:\/\/pom.pt\/2021\/pt\/wp-json\/wp\/v2\/types\/page"}],"author":[{"embeddable":true,"href":"https:\/\/pom.pt\/2021\/pt\/wp-json\/wp\/v2\/users\/12"}],"replies":[{"embeddable":true,"href":"https:\/\/pom.pt\/2021\/pt\/wp-json\/wp\/v2\/comments?post=364"}],"version-history":[{"count":3,"href":"https:\/\/pom.pt\/2021\/pt\/wp-json\/wp\/v2\/pages\/364\/revisions"}],"predecessor-version":[{"id":413,"href":"https:\/\/pom.pt\/2021\/pt\/wp-json\/wp\/v2\/pages\/364\/revisions\/413"}],"wp:attachment":[{"href":"https:\/\/pom.pt\/2021\/pt\/wp-json\/wp\/v2\/media?parent=364"}],"curies":[{"name":"wp","href":"https:\/\/api.w.org\/{rel}","templated":true}]}}