{"id":345,"date":"2020-08-06T16:20:44","date_gmt":"2020-08-06T16:20:44","guid":{"rendered":"http:\/\/pom.pt\/2021\/?page_id=345"},"modified":"2020-08-07T17:02:30","modified_gmt":"2020-08-07T17:02:30","slug":"introduction","status":"publish","type":"page","link":"https:\/\/pom.pt\/2021\/pt\/introduction\/","title":{"rendered":"Introdu\u00e7\u00e3o"},"content":{"rendered":"<p>A Federa\u00e7\u00e3o Portuguesa de Orienta\u00e7\u00e3o-FPO, em parceria com muitos dos seus clubes, vai organizar o Portugal \u201cO\u201d Meeting, a maior prova da orienta\u00e7\u00e3o em Portugal.<br \/>\nDesde a primeira hora que as entidades locais mostraram toda a disponibilidade para em conjunto com a FPO organizar um evento de qualidade e que satisfa\u00e7a todos os que nos ir\u00e3o visitar.<br \/>\nO Portugal \u201cO\u201d Meeting \u00e9 um evento de orienta\u00e7\u00e3o pedestre, integrado no Ranking da Federa\u00e7\u00e3o Internacional de Orienta\u00e7\u00e3o (IOF) e no Ranking da Ta\u00e7a de Portugal da Federa\u00e7\u00e3o Portuguesa de Orienta\u00e7\u00e3o &#8211; FPO. \u00c9 um evento aberto a pessoas de qualquer idade, podendo participar nos escal\u00f5es de competi\u00e7\u00e3o ou nos escal\u00f5es abertos, individualmente ou em grupo.<br \/>\nConvidamos todos amantes da Orienta\u00e7\u00e3o a participar neste evento, dando desde j\u00e1 as boas vindas.<\/p>","protected":false},"excerpt":{"rendered":"<p>A Federa\u00e7\u00e3o Portuguesa de Orienta\u00e7\u00e3o-FPO, em parceria com muitos dos seus clubes, vai organizar o Portugal \u201cO\u201d Meeting, a maior prova da orienta\u00e7\u00e3o em Portugal. Desde a primeira hora que as entidades locais mostraram toda a disponibilidade para em conjunto com a FPO organizar um evento de qualidade e que satisfa\u00e7a todos os que nos ir\u00e3o visitar. O Portugal \u201cO\u201d Meeting \u00e9 um evento de orienta\u00e7\u00e3o pedestre, integrado no Ranking da Federa\u00e7\u00e3o Internacional de Orienta\u00e7\u00e3o (IOF) e no Ranking da Ta\u00e7a de Portugal da Federa\u00e7\u00e3o Portuguesa de Orienta\u00e7\u00e3o &#8211; FPO. \u00c9 um evento aberto a pessoas de qualquer idade, podendo participar nos escal\u00f5es de competi\u00e7\u00e3o ou nos escal\u00f5es abertos, individualmente [&hellip;]<\/p>\n","protected":false},"author":12,"featured_media":0,"parent":0,"menu_order":0,"comment_status":"closed","ping_status":"closed","template":"","meta":{"_monsterinsights_skip_tracking":false,"_monsterinsights_sitenote_active":false,"_monsterinsights_sitenote_note":"","_monsterinsights_sitenote_category":0,"footnotes":""},"class_list":["post-345","page","type-page","status-publish","hentry"],"_links":{"self":[{"href":"https:\/\/pom.pt\/2021\/pt\/wp-json\/wp\/v2\/pages\/345","targetHints":{"allow":["GET"]}}],"collection":[{"href":"https:\/\/pom.pt\/2021\/pt\/wp-json\/wp\/v2\/pages"}],"about":[{"href":"https:\/\/pom.pt\/2021\/pt\/wp-json\/wp\/v2\/types\/page"}],"author":[{"embeddable":true,"href":"https:\/\/pom.pt\/2021\/pt\/wp-json\/wp\/v2\/users\/12"}],"replies":[{"embeddable":true,"href":"https:\/\/pom.pt\/2021\/pt\/wp-json\/wp\/v2\/comments?post=345"}],"version-history":[{"count":2,"href":"https:\/\/pom.pt\/2021\/pt\/wp-json\/wp\/v2\/pages\/345\/revisions"}],"predecessor-version":[{"id":373,"href":"https:\/\/pom.pt\/2021\/pt\/wp-json\/wp\/v2\/pages\/345\/revisions\/373"}],"wp:attachment":[{"href":"https:\/\/pom.pt\/2021\/pt\/wp-json\/wp\/v2\/media?parent=345"}],"curies":[{"name":"wp","href":"https:\/\/api.w.org\/{rel}","templated":true}]}}