{"id":90,"date":"2019-04-13T11:50:36","date_gmt":"2019-04-13T11:50:36","guid":{"rendered":"http:\/\/pom.pt\/2020\/?page_id=90"},"modified":"2020-08-06T17:00:19","modified_gmt":"2020-08-06T17:00:19","slug":"english-how-to-pay","status":"publish","type":"page","link":"https:\/\/pom.pt\/2020\/how-to-pay\/","title":{"rendered":"How to pay"},"content":{"rendered":"<p>POM2020 entries fees can be paid by Bank Transfer, PayPal, Credit Card or directly at the Event Center in cash.<br \/>\nIn order to simplify the accreditation process, the Organization prefers payments made by bank transfer, PayPal or Credit Card.<\/p>\n<p>Payment data:<\/p>\n<p><strong>Bank<\/strong>: Caixa Geral de Dep\u00f3sitos<br \/>\n<strong>Branch<\/strong>: Sines<\/p>\n<p><strong>Name: <\/strong>Clube de Orienta\u00e7\u00e3o e Aventura do Litoral Alentejano-COALA<\/p>\n<p><strong>IBAN<\/strong>: PT50 0035 0783 00015136830 81<br \/>\n<strong>SWIFT CODE BIC<\/strong>:\u00a0CGDIPTPL<\/p>\n<p><strong>Branch address<\/strong>:<br \/>\nCaixa Geral de Dep\u00f3sitos &#8211; Ag\u00eancia de Sines<br \/>\nRua Marqu\u00eas de Pombal, 48 &#8211; PT 7520-225 Sines &#8211; Portugal<br \/>\n<strong><br \/>\nCOALA Address<\/strong>:<br \/>\nClube de Orienta\u00e7\u00e3o e Aventura do Litoral Alentejano-COALA<br \/>\nBairro Azul, C2, Pra\u00e7a da Fraternidade 1\u00baEsq<br \/>\nPT &#8211; 7500-100 Vila Nova de Santo Andr\u00e9 \/ Portugal<\/p>\n<p>Payment process<\/p>\n<p><strong>If you have made an Express Entry in\u00a0<a title=\"Entries platform - OriOasis POM2015\" href=\"http:\/\/www.orioasis.pt\/oasis\/entries.php?action=club_class&amp;eventid=2139\" target=\"_blank\" rel=\"noopener noreferrer\">OriOasis<\/a>, please include the Express Code on payment description.<\/strong><strong><br \/>\n<\/strong><\/p>\n<p>For\u00a0<strong>full club payment<\/strong>, please indicate the club name on the description.<br \/>\nFor\u00a0<strong>partial club payments<\/strong>, please include the club name and athlete list in the confirmation comment, or send us an email\u00a0(<a href=\"mailto:entries@pom.pt\" target=\"_blank\" rel=\"noopener noreferrer\">payments@pom.pt<\/a>) listing all athletes included in the payment and the confirmation as an attachment.<\/p>\n<p>Notes: For all bank transfer you make, please send us a bank transfer confirmation by home banking services or by email to\u00a0<a href=\"mailto:payments@pom.pt\" target=\"_blank\" rel=\"noopener noreferrer\">payments@pom.pt<\/a><\/p>\n<p>All transfer expenses should be supported by the one ordering the transfer.\u00a0Any transfer expenses charged by the bank to the Organization will be added to the club open fee.<\/p>\n<p>Please use the email address\u00a0<a href=\"mailto:payments@pom.pt\" target=\"_blank\" rel=\"noopener noreferrer\">payments@pom.pt<\/a>\u00a0for all the emails related to the payment process.<\/p>","protected":false},"excerpt":{"rendered":"<p>POM2020 entries fees can be paid by Bank Transfer, PayPal, Credit Card or directly at the Event Center in cash. In order to simplify the accreditation process, the Organization prefers payments made by bank transfer, PayPal or Credit Card. Payment data: Bank: Caixa Geral de Dep\u00f3sitos Branch: Sines Name: Clube de Orienta\u00e7\u00e3o e Aventura do Litoral Alentejano-COALA IBAN: PT50 0035 0783 00015136830 81 SWIFT CODE BIC:\u00a0CGDIPTPL Branch address: Caixa Geral de Dep\u00f3sitos &#8211; Ag\u00eancia de Sines Rua Marqu\u00eas de Pombal, 48 &#8211; PT 7520-225 Sines &#8211; Portugal COALA Address: Clube de Orienta\u00e7\u00e3o e Aventura do Litoral Alentejano-COALA Bairro Azul, C2, Pra\u00e7a da Fraternidade 1\u00baEsq PT &#8211; 7500-100 Vila Nova de [&hellip;]<\/p>\n","protected":false},"author":12,"featured_media":0,"parent":0,"menu_order":0,"comment_status":"closed","ping_status":"closed","template":"","meta":{"_monsterinsights_skip_tracking":false,"_monsterinsights_sitenote_active":false,"_monsterinsights_sitenote_note":"","_monsterinsights_sitenote_category":0,"footnotes":""},"class_list":["post-90","page","type-page","status-publish","hentry"],"_links":{"self":[{"href":"https:\/\/pom.pt\/2020\/wp-json\/wp\/v2\/pages\/90","targetHints":{"allow":["GET"]}}],"collection":[{"href":"https:\/\/pom.pt\/2020\/wp-json\/wp\/v2\/pages"}],"about":[{"href":"https:\/\/pom.pt\/2020\/wp-json\/wp\/v2\/types\/page"}],"author":[{"embeddable":true,"href":"https:\/\/pom.pt\/2020\/wp-json\/wp\/v2\/users\/12"}],"replies":[{"embeddable":true,"href":"https:\/\/pom.pt\/2020\/wp-json\/wp\/v2\/comments?post=90"}],"version-history":[{"count":4,"href":"https:\/\/pom.pt\/2020\/wp-json\/wp\/v2\/pages\/90\/revisions"}],"predecessor-version":[{"id":432,"href":"https:\/\/pom.pt\/2020\/wp-json\/wp\/v2\/pages\/90\/revisions\/432"}],"wp:attachment":[{"href":"https:\/\/pom.pt\/2020\/wp-json\/wp\/v2\/media?parent=90"}],"curies":[{"name":"wp","href":"https:\/\/api.w.org\/{rel}","templated":true}]}}