{"id":5,"date":"2019-02-28T19:45:52","date_gmt":"2019-02-28T19:45:52","guid":{"rendered":"http:\/\/pom.pt\/base\/?page_id=5"},"modified":"2020-02-16T19:35:53","modified_gmt":"2020-02-16T19:35:53","slug":"programme","status":"publish","type":"page","link":"https:\/\/pom.pt\/2020\/programme\/","title":{"rendered":"Programme"},"content":{"rendered":"<p>&nbsp;<\/p>\n<p><strong>February, 3rd:<\/strong><br \/>\n1st deadline for entries with lower prices<\/p>\n<p><span style=\"color: #ff0000;\"><strong>February, 10th:<\/strong><\/span><br \/>\n<span style=\"color: #ff0000;\">Final deadline for entries in competition classes and for online entries<\/span><br \/>\nFor open classes, entries must be sent by email to entries@pom.pt<br \/>\nEntries for Open Classes are accepted until the day of the event but always subject of map availability<\/p>\n<p><strong>February, 20th:\u00a0<\/strong><br \/>\n10h00 \u2013 16h00 \u2013 Training Event<br \/>\n10h00 &#8211; Event centre opening:<br \/>\nSantiago do Cac\u00e9m (Audit\u00f3rio Municipal Ant\u00f3nio Cha\u00ednho)<br \/>\n19h00 &#8211; Event centre closing<\/p>\n<p><strong>February, 21th:<br \/>\n<\/strong>08h30 &#8211; 22h00 &#8211; Event centre open &#8211; Santiago do Cac\u00e9m<br \/>\n08h30 &#8211; Model event open:<br \/>\nRelvas Verdes \u2013 5 Km from Santiago do Cac\u00e9m<\/p>\n<p><strong>February, 22nd:<br \/>\n<\/strong>08h00 &#8211; Event centre opening &#8211; Santiago do Cac\u00e9m<br \/>\n10h00 \u2013 Urban Middle distance \/ EDP Distribui\u00e7\u00e3o &#8211; Santiago do Cac\u00e9m<br \/>\n10h15 \/ 12h00 &#8211; Start for open classes and training courses<br \/>\n19h00 \u2013 Night sprint in Vila Nova de Santo Andr\u00e9 (not scoring for POM\u201920, but for sprint classification)<\/p>\n<p><strong>February, 23rd<br \/>\n<\/strong>08h00 &#8211; Event centre opening &#8211; Santo Andr\u00e9<br \/>\n09h00 &#8211; Long distance \/ Caixa Cr\u00e9dito Agr\u00edcola da Costa Azul &#8211; WRE &#8211; Santo Andr\u00e9 e Santa Cruz<br \/>\n09h15 \/ 11h00 &#8211; Start for open classes and training courses<br \/>\nWRE prize-giving ceremony &#8211; Santo Andr\u00e9 (planned to 15h00)<br \/>\n14h00 &#8211; PreO at Vila Nova de Santo Andr\u00e9 (EC will take place in the competition venue from 1 p.m.)<br \/>\n18h00 &#8211; PreO prize-giving ceremony \u2013 Vila Nova de Santo Andr\u00e9<\/p>\n<p><strong>February, 24th<br \/>\n<\/strong>08h00 &#8211; Event centre opening &#8211; Paiol &#8211; Sines<br \/>\n09h00 &#8211; Middle distance<br \/>\n09h45 \/ 11h00 &#8211; Start for open classes and training courses<br \/>\n16h00 &#8211; Urban sprint in Sines (not scoring for POM\u201920, but for sprint classification)<br \/>\n19h00 &#8211; Prize giving ceremony for Sprint competitions in Sines<\/p>\n<p><strong>February, 25th<br \/>\n<\/strong>08h00 &#8211; Event centre opening &#8211; Paiol &#8211; Sines<br \/>\n09h00 &#8211; Middle distance (+) \u2013 Beginning of Chasing Start &#8211; WE<br \/>\n09h15 &#8211; Start for other competition classes<br \/>\n09h15 \/ 10h30 &#8211; Start for open classes and training courses<br \/>\n10h00 &#8211; Mass Start for WE<br \/>\n10h30 &#8211; Middle distance (+) \u2013 Beginning of Chasing Start \u2013 ME<br \/>\n11h30 &#8211; Mass Start for ME<br \/>\n13h30 &#8211; POM\u201920 prize giving ceremony &#8211; Paiol &#8211; Sines<\/p>\n<p><strong>February, 26th<br \/>\n<\/strong>10h00 \u2013 16h00 \u2013 Training Event in Relvas Verdes<\/p>","protected":false},"excerpt":{"rendered":"<p>&nbsp; February, 3rd: 1st deadline for entries with lower prices February, 10th: Final deadline for entries in competition classes and for online entries For open classes, entries must be sent by email to entries@pom.pt Entries for Open Classes are accepted until the day of the event but always subject of map availability February, 20th:\u00a0 10h00 \u2013 16h00 \u2013 Training Event 10h00 &#8211; Event centre opening: Santiago do Cac\u00e9m (Audit\u00f3rio Municipal Ant\u00f3nio Cha\u00ednho) 19h00 &#8211; Event centre closing February, 21th: 08h30 &#8211; 22h00 &#8211; Event centre open &#8211; Santiago do Cac\u00e9m 08h30 &#8211; Model event open: Relvas Verdes \u2013 5 Km from Santiago do Cac\u00e9m February, 22nd: 08h00 &#8211; Event centre [&hellip;]<\/p>\n","protected":false},"author":1,"featured_media":0,"parent":0,"menu_order":0,"comment_status":"closed","ping_status":"closed","template":"","meta":{"_monsterinsights_skip_tracking":false,"_monsterinsights_sitenote_active":false,"_monsterinsights_sitenote_note":"","_monsterinsights_sitenote_category":0,"footnotes":""},"class_list":["post-5","page","type-page","status-publish","hentry"],"_links":{"self":[{"href":"https:\/\/pom.pt\/2020\/wp-json\/wp\/v2\/pages\/5","targetHints":{"allow":["GET"]}}],"collection":[{"href":"https:\/\/pom.pt\/2020\/wp-json\/wp\/v2\/pages"}],"about":[{"href":"https:\/\/pom.pt\/2020\/wp-json\/wp\/v2\/types\/page"}],"author":[{"embeddable":true,"href":"https:\/\/pom.pt\/2020\/wp-json\/wp\/v2\/users\/1"}],"replies":[{"embeddable":true,"href":"https:\/\/pom.pt\/2020\/wp-json\/wp\/v2\/comments?post=5"}],"version-history":[{"count":12,"href":"https:\/\/pom.pt\/2020\/wp-json\/wp\/v2\/pages\/5\/revisions"}],"predecessor-version":[{"id":377,"href":"https:\/\/pom.pt\/2020\/wp-json\/wp\/v2\/pages\/5\/revisions\/377"}],"wp:attachment":[{"href":"https:\/\/pom.pt\/2020\/wp-json\/wp\/v2\/media?parent=5"}],"curies":[{"name":"wp","href":"https:\/\/api.w.org\/{rel}","templated":true}]}}