{"id":210,"date":"2020-01-11T21:39:35","date_gmt":"2020-01-11T21:39:35","guid":{"rendered":"http:\/\/pom.pt\/2020\/?page_id=210"},"modified":"2020-02-16T20:00:20","modified_gmt":"2020-02-16T20:00:20","slug":"day-3-sprint","status":"publish","type":"page","link":"https:\/\/pom.pt\/2020\/pt\/day-3-sprint\/","title":{"rendered":"Dia 3 \u2013 Sprint Urbano"},"content":{"rendered":"<p><strong>Mapa:<\/strong> Sines<\/p>\n<p><strong>Terreno:<\/strong> Cidade que se estende do alto da colina at\u00e9 ao oceano atl\u00e2ntico, com uma agrad\u00e1vel vista para a praia.<br \/>\n\u00c1rea urbana maioritariamente antiga, com ruas irregulares, a potenciar m\u00faltiplas op\u00e7\u00f5es nas pernadas, enriquecidas pelo castelo, jardins e parques envolventes a este ex libris de Sines.<br \/>\nOs percursos, que apresentam na generalidade algum desn\u00edvel, passar\u00e3o por zonas habitacionais mais recentes, que pela sua simetria e semelhan\u00e7as, conferem um diferente desafio de interpreta\u00e7\u00e3o.<\/p>\n<p><strong>Cart\u00f3grafo:<\/strong> Lu\u00eds S\u00e9rgio \/ Amplia\u00e7\u00e3o e atualiza\u00e7\u00e3o por Alexandres Reis &#8211; Nov2019-Jan2020<\/p>\n<p><strong>Tra\u00e7ador de percursos:<\/strong> Alexandre Reis<\/p>\n<p><strong>Escala do mapa:<\/strong>\u00a01:4.000<\/p>\n<p><strong>Equidist\u00e2ncia:<\/strong> 5m<\/p>\n<p><strong>Estacionamento:<\/strong> Estacionamentos funcionar\u00e3o no espa\u00e7o circundante ao Pavilh\u00e3o Multiusos de Sines<\/p>\n<p>Importante que se respeite as instru\u00e7\u00f5es dos elementos do Staff que estar\u00e3o a ordenar o estacionamento<\/p>\n<p><strong>Informa\u00e7\u00e3o adicional:<\/strong><\/p>\n<p>&#8211; Dist\u00e2ncia do Estacionamento \u00e0s Partidas \u2013 800 mts (implica travessia \u2013 apoiada pela GNR \u2013 de passadeira para pe\u00f5es no IC33)<br \/>\n&#8211; Dist\u00e2ncia das Chegadas ao estacionamento &#8211; 450 mts<br \/>\n&#8211; O SPORTident Air+ estar\u00e1 ativo.<\/p>\n<h2><strong>Informa\u00e7\u00f5es t\u00e9cnicas finais<\/strong><\/h2>\n\n<table id=\"tablepress-9\" class=\"tablepress tablepress-id-9\">\n<thead>\n<tr class=\"row-1\">\n\t<th class=\"column-1\">Escal\u00e3o\/Class<\/th><th class=\"column-2\">Dist. (mts)<\/th><th class=\"column-3\">Desn\u00edvel\/Climb (mts)<\/th><th class=\"column-4\">Pontos\/Controls<\/th>\n<\/tr>\n<\/thead>\n<tbody class=\"row-striping row-hover\">\n<tr class=\"row-2\">\n\t<td class=\"column-1\">M10<\/td><td class=\"column-2\">1 780<\/td><td class=\"column-3\">10<\/td><td class=\"column-4\">16<\/td>\n<\/tr>\n<tr class=\"row-3\">\n\t<td class=\"column-1\">M12<\/td><td class=\"column-2\">2 020<\/td><td class=\"column-3\">10<\/td><td class=\"column-4\">18<\/td>\n<\/tr>\n<tr class=\"row-4\">\n\t<td class=\"column-1\">M14<\/td><td class=\"column-2\">2 600<\/td><td class=\"column-3\">15<\/td><td class=\"column-4\">17<\/td>\n<\/tr>\n<tr class=\"row-5\">\n\t<td class=\"column-1\">M16<\/td><td class=\"column-2\">3 020<\/td><td class=\"column-3\">25<\/td><td class=\"column-4\">19<\/td>\n<\/tr>\n<tr class=\"row-6\">\n\t<td class=\"column-1\">M18<\/td><td class=\"column-2\">3 070<\/td><td class=\"column-3\">25<\/td><td class=\"column-4\">18<\/td>\n<\/tr>\n<tr class=\"row-7\">\n\t<td class=\"column-1\">M20<\/td><td class=\"column-2\">3 900<\/td><td class=\"column-3\">30<\/td><td class=\"column-4\">20<\/td>\n<\/tr>\n<tr class=\"row-8\">\n\t<td class=\"column-1\">M21A<\/td><td class=\"column-2\">4 030<\/td><td class=\"column-3\">30<\/td><td class=\"column-4\">22<\/td>\n<\/tr>\n<tr class=\"row-9\">\n\t<td class=\"column-1\">M21B<\/td><td class=\"column-2\">2 600<\/td><td class=\"column-3\">15<\/td><td class=\"column-4\">17<\/td>\n<\/tr>\n<tr class=\"row-10\">\n\t<td class=\"column-1\">M21E<\/td><td class=\"column-2\">4 220<\/td><td class=\"column-3\">35<\/td><td class=\"column-4\">21<\/td>\n<\/tr>\n<tr class=\"row-11\">\n\t<td class=\"column-1\">M21SE<\/td><td class=\"column-2\">4 260<\/td><td class=\"column-3\">35<\/td><td class=\"column-4\">21<\/td>\n<\/tr>\n<tr class=\"row-12\">\n\t<td class=\"column-1\">M35<\/td><td class=\"column-2\">3 900<\/td><td class=\"column-3\">30<\/td><td class=\"column-4\">20<\/td>\n<\/tr>\n<tr class=\"row-13\">\n\t<td class=\"column-1\">M40<\/td><td class=\"column-2\">3 900<\/td><td class=\"column-3\">30<\/td><td class=\"column-4\">20<\/td>\n<\/tr>\n<tr class=\"row-14\">\n\t<td class=\"column-1\">M45<\/td><td class=\"column-2\">3 800<\/td><td class=\"column-3\">30<\/td><td class=\"column-4\">20<\/td>\n<\/tr>\n<tr class=\"row-15\">\n\t<td class=\"column-1\">M50<\/td><td class=\"column-2\">3 790<\/td><td class=\"column-3\">30<\/td><td class=\"column-4\">19<\/td>\n<\/tr>\n<tr class=\"row-16\">\n\t<td class=\"column-1\">M55<\/td><td class=\"column-2\">3 690<\/td><td class=\"column-3\">25<\/td><td class=\"column-4\">21<\/td>\n<\/tr>\n<tr class=\"row-17\">\n\t<td class=\"column-1\">M60<\/td><td class=\"column-2\">3 570<\/td><td class=\"column-3\">25<\/td><td class=\"column-4\">19<\/td>\n<\/tr>\n<tr class=\"row-18\">\n\t<td class=\"column-1\">M65<\/td><td class=\"column-2\">2 950<\/td><td class=\"column-3\">20<\/td><td class=\"column-4\">19<\/td>\n<\/tr>\n<tr class=\"row-19\">\n\t<td class=\"column-1\">M70<\/td><td class=\"column-2\">2 770<\/td><td class=\"column-3\">20<\/td><td class=\"column-4\">17<\/td>\n<\/tr>\n<tr class=\"row-20\">\n\t<td class=\"column-1\">M75<\/td><td class=\"column-2\">1 980<\/td><td class=\"column-3\">10<\/td><td class=\"column-4\">17<\/td>\n<\/tr>\n<tr class=\"row-21\">\n\t<td class=\"column-1\">M80<\/td><td class=\"column-2\">1 980<\/td><td class=\"column-3\">10<\/td><td class=\"column-4\">17<\/td>\n<\/tr>\n<tr class=\"row-22\">\n\t<td class=\"column-1\">M85<\/td><td class=\"column-2\">1 980<\/td><td class=\"column-3\">10<\/td><td class=\"column-4\">17<\/td>\n<\/tr>\n<tr class=\"row-23\">\n\t<td class=\"column-1\">W10<\/td><td class=\"column-2\">1 780<\/td><td class=\"column-3\">10<\/td><td class=\"column-4\">16<\/td>\n<\/tr>\n<tr class=\"row-24\">\n\t<td class=\"column-1\">W12<\/td><td class=\"column-2\">2 020<\/td><td class=\"column-3\">10<\/td><td class=\"column-4\">18<\/td>\n<\/tr>\n<tr class=\"row-25\">\n\t<td class=\"column-1\">W14<\/td><td class=\"column-2\">2 350<\/td><td class=\"column-3\">15<\/td><td class=\"column-4\">15<\/td>\n<\/tr>\n<tr class=\"row-26\">\n\t<td class=\"column-1\">W16<\/td><td class=\"column-2\">2 470<\/td><td class=\"column-3\">20<\/td><td class=\"column-4\">15<\/td>\n<\/tr>\n<tr class=\"row-27\">\n\t<td class=\"column-1\">W18<\/td><td class=\"column-2\">2 660<\/td><td class=\"column-3\">20<\/td><td class=\"column-4\">16<\/td>\n<\/tr>\n<tr class=\"row-28\">\n\t<td class=\"column-1\">W20<\/td><td class=\"column-2\">2 720<\/td><td class=\"column-3\">20<\/td><td class=\"column-4\">17<\/td>\n<\/tr>\n<tr class=\"row-29\">\n\t<td class=\"column-1\">W21B<\/td><td class=\"column-2\">2 350<\/td><td class=\"column-3\">15<\/td><td class=\"column-4\">15<\/td>\n<\/tr>\n<tr class=\"row-30\">\n\t<td class=\"column-1\">W21A<\/td><td class=\"column-2\">2 700<\/td><td class=\"column-3\">20<\/td><td class=\"column-4\">15<\/td>\n<\/tr>\n<tr class=\"row-31\">\n\t<td class=\"column-1\">W21E<\/td><td class=\"column-2\">3 850<\/td><td class=\"column-3\">30<\/td><td class=\"column-4\">21<\/td>\n<\/tr>\n<tr class=\"row-32\">\n\t<td class=\"column-1\">W35<\/td><td class=\"column-2\">3 090<\/td><td class=\"column-3\">25<\/td><td class=\"column-4\">16<\/td>\n<\/tr>\n<tr class=\"row-33\">\n\t<td class=\"column-1\">W40<\/td><td class=\"column-2\">3 090<\/td><td class=\"column-3\">25<\/td><td class=\"column-4\">16<\/td>\n<\/tr>\n<tr class=\"row-34\">\n\t<td class=\"column-1\">W45<\/td><td class=\"column-2\">2 870<\/td><td class=\"column-3\">20<\/td><td class=\"column-4\">17<\/td>\n<\/tr>\n<tr class=\"row-35\">\n\t<td class=\"column-1\">W50<\/td><td class=\"column-2\">2 690<\/td><td class=\"column-3\">20<\/td><td class=\"column-4\">17<\/td>\n<\/tr>\n<tr class=\"row-36\">\n\t<td class=\"column-1\">W55<\/td><td class=\"column-2\">2 690<\/td><td class=\"column-3\">20<\/td><td class=\"column-4\">15<\/td>\n<\/tr>\n<tr class=\"row-37\">\n\t<td class=\"column-1\">W60<\/td><td class=\"column-2\">2 450<\/td><td class=\"column-3\">20<\/td><td class=\"column-4\">16<\/td>\n<\/tr>\n<tr class=\"row-38\">\n\t<td class=\"column-1\">W65<\/td><td class=\"column-2\">2 400<\/td><td class=\"column-3\">15<\/td><td class=\"column-4\">17<\/td>\n<\/tr>\n<tr class=\"row-39\">\n\t<td class=\"column-1\">W70<\/td><td class=\"column-2\">2 400<\/td><td class=\"column-3\">15<\/td><td class=\"column-4\">17<\/td>\n<\/tr>\n<tr class=\"row-40\">\n\t<td class=\"column-1\">W75<\/td><td class=\"column-2\">1 980<\/td><td class=\"column-3\">10<\/td><td class=\"column-4\">17<\/td>\n<\/tr>\n<tr class=\"row-41\">\n\t<td class=\"column-1\">W80<\/td><td class=\"column-2\">1 980<\/td><td class=\"column-3\">10<\/td><td class=\"column-4\">17<\/td>\n<\/tr>\n<tr class=\"row-42\">\n\t<td class=\"column-1\">W85<\/td><td class=\"column-2\">1 980<\/td><td class=\"column-3\">10<\/td><td class=\"column-4\">17<\/td>\n<\/tr>\n<tr class=\"row-43\">\n\t<td class=\"column-1\">F\u00e1cil Curto \/ Easy Short<\/td><td class=\"column-2\">2 020<\/td><td class=\"column-3\">10<\/td><td class=\"column-4\">18<\/td>\n<\/tr>\n<tr class=\"row-44\">\n\t<td class=\"column-1\">Dif\u00edcil Curto \/ Difficult Short<\/td><td class=\"column-2\">2 580<\/td><td class=\"column-3\">15<\/td><td class=\"column-4\">15<\/td>\n<\/tr>\n<tr class=\"row-45\">\n\t<td class=\"column-1\">F\u00e1cil Longo \/ Easy Long<\/td><td class=\"column-2\">2 710<\/td><td class=\"column-3\">20<\/td><td class=\"column-4\">21<\/td>\n<\/tr>\n<tr class=\"row-46\">\n\t<td class=\"column-1\">Dif\u00edcil Longo \/ Difficult Long<\/td><td class=\"column-2\">3 960<\/td><td class=\"column-3\">25<\/td><td class=\"column-4\">21<\/td>\n<\/tr>\n<\/tbody>\n<\/table>\n<!-- #tablepress-9 from cache -->\n<h2><strong>Excertos do mapa<\/strong><\/h2>\n<table style=\"border-collapse: collapse; width: 100%;\">\n<tbody>\n<tr>\n<td style=\"width: 50%;\"><img loading=\"lazy\" decoding=\"async\" class=\"aligncenter size-thumbnail wp-image-228\" src=\"http:\/\/pom.pt\/2020\/wp-content\/uploads\/sites\/7\/2020\/01\/D3S1-150x150.png\" alt=\"\" width=\"150\" height=\"150\" srcset=\"https:\/\/pom.pt\/2020\/wp-content\/uploads\/sites\/7\/2020\/01\/D3S1-150x150.png 150w, https:\/\/pom.pt\/2020\/wp-content\/uploads\/sites\/7\/2020\/01\/D3S1-300x300.png 300w, https:\/\/pom.pt\/2020\/wp-content\/uploads\/sites\/7\/2020\/01\/D3S1.png 400w\" sizes=\"auto, (max-width: 150px) 100vw, 150px\" \/><\/td>\n<td style=\"width: 50%;\"><img loading=\"lazy\" decoding=\"async\" class=\"aligncenter size-thumbnail wp-image-229\" src=\"http:\/\/pom.pt\/2020\/wp-content\/uploads\/sites\/7\/2020\/01\/D3S2-150x150.png\" alt=\"\" width=\"150\" height=\"150\" srcset=\"https:\/\/pom.pt\/2020\/wp-content\/uploads\/sites\/7\/2020\/01\/D3S2-150x150.png 150w, https:\/\/pom.pt\/2020\/wp-content\/uploads\/sites\/7\/2020\/01\/D3S2-300x300.png 300w, https:\/\/pom.pt\/2020\/wp-content\/uploads\/sites\/7\/2020\/01\/D3S2.png 400w\" sizes=\"auto, (max-width: 150px) 100vw, 150px\" \/><\/td>\n<\/tr>\n<tr>\n<td style=\"width: 50%;\"><img loading=\"lazy\" decoding=\"async\" class=\"aligncenter size-thumbnail wp-image-230\" src=\"http:\/\/pom.pt\/2020\/wp-content\/uploads\/sites\/7\/2020\/01\/D3S3-150x150.png\" alt=\"\" width=\"150\" height=\"150\" srcset=\"https:\/\/pom.pt\/2020\/wp-content\/uploads\/sites\/7\/2020\/01\/D3S3-150x150.png 150w, https:\/\/pom.pt\/2020\/wp-content\/uploads\/sites\/7\/2020\/01\/D3S3-300x300.png 300w, https:\/\/pom.pt\/2020\/wp-content\/uploads\/sites\/7\/2020\/01\/D3S3.png 400w\" sizes=\"auto, (max-width: 150px) 100vw, 150px\" \/><\/td>\n<td style=\"width: 50%;\"><\/td>\n<\/tr>\n<\/tbody>\n<\/table>\n<p>&nbsp;<\/p>","protected":false},"excerpt":{"rendered":"<p>Mapa: Sines Terreno: Cidade que se estende do alto da colina at\u00e9 ao oceano atl\u00e2ntico, com uma agrad\u00e1vel vista para a praia. \u00c1rea urbana maioritariamente antiga, com ruas irregulares, a potenciar m\u00faltiplas op\u00e7\u00f5es nas pernadas, enriquecidas pelo castelo, jardins e parques envolventes a este ex libris de Sines. Os percursos, que apresentam na generalidade algum desn\u00edvel, passar\u00e3o por zonas habitacionais mais recentes, que pela sua simetria e semelhan\u00e7as, conferem um diferente desafio de interpreta\u00e7\u00e3o. Cart\u00f3grafo: Lu\u00eds S\u00e9rgio \/ Amplia\u00e7\u00e3o e atualiza\u00e7\u00e3o por Alexandres Reis &#8211; Nov2019-Jan2020 Tra\u00e7ador de percursos: Alexandre Reis Escala do mapa:\u00a01:4.000 Equidist\u00e2ncia: 5m Estacionamento: Estacionamentos funcionar\u00e3o no espa\u00e7o circundante ao Pavilh\u00e3o Multiusos de Sines Importante que se [&hellip;]<\/p>\n","protected":false},"author":12,"featured_media":0,"parent":0,"menu_order":0,"comment_status":"closed","ping_status":"closed","template":"","meta":{"_monsterinsights_skip_tracking":false,"_monsterinsights_sitenote_active":false,"_monsterinsights_sitenote_note":"","_monsterinsights_sitenote_category":0,"footnotes":""},"class_list":["post-210","page","type-page","status-publish","hentry"],"_links":{"self":[{"href":"https:\/\/pom.pt\/2020\/pt\/wp-json\/wp\/v2\/pages\/210","targetHints":{"allow":["GET"]}}],"collection":[{"href":"https:\/\/pom.pt\/2020\/pt\/wp-json\/wp\/v2\/pages"}],"about":[{"href":"https:\/\/pom.pt\/2020\/pt\/wp-json\/wp\/v2\/types\/page"}],"author":[{"embeddable":true,"href":"https:\/\/pom.pt\/2020\/pt\/wp-json\/wp\/v2\/users\/12"}],"replies":[{"embeddable":true,"href":"https:\/\/pom.pt\/2020\/pt\/wp-json\/wp\/v2\/comments?post=210"}],"version-history":[{"count":4,"href":"https:\/\/pom.pt\/2020\/pt\/wp-json\/wp\/v2\/pages\/210\/revisions"}],"predecessor-version":[{"id":383,"href":"https:\/\/pom.pt\/2020\/pt\/wp-json\/wp\/v2\/pages\/210\/revisions\/383"}],"wp:attachment":[{"href":"https:\/\/pom.pt\/2020\/pt\/wp-json\/wp\/v2\/media?parent=210"}],"curies":[{"name":"wp","href":"https:\/\/api.w.org\/{rel}","templated":true}]}}