{"id":90,"date":"2019-04-13T11:50:36","date_gmt":"2019-04-13T11:50:36","guid":{"rendered":"http:\/\/pom.pt\/2020\/?page_id=90"},"modified":"2020-08-06T17:00:19","modified_gmt":"2020-08-06T17:00:19","slug":"english-how-to-pay","status":"publish","type":"page","link":"https:\/\/pom.pt\/2020\/pt\/english-how-to-pay\/","title":{"rendered":"Como pagar"},"content":{"rendered":"<p><\/p>\n<h1>Como pagar<\/h1>\n<div class=\"text\">\n<p>O pagamento das inscri\u00e7\u00f5es do POM2020 poder\u00e1 ser efectuado por transfer\u00eancia banc\u00e1ria, multibanco, Pay-Pal.<br \/>\nDe forma a facilitar o processo de acredita\u00e7\u00e3o, a Organiza\u00e7\u00e3o tem prefer\u00eancia que os pagamentos sejam feitos por transfer\u00eancia banc\u00e1ria.<\/p>\n<p>Dados para pagamento<\/p>\n<p><strong>Banco<\/strong>: Caixa Geral de Dep\u00f3sitos<br \/>\n<strong>Ag\u00eancia<\/strong>: Sines<\/p>\n<p><strong>Nome: <\/strong>Clube de Orienta\u00e7\u00e3o e Aventura do Litoral Alentejano-COALA<\/p>\n<p><strong>IBAN<\/strong>: PT50 0035 0783 00015136830 81<br \/>\n<strong>SWIFT CODE BIC<\/strong>:\u00a0CGDIPTPL<\/p>\n<p><strong>Morada Ag\u00eancia<\/strong>:<br \/>\nCaixa Geral de Dep\u00f3sitos &#8211; Ag\u00eancia de Sines<br \/>\nRua Marqu\u00eas de Pombal, 48 &#8211; PT 7520-225 Sines &#8211; Portugal<br \/>\n<strong><br \/>\nMorada COALA<\/strong>:<br \/>\nClube de Orienta\u00e7\u00e3o e Aventura do Litoral Alentejano-COALA<br \/>\nBairro Azul, C2, Pra\u00e7a da Fraternidade 1\u00baEsq<br \/>\nPT &#8211; 7500-100 Vila Nova de Santo Andr\u00e9 \/ Portugal<\/p>\n<p>Processo de pagamento<\/p>\n<p><strong>Para\u00a0<\/strong><strong>Inscri\u00e7\u00f5es Express do\u00a0<a title=\"Plataforma de inscri\u00e7\u00f5es - OriOasis POM2015\" href=\"http:\/\/www.orioasis.pt\/oasis\/entries.php?action=club_class&amp;eventid=2139\" target=\"_blank\" rel=\"noopener noreferrer\">OriOasis<\/a>, por favor coloque o Express Code no descritivo do pagamento.<br \/>\n<\/strong><\/p>\n<p>Para<strong>\u00a0pagamentos totais de clubes<\/strong>, indique sempre o nome clube no descritivo.<br \/>\nPara\u00a0<strong>pagamentos parciais de clubes<\/strong>, indique nos coment\u00e1rios o clube e a lista de atletas a que se refere o pagamento, ou envie um email (<a href=\"mailto:payments@pom.pt\" target=\"_blank\" rel=\"noopener noreferrer\">payments@pom.pt<\/a>)\u00a0\u00e0 organiza\u00e7\u00e3o com a lista de atletas e o comprovativo da transfer\u00eancia.<\/p>\n<p><strong><br \/>\n<\/strong><strong>Notas<\/strong>: Para todas as inscri\u00e7\u00f5es pagas por transfer\u00eancia banc\u00e1ria, \u00e9 necess\u00e1rio enviar comprovativo da opera\u00e7\u00e3o para o email:\u00a0<a href=\"mailto:payments@pom.pt\" target=\"_blank\" rel=\"noopener noreferrer\">payments@pom.pt<\/a><\/p>\n<p><a href=\"mailto:entries@pom.pt\" target=\"_blank\" rel=\"noopener noreferrer\"><br \/>\n<\/a>Todas as despesas inerentes \u00e0s transfer\u00eancias banc\u00e1rias devem ser suportadas pelo ordenante.\u00a0Se alguma despesa\u00a0\u00a0referente \u00e0s transfer\u00eancias banc\u00e1rias for indevidamente cobrada \u00e0 Organiza\u00e7\u00e3o, as mesmas ser\u00e3o pagas posteriormente pelos clubes ou atletas.<\/p>\n<p>Por favor utilize o endere\u00e7o\u00a0<a href=\"mailto:payments@pom.pt\" target=\"_blank\" rel=\"noopener noreferrer\">payments@pom.pt<\/a>\u00a0para todos os emails relacionados com o pagamento de inscri\u00e7\u00f5es.<\/p>\n<\/div>\n<p><\/p>","protected":false},"excerpt":{"rendered":"<p>Como pagar O pagamento das inscri\u00e7\u00f5es do POM2020 poder\u00e1 ser efectuado por transfer\u00eancia banc\u00e1ria, multibanco, Pay-Pal. De forma a facilitar o processo de acredita\u00e7\u00e3o, a Organiza\u00e7\u00e3o tem prefer\u00eancia que os pagamentos sejam feitos por transfer\u00eancia banc\u00e1ria. Dados para pagamento Banco: Caixa Geral de Dep\u00f3sitos Ag\u00eancia: Sines Nome: Clube de Orienta\u00e7\u00e3o e Aventura do Litoral Alentejano-COALA IBAN: PT50 0035 0783 00015136830 81 SWIFT CODE BIC:\u00a0CGDIPTPL Morada Ag\u00eancia: Caixa Geral de Dep\u00f3sitos &#8211; Ag\u00eancia de Sines Rua Marqu\u00eas de Pombal, 48 &#8211; PT 7520-225 Sines &#8211; Portugal Morada COALA: Clube de Orienta\u00e7\u00e3o e Aventura do Litoral Alentejano-COALA Bairro Azul, C2, Pra\u00e7a da Fraternidade 1\u00baEsq PT &#8211; 7500-100 Vila Nova de Santo Andr\u00e9 [&hellip;]<\/p>\n","protected":false},"author":12,"featured_media":0,"parent":0,"menu_order":0,"comment_status":"closed","ping_status":"closed","template":"","meta":{"_monsterinsights_skip_tracking":false,"_monsterinsights_sitenote_active":false,"_monsterinsights_sitenote_note":"","_monsterinsights_sitenote_category":0,"footnotes":""},"class_list":["post-90","page","type-page","status-publish","hentry"],"_links":{"self":[{"href":"https:\/\/pom.pt\/2020\/pt\/wp-json\/wp\/v2\/pages\/90","targetHints":{"allow":["GET"]}}],"collection":[{"href":"https:\/\/pom.pt\/2020\/pt\/wp-json\/wp\/v2\/pages"}],"about":[{"href":"https:\/\/pom.pt\/2020\/pt\/wp-json\/wp\/v2\/types\/page"}],"author":[{"embeddable":true,"href":"https:\/\/pom.pt\/2020\/pt\/wp-json\/wp\/v2\/users\/12"}],"replies":[{"embeddable":true,"href":"https:\/\/pom.pt\/2020\/pt\/wp-json\/wp\/v2\/comments?post=90"}],"version-history":[{"count":4,"href":"https:\/\/pom.pt\/2020\/pt\/wp-json\/wp\/v2\/pages\/90\/revisions"}],"predecessor-version":[{"id":432,"href":"https:\/\/pom.pt\/2020\/pt\/wp-json\/wp\/v2\/pages\/90\/revisions\/432"}],"wp:attachment":[{"href":"https:\/\/pom.pt\/2020\/pt\/wp-json\/wp\/v2\/media?parent=90"}],"curies":[{"name":"wp","href":"https:\/\/api.w.org\/{rel}","templated":true}]}}