{"id":67,"date":"2019-03-30T18:29:54","date_gmt":"2019-03-30T18:29:54","guid":{"rendered":"http:\/\/pom.pt\/2020\/?page_id=67"},"modified":"2020-01-20T20:32:47","modified_gmt":"2020-01-20T20:32:47","slug":"accommodation","status":"publish","type":"page","link":"https:\/\/pom.pt\/2020\/pt\/alojamento\/","title":{"rendered":"Alojamento"},"content":{"rendered":"<p><del>Para o POM 2020 oferecemos, a um custo adicional, v\u00e1rios alojamentos nos Munic\u00edpios de Santiago do Cac\u00e9m e Sines.<br \/>\n<\/del><del>Podem consultar os alojamentos dispon\u00edveis <a href=\"http:\/\/pom.pt\/archive\/2020\/accommodation\/POM2020_Accommodation.pdf\" target=\"_blank\" rel=\"noopener noreferrer\">neste documento<\/a> (atualizado a 20 de Dezembro).<br \/>\n<\/del><\/p>\n<p>&gt;&gt;<em>A partir de hoje (20 Jan) a organiza\u00e7\u00e3o do POM n\u00e3o pode ajudar com a reserva de alojamento.<\/em>&lt;&lt;<\/p>\n<p>Para outras op\u00e7\u00f5es consultar:<br \/>\nConcelho de Santiago do Cac\u00e9m: <a href=\"https:\/\/turismo.cm-santiagocacem.pt\/alojamento\/\" target=\"_blank\" rel=\"noopener noreferrer\">https:\/\/turismo.cm-santiagocacem.pt\/alojamento\/<\/a><br \/>\nConcelho de Sines: <a href=\"http:\/\/www.sines.pt\/pages\/684\" target=\"_blank\" rel=\"noopener noreferrer\">http:\/\/www.sines.pt\/pages\/684<\/a><\/p>","protected":false},"excerpt":{"rendered":"<p>Para o POM 2020 oferecemos, a um custo adicional, v\u00e1rios alojamentos nos Munic\u00edpios de Santiago do Cac\u00e9m e Sines. Podem consultar os alojamentos dispon\u00edveis neste documento (atualizado a 20 de Dezembro). &gt;&gt;A partir de hoje (20 Jan) a organiza\u00e7\u00e3o do POM n\u00e3o pode ajudar com a reserva de alojamento.&lt;&lt; Para outras op\u00e7\u00f5es consultar: Concelho de Santiago do Cac\u00e9m: https:\/\/turismo.cm-santiagocacem.pt\/alojamento\/ Concelho de Sines: http:\/\/www.sines.pt\/pages\/684<\/p>\n","protected":false},"author":12,"featured_media":0,"parent":0,"menu_order":0,"comment_status":"closed","ping_status":"closed","template":"","meta":{"_monsterinsights_skip_tracking":false,"_monsterinsights_sitenote_active":false,"_monsterinsights_sitenote_note":"","_monsterinsights_sitenote_category":0,"footnotes":""},"class_list":["post-67","page","type-page","status-publish","hentry"],"_links":{"self":[{"href":"https:\/\/pom.pt\/2020\/pt\/wp-json\/wp\/v2\/pages\/67","targetHints":{"allow":["GET"]}}],"collection":[{"href":"https:\/\/pom.pt\/2020\/pt\/wp-json\/wp\/v2\/pages"}],"about":[{"href":"https:\/\/pom.pt\/2020\/pt\/wp-json\/wp\/v2\/types\/page"}],"author":[{"embeddable":true,"href":"https:\/\/pom.pt\/2020\/pt\/wp-json\/wp\/v2\/users\/12"}],"replies":[{"embeddable":true,"href":"https:\/\/pom.pt\/2020\/pt\/wp-json\/wp\/v2\/comments?post=67"}],"version-history":[{"count":6,"href":"https:\/\/pom.pt\/2020\/pt\/wp-json\/wp\/v2\/pages\/67\/revisions"}],"predecessor-version":[{"id":303,"href":"https:\/\/pom.pt\/2020\/pt\/wp-json\/wp\/v2\/pages\/67\/revisions\/303"}],"wp:attachment":[{"href":"https:\/\/pom.pt\/2020\/pt\/wp-json\/wp\/v2\/media?parent=67"}],"curies":[{"name":"wp","href":"https:\/\/api.w.org\/{rel}","templated":true}]}}