{"id":62,"date":"2019-03-30T17:40:06","date_gmt":"2019-03-30T17:40:06","guid":{"rendered":"http:\/\/pom.pt\/2020\/?page_id=62"},"modified":"2019-03-30T18:49:23","modified_gmt":"2019-03-30T18:49:23","slug":"alentejo-coast","status":"publish","type":"page","link":"https:\/\/pom.pt\/2020\/pt\/costa-alentejana\/","title":{"rendered":"Costa Alentejana"},"content":{"rendered":"<p>A Costa Alentejana \u00e9 uma das regi\u00f5es mais bem preservadas e possui algumas das mais belas praias em quase estado selvagem de Portugal.<br \/>\n\u201cUm para\u00edso \u00e1 beira-mar!\u201d, s\u00e3o as palavras que melhor podem descrever o que \u00e9 a Costa Alentejana, local onde se aprende a viver devagar porque o mundo l\u00e1 fora anda demasiado depressa, a tranquilidade vivida nesta regi\u00e3o \u00e9 a sua maior atra\u00e7\u00e3o.<br \/>\nPara al\u00e9m dos hot\u00e9is e pousadas, do sol e da hist\u00f3ria, das grandes praias areia dourada do norte e dos areais escondidos entre fal\u00e9sias do sul, da gastronomia e paisagens, do desporto e da aventura, vai encontrar aqui algo ainda mais raro e fundamental\u2026 vai encontra-se a si.<br \/>\nEsta \u00e9 a Costa Alentejana, uma terra de vida real, de gente verdadeira, que aprendeu a apreciar a vida sem pressa, a saborear cada instante, cada milagre da natureza, cada momento especial, um s\u00edtio aut\u00eantico! As recorda\u00e7\u00f5es que daqui levar n\u00e3o se compram nem se levam na mala, seguem para sempre na nossa mem\u00f3ria, no nosso cora\u00e7\u00e3o!<br \/>\nIsto \u00e9 o que conseguimos explicar por palavras\u2026 para compreender tudo o resto \u00e9 preciso sentir, \u00e9 preciso vir aqui!<br \/>\nCosta Alentejana, a vida aqui \u00e9 para sentir!<\/p>\n<p>Pode consultar mais informa\u00e7\u00e3o tur\u00edstica sobre Sines <a href=\"http:\/\/www.sines.pt\/pages\/6\" target=\"_blank\" rel=\"noopener noreferrer\">aqui<\/a> e sobre Santiago do Cac\u00e9m <a href=\"https:\/\/turismo.cm-santiagocacem.pt\" target=\"_blank\" rel=\"noopener noreferrer\">aqui<\/a>.<\/p>\n<div align=\"center\"><iframe loading=\"lazy\" src=\"\/\/www.youtube.com\/embed\/QOQ7uacW1HY\" width=\"560\" height=\"314\" allowfullscreen=\"allowfullscreen\"><\/iframe><\/div>\n<p><\/p>","protected":false},"excerpt":{"rendered":"<p>A Costa Alentejana \u00e9 uma das regi\u00f5es mais bem preservadas e possui algumas das mais belas praias em quase estado selvagem de Portugal. \u201cUm para\u00edso \u00e1 beira-mar!\u201d, s\u00e3o as palavras que melhor podem descrever o que \u00e9 a Costa Alentejana, local onde se aprende a viver devagar porque o mundo l\u00e1 fora anda demasiado depressa, a tranquilidade vivida nesta regi\u00e3o \u00e9 a sua maior atra\u00e7\u00e3o. Para al\u00e9m dos hot\u00e9is e pousadas, do sol e da hist\u00f3ria, das grandes praias areia dourada do norte e dos areais escondidos entre fal\u00e9sias do sul, da gastronomia e paisagens, do desporto e da aventura, vai encontrar aqui algo ainda mais raro e fundamental\u2026 vai [&hellip;]<\/p>\n","protected":false},"author":12,"featured_media":0,"parent":0,"menu_order":0,"comment_status":"closed","ping_status":"closed","template":"","meta":{"_monsterinsights_skip_tracking":false,"_monsterinsights_sitenote_active":false,"_monsterinsights_sitenote_note":"","_monsterinsights_sitenote_category":0,"footnotes":""},"class_list":["post-62","page","type-page","status-publish","hentry"],"_links":{"self":[{"href":"https:\/\/pom.pt\/2020\/pt\/wp-json\/wp\/v2\/pages\/62","targetHints":{"allow":["GET"]}}],"collection":[{"href":"https:\/\/pom.pt\/2020\/pt\/wp-json\/wp\/v2\/pages"}],"about":[{"href":"https:\/\/pom.pt\/2020\/pt\/wp-json\/wp\/v2\/types\/page"}],"author":[{"embeddable":true,"href":"https:\/\/pom.pt\/2020\/pt\/wp-json\/wp\/v2\/users\/12"}],"replies":[{"embeddable":true,"href":"https:\/\/pom.pt\/2020\/pt\/wp-json\/wp\/v2\/comments?post=62"}],"version-history":[{"count":4,"href":"https:\/\/pom.pt\/2020\/pt\/wp-json\/wp\/v2\/pages\/62\/revisions"}],"predecessor-version":[{"id":73,"href":"https:\/\/pom.pt\/2020\/pt\/wp-json\/wp\/v2\/pages\/62\/revisions\/73"}],"wp:attachment":[{"href":"https:\/\/pom.pt\/2020\/pt\/wp-json\/wp\/v2\/media?parent=62"}],"curies":[{"name":"wp","href":"https:\/\/api.w.org\/{rel}","templated":true}]}}