{"id":57,"date":"2019-03-30T17:18:26","date_gmt":"2019-03-30T17:18:26","guid":{"rendered":"http:\/\/pom.pt\/2020\/?page_id=57"},"modified":"2019-03-30T17:23:20","modified_gmt":"2019-03-30T17:23:20","slug":"contacts","status":"publish","type":"page","link":"https:\/\/pom.pt\/2020\/pt\/contatos\/","title":{"rendered":"Contatos"},"content":{"rendered":"<p>Contacte-nos utilizando o email mais adequado \u00e0 sua quest\u00e3o:<\/p>\n<p>info@pom.pt (informa\u00e7\u00f5es gerais)<br \/>\nentries@pom.pt (apenas assuntos relacionados com inscri\u00e7\u00f5es)<br \/>\naccommodation@pom.pt (assuntos relationados com alojamentos)<br \/>\npayments@pom.pt (assuntos relacionados com pagamentos)<\/p>","protected":false},"excerpt":{"rendered":"<p>Contacte-nos utilizando o email mais adequado \u00e0 sua quest\u00e3o: info@pom.pt (informa\u00e7\u00f5es gerais) entries@pom.pt (apenas assuntos relacionados com inscri\u00e7\u00f5es) accommodation@pom.pt (assuntos relationados com alojamentos) payments@pom.pt (assuntos relacionados com pagamentos)<\/p>\n","protected":false},"author":12,"featured_media":0,"parent":0,"menu_order":0,"comment_status":"closed","ping_status":"closed","template":"","meta":{"_monsterinsights_skip_tracking":false,"_monsterinsights_sitenote_active":false,"_monsterinsights_sitenote_note":"","_monsterinsights_sitenote_category":0,"footnotes":""},"class_list":["post-57","page","type-page","status-publish","hentry"],"_links":{"self":[{"href":"https:\/\/pom.pt\/2020\/pt\/wp-json\/wp\/v2\/pages\/57","targetHints":{"allow":["GET"]}}],"collection":[{"href":"https:\/\/pom.pt\/2020\/pt\/wp-json\/wp\/v2\/pages"}],"about":[{"href":"https:\/\/pom.pt\/2020\/pt\/wp-json\/wp\/v2\/types\/page"}],"author":[{"embeddable":true,"href":"https:\/\/pom.pt\/2020\/pt\/wp-json\/wp\/v2\/users\/12"}],"replies":[{"embeddable":true,"href":"https:\/\/pom.pt\/2020\/pt\/wp-json\/wp\/v2\/comments?post=57"}],"version-history":[{"count":2,"href":"https:\/\/pom.pt\/2020\/pt\/wp-json\/wp\/v2\/pages\/57\/revisions"}],"predecessor-version":[{"id":61,"href":"https:\/\/pom.pt\/2020\/pt\/wp-json\/wp\/v2\/pages\/57\/revisions\/61"}],"wp:attachment":[{"href":"https:\/\/pom.pt\/2020\/pt\/wp-json\/wp\/v2\/media?parent=57"}],"curies":[{"name":"wp","href":"https:\/\/api.w.org\/{rel}","templated":true}]}}