{"id":5,"date":"2019-02-28T19:45:52","date_gmt":"2019-02-28T19:45:52","guid":{"rendered":"http:\/\/pom.pt\/base\/?page_id=5"},"modified":"2020-02-16T19:35:53","modified_gmt":"2020-02-16T19:35:53","slug":"programme","status":"publish","type":"page","link":"https:\/\/pom.pt\/2020\/pt\/programa\/","title":{"rendered":"Programa"},"content":{"rendered":"<p>&nbsp;<\/p>\n<p><strong>3 de Fevereiro:<\/strong><br \/>\nFinal do 1\u00ba prazo de inscri\u00e7\u00f5es com pre\u00e7os vantajosos<\/p>\n<p><span style=\"color: #ff0000;\"><strong>10 de Fevereiro:<\/strong><\/span><br \/>\n<span style=\"color: #ff0000;\">Termino das inscri\u00e7\u00f5es nos escal\u00f5es de competi\u00e7\u00e3o competi\u00e7\u00e3o e inscri\u00e7\u00f5es online.<\/span><br \/>\nPara os escal\u00f5es abertos as inscri\u00e7\u00f5es devem ser efetuadas via email para entries@pom.pt.<br \/>\nS\u00e3o aceites inscri\u00e7\u00f5es nos escal\u00f5es abertos at\u00e9 ao dia da prova mas sempre sujeito \u00e0 disponibilidade de mapa.<\/p>\n<p><strong>20 de Fevereiro:<\/strong><br \/>\n10h00 \u2013 16h00 \u2013 Evento de treino em Vila Nova de Santo Andr\u00e9<br \/>\n10h00 &#8211; Abertura do secretariado em Santiago do Cac\u00e9m (Pavilh\u00e3o Oeste do Audit\u00f3rio Municipal Ant\u00f3nio Cha\u00ednho)<br \/>\n19h00 &#8211; Encerramento do secretariado<\/p>\n<p><strong>21 de Fevereiro:<br \/>\n<\/strong>08h00 &#8211; 22h00 &#8211; Funcionamento do secretariado em Santiago do Cac\u00e9m<br \/>\n08h30 &#8211; Abertura dos <em>model events<\/em><br \/>\n<em>\u00a0 \u00a0 \u00a0 \u00a0 \u00a0 \u00a0 \u00a0 \u00a0Model event<\/em> \u2013 Relvas Verdes \u2013 5 Km de Santiago do Cac\u00e9m<\/p>\n<p><strong>22 de Fevereiro:<br \/>\n<\/strong>08h00 &#8211; Abertura do secretariado em Santiago do Cac\u00e9m<br \/>\n10H00 &#8211; Dist\u00e2ncia M\u00e9dia Urbana \/ EDP Distribui\u00e7\u00e3o em Santiago do Cac\u00e9m<br \/>\n10h15 \/ 12h00 &#8211; Partidas dos escal\u00f5es abertos e de forma\u00e7\u00e3o<br \/>\n19h00 \u2013 N\u00e3o pontu\u00e1vel para POM\u201920 &#8211; Sprint noturno em Vila Nova de Santo Andr\u00e9<\/p>\n<p><strong>23 de Fevereiro:<br \/>\n<\/strong>08h00 &#8211; Abertura do secretariado em Santo Andr\u00e9<br \/>\n09h00 &#8211; Dist\u00e2ncia Longa \/ Caixa Cr\u00e9dito Agr\u00edcola da Costa Azul \u2013 WRE em Santo Andr\u00e9 e Santa Cruz<br \/>\n09h15 \/ 11h00 &#8211; Partidas dos escal\u00f5es abertos e de forma\u00e7\u00e3o<br \/>\nEntrega de pr\u00e9mios WRE em Santo Andr\u00e9 (previs\u00e3o 15h00)<br \/>\n14h00 &#8211; Prova de PreO em Vila Nova de Santo Andr\u00e9<br \/>\n(o secretariado vai funcionar no local da competi\u00e7\u00e3o a partir das 13h00)<br \/>\n18h00 &#8211; Entrega de pr\u00e9mios da prova de PreO em Vila Nova de Santo Andr\u00e9<\/p>\n<p><strong>24 de Fevereiro:<br \/>\n<\/strong>08h00 &#8211; Abertura do secretariado em Paiol &#8211; Sines<br \/>\n09h30 &#8211; Dist\u00e2ncia m\u00e9dia<br \/>\n09h45 \/ 11h00 &#8211; Partidas dos escal\u00f5es abertos e de forma\u00e7\u00e3o<br \/>\n16h00 \u2013 N\u00e3o pontu\u00e1vel para POM\u201920 &#8211; Sprint urbano em Sines<br \/>\n19h00 &#8211; Entrega de pr\u00e9mios das provas de Sprint em Sines<\/p>\n<p><strong>25 de Fevereiro:<br \/>\n<\/strong>08h00 &#8211; Abertura do secretariado em Paiol &#8211; Sines<br \/>\n09h00 &#8211; Dist\u00e2ncia M\u00e9dia (+) \u2013 In\u00edcio do <em>Chasing Start<\/em> &#8211; WE<br \/>\n09h15 &#8211; Inicio das partidas dos restantes escal\u00f5es de competi\u00e7\u00e3o<br \/>\n09h15 \/ 10h30 &#8211; Partidas dos escal\u00f5es abertos e de forma\u00e7\u00e3o<br \/>\n10h00 &#8211; <em>Mass Start<\/em> para WE<br \/>\n10h30 &#8211; Dist\u00e2ncia M\u00e9dia (+) \u2013 In\u00edcio do Chasing Start \u2013 ME<br \/>\n11h30 &#8211; <em>Mass Start<\/em> para ME<br \/>\n13h30 &#8211; Entrega de pr\u00e9mios e encerramento do POM 2020 em Paiol &#8211; Sines<\/p>\n<p><strong>26 de Fevereiro:<br \/>\n<\/strong>10h00 \u2013 16h00 \u2013 Evento de treino em Relvas Verdes<\/p>","protected":false},"excerpt":{"rendered":"<p>&nbsp; 3 de Fevereiro: Final do 1\u00ba prazo de inscri\u00e7\u00f5es com pre\u00e7os vantajosos 10 de Fevereiro: Termino das inscri\u00e7\u00f5es nos escal\u00f5es de competi\u00e7\u00e3o competi\u00e7\u00e3o e inscri\u00e7\u00f5es online. Para os escal\u00f5es abertos as inscri\u00e7\u00f5es devem ser efetuadas via email para entries@pom.pt. S\u00e3o aceites inscri\u00e7\u00f5es nos escal\u00f5es abertos at\u00e9 ao dia da prova mas sempre sujeito \u00e0 disponibilidade de mapa. 20 de Fevereiro: 10h00 \u2013 16h00 \u2013 Evento de treino em Vila Nova de Santo Andr\u00e9 10h00 &#8211; Abertura do secretariado em Santiago do Cac\u00e9m (Pavilh\u00e3o Oeste do Audit\u00f3rio Municipal Ant\u00f3nio Cha\u00ednho) 19h00 &#8211; Encerramento do secretariado 21 de Fevereiro: 08h00 &#8211; 22h00 &#8211; Funcionamento do secretariado em Santiago do Cac\u00e9m 08h30 [&hellip;]<\/p>\n","protected":false},"author":1,"featured_media":0,"parent":0,"menu_order":0,"comment_status":"closed","ping_status":"closed","template":"","meta":{"_monsterinsights_skip_tracking":false,"_monsterinsights_sitenote_active":false,"_monsterinsights_sitenote_note":"","_monsterinsights_sitenote_category":0,"footnotes":""},"class_list":["post-5","page","type-page","status-publish","hentry"],"_links":{"self":[{"href":"https:\/\/pom.pt\/2020\/pt\/wp-json\/wp\/v2\/pages\/5","targetHints":{"allow":["GET"]}}],"collection":[{"href":"https:\/\/pom.pt\/2020\/pt\/wp-json\/wp\/v2\/pages"}],"about":[{"href":"https:\/\/pom.pt\/2020\/pt\/wp-json\/wp\/v2\/types\/page"}],"author":[{"embeddable":true,"href":"https:\/\/pom.pt\/2020\/pt\/wp-json\/wp\/v2\/users\/1"}],"replies":[{"embeddable":true,"href":"https:\/\/pom.pt\/2020\/pt\/wp-json\/wp\/v2\/comments?post=5"}],"version-history":[{"count":12,"href":"https:\/\/pom.pt\/2020\/pt\/wp-json\/wp\/v2\/pages\/5\/revisions"}],"predecessor-version":[{"id":377,"href":"https:\/\/pom.pt\/2020\/pt\/wp-json\/wp\/v2\/pages\/5\/revisions\/377"}],"wp:attachment":[{"href":"https:\/\/pom.pt\/2020\/pt\/wp-json\/wp\/v2\/media?parent=5"}],"curies":[{"name":"wp","href":"https:\/\/api.w.org\/{rel}","templated":true}]}}