{"id":46,"date":"2019-03-30T16:35:27","date_gmt":"2019-03-30T16:35:27","guid":{"rendered":"http:\/\/pom.pt\/2020\/?page_id=46"},"modified":"2019-03-30T18:54:30","modified_gmt":"2019-03-30T18:54:30","slug":"introduction","status":"publish","type":"page","link":"https:\/\/pom.pt\/2020\/pt\/apresentacao\/","title":{"rendered":"Apresenta\u00e7\u00e3o"},"content":{"rendered":"<p>O COALA (Clube de Orienta\u00e7\u00e3o e Aventura do Litoral Alentejano), em parceria com a ADFA (Associa\u00e7\u00e3o dos Deficientes das For\u00e7as Armadas) e outras associa\u00e7\u00f5es, vai organizar o Portugal \u201cO\u201d Meeting, a maior prova da orienta\u00e7\u00e3o em Portugal.<br \/>\nDesde a primeira hora que as entidades locais mostraram toda a disponibilidade para em conjunto com o COALA organizarmos um evento de qualidade e que satisfa\u00e7a todos os que nos ir\u00e3o visitar.<br \/>\nO Portugal \u201cO\u201d Meeting \u00e9 um evento de orienta\u00e7\u00e3o pedestre, integrado no Ranking da Federa\u00e7\u00e3o Internacional de Orienta\u00e7\u00e3o (IOF) e no Ranking da Ta\u00e7a de Portugal da Federa\u00e7\u00e3o Portuguesa de Orienta\u00e7\u00e3o &#8211; FPO. \u00c9 um evento aberto a pessoas de qualquer idade, podendo participar nos escal\u00f5es de competi\u00e7\u00e3o ou nos escal\u00f5es abertos, individualmente ou em grupo.<br \/>\nConvidamos todos amantes da Orienta\u00e7\u00e3o a participar neste evento, desejando desde j\u00e1 as boas vindas.<\/p>\n<p><strong><em>Nota importante:<\/em><\/strong><br \/>\n<em>Durante o POM\u201920 decorrer\u00e1 o Carnaval de Sines que \u00e9 uma das cidades portuguesas com maior tradi\u00e7\u00e3o carnavalesca. J\u00e1 reconhecido a n\u00edvel nacional nas primeiras d\u00e9cadas do s\u00e9culo XX, o Carnaval de Sines &#8211; o primeiro a ter corso noturno &#8211; mistura o esp\u00edrito sat\u00edrico e a criatividade dos portugueses com o brilho e a energia do Carnaval do Brasil para criar um espet\u00e1culo vibrante em que toda a cidade se envolve. Aproveita a tua presen\u00e7a e desfruta desta festa!<\/em><\/p>\n<div align=\"center\"><iframe loading=\"lazy\" src=\"\/\/www.youtube.com\/embed\/Z0nztShKM5A\" width=\"560\" height=\"314\" allowfullscreen=\"allowfullscreen\"><\/iframe><\/div>\n<div align=\"center\"><\/div>\n<h6 style=\"text-align: center;\"><img loading=\"lazy\" decoding=\"async\" class=\" wp-image-55 aligncenter\" src=\"http:\/\/pom.pt\/2020\/wp-content\/uploads\/sites\/7\/2019\/03\/Samoqueira_1_1280_720-1-1024x680.jpg\" alt=\"\" width=\"563\" height=\"374\" srcset=\"https:\/\/pom.pt\/2020\/wp-content\/uploads\/sites\/7\/2019\/03\/Samoqueira_1_1280_720-1-1024x680.jpg 1024w, https:\/\/pom.pt\/2020\/wp-content\/uploads\/sites\/7\/2019\/03\/Samoqueira_1_1280_720-1-300x199.jpg 300w, https:\/\/pom.pt\/2020\/wp-content\/uploads\/sites\/7\/2019\/03\/Samoqueira_1_1280_720-1-768x510.jpg 768w, https:\/\/pom.pt\/2020\/wp-content\/uploads\/sites\/7\/2019\/03\/Samoqueira_1_1280_720-1.jpg 1085w\" sizes=\"auto, (max-width: 563px) 100vw, 563px\" \/><br \/>\nFonte: www.sines.pt (Praia da Samoqueira)<\/h6>\n<p><\/p>","protected":false},"excerpt":{"rendered":"<p>O COALA (Clube de Orienta\u00e7\u00e3o e Aventura do Litoral Alentejano), em parceria com a ADFA (Associa\u00e7\u00e3o dos Deficientes das For\u00e7as Armadas) e outras associa\u00e7\u00f5es, vai organizar o Portugal \u201cO\u201d Meeting, a maior prova da orienta\u00e7\u00e3o em Portugal. Desde a primeira hora que as entidades locais mostraram toda a disponibilidade para em conjunto com o COALA organizarmos um evento de qualidade e que satisfa\u00e7a todos os que nos ir\u00e3o visitar. O Portugal \u201cO\u201d Meeting \u00e9 um evento de orienta\u00e7\u00e3o pedestre, integrado no Ranking da Federa\u00e7\u00e3o Internacional de Orienta\u00e7\u00e3o (IOF) e no Ranking da Ta\u00e7a de Portugal da Federa\u00e7\u00e3o Portuguesa de Orienta\u00e7\u00e3o &#8211; FPO. \u00c9 um evento aberto a pessoas de qualquer [&hellip;]<\/p>\n","protected":false},"author":12,"featured_media":0,"parent":0,"menu_order":0,"comment_status":"closed","ping_status":"closed","template":"","meta":{"_monsterinsights_skip_tracking":false,"_monsterinsights_sitenote_active":false,"_monsterinsights_sitenote_note":"","_monsterinsights_sitenote_category":0,"footnotes":""},"class_list":["post-46","page","type-page","status-publish","hentry"],"_links":{"self":[{"href":"https:\/\/pom.pt\/2020\/pt\/wp-json\/wp\/v2\/pages\/46","targetHints":{"allow":["GET"]}}],"collection":[{"href":"https:\/\/pom.pt\/2020\/pt\/wp-json\/wp\/v2\/pages"}],"about":[{"href":"https:\/\/pom.pt\/2020\/pt\/wp-json\/wp\/v2\/types\/page"}],"author":[{"embeddable":true,"href":"https:\/\/pom.pt\/2020\/pt\/wp-json\/wp\/v2\/users\/12"}],"replies":[{"embeddable":true,"href":"https:\/\/pom.pt\/2020\/pt\/wp-json\/wp\/v2\/comments?post=46"}],"version-history":[{"count":6,"href":"https:\/\/pom.pt\/2020\/pt\/wp-json\/wp\/v2\/pages\/46\/revisions"}],"predecessor-version":[{"id":75,"href":"https:\/\/pom.pt\/2020\/pt\/wp-json\/wp\/v2\/pages\/46\/revisions\/75"}],"wp:attachment":[{"href":"https:\/\/pom.pt\/2020\/pt\/wp-json\/wp\/v2\/media?parent=46"}],"curies":[{"name":"wp","href":"https:\/\/api.w.org\/{rel}","templated":true}]}}