{"id":201,"date":"2020-01-11T21:36:28","date_gmt":"2020-01-11T21:36:28","guid":{"rendered":"http:\/\/pom.pt\/2020\/?page_id=201"},"modified":"2020-02-20T22:23:38","modified_gmt":"2020-02-20T22:23:38","slug":"day-2-preo","status":"publish","type":"page","link":"https:\/\/pom.pt\/2020\/pt\/day-2-preo-2\/","title":{"rendered":"Dia 2 \u2013 PreO"},"content":{"rendered":"<p><strong>Mapa:<\/strong> Vila Nova de Santo Andr\u00e9 &#8211; Parque<\/p>\n<p><strong>Terreno:<\/strong> Mapa cartografa zonas urbanas, jardins e parques.<br \/>\nZona com pouco desn\u00edvel e percurso maioritariamente por caminhos pedonais e ciclovias, a superf\u00edcie dos<br \/>\ncaminhos \u00e9 de f\u00e1cil progress\u00e3o para as cadeiras de rodas (95% do piso alcatroado ou cimentado).<br \/>\nA \u00e1rea vai propor e proporcionar diferentes desafios de interpreta\u00e7\u00e3o do relevo, vegeta\u00e7\u00e3o e elementos<br \/>\nconstru\u00eddos, n\u00e3o sendo, na generalidade, necess\u00e1rio recorrer a alinhamentos para resolu\u00e7\u00e3o dos<br \/>\nproblemas apresentados no percurso.<\/p>\n<p><strong>Cart\u00f3grafo:<\/strong> Alexandre Reis<\/p>\n<p><strong>Tra\u00e7ador de percursos:<\/strong> Jorge Baltazar<\/p>\n<p><strong>Escala do mapa:<\/strong>\u00a01:4.000<\/p>\n<p><strong>Equidist\u00e2ncia:<\/strong>\u00a02,5m<\/p>\n<p><strong>Estacionamento:<\/strong> Bairro do Liceu, em frente \u00e0 Escola Secund\u00e1ria Padre Ant\u00f3nio Macedo<\/p>\n<p><strong>Quarentena:<\/strong> Funciona nas instala\u00e7\u00f5es do Centro de Forma\u00e7\u00e3o Alda Guerreiro (38.060743, -8.780823) e<br \/>\nencerra \u00e0s 14h30<\/p>\n<p><strong>Informa\u00e7\u00e3o adicional:<\/strong><\/p>\n<p>&#8211; As incri\u00e7\u00f5es no PreO est\u00e3o limitadas \u00e0s primeiras 120.<br \/>\n&#8211; O Parque Central de Vila Nova de Santo Andr\u00e9 e as \u00e1reas adjacentes est\u00e3o interditas aos participantes na<br \/>\nprova de Pre-O, entre as 9h00 do dia 23 de fevereiro e o in\u00edcio do respetivo percurso, sendo obrigat\u00f3ria<br \/>\na desloca\u00e7\u00e3o para a zona de estacionamento pelos percursos indicados:<br \/>\n&#8211; Para quem se desloca do evento Pedestre &#8211; 2\u00aa Etapa &#8211; Santiago do Cac\u00e9m e A23\/IP8 &#8211; <a href=\"https:\/\/goo.gl\/maps\/PA94UfdeuRZjt5fQ9\" target=\"_blank\" rel=\"noopener noreferrer\">Trajeto no Google Maps<\/a><br \/>\n&#8211; Para quem se desloca de Sines &#8211; <a href=\"https:\/\/goo.gl\/maps\/sbgxLztkWsg7gnon7\" target=\"_blank\" rel=\"noopener noreferrer\">Trajeto no Google Maps<\/a><br \/>\n&#8211; Para quem se desloca de Melides\/Lagoa Sto. Andr\u00e9 &#8211; <a href=\"https:\/\/goo.gl\/maps\/defwLWXMSekuja8B7\" target=\"_blank\" rel=\"noopener noreferrer\">Trajeto no Google Maps<\/a><br \/>\n&#8211; Tamb\u00e9m, por quest\u00f5es de Fair-Play n\u00e3o \u00e9 permitido utilizar o mapa j\u00e1 existente para reconhecimentos,<br \/>\nsendo apenas permitida a participa\u00e7\u00e3o na prova de Sprint do dia 22, em ritmo competitivo. Os atletas<br \/>\nque n\u00e3o cumpram esta regra ser\u00e3o impedidos de participar na prova, na competi\u00e7\u00e3o (podem realizar o<br \/>\npercurso extra-competi\u00e7\u00e3o).<br \/>\n&#8211; Dist\u00e2ncia do Estacionamento \u00e0s Partidas \u2013 70 a 150 mts<br \/>\n\u2013 Etapa a contar para a Ta\u00e7a de Portugal de Orienta\u00e7\u00e3o de Precis\u00e3o 2020.<br \/>\n\u2013 Prova de PreO, disputada nas classes Aberta e Paral\u00edmpica<br \/>\n\u2013 Secretariado do Evento nas instala\u00e7\u00f5es do Centro de Forma\u00e7\u00e3o Alda Guerreiro (38.060743, -8.780823)<br \/>\n\u2013 Checkin, entrega dos Cart\u00f5es e SI\u00b4 das 13H30 \u00e0s 13H45 (Partidas do PreO)<br \/>\n\u2013 Primeira Partida: 14h00<br \/>\n\u2013 Partidas de 2 em 2 minutos ( intervalados grupo A e Grupo B)<br \/>\n&#8211; Nota: As estradas onde se realiza a prova n\u00e3o estar\u00e3o cortadas ao tr\u00e2nsito, devendo passar as estradas pelas passadeiras indicadas, n\u00e3o sendo permitido atravessar a \u00e1rea de competi\u00e7\u00e3o.<br \/>\n&#8211; Os atletas devem fazer-se acompanhar do Si Card que ser\u00e1 usado para registo do tempo de prova<\/p>\n<p><strong>Regras e Regulamentos:<\/strong><br \/>\n&#8211; A prova rege-se pelas regras definidas pelas regras de Competi\u00e7\u00e3o da IOF para Trail-O 2020 e nas do Regulamento de Competi\u00e7\u00f5es da FPO 2020.<br \/>\n&#8211; Nota: Nos Pontos Cronometrados, \u00e9 obrigat\u00f3rio dar as respostas segundo o Alfabeto Fon\u00e9tico Internacional (Alpha, Bravo, Charlie, Delta, Echo, Foxtrot)<br \/>\n&#8211; O prazo para a apresenta\u00e7\u00e3o de reclama\u00e7\u00f5es \u00e9 de 15 minutos ap\u00f3s a publica\u00e7\u00e3o dos resultados.<br \/>\nAcompanhantes:<br \/>\n\u2013 Todos os atletas Paral\u00edmpicos poder-se-\u00e3o fazer acompanhar por um elemento na ajuda \u00e0 progress\u00e3o, cumprindo as regras de fair play, n\u00e3o comunicando com o atleta.<\/p>\n<p><strong>Informa\u00e7\u00e3o T\u00e9cnica Percurso:<\/strong><br \/>\n&#8211; Percurso Formal de n\u00edvel Elite, ou seja, em todos os controlos, h\u00e1 possibilidade de resposta Zero<br \/>\n&#8211; A prova foi pensada para ser maioritariamente resolvida atrav\u00e9s do recurso a uma boa leitura de mapa, interpreta\u00e7\u00e3o do terreno e \u00e0 correta identifica\u00e7\u00e3o dos elementos.<br \/>\n&#8211; A dist\u00e2ncia de toler\u00e2ncia para uma baliza ser considerada uma resposta Zero \u00e9 de 3 metros. Isso significa que o atleta s\u00f3 deve responder Zero se a baliza no terreno estiver a mais de 3 metros do local que julga ser o correto.<\/p>\n<h2><strong>Informa\u00e7\u00f5es t\u00e9cnicas finais<\/strong><\/h2>\n\n<table id=\"tablepress-11\" class=\"tablepress tablepress-id-11\">\n<thead>\n<tr class=\"row-1\">\n\t<th class=\"column-1\">Classe\/Class<\/th><th class=\"column-2\">Dist. (m)<\/th><th class=\"column-3\">Desn\u00edvcel \/ Climb (m)<\/th><th class=\"column-4\">Controls<\/th><th class=\"column-5\">Tempo \/ Time (min)<\/th><th class=\"column-6\">Pto. Crono \/ Timed Control<\/th>\n<\/tr>\n<\/thead>\n<tbody class=\"row-striping row-hover\">\n<tr class=\"row-2\">\n\t<td class=\"column-1\">OPEN<\/td><td class=\"column-2\">1580<\/td><td class=\"column-3\">15<\/td><td class=\"column-4\">20<\/td><td class=\"column-5\">105<\/td><td class=\"column-6\">1 (3 desafios \/ challenges<\/td>\n<\/tr>\n<tr class=\"row-3\">\n\t<td class=\"column-1\">PARA<\/td><td class=\"column-2\">1580<\/td><td class=\"column-3\">15<\/td><td class=\"column-4\">20<\/td><td class=\"column-5\">110<\/td><td class=\"column-6\">1 (3 desafios \/ challenges<\/td>\n<\/tr>\n<\/tbody>\n<\/table>\n<!-- #tablepress-11 from cache -->\n<p><strong>Informa\u00e7\u00e3o Ponto Cronometrado:<\/strong><br \/>\n&#8211; 1 Esta\u00e7\u00e3o com Pontos Cronometrados com 6 balizas no terreno e 3 desafios, realizados antes do Percurso Formal sem respostas Zero.<br \/>\n&#8211; Tempo permitido no ponto cronometrado \u2013 1 minuto e 30 segundos<br \/>\n&#8211; Devido ao elevado n\u00famero de inscritos existir\u00e3o duas esta\u00e7\u00f5es cronometradas (A e B), que t\u00eam localiza\u00e7\u00e3o id\u00eantica e usam os mesmas balizas.<\/p>\n<p><a href=\"http:\/\/pom.pt\/2020\/?p=392\">Informa\u00e7\u00e3o adicional sobre o PreO nesta not\u00edcia.<\/a><\/p>\n<h2><strong>Excertos do mapa<\/strong><\/h2>\n<p><img loading=\"lazy\" decoding=\"async\" class=\"aligncenter size-thumbnail wp-image-226\" src=\"http:\/\/pom.pt\/2020\/wp-content\/uploads\/sites\/7\/2020\/01\/D1NS2-150x150.png\" alt=\"\" width=\"150\" height=\"150\" srcset=\"https:\/\/pom.pt\/2020\/wp-content\/uploads\/sites\/7\/2020\/01\/D1NS2-150x150.png 150w, https:\/\/pom.pt\/2020\/wp-content\/uploads\/sites\/7\/2020\/01\/D1NS2-300x300.png 300w, https:\/\/pom.pt\/2020\/wp-content\/uploads\/sites\/7\/2020\/01\/D1NS2.png 400w\" sizes=\"auto, (max-width: 150px) 100vw, 150px\" \/><\/p>\n<p>&nbsp;<\/p>","protected":false},"excerpt":{"rendered":"<p>Mapa: Vila Nova de Santo Andr\u00e9 &#8211; Parque Terreno: Mapa cartografa zonas urbanas, jardins e parques. Zona com pouco desn\u00edvel e percurso maioritariamente por caminhos pedonais e ciclovias, a superf\u00edcie dos caminhos \u00e9 de f\u00e1cil progress\u00e3o para as cadeiras de rodas (95% do piso alcatroado ou cimentado). A \u00e1rea vai propor e proporcionar diferentes desafios de interpreta\u00e7\u00e3o do relevo, vegeta\u00e7\u00e3o e elementos constru\u00eddos, n\u00e3o sendo, na generalidade, necess\u00e1rio recorrer a alinhamentos para resolu\u00e7\u00e3o dos problemas apresentados no percurso. Cart\u00f3grafo: Alexandre Reis Tra\u00e7ador de percursos: Jorge Baltazar Escala do mapa:\u00a01:4.000 Equidist\u00e2ncia:\u00a02,5m Estacionamento: Bairro do Liceu, em frente \u00e0 Escola Secund\u00e1ria Padre Ant\u00f3nio Macedo Quarentena: Funciona nas instala\u00e7\u00f5es do Centro de Forma\u00e7\u00e3o [&hellip;]<\/p>\n","protected":false},"author":12,"featured_media":0,"parent":0,"menu_order":0,"comment_status":"closed","ping_status":"closed","template":"","meta":{"_monsterinsights_skip_tracking":false,"_monsterinsights_sitenote_active":false,"_monsterinsights_sitenote_note":"","_monsterinsights_sitenote_category":0,"footnotes":""},"class_list":["post-201","page","type-page","status-publish","hentry"],"_links":{"self":[{"href":"https:\/\/pom.pt\/2020\/pt\/wp-json\/wp\/v2\/pages\/201","targetHints":{"allow":["GET"]}}],"collection":[{"href":"https:\/\/pom.pt\/2020\/pt\/wp-json\/wp\/v2\/pages"}],"about":[{"href":"https:\/\/pom.pt\/2020\/pt\/wp-json\/wp\/v2\/types\/page"}],"author":[{"embeddable":true,"href":"https:\/\/pom.pt\/2020\/pt\/wp-json\/wp\/v2\/users\/12"}],"replies":[{"embeddable":true,"href":"https:\/\/pom.pt\/2020\/pt\/wp-json\/wp\/v2\/comments?post=201"}],"version-history":[{"count":8,"href":"https:\/\/pom.pt\/2020\/pt\/wp-json\/wp\/v2\/pages\/201\/revisions"}],"predecessor-version":[{"id":394,"href":"https:\/\/pom.pt\/2020\/pt\/wp-json\/wp\/v2\/pages\/201\/revisions\/394"}],"wp:attachment":[{"href":"https:\/\/pom.pt\/2020\/pt\/wp-json\/wp\/v2\/media?parent=201"}],"curies":[{"name":"wp","href":"https:\/\/api.w.org\/{rel}","templated":true}]}}