{"id":198,"date":"2020-01-11T21:35:10","date_gmt":"2020-01-11T21:35:10","guid":{"rendered":"http:\/\/pom.pt\/2020\/?page_id=198"},"modified":"2020-02-16T19:40:27","modified_gmt":"2020-02-16T19:40:27","slug":"day-2-long-distance-wre","status":"publish","type":"page","link":"https:\/\/pom.pt\/2020\/pt\/day-2-long-distance-wre-2\/","title":{"rendered":"Dia 2 \u2013 Dist\u00e2ncia Longa \/ Cr\u00e9dito Agr\u00edcola da Costa Azul &#8211; WRE"},"content":{"rendered":"<p><strong>Mapa:<\/strong> Santo Andr\u00e9 &amp; Santa Cruz<\/p>\n<p><strong>Terreno:<\/strong> Montado alentejano de reduzido desn\u00edvel, com \u00e1reas de sobreiro, zonas de sementeiras, atravessado por 2 linhas de \u00e1gua.<br \/>\nMaioritariamente com pouca vegeta\u00e7\u00e3o rasteira, pelo que \u00e9 de boa e r\u00e1pida progress\u00e3o em corrida.<br \/>\nApresenta, na parte norte, mais vegeta\u00e7\u00e3o rasteira e reduzir o ritmo de progress\u00e3o.<br \/>\nNo geral h\u00e1 boa visibilidade, ainda que em alguns locais esta seja ligeiramente mais reduzida.<br \/>\nSem detalhes rochosos, o desafio passar\u00e1 muito pela velocidade de progress\u00e3o e na leitura do relevo e sua interpreta\u00e7\u00e3o.<\/p>\n<p><strong>Cart\u00f3grafo:<\/strong> Alexandre Reis<\/p>\n<p><strong>Tra\u00e7ador de percursos:<\/strong> Alexandre Reis<\/p>\n<p><strong>Escala do mapa:<\/strong> 1:7.500 \/ 1:10.000 \/ 1:15.000<\/p>\n<p><strong>Equidist\u00e2ncia:<\/strong> 5m<\/p>\n<p><strong>Estacionamento:<\/strong> \u00c1rea adjacente ao pavilh\u00e3o onde funcionar\u00e1 o Centro do Evento<\/p>\n<p><strong>Informa\u00e7\u00e3o adicional:<\/strong><\/p>\n<p>&#8211; Importante que se respeite as instru\u00e7\u00f5es dos elementos do Staff que estar\u00e3o a ordenar o estacionamento<br \/>\n&#8211; Dist\u00e2ncia do Estacionamento \u00e0 Arena \u2013 50 a 200 mts<br \/>\n&#8211; Dist\u00e2ncia da Arena \u00e0s Partidas \u2013 800 mts<br \/>\n&#8211; Dist\u00e2ncia das Chegadas \u00e0 Arena &#8211; 300 mts<br \/>\n&#8211; O SPORTident Air+ estar\u00e1 ativo.<\/p>\n<p><strong>Esquema da Arena:<br \/>\n<\/strong><a href=\"http:\/\/pom.pt\/2020\/wp-content\/uploads\/sites\/7\/2020\/02\/ArenaDay2.pdf\" target=\"_blank\" rel=\"noopener noreferrer\">Arena Dia 2<\/a><\/p>\n<h2><strong>Informa\u00e7\u00f5es t\u00e9cnicas finais<\/strong><\/h2>\n\n<table id=\"tablepress-6\" class=\"tablepress tablepress-id-6\">\n<thead>\n<tr class=\"row-1\">\n\t<th class=\"column-1\">Escal\u00e3o\/Class<\/th><th class=\"column-2\">Dist. (mts)<\/th><th class=\"column-3\">Desn\u00edvel\/Clim (mts)<\/th><th class=\"column-4\">Pontos\/Controls<\/th><th class=\"column-5\">Escala Mapa\/Map Scale<\/th><th class=\"column-6\">Loops<\/th><th class=\"column-7\">Pto. Espec.\/ Spec. Control<\/th>\n<\/tr>\n<\/thead>\n<tbody class=\"row-striping row-hover\">\n<tr class=\"row-2\">\n\t<td class=\"column-1\">M10<\/td><td class=\"column-2\">3 050<\/td><td class=\"column-3\">35<\/td><td class=\"column-4\">14<\/td><td class=\"column-5\">1:7.500<\/td><td class=\"column-6\"><\/td><td class=\"column-7\"><\/td>\n<\/tr>\n<tr class=\"row-3\">\n\t<td class=\"column-1\">M12<\/td><td class=\"column-2\">3 960<\/td><td class=\"column-3\">40<\/td><td class=\"column-4\">16<\/td><td class=\"column-5\">1:7.500<\/td><td class=\"column-6\"><\/td><td class=\"column-7\"><\/td>\n<\/tr>\n<tr class=\"row-4\">\n\t<td class=\"column-1\">M14<\/td><td class=\"column-2\">4 860<\/td><td class=\"column-3\">80<\/td><td class=\"column-4\">15<\/td><td class=\"column-5\">1:10.000<\/td><td class=\"column-6\"><\/td><td class=\"column-7\"><\/td>\n<\/tr>\n<tr class=\"row-5\">\n\t<td class=\"column-1\">M16<\/td><td class=\"column-2\">8 430<\/td><td class=\"column-3\">185<\/td><td class=\"column-4\">20<\/td><td class=\"column-5\">1:10.000<\/td><td class=\"column-6\"><\/td><td class=\"column-7\"><\/td>\n<\/tr>\n<tr class=\"row-6\">\n\t<td class=\"column-1\">M18<\/td><td class=\"column-2\">10 470<\/td><td class=\"column-3\">230<\/td><td class=\"column-4\">23<\/td><td class=\"column-5\">1:15.000<\/td><td class=\"column-6\"><\/td><td class=\"column-7\"><\/td>\n<\/tr>\n<tr class=\"row-7\">\n\t<td class=\"column-1\">M20<\/td><td class=\"column-2\">12 640<\/td><td class=\"column-3\">285<\/td><td class=\"column-4\">22<\/td><td class=\"column-5\">1:15.000<\/td><td class=\"column-6\">Sim\/Yes<\/td><td class=\"column-7\"><\/td>\n<\/tr>\n<tr class=\"row-8\">\n\t<td class=\"column-1\">M21A<\/td><td class=\"column-2\">10 220<\/td><td class=\"column-3\">220<\/td><td class=\"column-4\">20<\/td><td class=\"column-5\">1:15.000<\/td><td class=\"column-6\"><\/td><td class=\"column-7\"><\/td>\n<\/tr>\n<tr class=\"row-9\">\n\t<td class=\"column-1\">M21B<\/td><td class=\"column-2\">7 110<\/td><td class=\"column-3\">185<\/td><td class=\"column-4\">18<\/td><td class=\"column-5\">1:10.000<\/td><td class=\"column-6\"><\/td><td class=\"column-7\"><\/td>\n<\/tr>\n<tr class=\"row-10\">\n\t<td class=\"column-1\">M21E<\/td><td class=\"column-2\">18 530<\/td><td class=\"column-3\">395<\/td><td class=\"column-4\">30<\/td><td class=\"column-5\">1:15.000<\/td><td class=\"column-6\">Sim\/Yes<\/td><td class=\"column-7\">Sim\/Yes<\/td>\n<\/tr>\n<tr class=\"row-11\">\n\t<td class=\"column-1\">M21SE<\/td><td class=\"column-2\">18 430<\/td><td class=\"column-3\">395<\/td><td class=\"column-4\">30<\/td><td class=\"column-5\">1:15.000<\/td><td class=\"column-6\">Sim\/Yes<\/td><td class=\"column-7\">Sim\/Yes<\/td>\n<\/tr>\n<tr class=\"row-12\">\n\t<td class=\"column-1\">M35<\/td><td class=\"column-2\">11 790<\/td><td class=\"column-3\">230<\/td><td class=\"column-4\">23<\/td><td class=\"column-5\">1:15.000<\/td><td class=\"column-6\"><\/td><td class=\"column-7\"><\/td>\n<\/tr>\n<tr class=\"row-13\">\n\t<td class=\"column-1\">M40<\/td><td class=\"column-2\">11 450<\/td><td class=\"column-3\">225<\/td><td class=\"column-4\">18<\/td><td class=\"column-5\">1:15.000<\/td><td class=\"column-6\"><\/td><td class=\"column-7\"><\/td>\n<\/tr>\n<tr class=\"row-14\">\n\t<td class=\"column-1\">M45<\/td><td class=\"column-2\">10 610<\/td><td class=\"column-3\">225<\/td><td class=\"column-4\">21<\/td><td class=\"column-5\">1:10.000<\/td><td class=\"column-6\"><\/td><td class=\"column-7\"><\/td>\n<\/tr>\n<tr class=\"row-15\">\n\t<td class=\"column-1\">M50<\/td><td class=\"column-2\">9 770<\/td><td class=\"column-3\">215<\/td><td class=\"column-4\">19<\/td><td class=\"column-5\">1:10.000<\/td><td class=\"column-6\"><\/td><td class=\"column-7\"><\/td>\n<\/tr>\n<tr class=\"row-16\">\n\t<td class=\"column-1\">M55<\/td><td class=\"column-2\">8 780<\/td><td class=\"column-3\">205<\/td><td class=\"column-4\">12<\/td><td class=\"column-5\">1:10.000<\/td><td class=\"column-6\"><\/td><td class=\"column-7\"><\/td>\n<\/tr>\n<tr class=\"row-17\">\n\t<td class=\"column-1\">M60<\/td><td class=\"column-2\">7 810<\/td><td class=\"column-3\">190<\/td><td class=\"column-4\">21<\/td><td class=\"column-5\">1:10.000<\/td><td class=\"column-6\"><\/td><td class=\"column-7\"><\/td>\n<\/tr>\n<tr class=\"row-18\">\n\t<td class=\"column-1\">M65<\/td><td class=\"column-2\">7 360<\/td><td class=\"column-3\">175<\/td><td class=\"column-4\">16<\/td><td class=\"column-5\">1:7.500<\/td><td class=\"column-6\"><\/td><td class=\"column-7\"><\/td>\n<\/tr>\n<tr class=\"row-19\">\n\t<td class=\"column-1\">M70<\/td><td class=\"column-2\">5 960<\/td><td class=\"column-3\">135<\/td><td class=\"column-4\">19<\/td><td class=\"column-5\">1:7.500<\/td><td class=\"column-6\"><\/td><td class=\"column-7\"><\/td>\n<\/tr>\n<tr class=\"row-20\">\n\t<td class=\"column-1\">M75<\/td><td class=\"column-2\">4 270<\/td><td class=\"column-3\">95<\/td><td class=\"column-4\">15<\/td><td class=\"column-5\">1:7.500<\/td><td class=\"column-6\"><\/td><td class=\"column-7\"><\/td>\n<\/tr>\n<tr class=\"row-21\">\n\t<td class=\"column-1\">M80<\/td><td class=\"column-2\">4 330<\/td><td class=\"column-3\">100<\/td><td class=\"column-4\">14<\/td><td class=\"column-5\">1:7.500<\/td><td class=\"column-6\"><\/td><td class=\"column-7\"><\/td>\n<\/tr>\n<tr class=\"row-22\">\n\t<td class=\"column-1\">M85<\/td><td class=\"column-2\">3 730<\/td><td class=\"column-3\">90<\/td><td class=\"column-4\">11<\/td><td class=\"column-5\">1:7.500<\/td><td class=\"column-6\"><\/td><td class=\"column-7\"><\/td>\n<\/tr>\n<tr class=\"row-23\">\n\t<td class=\"column-1\">W10<\/td><td class=\"column-2\">3 050<\/td><td class=\"column-3\">35<\/td><td class=\"column-4\">14<\/td><td class=\"column-5\">1:7.500<\/td><td class=\"column-6\"><\/td><td class=\"column-7\"><\/td>\n<\/tr>\n<tr class=\"row-24\">\n\t<td class=\"column-1\">W12<\/td><td class=\"column-2\">3 960<\/td><td class=\"column-3\">40<\/td><td class=\"column-4\">16<\/td><td class=\"column-5\">1:7.500<\/td><td class=\"column-6\"><\/td><td class=\"column-7\"><\/td>\n<\/tr>\n<tr class=\"row-25\">\n\t<td class=\"column-1\">W14<\/td><td class=\"column-2\">4 590<\/td><td class=\"column-3\">75<\/td><td class=\"column-4\">16<\/td><td class=\"column-5\">1:10.000<\/td><td class=\"column-6\"><\/td><td class=\"column-7\"><\/td>\n<\/tr>\n<tr class=\"row-26\">\n\t<td class=\"column-1\">W16<\/td><td class=\"column-2\">6 470<\/td><td class=\"column-3\">150<\/td><td class=\"column-4\">18<\/td><td class=\"column-5\">1:10.000<\/td><td class=\"column-6\"><\/td><td class=\"column-7\"><\/td>\n<\/tr>\n<tr class=\"row-27\">\n\t<td class=\"column-1\">W18<\/td><td class=\"column-2\">7 970<\/td><td class=\"column-3\">180<\/td><td class=\"column-4\">18<\/td><td class=\"column-5\">1:15.000<\/td><td class=\"column-6\"><\/td><td class=\"column-7\"><\/td>\n<\/tr>\n<tr class=\"row-28\">\n\t<td class=\"column-1\">W20<\/td><td class=\"column-2\">8 610<\/td><td class=\"column-3\">190<\/td><td class=\"column-4\">21<\/td><td class=\"column-5\">1:15.000<\/td><td class=\"column-6\"><\/td><td class=\"column-7\"><\/td>\n<\/tr>\n<tr class=\"row-29\">\n\t<td class=\"column-1\">W21A<\/td><td class=\"column-2\">7 790<\/td><td class=\"column-3\">175<\/td><td class=\"column-4\">18<\/td><td class=\"column-5\">1:15.000<\/td><td class=\"column-6\"><\/td><td class=\"column-7\"><\/td>\n<\/tr>\n<tr class=\"row-30\">\n\t<td class=\"column-1\">W21B<\/td><td class=\"column-2\">5 110<\/td><td class=\"column-3\">120<\/td><td class=\"column-4\">13<\/td><td class=\"column-5\">1:10.000<\/td><td class=\"column-6\"><\/td><td class=\"column-7\"><\/td>\n<\/tr>\n<tr class=\"row-31\">\n\t<td class=\"column-1\">W21E<\/td><td class=\"column-2\">13 410<\/td><td class=\"column-3\">285<\/td><td class=\"column-4\">30<\/td><td class=\"column-5\">1:15.000<\/td><td class=\"column-6\">Sim\/Yes<\/td><td class=\"column-7\">Sim\/Yes<\/td>\n<\/tr>\n<tr class=\"row-32\">\n\t<td class=\"column-1\">W35<\/td><td class=\"column-2\">7 420<\/td><td class=\"column-3\">170<\/td><td class=\"column-4\">18<\/td><td class=\"column-5\">1:15.000<\/td><td class=\"column-6\"><\/td><td class=\"column-7\"><\/td>\n<\/tr>\n<tr class=\"row-33\">\n\t<td class=\"column-1\">W40<\/td><td class=\"column-2\">7 420<\/td><td class=\"column-3\">170<\/td><td class=\"column-4\">18<\/td><td class=\"column-5\">1:15.000<\/td><td class=\"column-6\"><\/td><td class=\"column-7\"><\/td>\n<\/tr>\n<tr class=\"row-34\">\n\t<td class=\"column-1\">W45<\/td><td class=\"column-2\">7 220<\/td><td class=\"column-3\">180<\/td><td class=\"column-4\">17<\/td><td class=\"column-5\">1:10.000<\/td><td class=\"column-6\"><\/td><td class=\"column-7\"><\/td>\n<\/tr>\n<tr class=\"row-35\">\n\t<td class=\"column-1\">W50<\/td><td class=\"column-2\">6 920<\/td><td class=\"column-3\">175<\/td><td class=\"column-4\">16<\/td><td class=\"column-5\">1:10.000<\/td><td class=\"column-6\"><\/td><td class=\"column-7\"><\/td>\n<\/tr>\n<tr class=\"row-36\">\n\t<td class=\"column-1\">W55<\/td><td class=\"column-2\">6 890<\/td><td class=\"column-3\">165<\/td><td class=\"column-4\">16<\/td><td class=\"column-5\">1:10.000<\/td><td class=\"column-6\"><\/td><td class=\"column-7\"><\/td>\n<\/tr>\n<tr class=\"row-37\">\n\t<td class=\"column-1\">W60<\/td><td class=\"column-2\">5 100<\/td><td class=\"column-3\">150<\/td><td class=\"column-4\">12<\/td><td class=\"column-5\">1:10.000<\/td><td class=\"column-6\"><\/td><td class=\"column-7\"><\/td>\n<\/tr>\n<tr class=\"row-38\">\n\t<td class=\"column-1\">W65<\/td><td class=\"column-2\">4 740<\/td><td class=\"column-3\">140<\/td><td class=\"column-4\">12<\/td><td class=\"column-5\">1:7.500<\/td><td class=\"column-6\"><\/td><td class=\"column-7\"><\/td>\n<\/tr>\n<tr class=\"row-39\">\n\t<td class=\"column-1\">W70<\/td><td class=\"column-2\">4 330<\/td><td class=\"column-3\">100<\/td><td class=\"column-4\">14<\/td><td class=\"column-5\">1:7.500<\/td><td class=\"column-6\"><\/td><td class=\"column-7\"><\/td>\n<\/tr>\n<tr class=\"row-40\">\n\t<td class=\"column-1\">W75<\/td><td class=\"column-2\">3 730<\/td><td class=\"column-3\">90<\/td><td class=\"column-4\">11<\/td><td class=\"column-5\">1:7.500<\/td><td class=\"column-6\"><\/td><td class=\"column-7\"><\/td>\n<\/tr>\n<tr class=\"row-41\">\n\t<td class=\"column-1\">W80<\/td><td class=\"column-2\">3 230<\/td><td class=\"column-3\">50<\/td><td class=\"column-4\">10<\/td><td class=\"column-5\">1:7.500<\/td><td class=\"column-6\"><\/td><td class=\"column-7\"><\/td>\n<\/tr>\n<tr class=\"row-42\">\n\t<td class=\"column-1\">W85<\/td><td class=\"column-2\">3 230<\/td><td class=\"column-3\">50<\/td><td class=\"column-4\">10<\/td><td class=\"column-5\">1:7.500<\/td><td class=\"column-6\"><\/td><td class=\"column-7\"><\/td>\n<\/tr>\n<tr class=\"row-43\">\n\t<td class=\"column-1\">F\u00e1cil Curto \/ Easy Short<\/td><td class=\"column-2\">3 170<\/td><td class=\"column-3\">30<\/td><td class=\"column-4\">13<\/td><td class=\"column-5\">1:7.500<\/td><td class=\"column-6\"><\/td><td class=\"column-7\"><\/td>\n<\/tr>\n<tr class=\"row-44\">\n\t<td class=\"column-1\">Dif\u00edcil Curto \/ Difficult Short<\/td><td class=\"column-2\">4 170<\/td><td class=\"column-3\">85<\/td><td class=\"column-4\">15<\/td><td class=\"column-5\">1:10.000<\/td><td class=\"column-6\"><\/td><td class=\"column-7\"><\/td>\n<\/tr>\n<tr class=\"row-45\">\n\t<td class=\"column-1\">F\u00e1cil Longo \/ Easy Long<\/td><td class=\"column-2\">5 660<\/td><td class=\"column-3\">95<\/td><td class=\"column-4\">20<\/td><td class=\"column-5\">1:10.000<\/td><td class=\"column-6\"><\/td><td class=\"column-7\"><\/td>\n<\/tr>\n<tr class=\"row-46\">\n\t<td class=\"column-1\">Dif\u00edcil Longo \/ Difficult Long<\/td><td class=\"column-2\">6 760<\/td><td class=\"column-3\">160<\/td><td class=\"column-4\">19<\/td><td class=\"column-5\">1:10.000<\/td><td class=\"column-6\"><\/td><td class=\"column-7\"><\/td>\n<\/tr>\n<\/tbody>\n<\/table>\n<!-- #tablepress-6 from cache -->\n<h2><strong>Excertos do mapa<\/strong><\/h2>\n<table style=\"border-collapse: collapse; width: 100%;\">\n<tbody>\n<tr>\n<td style=\"width: 50%;\"><img loading=\"lazy\" decoding=\"async\" class=\"aligncenter size-thumbnail wp-image-181\" src=\"http:\/\/pom.pt\/2020\/wp-content\/uploads\/sites\/7\/2020\/01\/D2P1-150x150.png\" alt=\"\" width=\"150\" height=\"150\" srcset=\"https:\/\/pom.pt\/2020\/wp-content\/uploads\/sites\/7\/2020\/01\/D2P1-150x150.png 150w, https:\/\/pom.pt\/2020\/wp-content\/uploads\/sites\/7\/2020\/01\/D2P1-300x300.png 300w, https:\/\/pom.pt\/2020\/wp-content\/uploads\/sites\/7\/2020\/01\/D2P1.png 400w\" sizes=\"auto, (max-width: 150px) 100vw, 150px\" \/><\/td>\n<td style=\"width: 50%;\"><img loading=\"lazy\" decoding=\"async\" class=\"aligncenter size-thumbnail wp-image-182\" src=\"http:\/\/pom.pt\/2020\/wp-content\/uploads\/sites\/7\/2020\/01\/D2P2-150x150.png\" alt=\"\" width=\"150\" height=\"150\" srcset=\"https:\/\/pom.pt\/2020\/wp-content\/uploads\/sites\/7\/2020\/01\/D2P2-150x150.png 150w, https:\/\/pom.pt\/2020\/wp-content\/uploads\/sites\/7\/2020\/01\/D2P2-300x300.png 300w, https:\/\/pom.pt\/2020\/wp-content\/uploads\/sites\/7\/2020\/01\/D2P2.png 400w\" sizes=\"auto, (max-width: 150px) 100vw, 150px\" \/><\/td>\n<\/tr>\n<tr>\n<td style=\"width: 50%;\"><img loading=\"lazy\" decoding=\"async\" class=\"aligncenter size-thumbnail wp-image-183\" src=\"http:\/\/pom.pt\/2020\/wp-content\/uploads\/sites\/7\/2020\/01\/D2P3-150x150.png\" alt=\"\" width=\"150\" height=\"150\" srcset=\"https:\/\/pom.pt\/2020\/wp-content\/uploads\/sites\/7\/2020\/01\/D2P3-150x150.png 150w, https:\/\/pom.pt\/2020\/wp-content\/uploads\/sites\/7\/2020\/01\/D2P3-300x300.png 300w, https:\/\/pom.pt\/2020\/wp-content\/uploads\/sites\/7\/2020\/01\/D2P3.png 400w\" sizes=\"auto, (max-width: 150px) 100vw, 150px\" \/><\/td>\n<td style=\"width: 50%;\"><img loading=\"lazy\" decoding=\"async\" class=\"aligncenter size-thumbnail wp-image-184\" src=\"http:\/\/pom.pt\/2020\/wp-content\/uploads\/sites\/7\/2020\/01\/D2P4-150x150.png\" alt=\"\" width=\"150\" height=\"150\" srcset=\"https:\/\/pom.pt\/2020\/wp-content\/uploads\/sites\/7\/2020\/01\/D2P4-150x150.png 150w, https:\/\/pom.pt\/2020\/wp-content\/uploads\/sites\/7\/2020\/01\/D2P4-300x300.png 300w, https:\/\/pom.pt\/2020\/wp-content\/uploads\/sites\/7\/2020\/01\/D2P4.png 400w\" sizes=\"auto, (max-width: 150px) 100vw, 150px\" \/><\/td>\n<\/tr>\n<\/tbody>\n<\/table>\n<p>&nbsp;<\/p>","protected":false},"excerpt":{"rendered":"<p>Mapa: Santo Andr\u00e9 &amp; Santa Cruz Terreno: Montado alentejano de reduzido desn\u00edvel, com \u00e1reas de sobreiro, zonas de sementeiras, atravessado por 2 linhas de \u00e1gua. Maioritariamente com pouca vegeta\u00e7\u00e3o rasteira, pelo que \u00e9 de boa e r\u00e1pida progress\u00e3o em corrida. Apresenta, na parte norte, mais vegeta\u00e7\u00e3o rasteira e reduzir o ritmo de progress\u00e3o. No geral h\u00e1 boa visibilidade, ainda que em alguns locais esta seja ligeiramente mais reduzida. Sem detalhes rochosos, o desafio passar\u00e1 muito pela velocidade de progress\u00e3o e na leitura do relevo e sua interpreta\u00e7\u00e3o. Cart\u00f3grafo: Alexandre Reis Tra\u00e7ador de percursos: Alexandre Reis Escala do mapa: 1:7.500 \/ 1:10.000 \/ 1:15.000 Equidist\u00e2ncia: 5m Estacionamento: \u00c1rea adjacente ao pavilh\u00e3o [&hellip;]<\/p>\n","protected":false},"author":12,"featured_media":0,"parent":0,"menu_order":0,"comment_status":"closed","ping_status":"closed","template":"","meta":{"_monsterinsights_skip_tracking":false,"_monsterinsights_sitenote_active":false,"_monsterinsights_sitenote_note":"","_monsterinsights_sitenote_category":0,"footnotes":""},"class_list":["post-198","page","type-page","status-publish","hentry"],"_links":{"self":[{"href":"https:\/\/pom.pt\/2020\/pt\/wp-json\/wp\/v2\/pages\/198","targetHints":{"allow":["GET"]}}],"collection":[{"href":"https:\/\/pom.pt\/2020\/pt\/wp-json\/wp\/v2\/pages"}],"about":[{"href":"https:\/\/pom.pt\/2020\/pt\/wp-json\/wp\/v2\/types\/page"}],"author":[{"embeddable":true,"href":"https:\/\/pom.pt\/2020\/pt\/wp-json\/wp\/v2\/users\/12"}],"replies":[{"embeddable":true,"href":"https:\/\/pom.pt\/2020\/pt\/wp-json\/wp\/v2\/comments?post=198"}],"version-history":[{"count":8,"href":"https:\/\/pom.pt\/2020\/pt\/wp-json\/wp\/v2\/pages\/198\/revisions"}],"predecessor-version":[{"id":364,"href":"https:\/\/pom.pt\/2020\/pt\/wp-json\/wp\/v2\/pages\/198\/revisions\/364"}],"wp:attachment":[{"href":"https:\/\/pom.pt\/2020\/pt\/wp-json\/wp\/v2\/media?parent=198"}],"curies":[{"name":"wp","href":"https:\/\/api.w.org\/{rel}","templated":true}]}}