{"id":194,"date":"2020-01-11T21:30:22","date_gmt":"2020-01-11T21:30:22","guid":{"rendered":"http:\/\/pom.pt\/2020\/?page_id=194"},"modified":"2020-02-16T19:43:28","modified_gmt":"2020-02-16T19:43:28","slug":"day-1-night-sprint","status":"publish","type":"page","link":"https:\/\/pom.pt\/2020\/pt\/dia-1-sprint-noturno-2\/","title":{"rendered":"Dia 1 \u2013 Sprint Noturno"},"content":{"rendered":"<p><strong>Mapa:<\/strong> Vila Nova de Santo Andr\u00e9<\/p>\n<p><strong>Terreno:<\/strong> Mapa cartografa zonas urbanas, jardins, parques e pequenas \u00e1reas de bosque (pinheiros).<br \/>\nToda a zona \u00e9 muito plana com baixo desn\u00edvel.<br \/>\nZona habitacional recente, muito sim\u00e9trica mas que permite a realiza\u00e7\u00e3o de percursos com diversas escolhas de op\u00e7\u00f5es.<br \/>\nDiversas escadarias, passagens entre pr\u00e9dios e \u00e1reas ajardinadas envolventes a conferirem maior dificuldade na leitura e interpreta\u00e7\u00e3o da melhor e mais c\u00e9lere op\u00e7\u00e3o.<br \/>\nA mescla entre as zonas urbanas e o grande parque vai propor e proporcionar diferentes desafios, onde a antecipa\u00e7\u00e3o da pernada, a rapidez de interpreta\u00e7\u00e3o e de execu\u00e7\u00e3o ir\u00e3o certamente reflectir-se na classifica\u00e7\u00e3o.<\/p>\n<p><strong>Cart\u00f3grafo:<\/strong> Ampliado e atualizado por Alexandre Reis Nov2019 &#8211; Jan2020<\/p>\n<p><strong>Tra\u00e7ador de percursos:<\/strong> Alexandre Reis<\/p>\n<p><strong>Escala do mapa:<\/strong>\u00a01:4.000<\/p>\n<p><strong>Equidist\u00e2ncia:<\/strong>\u00a02,5m<\/p>\n<p><strong>Estacionamento:<\/strong> Zona envolvente ao Mercado Municipal<\/p>\n<p><strong>Informa\u00e7\u00e3o adicional:<\/strong><\/p>\n<p>&#8211; Importante que se respeite as instru\u00e7\u00f5es dos elementos do Staff que estar\u00e3o a ordenar o estacionamento<br \/>\n&#8211; Dist\u00e2ncia do Estacionamento \u00e0s Partidas \u2013 de 50 a 150 mts<br \/>\n&#8211; Dist\u00e2ncia das Chegadas ao Estacionamento \u2013 300 mts<br \/>\n&#8211; O SPORTident Air+ estar\u00e1 ativo.<\/p>\n<h2><strong>Informa\u00e7\u00f5es t\u00e9cnicas finais<\/strong><\/h2>\n\n<table id=\"tablepress-10\" class=\"tablepress tablepress-id-10\">\n<thead>\n<tr class=\"row-1\">\n\t<th class=\"column-1\">Escal\u00e3o\/Class<\/th><th class=\"column-2\">Dist. (mts)<\/th><th class=\"column-3\">Desn\u00edvel\/Climb (mts)<\/th><th class=\"column-4\">Pontos\/Controls<\/th>\n<\/tr>\n<\/thead>\n<tbody class=\"row-striping row-hover\">\n<tr class=\"row-2\">\n\t<td class=\"column-1\">M10<\/td><td class=\"column-2\">1 520<\/td><td class=\"column-3\">17,5<\/td><td class=\"column-4\">13<\/td>\n<\/tr>\n<tr class=\"row-3\">\n\t<td class=\"column-1\">M12<\/td><td class=\"column-2\">1 700<\/td><td class=\"column-3\">22,5<\/td><td class=\"column-4\">13<\/td>\n<\/tr>\n<tr class=\"row-4\">\n\t<td class=\"column-1\">M14<\/td><td class=\"column-2\">2 070<\/td><td class=\"column-3\">20<\/td><td class=\"column-4\">14<\/td>\n<\/tr>\n<tr class=\"row-5\">\n\t<td class=\"column-1\">M16<\/td><td class=\"column-2\">3 080<\/td><td class=\"column-3\">40<\/td><td class=\"column-4\">18<\/td>\n<\/tr>\n<tr class=\"row-6\">\n\t<td class=\"column-1\">M18<\/td><td class=\"column-2\">3 250<\/td><td class=\"column-3\">40<\/td><td class=\"column-4\">19<\/td>\n<\/tr>\n<tr class=\"row-7\">\n\t<td class=\"column-1\">M20<\/td><td class=\"column-2\">3 870<\/td><td class=\"column-3\">52,5<\/td><td class=\"column-4\">22<\/td>\n<\/tr>\n<tr class=\"row-8\">\n\t<td class=\"column-1\">M21A<\/td><td class=\"column-2\">3 960<\/td><td class=\"column-3\">52,5<\/td><td class=\"column-4\">22<\/td>\n<\/tr>\n<tr class=\"row-9\">\n\t<td class=\"column-1\">M21B<\/td><td class=\"column-2\">2 070<\/td><td class=\"column-3\">20<\/td><td class=\"column-4\">14<\/td>\n<\/tr>\n<tr class=\"row-10\">\n\t<td class=\"column-1\">M21E<\/td><td class=\"column-2\">4 190<\/td><td class=\"column-3\">55<\/td><td class=\"column-4\">24<\/td>\n<\/tr>\n<tr class=\"row-11\">\n\t<td class=\"column-1\">M21SE<\/td><td class=\"column-2\">4 250<\/td><td class=\"column-3\">55<\/td><td class=\"column-4\">25<\/td>\n<\/tr>\n<tr class=\"row-12\">\n\t<td class=\"column-1\">M35<\/td><td class=\"column-2\">3 980<\/td><td class=\"column-3\">47,5<\/td><td class=\"column-4\">26<\/td>\n<\/tr>\n<tr class=\"row-13\">\n\t<td class=\"column-1\">M40<\/td><td class=\"column-2\">3 980<\/td><td class=\"column-3\">47,5<\/td><td class=\"column-4\">26<\/td>\n<\/tr>\n<tr class=\"row-14\">\n\t<td class=\"column-1\">M45<\/td><td class=\"column-2\">3 850<\/td><td class=\"column-3\">47,5<\/td><td class=\"column-4\">26<\/td>\n<\/tr>\n<tr class=\"row-15\">\n\t<td class=\"column-1\">M50<\/td><td class=\"column-2\">3 820<\/td><td class=\"column-3\">47,5<\/td><td class=\"column-4\">26<\/td>\n<\/tr>\n<tr class=\"row-16\">\n\t<td class=\"column-1\">M55<\/td><td class=\"column-2\">3 690<\/td><td class=\"column-3\">45<\/td><td class=\"column-4\">24<\/td>\n<\/tr>\n<tr class=\"row-17\">\n\t<td class=\"column-1\">M60<\/td><td class=\"column-2\">3 570<\/td><td class=\"column-3\">45<\/td><td class=\"column-4\">24<\/td>\n<\/tr>\n<tr class=\"row-18\">\n\t<td class=\"column-1\">M65<\/td><td class=\"column-2\">2 700<\/td><td class=\"column-3\">37,5<\/td><td class=\"column-4\">16<\/td>\n<\/tr>\n<tr class=\"row-19\">\n\t<td class=\"column-1\">M70<\/td><td class=\"column-2\">2 620<\/td><td class=\"column-3\">37,5<\/td><td class=\"column-4\">16<\/td>\n<\/tr>\n<tr class=\"row-20\">\n\t<td class=\"column-1\">M75<\/td><td class=\"column-2\">2 080<\/td><td class=\"column-3\">25<\/td><td class=\"column-4\">16<\/td>\n<\/tr>\n<tr class=\"row-21\">\n\t<td class=\"column-1\">M80<\/td><td class=\"column-2\">2 080<\/td><td class=\"column-3\">25<\/td><td class=\"column-4\">16<\/td>\n<\/tr>\n<tr class=\"row-22\">\n\t<td class=\"column-1\">M85<\/td><td class=\"column-2\">2 080<\/td><td class=\"column-3\">25<\/td><td class=\"column-4\">16<\/td>\n<\/tr>\n<tr class=\"row-23\">\n\t<td class=\"column-1\">W10<\/td><td class=\"column-2\">1 520<\/td><td class=\"column-3\">17,5<\/td><td class=\"column-4\">13<\/td>\n<\/tr>\n<tr class=\"row-24\">\n\t<td class=\"column-1\">W12<\/td><td class=\"column-2\">1 700<\/td><td class=\"column-3\">22,5<\/td><td class=\"column-4\">13<\/td>\n<\/tr>\n<tr class=\"row-25\">\n\t<td class=\"column-1\">W14<\/td><td class=\"column-2\">1 940<\/td><td class=\"column-3\">17,5<\/td><td class=\"column-4\">15<\/td>\n<\/tr>\n<tr class=\"row-26\">\n\t<td class=\"column-1\">W16<\/td><td class=\"column-2\">2 550<\/td><td class=\"column-3\">30<\/td><td class=\"column-4\">14<\/td>\n<\/tr>\n<tr class=\"row-27\">\n\t<td class=\"column-1\">W18<\/td><td class=\"column-2\">2 760<\/td><td class=\"column-3\">30<\/td><td class=\"column-4\">16<\/td>\n<\/tr>\n<tr class=\"row-28\">\n\t<td class=\"column-1\">W20<\/td><td class=\"column-2\">2 780<\/td><td class=\"column-3\">35<\/td><td class=\"column-4\">17<\/td>\n<\/tr>\n<tr class=\"row-29\">\n\t<td class=\"column-1\">W21B<\/td><td class=\"column-2\">1 940<\/td><td class=\"column-3\">17,5<\/td><td class=\"column-4\">15<\/td>\n<\/tr>\n<tr class=\"row-30\">\n\t<td class=\"column-1\">W21A<\/td><td class=\"column-2\">2 430<\/td><td class=\"column-3\">15,0<\/td><td class=\"column-4\">20<\/td>\n<\/tr>\n<tr class=\"row-31\">\n\t<td class=\"column-1\">W21E<\/td><td class=\"column-2\">3 860<\/td><td class=\"column-3\">45<\/td><td class=\"column-4\">24<\/td>\n<\/tr>\n<tr class=\"row-32\">\n\t<td class=\"column-1\">W35<\/td><td class=\"column-2\">2 790<\/td><td class=\"column-3\">35<\/td><td class=\"column-4\">17<\/td>\n<\/tr>\n<tr class=\"row-33\">\n\t<td class=\"column-1\">W40<\/td><td class=\"column-2\">2 790<\/td><td class=\"column-3\">35<\/td><td class=\"column-4\">17<\/td>\n<\/tr>\n<tr class=\"row-34\">\n\t<td class=\"column-1\">W45<\/td><td class=\"column-2\">2 740<\/td><td class=\"column-3\">35<\/td><td class=\"column-4\">19<\/td>\n<\/tr>\n<tr class=\"row-35\">\n\t<td class=\"column-1\">W50<\/td><td class=\"column-2\">2 720<\/td><td class=\"column-3\">35<\/td><td class=\"column-4\">19<\/td>\n<\/tr>\n<tr class=\"row-36\">\n\t<td class=\"column-1\">W55<\/td><td class=\"column-2\">2 550<\/td><td class=\"column-3\">32,5<\/td><td class=\"column-4\">17<\/td>\n<\/tr>\n<tr class=\"row-37\">\n\t<td class=\"column-1\">W60<\/td><td class=\"column-2\">2 500<\/td><td class=\"column-3\">32,5<\/td><td class=\"column-4\">17<\/td>\n<\/tr>\n<tr class=\"row-38\">\n\t<td class=\"column-1\">W65<\/td><td class=\"column-2\">2 360<\/td><td class=\"column-3\">30<\/td><td class=\"column-4\">16<\/td>\n<\/tr>\n<tr class=\"row-39\">\n\t<td class=\"column-1\">W70<\/td><td class=\"column-2\">2 360<\/td><td class=\"column-3\">30<\/td><td class=\"column-4\">16<\/td>\n<\/tr>\n<tr class=\"row-40\">\n\t<td class=\"column-1\">W75<\/td><td class=\"column-2\">2 080<\/td><td class=\"column-3\">25<\/td><td class=\"column-4\">16<\/td>\n<\/tr>\n<tr class=\"row-41\">\n\t<td class=\"column-1\">W80<\/td><td class=\"column-2\">2 080<\/td><td class=\"column-3\">25<\/td><td class=\"column-4\">16<\/td>\n<\/tr>\n<tr class=\"row-42\">\n\t<td class=\"column-1\">W85<\/td><td class=\"column-2\">2 080<\/td><td class=\"column-3\">25<\/td><td class=\"column-4\">16<\/td>\n<\/tr>\n<tr class=\"row-43\">\n\t<td class=\"column-1\">F\u00e1cil Curto \/ Easy Short<\/td><td class=\"column-2\">1 700<\/td><td class=\"column-3\">22,5<\/td><td class=\"column-4\">13<\/td>\n<\/tr>\n<tr class=\"row-44\">\n\t<td class=\"column-1\">Dif\u00edcil Curto \/ Difficult Short<\/td><td class=\"column-2\">2 500<\/td><td class=\"column-3\">30<\/td><td class=\"column-4\">15<\/td>\n<\/tr>\n<tr class=\"row-45\">\n\t<td class=\"column-1\">F\u00e1cil Longo \/ Easy Long<\/td><td class=\"column-2\">3 280<\/td><td class=\"column-3\">32,5<\/td><td class=\"column-4\">20<\/td>\n<\/tr>\n<tr class=\"row-46\">\n\t<td class=\"column-1\">Dif\u00edcil Longo \/ Difficult Long<\/td><td class=\"column-2\">3 870<\/td><td class=\"column-3\">47,5<\/td><td class=\"column-4\">23<\/td>\n<\/tr>\n<\/tbody>\n<\/table>\n<!-- #tablepress-10 from cache -->\n<h2><strong>Excertos do mapa<\/strong><\/h2>\n<table style=\"border-collapse: collapse; width: 100%;\">\n<tbody>\n<tr>\n<td style=\"width: 50%;\"><img loading=\"lazy\" decoding=\"async\" class=\"aligncenter size-thumbnail wp-image-225\" src=\"http:\/\/pom.pt\/2020\/wp-content\/uploads\/sites\/7\/2020\/01\/D1NS1-150x150.png\" alt=\"\" width=\"150\" height=\"150\" srcset=\"https:\/\/pom.pt\/2020\/wp-content\/uploads\/sites\/7\/2020\/01\/D1NS1-150x150.png 150w, https:\/\/pom.pt\/2020\/wp-content\/uploads\/sites\/7\/2020\/01\/D1NS1-300x300.png 300w, https:\/\/pom.pt\/2020\/wp-content\/uploads\/sites\/7\/2020\/01\/D1NS1.png 400w\" sizes=\"auto, (max-width: 150px) 100vw, 150px\" \/><\/td>\n<td style=\"width: 50%;\"><img loading=\"lazy\" decoding=\"async\" class=\"aligncenter size-thumbnail wp-image-226\" src=\"http:\/\/pom.pt\/2020\/wp-content\/uploads\/sites\/7\/2020\/01\/D1NS2-150x150.png\" alt=\"\" width=\"150\" height=\"150\" srcset=\"https:\/\/pom.pt\/2020\/wp-content\/uploads\/sites\/7\/2020\/01\/D1NS2-150x150.png 150w, https:\/\/pom.pt\/2020\/wp-content\/uploads\/sites\/7\/2020\/01\/D1NS2-300x300.png 300w, https:\/\/pom.pt\/2020\/wp-content\/uploads\/sites\/7\/2020\/01\/D1NS2.png 400w\" sizes=\"auto, (max-width: 150px) 100vw, 150px\" \/><\/td>\n<\/tr>\n<tr>\n<td style=\"width: 50%;\"><img loading=\"lazy\" decoding=\"async\" class=\"aligncenter size-thumbnail wp-image-227\" src=\"http:\/\/pom.pt\/2020\/wp-content\/uploads\/sites\/7\/2020\/01\/D1NS3-150x150.png\" alt=\"\" width=\"150\" height=\"150\" srcset=\"https:\/\/pom.pt\/2020\/wp-content\/uploads\/sites\/7\/2020\/01\/D1NS3-150x150.png 150w, https:\/\/pom.pt\/2020\/wp-content\/uploads\/sites\/7\/2020\/01\/D1NS3-300x300.png 300w, https:\/\/pom.pt\/2020\/wp-content\/uploads\/sites\/7\/2020\/01\/D1NS3.png 400w\" sizes=\"auto, (max-width: 150px) 100vw, 150px\" \/><\/td>\n<td style=\"width: 50%;\"><\/td>\n<\/tr>\n<\/tbody>\n<\/table>\n<p>&nbsp;<\/p>","protected":false},"excerpt":{"rendered":"<p>Mapa: Vila Nova de Santo Andr\u00e9 Terreno: Mapa cartografa zonas urbanas, jardins, parques e pequenas \u00e1reas de bosque (pinheiros). Toda a zona \u00e9 muito plana com baixo desn\u00edvel. Zona habitacional recente, muito sim\u00e9trica mas que permite a realiza\u00e7\u00e3o de percursos com diversas escolhas de op\u00e7\u00f5es. Diversas escadarias, passagens entre pr\u00e9dios e \u00e1reas ajardinadas envolventes a conferirem maior dificuldade na leitura e interpreta\u00e7\u00e3o da melhor e mais c\u00e9lere op\u00e7\u00e3o. A mescla entre as zonas urbanas e o grande parque vai propor e proporcionar diferentes desafios, onde a antecipa\u00e7\u00e3o da pernada, a rapidez de interpreta\u00e7\u00e3o e de execu\u00e7\u00e3o ir\u00e3o certamente reflectir-se na classifica\u00e7\u00e3o. Cart\u00f3grafo: Ampliado e atualizado por Alexandre Reis Nov2019 &#8211; [&hellip;]<\/p>\n","protected":false},"author":12,"featured_media":0,"parent":0,"menu_order":0,"comment_status":"closed","ping_status":"closed","template":"","meta":{"_monsterinsights_skip_tracking":false,"_monsterinsights_sitenote_active":false,"_monsterinsights_sitenote_note":"","_monsterinsights_sitenote_category":0,"footnotes":""},"class_list":["post-194","page","type-page","status-publish","hentry"],"_links":{"self":[{"href":"https:\/\/pom.pt\/2020\/pt\/wp-json\/wp\/v2\/pages\/194","targetHints":{"allow":["GET"]}}],"collection":[{"href":"https:\/\/pom.pt\/2020\/pt\/wp-json\/wp\/v2\/pages"}],"about":[{"href":"https:\/\/pom.pt\/2020\/pt\/wp-json\/wp\/v2\/types\/page"}],"author":[{"embeddable":true,"href":"https:\/\/pom.pt\/2020\/pt\/wp-json\/wp\/v2\/users\/12"}],"replies":[{"embeddable":true,"href":"https:\/\/pom.pt\/2020\/pt\/wp-json\/wp\/v2\/comments?post=194"}],"version-history":[{"count":8,"href":"https:\/\/pom.pt\/2020\/pt\/wp-json\/wp\/v2\/pages\/194\/revisions"}],"predecessor-version":[{"id":296,"href":"https:\/\/pom.pt\/2020\/pt\/wp-json\/wp\/v2\/pages\/194\/revisions\/296"}],"wp:attachment":[{"href":"https:\/\/pom.pt\/2020\/pt\/wp-json\/wp\/v2\/media?parent=194"}],"curies":[{"name":"wp","href":"https:\/\/api.w.org\/{rel}","templated":true}]}}