{"id":192,"date":"2020-01-11T20:57:27","date_gmt":"2020-01-11T20:57:27","guid":{"rendered":"http:\/\/pom.pt\/2020\/?page_id=192"},"modified":"2020-02-08T18:54:16","modified_gmt":"2020-02-08T18:54:16","slug":"day-1-urban-middle-distance","status":"publish","type":"page","link":"https:\/\/pom.pt\/2020\/pt\/day-1-urban-middle-distance\/","title":{"rendered":"Dia 1 &#8211; Dist\u00e2ncia M\u00e9dia Urbana \/ EDP Distribui\u00e7\u00e3o"},"content":{"rendered":"<p><strong>Mapa:<\/strong> Santiago do Cac\u00e9m<\/p>\n<p><strong>Terreno:<\/strong> Zona urbana (zonas hist\u00f3ricas e novas urbaniza\u00e7\u00f5es), com alguns parques e jardins, a proporcionarem percursos com m\u00faltiplas escolhas de op\u00e7\u00f5es.<\/p>\n<p><strong>Cart\u00f3grafo: <\/strong>Amplia\u00e7\u00e3o e atualiza\u00e7\u00e3o Alexandre Reis Nov-Dez 2019<\/p>\n<p><strong>Tra\u00e7ador de percursos:<\/strong> Alexandre Reis<\/p>\n<p><strong>Escala do mapa:<\/strong>\u00a01:4.000<\/p>\n<p><strong>Equidist\u00e2ncia:<\/strong> 5m<\/p>\n<p><strong>Estacionamento:<\/strong> Parque de Exposi\u00e7\u00f5es de Santiago do Cac\u00e9m<\/p>\n<p><strong>Informa\u00e7\u00e3o adicional:<\/strong><\/p>\n<p>&#8211; Dist\u00e2ncia Estacionamento para a Centro do Evento, Secretariado, Arena, Partidas e Chegadas \u2013 entre 50 e 100m<br \/>\n&#8211; Importante que se respeite as instru\u00e7\u00f5es dos elementos do Staff que estar\u00e3o a ordenar o estacionamento<br \/>\n&#8211; Dist\u00e2ncia da arena \u00e0s partidas &#8211; 50m<br \/>\n&#8211; N\u00e3o existir\u00e1 abastecimentos nos percursos nem ponto de espectadores nesta etapa.<br \/>\n&#8211; O SPORTident Air+ estar\u00e1 ativo<\/p>\n<p><strong>Esquema da Arena:<br \/>\n<\/strong><a href=\"http:\/\/pom.pt\/2020\/wp-content\/uploads\/sites\/7\/2020\/02\/ArenaDay1.pdf\" target=\"_blank\" rel=\"noopener noreferrer\">Arena Dia 1<\/a><\/p>\n<h2><strong>Informa\u00e7\u00f5es t\u00e9cnicas finais<\/strong><\/h2>\n\n<table id=\"tablepress-5\" class=\"tablepress tablepress-id-5\">\n<thead>\n<tr class=\"row-1\">\n\t<th class=\"column-1\">Escal\u00e3o\/Class<\/th><th class=\"column-2\">Dist. (mts)<\/th><th class=\"column-3\">Desn\u00edvel\/Climb (mts)<\/th><th class=\"column-4\">Pontos \/ Controls<\/th>\n<\/tr>\n<\/thead>\n<tbody class=\"row-striping row-hover\">\n<tr class=\"row-2\">\n\t<td class=\"column-1\">M10<\/td><td class=\"column-2\">2 000<\/td><td class=\"column-3\">50<\/td><td class=\"column-4\">23<\/td>\n<\/tr>\n<tr class=\"row-3\">\n\t<td class=\"column-1\">M12<\/td><td class=\"column-2\">2 260<\/td><td class=\"column-3\">60<\/td><td class=\"column-4\">21<\/td>\n<\/tr>\n<tr class=\"row-4\">\n\t<td class=\"column-1\">M14<\/td><td class=\"column-2\">3 350<\/td><td class=\"column-3\">80<\/td><td class=\"column-4\">15<\/td>\n<\/tr>\n<tr class=\"row-5\">\n\t<td class=\"column-1\">M16<\/td><td class=\"column-2\">4 220<\/td><td class=\"column-3\">115<\/td><td class=\"column-4\">22<\/td>\n<\/tr>\n<tr class=\"row-6\">\n\t<td class=\"column-1\">M18<\/td><td class=\"column-2\">6 010<\/td><td class=\"column-3\">200<\/td><td class=\"column-4\">28<\/td>\n<\/tr>\n<tr class=\"row-7\">\n\t<td class=\"column-1\">M20<\/td><td class=\"column-2\">6 370<\/td><td class=\"column-3\">210<\/td><td class=\"column-4\">30<\/td>\n<\/tr>\n<tr class=\"row-8\">\n\t<td class=\"column-1\">M21A<\/td><td class=\"column-2\">6 350<\/td><td class=\"column-3\">215<\/td><td class=\"column-4\">30<\/td>\n<\/tr>\n<tr class=\"row-9\">\n\t<td class=\"column-1\">M21B<\/td><td class=\"column-2\">4 110<\/td><td class=\"column-3\">120<\/td><td class=\"column-4\">21<\/td>\n<\/tr>\n<tr class=\"row-10\">\n\t<td class=\"column-1\">M21E<\/td><td class=\"column-2\">7 200<\/td><td class=\"column-3\">250<\/td><td class=\"column-4\">30<\/td>\n<\/tr>\n<tr class=\"row-11\">\n\t<td class=\"column-1\">M21SE<\/td><td class=\"column-2\">7 180<\/td><td class=\"column-3\">250<\/td><td class=\"column-4\">30<\/td>\n<\/tr>\n<tr class=\"row-12\">\n\t<td class=\"column-1\">M35<\/td><td class=\"column-2\">6 690<\/td><td class=\"column-3\">225<\/td><td class=\"column-4\">28<\/td>\n<\/tr>\n<tr class=\"row-13\">\n\t<td class=\"column-1\">M40<\/td><td class=\"column-2\">6 530<\/td><td class=\"column-3\">220<\/td><td class=\"column-4\">28<\/td>\n<\/tr>\n<tr class=\"row-14\">\n\t<td class=\"column-1\">M45<\/td><td class=\"column-2\">6 500<\/td><td class=\"column-3\">220<\/td><td class=\"column-4\">30<\/td>\n<\/tr>\n<tr class=\"row-15\">\n\t<td class=\"column-1\">M50<\/td><td class=\"column-2\">6 240<\/td><td class=\"column-3\">200<\/td><td class=\"column-4\">30<\/td>\n<\/tr>\n<tr class=\"row-16\">\n\t<td class=\"column-1\">M55<\/td><td class=\"column-2\">5 160<\/td><td class=\"column-3\">165<\/td><td class=\"column-4\">26<\/td>\n<\/tr>\n<tr class=\"row-17\">\n\t<td class=\"column-1\">M60<\/td><td class=\"column-2\">4 890<\/td><td class=\"column-3\">145<\/td><td class=\"column-4\">25<\/td>\n<\/tr>\n<tr class=\"row-18\">\n\t<td class=\"column-1\">M65<\/td><td class=\"column-2\">3 750<\/td><td class=\"column-3\">95<\/td><td class=\"column-4\">22<\/td>\n<\/tr>\n<tr class=\"row-19\">\n\t<td class=\"column-1\">M70<\/td><td class=\"column-2\">3 790<\/td><td class=\"column-3\">95<\/td><td class=\"column-4\">23<\/td>\n<\/tr>\n<tr class=\"row-20\">\n\t<td class=\"column-1\">M75<\/td><td class=\"column-2\">3 150<\/td><td class=\"column-3\">80<\/td><td class=\"column-4\">19<\/td>\n<\/tr>\n<tr class=\"row-21\">\n\t<td class=\"column-1\">M80<\/td><td class=\"column-2\">3 020<\/td><td class=\"column-3\">80<\/td><td class=\"column-4\">19<\/td>\n<\/tr>\n<tr class=\"row-22\">\n\t<td class=\"column-1\">M85<\/td><td class=\"column-2\">2 650<\/td><td class=\"column-3\">60<\/td><td class=\"column-4\">19<\/td>\n<\/tr>\n<tr class=\"row-23\">\n\t<td class=\"column-1\">W10<\/td><td class=\"column-2\">2 000<\/td><td class=\"column-3\">50<\/td><td class=\"column-4\">23<\/td>\n<\/tr>\n<tr class=\"row-24\">\n\t<td class=\"column-1\">W12<\/td><td class=\"column-2\">2 260<\/td><td class=\"column-3\">60<\/td><td class=\"column-4\">21<\/td>\n<\/tr>\n<tr class=\"row-25\">\n\t<td class=\"column-1\">W14<\/td><td class=\"column-2\">3 010<\/td><td class=\"column-3\">75<\/td><td class=\"column-4\">19<\/td>\n<\/tr>\n<tr class=\"row-26\">\n\t<td class=\"column-1\">W16<\/td><td class=\"column-2\">3 510<\/td><td class=\"column-3\">85<\/td><td class=\"column-4\">16<\/td>\n<\/tr>\n<tr class=\"row-27\">\n\t<td class=\"column-1\">W18<\/td><td class=\"column-2\">4 370<\/td><td class=\"column-3\">120<\/td><td class=\"column-4\">23<\/td>\n<\/tr>\n<tr class=\"row-28\">\n\t<td class=\"column-1\">W20<\/td><td class=\"column-2\">6 010<\/td><td class=\"column-3\">190<\/td><td class=\"column-4\">28<\/td>\n<\/tr>\n<tr class=\"row-29\">\n\t<td class=\"column-1\">W21A<\/td><td class=\"column-2\">4 170<\/td><td class=\"column-3\">125<\/td><td class=\"column-4\">21<\/td>\n<\/tr>\n<tr class=\"row-30\">\n\t<td class=\"column-1\">W21B<\/td><td class=\"column-2\">3 080<\/td><td class=\"column-3\">80<\/td><td class=\"column-4\">19<\/td>\n<\/tr>\n<tr class=\"row-31\">\n\t<td class=\"column-1\">W21E<\/td><td class=\"column-2\">6 470<\/td><td class=\"column-3\">210<\/td><td class=\"column-4\">30<\/td>\n<\/tr>\n<tr class=\"row-32\">\n\t<td class=\"column-1\">W35<\/td><td class=\"column-2\">5 520<\/td><td class=\"column-3\">180<\/td><td class=\"column-4\">27<\/td>\n<\/tr>\n<tr class=\"row-33\">\n\t<td class=\"column-1\">W40<\/td><td class=\"column-2\">5 520<\/td><td class=\"column-3\">180<\/td><td class=\"column-4\">27<\/td>\n<\/tr>\n<tr class=\"row-34\">\n\t<td class=\"column-1\">W45<\/td><td class=\"column-2\">4 650<\/td><td class=\"column-3\">130<\/td><td class=\"column-4\">21<\/td>\n<\/tr>\n<tr class=\"row-35\">\n\t<td class=\"column-1\">W50<\/td><td class=\"column-2\">4 610<\/td><td class=\"column-3\">130<\/td><td class=\"column-4\">21<\/td>\n<\/tr>\n<tr class=\"row-36\">\n\t<td class=\"column-1\">W55<\/td><td class=\"column-2\">3 740<\/td><td class=\"column-3\">105<\/td><td class=\"column-4\">21<\/td>\n<\/tr>\n<tr class=\"row-37\">\n\t<td class=\"column-1\">W60<\/td><td class=\"column-2\">3 590<\/td><td class=\"column-3\">100<\/td><td class=\"column-4\">20<\/td>\n<\/tr>\n<tr class=\"row-38\">\n\t<td class=\"column-1\">W65<\/td><td class=\"column-2\">3 170<\/td><td class=\"column-3\">65<\/td><td class=\"column-4\">19<\/td>\n<\/tr>\n<tr class=\"row-39\">\n\t<td class=\"column-1\">W70<\/td><td class=\"column-2\">3 020<\/td><td class=\"column-3\">80<\/td><td class=\"column-4\">19<\/td>\n<\/tr>\n<tr class=\"row-40\">\n\t<td class=\"column-1\">W75<\/td><td class=\"column-2\">2 650<\/td><td class=\"column-3\">60<\/td><td class=\"column-4\">19<\/td>\n<\/tr>\n<tr class=\"row-41\">\n\t<td class=\"column-1\">W80<\/td><td class=\"column-2\">2 640<\/td><td class=\"column-3\">55<\/td><td class=\"column-4\">18<\/td>\n<\/tr>\n<tr class=\"row-42\">\n\t<td class=\"column-1\">W85<\/td><td class=\"column-2\">2 640<\/td><td class=\"column-3\">55<\/td><td class=\"column-4\">18<\/td>\n<\/tr>\n<tr class=\"row-43\">\n\t<td class=\"column-1\">F\u00e1cil Curto \/ Easy Short<\/td><td class=\"column-2\">2 280<\/td><td class=\"column-3\">60<\/td><td class=\"column-4\">23<\/td>\n<\/tr>\n<tr class=\"row-44\">\n\t<td class=\"column-1\">Dif\u00edcil Curto \/ Difficult Short<\/td><td class=\"column-2\">3 850<\/td><td class=\"column-3\">95<\/td><td class=\"column-4\">18<\/td>\n<\/tr>\n<tr class=\"row-45\">\n\t<td class=\"column-1\">F\u00e1cil Longo \/ Easy Long<\/td><td class=\"column-2\">4 120<\/td><td class=\"column-3\">110<\/td><td class=\"column-4\">26<\/td>\n<\/tr>\n<tr class=\"row-46\">\n\t<td class=\"column-1\">Dif\u00edcil Longo \/ Difficult Long<\/td><td class=\"column-2\">6 360<\/td><td class=\"column-3\">220<\/td><td class=\"column-4\">29<\/td>\n<\/tr>\n<\/tbody>\n<\/table>\n<!-- #tablepress-5 from cache -->\n<h2><strong>Excertos do mapa<\/strong><\/h2>\n<table style=\"border-collapse: collapse; width: 100%;\">\n<tbody>\n<tr>\n<td style=\"width: 50%;\"><img loading=\"lazy\" decoding=\"async\" class=\"aligncenter size-thumbnail wp-image-177\" src=\"http:\/\/pom.pt\/2020\/wp-content\/uploads\/sites\/7\/2020\/01\/D1P1-150x150.png\" alt=\"\" width=\"150\" height=\"150\" srcset=\"https:\/\/pom.pt\/2020\/wp-content\/uploads\/sites\/7\/2020\/01\/D1P1-150x150.png 150w, https:\/\/pom.pt\/2020\/wp-content\/uploads\/sites\/7\/2020\/01\/D1P1-300x300.png 300w, https:\/\/pom.pt\/2020\/wp-content\/uploads\/sites\/7\/2020\/01\/D1P1.png 400w\" sizes=\"auto, (max-width: 150px) 100vw, 150px\" \/><\/td>\n<td style=\"width: 50%;\"><img loading=\"lazy\" decoding=\"async\" class=\"aligncenter size-thumbnail wp-image-178\" src=\"http:\/\/pom.pt\/2020\/wp-content\/uploads\/sites\/7\/2020\/01\/D1P2-150x150.png\" alt=\"\" width=\"150\" height=\"150\" srcset=\"https:\/\/pom.pt\/2020\/wp-content\/uploads\/sites\/7\/2020\/01\/D1P2-150x150.png 150w, https:\/\/pom.pt\/2020\/wp-content\/uploads\/sites\/7\/2020\/01\/D1P2-300x300.png 300w, https:\/\/pom.pt\/2020\/wp-content\/uploads\/sites\/7\/2020\/01\/D1P2.png 400w\" sizes=\"auto, (max-width: 150px) 100vw, 150px\" \/><\/td>\n<\/tr>\n<tr>\n<td style=\"width: 50%;\"><img loading=\"lazy\" decoding=\"async\" class=\"aligncenter size-thumbnail wp-image-179\" src=\"http:\/\/pom.pt\/2020\/wp-content\/uploads\/sites\/7\/2020\/01\/D1P3-150x150.png\" alt=\"\" width=\"150\" height=\"150\" srcset=\"https:\/\/pom.pt\/2020\/wp-content\/uploads\/sites\/7\/2020\/01\/D1P3-150x150.png 150w, https:\/\/pom.pt\/2020\/wp-content\/uploads\/sites\/7\/2020\/01\/D1P3-300x300.png 300w, https:\/\/pom.pt\/2020\/wp-content\/uploads\/sites\/7\/2020\/01\/D1P3.png 400w\" sizes=\"auto, (max-width: 150px) 100vw, 150px\" \/><\/td>\n<td style=\"width: 50%;\"><img loading=\"lazy\" decoding=\"async\" class=\"aligncenter size-thumbnail wp-image-180\" src=\"http:\/\/pom.pt\/2020\/wp-content\/uploads\/sites\/7\/2020\/01\/D1P4-150x150.png\" alt=\"\" width=\"150\" height=\"150\" srcset=\"https:\/\/pom.pt\/2020\/wp-content\/uploads\/sites\/7\/2020\/01\/D1P4-150x150.png 150w, https:\/\/pom.pt\/2020\/wp-content\/uploads\/sites\/7\/2020\/01\/D1P4-300x300.png 300w, https:\/\/pom.pt\/2020\/wp-content\/uploads\/sites\/7\/2020\/01\/D1P4.png 400w\" sizes=\"auto, (max-width: 150px) 100vw, 150px\" \/><\/td>\n<\/tr>\n<\/tbody>\n<\/table>\n<p>&nbsp;<\/p>","protected":false},"excerpt":{"rendered":"<p>Mapa: Santiago do Cac\u00e9m Terreno: Zona urbana (zonas hist\u00f3ricas e novas urbaniza\u00e7\u00f5es), com alguns parques e jardins, a proporcionarem percursos com m\u00faltiplas escolhas de op\u00e7\u00f5es. Cart\u00f3grafo: Amplia\u00e7\u00e3o e atualiza\u00e7\u00e3o Alexandre Reis Nov-Dez 2019 Tra\u00e7ador de percursos: Alexandre Reis Escala do mapa:\u00a01:4.000 Equidist\u00e2ncia: 5m Estacionamento: Parque de Exposi\u00e7\u00f5es de Santiago do Cac\u00e9m Informa\u00e7\u00e3o adicional: &#8211; Dist\u00e2ncia Estacionamento para a Centro do Evento, Secretariado, Arena, Partidas e Chegadas \u2013 entre 50 e 100m &#8211; Importante que se respeite as instru\u00e7\u00f5es dos elementos do Staff que estar\u00e3o a ordenar o estacionamento &#8211; Dist\u00e2ncia da arena \u00e0s partidas &#8211; 50m &#8211; N\u00e3o existir\u00e1 abastecimentos nos percursos nem ponto de espectadores nesta etapa. &#8211; O [&hellip;]<\/p>\n","protected":false},"author":12,"featured_media":0,"parent":0,"menu_order":0,"comment_status":"closed","ping_status":"closed","template":"","meta":{"_monsterinsights_skip_tracking":false,"_monsterinsights_sitenote_active":false,"_monsterinsights_sitenote_note":"","_monsterinsights_sitenote_category":0,"footnotes":""},"class_list":["post-192","page","type-page","status-publish","hentry"],"_links":{"self":[{"href":"https:\/\/pom.pt\/2020\/pt\/wp-json\/wp\/v2\/pages\/192","targetHints":{"allow":["GET"]}}],"collection":[{"href":"https:\/\/pom.pt\/2020\/pt\/wp-json\/wp\/v2\/pages"}],"about":[{"href":"https:\/\/pom.pt\/2020\/pt\/wp-json\/wp\/v2\/types\/page"}],"author":[{"embeddable":true,"href":"https:\/\/pom.pt\/2020\/pt\/wp-json\/wp\/v2\/users\/12"}],"replies":[{"embeddable":true,"href":"https:\/\/pom.pt\/2020\/pt\/wp-json\/wp\/v2\/comments?post=192"}],"version-history":[{"count":14,"href":"https:\/\/pom.pt\/2020\/pt\/wp-json\/wp\/v2\/pages\/192\/revisions"}],"predecessor-version":[{"id":361,"href":"https:\/\/pom.pt\/2020\/pt\/wp-json\/wp\/v2\/pages\/192\/revisions\/361"}],"wp:attachment":[{"href":"https:\/\/pom.pt\/2020\/pt\/wp-json\/wp\/v2\/media?parent=192"}],"curies":[{"name":"wp","href":"https:\/\/api.w.org\/{rel}","templated":true}]}}